{"id":2353,"date":"2023-09-08T17:13:13","date_gmt":"2023-09-08T15:13:13","guid":{"rendered":"https:\/\/icylemonade.com\/podminky\/"},"modified":"2024-02-29T11:30:22","modified_gmt":"2024-02-29T10:30:22","slug":"podminky","status":"publish","type":"page","link":"https:\/\/icylemonade.com\/cs\/podminky\/","title":{"rendered":"Podm\u00ednky"},"content":{"rendered":"[vc_row full_width=&#8221;stretch_row&#8221; content_placement=&#8221;bottom&#8221; wpex_bg_overlay=&#8221;dark&#8221; remove_bottom_col_margin=&#8221;true&#8221; min_height=&#8221;600&#8243; css=&#8221;.vc_custom_1709201437842{background: #5398ce url(https:\/\/icylemonade.com\/wp-content\/uploads\/2023\/09\/ICY_Slide_00032.jpg?id=1511) !important;background-position: center !important;background-repeat: no-repeat !important;background-size: cover !important;}&#8221; wpex_bg_overlay_opacity=&#8221;0.5&#8243;][vc_column]<style>.vcex_69ef6683c9cac{font-size:100px!important;}@media (max-width:767px){.vcex_69ef6683c9cac{font-size:40px!important;}}<\/style><div class=\"vcex-heading vcex-module wpex-text-2xl wpex-font-normal wpex-m-auto wpex-max-w-100 vcex-heading-plain wpex-block vc_custom_1694192661365 vcex_69ef6683c9cac\" style=\"color:#ffffff;font-family:Barlow;font-weight:900;text-transform:uppercase;\"><span class=\"vcex-heading-inner wpex-inline-block wpex-clr\">Podm\u00ednky<\/span><\/div>[\/vc_column][\/vc_row][vc_row full_width=&#8221;stretch_row&#8221; column_spacing=&#8221;50&#8243; remove_bottom_col_margin=&#8221;true&#8221; css=&#8221;.vc_custom_1694181523405{margin-top: 60px !important;margin-bottom: 60px !important;border-bottom-width: 1px !important;padding-bottom: 60px !important;border-bottom-color: #dddddd !important;border-bottom-style: dashed !important;}&#8221;][vc_column]<div class=\"vcex-spacing wpex-w-100 wpex-clear\" style=\"height:30px;\"><\/div>[vc_column_text color=&#8221;#222222&#8243; font_size=&#8221;d:20|pl:18&#8243; font_family=&#8221;Barlow&#8221;]R\u00e1di bychom zd\u016fraznili, \u017ee objedn\u00e1n\u00edm produkt\u016f\/p\u0159edplatn\u00e9ho z na\u0161ich webov\u00fdch str\u00e1nek souhlas\u00edte s podm\u00ednkami. Doporu\u010dujeme v\u00e1m vytisknout si podm\u00ednky a ulo\u017eit si je pro p\u0159\u00edpad, \u017ee byste je v budoucnu pot\u0159ebovali. Chcete-li nakupovat na <a href=\"http:\/\/www.icylemonade.com\/\" target=\"_new\" rel=\"noopener\">www.IcyLemonade.com<\/a>, mus\u00ed v\u00e1m b\u00fdt 17 let (USA). Vyhrazujeme si pr\u00e1vo zru\u0161it objedn\u00e1vky osob, kter\u00e9 uvedly nespr\u00e1vn\u00e9 osobn\u00ed \u00fadaje. Vyhrazujeme si pr\u00e1vo na p\u0159\u00edpadn\u00e9 chyby v cen\u00e1ch.<\/p>\n<p><strong>Obecn\u011b<\/strong><\/p>\n<p>IcyLemonade.com je slu\u017eba pro v\u00edce ud\u00e1lost\u00ed a v\u00edce digit\u00e1ln\u00edch seznamovac\u00edch aplikac\u00ed a je vlajkovou lod\u00ed spole\u010dnosti EDDBEE GROUP AB ve \u0160v\u00e9dsku. \u00da\u010det si zalo\u017e\u00edte na <a href=\"http:\/\/www.icylemonade.com\/\" target=\"_new\" rel=\"noopener\">adrese www.IcyLemonade.com<\/a> nebo sta\u017een\u00edm aplikace a registrac\u00ed \u00fa\u010dtu, kde si vyberete p\u0159edplatn\u00e9. Abyste si mohli b\u00fdt sv\u00fdm n\u00e1kupem jisti, m\u016f\u017eete se v p\u0159\u00edpad\u011b jak\u00fdchkoli dotaz\u016f ohledn\u011b sv\u00e9 objedn\u00e1vky obr\u00e1tit na na\u0161i podporu a z\u00e1kaznick\u00fd servis prost\u0159ednictv\u00edm e-mailu <a href=\"mailto:info@icylemonade.com\" target=\"_new\" rel=\"noopener\">info@icylemonade.com<\/a>. Po zah\u00e1jen\u00ed p\u0159edplatn\u00e9ho se zavazujete sledovat svou registrovanou e-mailovou adresu, proto\u017ee ve\u0161ker\u00e1 komunikace t\u00fdkaj\u00edc\u00ed se p\u0159edplatn\u00e9ho prob\u00edh\u00e1 prost\u0159ednictv\u00edm e-mailu.<\/p>\n<p><strong>Ceny a platby<\/strong><\/p>\n<p>V\u0161echny ceny jsou uvedeny v americk\u00fdch dolarech. P\u0159i nakupov\u00e1n\u00ed na <a href=\"mailto:info@icylemonade.com\" target=\"_new\" rel=\"noopener\">info@icylemonade.com<\/a> je platba kartou zpracov\u00e1na spole\u010dnost\u00ed Google nebo Apple, co\u017e je bezpe\u010dn\u00e9 \u0159e\u0161en\u00ed pro elektronick\u00e9 platby. V\u0161echny \u00fadaje o kart\u00e1ch jsou uchov\u00e1v\u00e1ny v souladu s pravidly karetn\u00edch s\u00edt\u00ed. V na\u0161\u00ed datab\u00e1zi se neukl\u00e1daj\u00ed \u017e\u00e1dn\u00e9 \u00fadaje o kreditn\u00ed kart\u011b, a to ani v p\u0159\u00edpad\u011b, \u017ee se rozhodnete kartu ulo\u017eit pro budouc\u00ed n\u00e1kupy. Je ulo\u017een u spole\u010dnosti Google nebo Apple. Na va\u0161em bankovn\u00edm v\u00fdpisu m\u016f\u017ee b\u00fdt uvedeno icylemonade.com nebo EDDBEE GROUP AB. Platba za m\u011bs\u00ed\u010dn\u00ed p\u0159edplatn\u00e9 se prov\u00e1d\u00ed m\u011bs\u00ed\u010dn\u011b. Pokud nen\u00ed provedena \u017e\u00e1dn\u00e1 platba, p\u0159edplatn\u00e9 se p\u0159evede na bezplatn\u00e9 p\u0159edplatn\u00e9.<\/p>\n<p><strong>Pravidla pro vracen\u00ed zbo\u017e\u00ed<\/strong><\/p>\n<p>Jako spot\u0159ebitel m\u00e1te podle z\u00e1kona o smlouv\u00e1ch uzav\u0159en\u00fdch na d\u00e1lku a smlouv\u00e1ch uzav\u0159en\u00fdch mimo obchodn\u00ed prostory 14 dn\u00ed na odstoupen\u00ed od smlouvy od okam\u017eiku, kdy jste si slu\u017ebu objednali. Pr\u00e1vo na odstoupen\u00ed od smlouvy kon\u010d\u00ed v okam\u017eiku, kdy za\u010dnete slu\u017ebu vyu\u017e\u00edvat, tj. v okam\u017eiku, kdy jste zaregistrovali informace (kon\u011b, slu\u017eby, vybaven\u00ed, \u0161kolen\u00ed, u\u017eivatele) v r\u00e1mci p\u0159edplatn\u00e9ho. Pokud zru\u0161\u00edte objedn\u00e1vku nebo chcete zru\u0161it m\u011bs\u00ed\u010dn\u00ed p\u0159edplatn\u00e9, kontaktujte n\u00e1s prost\u0159ednictv\u00edm kontaktn\u00edho formul\u00e1\u0159e nebo kontaktn\u00edch \u00fadaj\u016f uveden\u00fdch v potvrzen\u00ed objedn\u00e1vky. Pot\u00e9 v\u00e1\u0161 \u00fa\u010det okam\u017eit\u011b uzav\u0159eme.<\/p>\n<p><strong>Potvrzen\u00ed<\/strong><\/p>\n<p>Po p\u0159ijet\u00ed objedn\u00e1vky v\u00e1m bude zasl\u00e1n potvrzovac\u00ed e-mail s podrobnostmi o va\u0161\u00ed objedn\u00e1vce. Potvrzen\u00ed objedn\u00e1vky si ulo\u017ete, abyste ji m\u011bli po ruce pro p\u0159\u00edpad kontaktu s Icy Lemonade.<\/p>\n<p><strong>V p\u0159\u00edpad\u011b sporu<\/strong><\/p>\n<p>V p\u0159\u00edpad\u011b sporu se postupuje podle doporu\u010den\u00ed N\u00e1rodn\u00ed rady pro \u0159e\u0161en\u00ed spot\u0159ebitelsk\u00fdch spor\u016f (ARN).<\/p>\n<p><strong>Omezen\u00ed odpov\u011bdnosti<\/strong><\/p>\n<p>Ve\u0161ker\u00fd materi\u00e1l dostupn\u00fd na t\u011bchto webov\u00fdch str\u00e1nk\u00e1ch je ur\u010den p\u0159edev\u0161\u00edm pro obecn\u00e9 \u00fa\u010dely a nep\u0159edstavuje radu ani doporu\u010den\u00ed. Informace nejsou v\u017edy \u00fapln\u00e9 a aktu\u00e1ln\u00ed. Mohou se vyskytnout i chyby a technick\u00e9 nedostatky.<\/p>\n<p>Spole\u010dnost Eddbee Group AB neodpov\u00edd\u00e1 za informace a materi\u00e1ly zve\u0159ejn\u011bn\u00e9 na slu\u017eb\u011b jin\u00fdmi u\u017eivateli (tzv. materi\u00e1ly vytvo\u0159en\u00e9 u\u017eivateli). V p\u0159\u00edpad\u011b chyb v informac\u00edch nebo materi\u00e1lech spole\u010dnosti Eddbee Group byste m\u011bli kontaktovat podporu spole\u010dnosti Eddbee Group, pokud chcete informace nebo materi\u00e1ly opravit nebo odstranit. Spole\u010dnost Eddbee Group AB v\u0161ak v\u017edy odstran\u00ed informace nebo materi\u00e1ly, kter\u00e9 zjevn\u011b poru\u0161uj\u00ed ciz\u00ed autorsk\u00e1 pr\u00e1va nebo jsou trestn\u00e9, pokud spole\u010dnost Eddbee Group AB obdr\u017e\u00ed informace o \u0161\u00ed\u0159en\u00ed takov\u00fdch informac\u00ed nebo materi\u00e1l\u016f na webov\u00fdch str\u00e1nk\u00e1ch.<\/p>\n<p>Eddbee Group m\u00e1 pr\u00e1vo zve\u0159ejnit informace uveden\u00e9 ka\u017ed\u00fdm \u010dlenem v jeho obecn\u00e9m profilu na Eddbee Group a tak\u00e9 v e-mailech ostatn\u00edm \u010dlen\u016fm Eddbee Group. Jednotliv\u00ed \u010dlenov\u00e9 nemaj\u00ed pr\u00e1vo kop\u00edrovat informace zve\u0159ejn\u011bn\u00e9 jin\u00fdmi \u010dleny bez souhlasu p\u0159\u00edslu\u0161n\u00e9ho \u010dlena a skupiny Eddbee. Rovn\u011b\u017e nen\u00ed dovoleno odkazovat na konkr\u00e9tn\u00ed profily \u010dlen\u016f skupiny Eddbee Group na extern\u00edch webov\u00fdch str\u00e1nk\u00e1ch.<\/p>\n<p>Spole\u010dnost Eddbee Group neust\u00e1le pracuje na zabezpe\u010den\u00ed IT. Bohu\u017eel nem\u016f\u017eeme zaru\u010dit, \u017ee webov\u00e9 str\u00e1nky neobsahuj\u00ed \u0161kodliv\u00e9 komponenty. Proto v\u00e1s \u017e\u00e1d\u00e1me, abyste v z\u00e1jmu vlastn\u00ed bezpe\u010dnosti nikdy nesd\u011blovali sv\u00e9 osobn\u00ed \u00fadaje prost\u0159ednictv\u00edm syst\u00e9m\u016f pro zas\u00edl\u00e1n\u00ed zpr\u00e1v, nesledovali odkazy v soukrom\u00fdch zpr\u00e1v\u00e1ch ani nestahovali \u017e\u00e1dn\u00fd software. Spole\u010dnost Eddbee Group nikdy nepo\u017eaduje va\u0161e \u010d\u00edslo soci\u00e1ln\u00edho poji\u0161t\u011bn\u00ed ani platebn\u00ed \u00fadaje, proto\u017ee se jedn\u00e1 o bezplatnou slu\u017ebu.<\/p>\n<p>Spole\u010dnost Eddbee Group neodpov\u00edd\u00e1 za \u017e\u00e1dn\u00e9 \u0161kody zp\u016fsoben\u00e9 p\u0159\u00edmo \u010di nep\u0159\u00edmo pou\u017e\u00edv\u00e1n\u00edm na\u0161ich slu\u017eeb.<\/p>\n<p><strong>Podm\u00ednky<\/strong><\/p>\n<p>V souladu s podm\u00ednkami t\u00e9to smlouvy a v\u00fdhradn\u011b za \u00fa\u010delem pou\u017e\u00edv\u00e1n\u00ed slu\u017eeb v\u00e1m spole\u010dnost t\u00edmto ud\u011bluje omezenou, nev\u00fdhradn\u00ed, odvolatelnou, nesublicencovatelnou a nep\u0159enosnou licenci na:<\/p>\n<p>Nainstalovat libovolnou nebo v\u0161echny mobiln\u00ed aplikace na jedno nebo v\u00edce mobiln\u00edch za\u0159\u00edzen\u00ed, kter\u00e1 vlastn\u00edte, m\u00e1te je pod kontrolou a spl\u0148uj\u00ed minim\u00e1ln\u00ed specifikace spole\u010dnosti.<br \/>\nNainstalovat libovoln\u00e9 nebo v\u0161echny desktopov\u00e9 aplikace na jeden nebo v\u00edce po\u010d\u00edta\u010d\u016f, kter\u00e9 vlastn\u00edte, m\u00e1te je pod kontrolou a kter\u00e9 spl\u0148uj\u00ed minim\u00e1ln\u00ed specifikace va\u0161\u00ed spole\u010dnosti.<br \/>\nProhl\u00ed\u017eet, kontrolovat a pou\u017e\u00edvat aplikace a v\u0161echny souvisej\u00edc\u00ed informace, kter\u00e9 v\u00e1m spole\u010dnost poskytne.<br \/>\nSouhlas\u00edte s t\u00edm, \u017ee nebudete m\u00edt p\u0159\u00edstup ke slu\u017eb\u00e1m ani se o n\u011bj nebudete pokou\u0161et jin\u00fdm zp\u016fsobem ne\u017e prost\u0159ednictv\u00edm Str\u00e1nek nebo Aplikac\u00ed. V\u00fdslovn\u011b souhlas\u00edte s t\u00edm, \u017ee nebudete p\u0159istupovat ke slu\u017eb\u00e1m ani se o to pokou\u0161et jak\u00fdmikoliv automatizovan\u00fdmi prost\u0159edky (mimo jin\u00e9 v\u010detn\u011b pou\u017eit\u00ed skript\u016f, robot\u016f, neautorizovan\u00fdch aplikac\u00ed t\u0159et\u00edch stran, pavouk\u016f nebo crawler\u016f).<\/p>\n<p>Souhlas\u00edte s t\u00edm, \u017ee v souvislosti s pou\u017e\u00edv\u00e1n\u00edm Aplikac\u00ed, Webov\u00fdch str\u00e1nek a\/nebo Slu\u017eeb neporu\u0161\u00edte \u017e\u00e1dn\u00fd platn\u00fd z\u00e1kon, na\u0159\u00edzen\u00ed, p\u0159edpis, vyhl\u00e1\u0161ku nebo smlouvu.<\/p>\n<p>K aplikac\u00edm, webov\u00fdm str\u00e1nk\u00e1m a\/nebo slu\u017eb\u00e1m se nesm\u00edte p\u0159ipojovat ani je pou\u017e\u00edvat zp\u016fsobem, kter\u00fd nen\u00ed v\u00fdslovn\u011b povolen t\u011bmito podm\u00ednkami.<\/p>\n<p>Odstranit ze slu\u017eeb nebo kopi\u00ed softwaru, kter\u00e9 v\u00e1m spole\u010dnost poskytla (software), jak\u00e1koli upozorn\u011bn\u00ed o vlastnick\u00fdch pr\u00e1vech.<br \/>\nzp\u016fsobit, povolit nebo povolit \u00fapravu, vytv\u00e1\u0159en\u00ed odvozen\u00fdch d\u011bl, p\u0159eklad, zp\u011btn\u00e9 in\u017een\u00fdrstv\u00ed, dekompilaci, demont\u00e1\u017e nebo hackov\u00e1n\u00ed Aplikac\u00ed, Slu\u017eeb nebo jak\u00e9hokoli softwaru.<br \/>\nProdej, postoupen\u00ed, pron\u00e1jem, leasing, p\u016fsoben\u00ed jako servisn\u00ed kancel\u00e1\u0159 nebo poskytnut\u00ed pr\u00e1v k aplikac\u00edm, slu\u017eb\u00e1m nebo jak\u00e9mukoli softwaru, mimo jin\u00e9 i prost\u0159ednictv\u00edm sublicence, jak\u00e9koli jin\u00e9 osob\u011b nebo subjektu bez p\u0159edchoz\u00edho p\u00edsemn\u00e9ho souhlasu spole\u010dnosti.<br \/>\n\u010dinit jak\u00e1koli nepravdiv\u00e1, zav\u00e1d\u011bj\u00edc\u00ed nebo klamav\u00e1 prohl\u00e1\u0161en\u00ed nebo prohl\u00e1\u0161en\u00ed o Spole\u010dnosti a\/nebo Aplikac\u00edch, Webov\u00fdch str\u00e1nk\u00e1ch nebo Slu\u017eb\u00e1ch.<br \/>\nZak\u00e1zan\u00e9 pou\u017e\u00edv\u00e1n\u00ed na\u0161\u00ed aplikace nebo slu\u017eeb<\/p>\n<p>Pou\u017e\u00edv\u00e1n\u00edm na\u0161\u00ed aplikace nebo slu\u017eeb m\u00e1te zak\u00e1z\u00e1no prov\u00e1d\u011bt n\u00e1sleduj\u00edc\u00ed \u010dinnosti:<\/p>\n<p>obt\u011b\u017eovat, zneu\u017e\u00edvat, ur\u00e1\u017eet, po\u0161kozovat, pomlouvat, zneva\u017eovat, zastra\u0161ovat nebo diskriminovat na z\u00e1klad\u011b pohlav\u00ed, sexu\u00e1ln\u00ed orientace, n\u00e1bo\u017eenstv\u00ed, etnick\u00e9ho p\u016fvodu, rasy, v\u011bku, n\u00e1rodnosti nebo zdravotn\u00edho posti\u017een\u00ed.<br \/>\nPoskytnut\u00ed nepravdiv\u00fdch nebo zav\u00e1d\u011bj\u00edc\u00edch informac\u00ed.<br \/>\nshroma\u017e\u010fovat nebo sledovat osobn\u00ed \u00fadaje jin\u00fdch osob.<br \/>\nnahr\u00e1vat nebo p\u0159en\u00e1\u0161et viry nebo jak\u00fdkoli jin\u00fd typ \u0161kodliv\u00e9ho k\u00f3du, kter\u00fd bude nebo m\u016f\u017ee b\u00fdt pou\u017eit jak\u00fdmkoli zp\u016fsobem, kter\u00fd ovlivn\u00ed fungov\u00e1n\u00ed aplikace nebo provoz na\u0161ich slu\u017eeb.<br \/>\nPro v\u0161echny neleg\u00e1ln\u00ed \u00fa\u010dely.<br \/>\nNab\u00e1d\u00e1n\u00ed ostatn\u00edch k prov\u00e1d\u011bn\u00ed nebo \u00fa\u010dasti na protipr\u00e1vn\u00edch \u010dinech.<br \/>\nPoru\u0161ov\u00e1n\u00ed mezin\u00e1rodn\u00edch, feder\u00e1ln\u00edch, provin\u010dn\u00edch nebo st\u00e1tn\u00edch p\u0159edpis\u016f, pravidel, z\u00e1kon\u016f nebo m\u00edstn\u00edch na\u0159\u00edzen\u00ed.<br \/>\nporu\u0161uje nebo poru\u0161uje na\u0161e pr\u00e1va du\u0161evn\u00edho vlastnictv\u00ed nebo pr\u00e1va du\u0161evn\u00edho vlastnictv\u00ed jin\u00fdch osob.<br \/>\nSpam, phishing, pharm, pretext, spider, creep nebo scrape.<br \/>\nk jak\u00fdmkoli obsc\u00e9nn\u00edm nebo nemor\u00e1ln\u00edm \u00fa\u010del\u016fm nebo k naru\u0161en\u00ed \u010di obch\u00e1zen\u00ed bezpe\u010dnostn\u00edch prvk\u016f na\u0161ich slu\u017eeb.<br \/>\nPou\u017e\u00edvejte aplikace, webov\u00e9 str\u00e1nky a\/nebo slu\u017eby k:<\/p>\n<p>vyv\u00edjet, vytv\u00e1\u0159et, p\u0159en\u00e1\u0161et nebo ukl\u00e1dat informace, kter\u00e9 jsou nez\u00e1konn\u00e9 nebo protipr\u00e1vn\u00ed, hanliv\u00e9, \u0161kodliv\u00e9, ur\u00e1\u017eliv\u00e9, nen\u00e1vistn\u00e9, rasov\u011b nebo etnicky ur\u00e1\u017eliv\u00e9, kter\u00e9 podporuj\u00ed chov\u00e1n\u00ed, je\u017e by bylo pova\u017eov\u00e1no za trestn\u00e9.<br \/>\nprov\u00e1d\u011bt jak\u00e1koli nevy\u017e\u00e1dan\u00e1 obchodn\u00ed sd\u011blen\u00ed, kter\u00e1 nejsou povolena platn\u00fdmi pr\u00e1vn\u00edmi p\u0159edpisy.<br \/>\nZm\u011bny<\/p>\n<p>Icy Lemonade si vyhrazuje pr\u00e1vo na zm\u011bny t\u011bchto podm\u00ednek. Doporu\u010dujeme proto pravideln\u011b nav\u0161t\u011bvovat tyto webov\u00e9 str\u00e1nky a p\u0159e\u010d\u00edst si tyto podm\u00ednky.<\/p>\n<p>Informace o spole\u010dnosti a kontakt<\/p>\n<p>Eddbee group AB, Box 7033, 402 31 G\u00f6teborg, \u0160v\u00e9dsko.<\/p>\n<p>info@icyelemonade.com[\/vc_column_text][\/vc_column][\/vc_row]\n","protected":false},"excerpt":{"rendered":"<p>[vc_row full_width=&#8221;stretch_row&#8221; content_placement=&#8221;bottom&#8221; wpex_bg_overlay=&#8221;dark&#8221; remove_bottom_col_margin=&#8221;true&#8221; min_height=&#8221;600&#8243; css=&#8221;.vc_custom_1709201437842{background: #5398ce url(https:\/\/icylemonade.com\/wp-content\/uploads\/2023\/09\/ICY_Slide_00032.jpg?id=1511) !important;background-position: center !important;background-repeat: no-repeat !important;background-size: cover !important;}&#8221; wpex_bg_overlay_opacity=&#8221;0.5&#8243;][vc_column][\/vc_column][\/vc_row][vc_row full_width=&#8221;stretch_row&#8221; column_spacing=&#8221;50&#8243; remove_bottom_col_margin=&#8221;true&#8221; css=&#8221;.vc_custom_1694181523405{margin-top: 60px !important;margin-bottom: 60px !important;border-bottom-width: 1px !important;padding-bottom: 60px !important;border-bottom-color: #dddddd !important;border-bottom-style: dashed !important;}&#8221;][vc_column][vc_column_text color=&#8221;#222222&#8243; font_size=&#8221;d:20|pl:18&#8243; font_family=&#8221;Barlow&#8221;]R\u00e1di bychom zd\u016fraznili, \u017ee objedn\u00e1n\u00edm produkt\u016f\/p\u0159edplatn\u00e9ho z na\u0161ich webov\u00fdch str\u00e1nek souhlas\u00edte s podm\u00ednkami. Doporu\u010dujeme v\u00e1m vytisknout si podm\u00ednky a ulo\u017eit&hellip;<\/p>\n","protected":false},"author":1,"featured_media":0,"parent":0,"menu_order":0,"comment_status":"closed","ping_status":"closed","template":"","meta":{"footnotes":""},"class_list":["post-2353","page","type-page","status-publish","hentry","entry","no-media"],"_links":{"self":[{"href":"https:\/\/icylemonade.com\/cs\/wp-json\/wp\/v2\/pages\/2353","targetHints":{"allow":["GET"]}}],"collection":[{"href":"https:\/\/icylemonade.com\/cs\/wp-json\/wp\/v2\/pages"}],"about":[{"href":"https:\/\/icylemonade.com\/cs\/wp-json\/wp\/v2\/types\/page"}],"author":[{"embeddable":true,"href":"https:\/\/icylemonade.com\/cs\/wp-json\/wp\/v2\/users\/1"}],"replies":[{"embeddable":true,"href":"https:\/\/icylemonade.com\/cs\/wp-json\/wp\/v2\/comments?post=2353"}],"version-history":[{"count":1,"href":"https:\/\/icylemonade.com\/cs\/wp-json\/wp\/v2\/pages\/2353\/revisions"}],"predecessor-version":[{"id":2360,"href":"https:\/\/icylemonade.com\/cs\/wp-json\/wp\/v2\/pages\/2353\/revisions\/2360"}],"wp:attachment":[{"href":"https:\/\/icylemonade.com\/cs\/wp-json\/wp\/v2\/media?parent=2353"}],"curies":[{"name":"wp","href":"https:\/\/api.w.org\/{rel}","templated":true}]}}