{"id":2357,"date":"2023-09-08T17:13:19","date_gmt":"2023-09-08T15:13:19","guid":{"rendered":"https:\/\/icylemonade.com\/zasady-ochrany-osobnich-udaju\/"},"modified":"2024-03-05T13:07:25","modified_gmt":"2024-03-05T12:07:25","slug":"zasady-ochrany-osobnich-udaju","status":"publish","type":"page","link":"https:\/\/icylemonade.com\/cs\/zasady-ochrany-osobnich-udaju\/","title":{"rendered":"Z\u00e1sady ochrany osobn\u00edch \u00fadaj\u016f"},"content":{"rendered":"[vc_row full_width=&#8221;stretch_row&#8221; content_placement=&#8221;bottom&#8221; wpex_bg_overlay=&#8221;dark&#8221; remove_bottom_col_margin=&#8221;true&#8221; min_height=&#8221;600&#8243; css=&#8221;.vc_custom_1709640379397{background: #5398ce url(https:\/\/icylemonade.com\/wp-content\/uploads\/2023\/02\/IL_IM_EU_00005.jpg?id=306) !important;background-position: center !important;background-repeat: no-repeat !important;background-size: cover !important;}&#8221; wpex_bg_overlay_opacity=&#8221;0.5&#8243;][vc_column]<style>.vcex_69e5ff73c0a7b{font-size:100px!important;}@media (max-width:767px){.vcex_69e5ff73c0a7b{font-size:40px!important;}}<\/style><div class=\"vcex-heading vcex-module wpex-text-2xl wpex-font-normal wpex-m-auto wpex-max-w-100 vcex-heading-plain wpex-block vc_custom_1694192734901 vcex_69e5ff73c0a7b\" style=\"color:#ffffff;font-family:Barlow;font-weight:900;text-transform:uppercase;\"><span class=\"vcex-heading-inner wpex-inline-block wpex-clr\">Z\u00e1sady ochrany osobn\u00edch \u00fadaj\u016f<\/span><\/div>[\/vc_column][\/vc_row][vc_row full_width=&#8221;stretch_row&#8221; column_spacing=&#8221;50&#8243; remove_bottom_col_margin=&#8221;true&#8221; css=&#8221;.vc_custom_1694181523405{margin-top: 60px !important;margin-bottom: 60px !important;border-bottom-width: 1px !important;padding-bottom: 60px !important;border-bottom-color: #dddddd !important;border-bottom-style: dashed !important;}&#8221;][vc_column]<div class=\"vcex-spacing wpex-w-100 wpex-clear\" style=\"height:30px;\"><\/div>[vc_column_text color=&#8221;#222222&#8243; font_size=&#8221;d:20|pl:18&#8243; font_family=&#8221;Barlow&#8221;]Tyto z\u00e1sady se vztahuj\u00ed na Icy Lemonade jako nebo Eddbee group AB na v\u0161ech webov\u00fdch str\u00e1nk\u00e1ch. Z\u00e1sady ochrany osobn\u00edch \u00fadaj\u016f se uplat\u0148uj\u00ed p\u0159i poskytov\u00e1n\u00ed slu\u017eeb a produkt\u016f spole\u010dnosti Icy Lemonade v souvislosti s n\u00e1kupy, ot\u00e1zkami z\u00e1kaznick\u00e9ho servisu, jin\u00fdmi kontakty se spole\u010dnost\u00ed Icy Lemonade a n\u00e1v\u0161t\u011bvami webov\u00fdch str\u00e1nek.<\/p>\n<p><strong>Va\u0161e osobn\u00ed \u00fadaje jsou pro n\u00e1s d\u016fle\u017eit\u00e9<\/strong><\/p>\n<p>Spole\u010dnost Icy Lemonade shroma\u017e\u010fuje a zpracov\u00e1v\u00e1 va\u0161e osobn\u00ed \u00fadaje, kdy\u017e nav\u0161t\u00edv\u00edte nebo nakoup\u00edte na n\u011bkter\u00e9 z na\u0161ich webov\u00fdch str\u00e1nek, p\u0159\u00edpadn\u011b kontaktujete spole\u010dnost Icy Lemonade prost\u0159ednictv\u00edm e-mailu nebo soci\u00e1ln\u00edch m\u00e9di\u00ed. Spole\u010dnost Icy Lemonade chr\u00e1n\u00ed va\u0161e soukrom\u00ed a zavazuje se k vysok\u00e9 \u00farovni ochrany \u00fadaj\u016f. Tyto z\u00e1sady ochrany osobn\u00edch \u00fadaj\u016f vysv\u011btluj\u00ed, pro\u010d a jak shroma\u017e\u010fujeme a pou\u017e\u00edv\u00e1me va\u0161e osobn\u00ed \u00fadaje. Popisuje tak\u00e9 va\u0161e pr\u00e1va a zp\u016fsoby, jak je m\u016f\u017eete uplatnit. Je pro n\u00e1s d\u016fle\u017eit\u00e9, abychom s osobn\u00edmi \u00fadaji, kter\u00e9 n\u00e1m jako z\u00e1kazn\u00edci a \u010dten\u00e1\u0159i sv\u011b\u0159ujete, nakl\u00e1dali pe\u010dliv\u011b, odpov\u011bdn\u011b, transparentn\u011b a v souladu se z\u00e1konem.<\/p>\n<p><strong>Kdo je zodpov\u011bdn\u00fd za \u00fadaje, kter\u00e9 shroma\u017e\u010fujeme?<\/strong><\/p>\n<p>Spole\u010dnost Icy Lemonade je spr\u00e1vcem \u00fadaj\u016f, pokud jde o zpracov\u00e1n\u00ed va\u0161ich osobn\u00edch \u00fadaj\u016f spole\u010dnost\u00ed Icy Lemonade, a odpov\u00edd\u00e1 za to, \u017ee toto zpracov\u00e1n\u00ed prob\u00edh\u00e1 v souladu s platn\u00fdmi pr\u00e1vn\u00edmi p\u0159edpisy.<\/p>\n<p><strong>Co jsou to osobn\u00ed \u00fadaje?<\/strong><\/p>\n<p>Osobn\u00ed \u00fadaje jsou ve\u0161ker\u00e9 informace, kter\u00e9 lze p\u0159\u00edmo \u010di nep\u0159\u00edmo p\u0159i\u0159adit k \u017eij\u00edc\u00ed fyzick\u00e9 osob\u011b. P\u0159\u00edkladem osobn\u00edch \u00fadaj\u016f je jm\u00e9no, e-mailov\u00e1 adresa, telefonn\u00ed \u010d\u00edslo a osobn\u00ed identifika\u010dn\u00ed \u010d\u00edslo. Obr\u00e1zky a zvukov\u00e9 z\u00e1znamy jsou rovn\u011b\u017e osobn\u00edmi \u00fadaji, i kdy\u017e nejsou uvedena jm\u00e9na. \u0160ifrovan\u00e9 \u00fadaje a r\u016fzn\u00e9 typy elektronick\u00fdch identit (nap\u0159. IP \u010d\u00edsla) jsou osobn\u00edmi \u00fadaji, pokud je lze spojit s fyzick\u00fdmi osobami.<\/p>\n<p><strong>Odkud poch\u00e1zej\u00ed va\u0161e osobn\u00ed \u00fadaje?<\/strong><\/p>\n<p>Hlavn\u00edm zdrojem osobn\u00edch \u00fadaj\u016f o v\u00e1s jste vy sami, nap\u0159\u00edklad informace, kter\u00e9 n\u00e1m poskytnete p\u0159i p\u0159ihl\u00e1\u0161en\u00ed k odb\u011bru, p\u0159i kontaktov\u00e1n\u00ed e-mailem a p\u0159i p\u0159ijet\u00ed\/odpov\u011bdi na e-mail. Osobn\u00ed \u00fadaje vznikaj\u00ed tak\u00e9 v d\u016fsledku \u010dten\u00ed informac\u00ed na na\u0161ich webov\u00fdch str\u00e1nk\u00e1ch, pou\u017e\u00edv\u00e1n\u00ed slu\u017eeb a komunikace s n\u00e1mi. M\u016f\u017eeme nap\u0159\u00edklad ukl\u00e1dat \u00fadaje o n\u00e1v\u0161t\u011bvn\u00edc\u00edch, n\u00e1v\u0161t\u011bvnosti a dal\u0161\u00ed komunika\u010dn\u00ed \u00fadaje. P\u0159\u00edkladem takov\u00fdch osobn\u00edch \u00fadaj\u016f je va\u0161e IP adresa. Tyto informace jsou shroma\u017e\u010fov\u00e1ny prost\u0159ednictv\u00edm tzv. soubor\u016f cookie a slou\u017e\u00ed k tomu, abychom v\u00e1s poznali a mohli na v\u00e1s c\u00edlit relevantn\u00ed informace. K tomu pot\u0159ebujeme v\u00e1\u0161 souhlas. Toho dos\u00e1hnete t\u00edm, \u017ee p\u0159i n\u00e1v\u0161t\u011bv\u011b na\u0161ich webov\u00fdch str\u00e1nek p\u0159ijmete soubory cookie.<\/p>\n<p><strong>P\u0159\u00edklady osobn\u00edch \u00fadaj\u016f, kter\u00e9 o v\u00e1s shroma\u017e\u010fujeme, pokud je pot\u0159ebujeme.<\/strong><\/p>\n<p>Jm\u00e9no a p\u0159\u00edjmen\u00ed. Datum narozen\u00ed, pohlav\u00ed, st\u00e1tn\u00ed p\u0159\u00edslu\u0161nost, povol\u00e1n\u00ed\/zam\u011bstn\u00e1n\u00ed\/vzd\u011bl\u00e1n\u00ed, m\u00edsto narozen\u00ed. \u010c\u00edslo soci\u00e1ln\u00edho poji\u0161t\u011bn\u00ed (pouze p\u0159i koupi ro\u010dn\u00edho pr\u016fkazu). Kontrola adresy podle SPAR. Kontaktn\u00ed \u00fadaje (adresa, e-mail a telefonn\u00ed \u010d\u00edslo). Informace o n\u00e1kupu (nap\u0159. kter\u00fd produkt\/p\u0159edplatn\u00e9 byl objedn\u00e1n). Ev. pozn\u00e1mky, kter\u00e9 se rozhodnete opustit. Korespondence t\u00fdkaj\u00edc\u00ed se st\u00ed\u017enost\u00ed.<\/p>\n<p><strong>P\u0159\u00edpadov\u00e1 historie n\u00e1kup\u016f v Icy Lemonade. Soubory cookie<\/strong><\/p>\n<p>V souboru cookie je mo\u017en\u00e9 sledovat chov\u00e1n\u00ed u\u017eivatele p\u0159i prohl\u00ed\u017een\u00ed webu. Soubory cookie se pou\u017e\u00edvaj\u00ed k tomu, abyste jako n\u00e1v\u0161t\u011bvn\u00edk m\u011bli p\u0159\u00edstup k r\u016fzn\u00fdm funkc\u00edm a mohli si p\u0159izp\u016fsobit obsah newsletteru. Soubory cookie pou\u017e\u00edv\u00e1me k personalizaci obsahu na\u0161\u00ed reklamy. Na na\u0161ich webov\u00fdch str\u00e1nk\u00e1ch pou\u017e\u00edv\u00e1me tak\u00e9 soubory cookie, abychom mohli v\u00e9st statistiky o tom, jak moc je web pou\u017e\u00edv\u00e1n. Soubor cookie je textov\u00fd soubor ulo\u017een\u00fd ve va\u0161em za\u0159\u00edzen\u00ed, aby webov\u00e9 str\u00e1nky mohly rozpoznat va\u0161e za\u0159\u00edzen\u00ed. Tento soubor cookie neobsahuje \u017e\u00e1dn\u00e9 osobn\u00ed \u00fadaje. Existuj\u00ed dva typy soubor\u016f cookie, trval\u00e9 a do\u010dasn\u00e9 (tzv. soubory cookie relace). Trval\u00e9 soubory cookie se ukl\u00e1daj\u00ed do va\u0161eho za\u0159\u00edzen\u00ed jako soubor na del\u0161\u00ed dobu, zat\u00edmco soubory cookie relace se do va\u0161eho za\u0159\u00edzen\u00ed ukl\u00e1daj\u00ed do\u010dasn\u011b a pou\u017e\u00edvaj\u00ed se pouze po dobu prohl\u00ed\u017een\u00ed webu. Bude vymaz\u00e1na. Pokud chcete v\u011bd\u011bt, kdy va\u0161e za\u0159\u00edzen\u00ed obdr\u017e\u00ed soubor cookie, m\u016f\u017eete nastavit prohl\u00ed\u017ee\u010d tak, aby v\u00e1s na to upozornil. To v\u00e1m umo\u017en\u00ed p\u0159ijmout nebo odm\u00edtnout soubor cookie. Va\u0161e za\u0159\u00edzen\u00ed lze tak\u00e9 nastavit tak, aby odm\u00edtalo v\u0161echny soubory cookie. Pokud se rozhodnete soubory cookie nep\u0159ij\u00edmat, upozor\u0148ujeme, \u017ee n\u011bkter\u00e9 funkce na\u0161ich online slu\u017eeb nebudou fungovat tak, jak maj\u00ed.<\/p>\n<p><strong>Konkr\u00e9tn\u011b o souhlasu s p\u0159\u00edm\u00fdm marketingem<\/strong><\/p>\n<p>Pokud jste n\u00e1m k tomu dali v\u00fdslovn\u00fd souhlas, budeme pravideln\u011b zas\u00edlat a zve\u0159ej\u0148ovat informace a marketing na z\u00e1klad\u011b va\u0161eho profilu prost\u0159ednictv\u00edm r\u016fzn\u00fdch digit\u00e1ln\u00edch komunika\u010dn\u00edch kan\u00e1l\u016f. Zas\u00edl\u00e1n\u00ed marketingov\u00fdch sd\u011blen\u00ed od n\u00e1s m\u016f\u017eete kdykoli odhl\u00e1sit kliknut\u00edm na tla\u010d\u00edtko Odhl\u00e1sit v e-mailov\u00e9 nebo SMS zpr\u00e1v\u011b, kterou v\u00e1m za\u0161leme. Icy Lemonade je tak\u00e9 mo\u017en\u00e9 kontaktovat prost\u0159ednictv\u00edm info@icylemonade.com a po\u017e\u00e1dat o pomoc p\u0159i odm\u00edtnut\u00ed na\u0161\u00ed komunikace.<\/p>\n<p><strong>Jak dlouho uchov\u00e1v\u00e1me va\u0161e \u00fadaje?<\/strong><\/p>\n<p>Va\u0161e osobn\u00ed \u00fadaje jsou uchov\u00e1v\u00e1ny pouze po dobu, po kterou je nutn\u00e9 je uchov\u00e1vat pro \u00fa\u010dely, pro kter\u00e9 byly shrom\u00e1\u017ed\u011bny. Spole\u010dnost Icy Lemonade m\u016f\u017ee \u00fadaje uchov\u00e1vat d\u00e9le, pokud je to nezbytn\u00e9 pro spln\u011bn\u00ed z\u00e1konn\u00fdch po\u017eadavk\u016f nebo pro ochranu pr\u00e1vn\u00edch z\u00e1jm\u016f spole\u010dnosti Icy Lemonade, nap\u0159.. pokud prob\u00edh\u00e1 soudn\u00ed \u0159\u00edzen\u00ed.<\/p>\n<p><strong>S k\u00fdm m\u016f\u017eeme sd\u00edlet va\u0161e osobn\u00ed \u00fadaje?<\/strong><\/p>\n<p>Va\u0161e osobn\u00ed \u00fadaje mohou b\u00fdt sd\u00edleny s dal\u0161\u00edmi spole\u010dnostmi. Jedn\u00e1 se o osobn\u00ed \u00fadaje z\u00e1kazn\u00edk\u016f spole\u010dnosti Eddbee group AB a o n\u00e1\u0161 p\u0159\u00edsp\u011bvek.[\/vc_column_text][\/vc_column][\/vc_row]\n","protected":false},"excerpt":{"rendered":"<p>[vc_row full_width=&#8221;stretch_row&#8221; content_placement=&#8221;bottom&#8221; wpex_bg_overlay=&#8221;dark&#8221; remove_bottom_col_margin=&#8221;true&#8221; min_height=&#8221;600&#8243; css=&#8221;.vc_custom_1709640379397{background: #5398ce url(https:\/\/icylemonade.com\/wp-content\/uploads\/2023\/02\/IL_IM_EU_00005.jpg?id=306) !important;background-position: center !important;background-repeat: no-repeat !important;background-size: cover !important;}&#8221; wpex_bg_overlay_opacity=&#8221;0.5&#8243;][vc_column][\/vc_column][\/vc_row][vc_row full_width=&#8221;stretch_row&#8221; column_spacing=&#8221;50&#8243; remove_bottom_col_margin=&#8221;true&#8221; css=&#8221;.vc_custom_1694181523405{margin-top: 60px !important;margin-bottom: 60px !important;border-bottom-width: 1px !important;padding-bottom: 60px !important;border-bottom-color: #dddddd !important;border-bottom-style: dashed !important;}&#8221;][vc_column][vc_column_text color=&#8221;#222222&#8243; font_size=&#8221;d:20|pl:18&#8243; font_family=&#8221;Barlow&#8221;]Tyto z\u00e1sady se vztahuj\u00ed na Icy Lemonade jako nebo Eddbee group AB na v\u0161ech webov\u00fdch str\u00e1nk\u00e1ch. Z\u00e1sady ochrany osobn\u00edch \u00fadaj\u016f&hellip;<\/p>\n","protected":false},"author":1,"featured_media":0,"parent":0,"menu_order":0,"comment_status":"closed","ping_status":"closed","template":"","meta":{"footnotes":""},"class_list":["post-2357","page","type-page","status-publish","hentry","entry","no-media"],"_links":{"self":[{"href":"https:\/\/icylemonade.com\/cs\/wp-json\/wp\/v2\/pages\/2357","targetHints":{"allow":["GET"]}}],"collection":[{"href":"https:\/\/icylemonade.com\/cs\/wp-json\/wp\/v2\/pages"}],"about":[{"href":"https:\/\/icylemonade.com\/cs\/wp-json\/wp\/v2\/types\/page"}],"author":[{"embeddable":true,"href":"https:\/\/icylemonade.com\/cs\/wp-json\/wp\/v2\/users\/1"}],"replies":[{"embeddable":true,"href":"https:\/\/icylemonade.com\/cs\/wp-json\/wp\/v2\/comments?post=2357"}],"version-history":[{"count":2,"href":"https:\/\/icylemonade.com\/cs\/wp-json\/wp\/v2\/pages\/2357\/revisions"}],"predecessor-version":[{"id":6073,"href":"https:\/\/icylemonade.com\/cs\/wp-json\/wp\/v2\/pages\/2357\/revisions\/6073"}],"wp:attachment":[{"href":"https:\/\/icylemonade.com\/cs\/wp-json\/wp\/v2\/media?parent=2357"}],"curies":[{"name":"wp","href":"https:\/\/api.w.org\/{rel}","templated":true}]}}