{"id":2383,"date":"2023-09-08T17:13:13","date_gmt":"2023-09-08T15:13:13","guid":{"rendered":"https:\/\/icylemonade.com\/betingelser\/"},"modified":"2024-02-29T11:30:22","modified_gmt":"2024-02-29T10:30:22","slug":"betingelser","status":"publish","type":"page","link":"https:\/\/icylemonade.com\/da\/betingelser\/","title":{"rendered":"Betingelser"},"content":{"rendered":"[vc_row full_width=&#8221;stretch_row&#8221; content_placement=&#8221;bottom&#8221; wpex_bg_overlay=&#8221;dark&#8221; remove_bottom_col_margin=&#8221;true&#8221; min_height=&#8221;600&#8243; css=&#8221;.vc_custom_1709201437842{background: #5398ce url(https:\/\/icylemonade.com\/wp-content\/uploads\/2023\/09\/ICY_Slide_00032.jpg?id=1511) !important;background-position: center !important;background-repeat: no-repeat !important;background-size: cover !important;}&#8221; wpex_bg_overlay_opacity=&#8221;0.5&#8243;][vc_column]<style>.vcex_69e49b76d5294{font-size:100px!important;}@media (max-width:767px){.vcex_69e49b76d5294{font-size:40px!important;}}<\/style><div class=\"vcex-heading vcex-module wpex-text-2xl wpex-font-normal wpex-m-auto wpex-max-w-100 vcex-heading-plain wpex-block vc_custom_1694192661365 vcex_69e49b76d5294\" style=\"color:#ffffff;font-family:Barlow;font-weight:900;text-transform:uppercase;\"><span class=\"vcex-heading-inner wpex-inline-block wpex-clr\">Betingelser<\/span><\/div>[\/vc_column][\/vc_row][vc_row full_width=&#8221;stretch_row&#8221; column_spacing=&#8221;50&#8243; remove_bottom_col_margin=&#8221;true&#8221; css=&#8221;.vc_custom_1694181523405{margin-top: 60px !important;margin-bottom: 60px !important;border-bottom-width: 1px !important;padding-bottom: 60px !important;border-bottom-color: #dddddd !important;border-bottom-style: dashed !important;}&#8221;][vc_column]<div class=\"vcex-spacing wpex-w-100 wpex-clear\" style=\"height:30px;\"><\/div>[vc_column_text color=&#8221;#222222&#8243; font_size=&#8221;d:20|pl:18&#8243; font_family=&#8221;Barlow&#8221;]Vi vil gerne understrege, at n\u00e5r du bestiller produkter\/abonnementer fra vores hjemmeside, accepterer du vilk\u00e5rene og betingelserne. Vi anbefaler, at du udskriver vilk\u00e5rene og gemmer dokumentet, hvis du f\u00e5r brug for det i fremtiden. For at handle p\u00e5 <a href=\"http:\/\/www.icylemonade.com\/\" target=\"_new\" rel=\"noopener\">www.IcyLemonade.com<\/a> skal du v\u00e6re 17 \u00e5r gammel (USA). Vi forbeholder os ret til at annullere ordrer fra personer, der har givet forkerte personlige oplysninger. Vi tager forbehold for eventuelle prisfejl, der m\u00e5tte opst\u00e5.<\/p>\n<p><strong>I almindelighed<\/strong><\/p>\n<p>IcyLemonade.com er en multi-event service og flere digitale dating apps og er flagskibet for EDDBEE GROUP AB i Sverige. Du starter din konto ved at bes\u00f8ge <a href=\"http:\/\/www.icylemonade.com\/\" target=\"_new\" rel=\"noopener\">www.IcyLemonade.com<\/a> eller downloade appen og registrere din konto, hvor du v\u00e6lger et abonnement. For at du kan f\u00f8le dig tryg ved dit k\u00f8b, er du altid velkommen til at kontakte vores support og kundeservice via e-mail <a href=\"mailto:info@icylemonade.com\" target=\"_new\" rel=\"noopener\">info@icylemonade.com<\/a>, hvis du har sp\u00f8rgsm\u00e5l til din ordre. N\u00e5r du har startet dit abonnement, forpligter du dig til at holde \u00f8je med din registrerede e-mailadresse, da al kommunikation vedr\u00f8rende dit abonnement foreg\u00e5r via e-mail.<\/p>\n<p><strong>Priser og betaling<\/strong><\/p>\n<p>Alle priser er i amerikanske dollars. N\u00e5r du handler p\u00e5 <a href=\"mailto:info@icylemonade.com\" target=\"_new\" rel=\"noopener\">info@icylemonade.com,<\/a> behandles din kortbetaling af Google eller Apple, en sikker elektronisk betalingsl\u00f8sning. Alle kortoplysninger opbevares i overensstemmelse med kortnetv\u00e6rkets regler. Ingen kreditkortdata gemmes i vores database, heller ikke hvis du v\u00e6lger at gemme kortet til fremtidige k\u00f8b. Den er gemt hos Google eller Apple. P\u00e5 dit kontoudtog kan der st\u00e5 icylemonade.com eller EDDBEE GROUP AB. Betaling for m\u00e5nedsabonnementer sker p\u00e5 m\u00e5nedsbasis. Hvis der ikke betales, overf\u00f8res abonnementerne til et gratis abonnement.<\/p>\n<p><strong>Politik for returnering<\/strong><\/p>\n<p>Som forbruger har du 14 dages fortrydelsesret i henhold til loven om fjernsalgsaftaler og aftaler indg\u00e5et uden for fast forretningssted fra det tidspunkt, hvor du bestilte tjenesten. Fortrydelsesretten oph\u00f8rer, n\u00e5r du begynder at bruge tjenesten, dvs. n\u00e5r du har registreret oplysninger (heste, tjenester, udstyr, tr\u00e6ning, brugere) i dit abonnement. Hvis du annullerer din ordre eller \u00f8nsker at opsige et m\u00e5nedligt abonnement, bedes du kontakte os via kontaktformularen eller de kontaktoplysninger, der er angivet i ordrebekr\u00e6ftelsen. S\u00e5 lukker vi din konto med det samme.<\/p>\n<p><strong>Bekr\u00e6ftelse<\/strong><\/p>\n<p>N\u00e5r vi har modtaget din bestilling, sender vi dig en bekr\u00e6ftelsesmail med oplysninger om din bestilling. Gem ordrebekr\u00e6ftelsen, s\u00e5 du har den ved h\u00e5nden i tilf\u00e6lde af kontakt med Icy Lemonade.<\/p>\n<p><strong>I tilf\u00e6lde af uoverensstemmelser<\/strong><\/p>\n<p>I tilf\u00e6lde af en tvist f\u00f8lges det nationale r\u00e5d for forbrugertvistanbefalinger (ARN).<\/p>\n<p><strong>Begr\u00e6nsning af ansvar<\/strong><\/p>\n<p>Alt materiale, der er tilg\u00e6ngeligt via hjemmesiden, er prim\u00e6rt beregnet til generelle form\u00e5l og udg\u00f8r ikke r\u00e5dgivning eller anbefalinger. Oplysningerne er ikke altid fyldestg\u00f8rende eller opdaterede. Fejl og tekniske mangler kan ogs\u00e5 forekomme.<\/p>\n<p>Eddbee Group AB er ikke ansvarlig for oplysninger og materiale p\u00e5 tjenesten, der er offentliggjort af andre brugere (s\u00e5kaldt brugergenereret materiale). I tilf\u00e6lde af fejl i oplysninger eller materiale p\u00e5 Eddbee Group, skal du kontakte Eddbee Group Support, hvis du \u00f8nsker oplysningerne eller materialet rettet eller fjernet. Eddbee Group AB vil dog altid fjerne information eller materiale, der \u00e5benlyst kr\u00e6nker en andens ophavsret eller er kriminelt, hvis Eddbee Group AB modtager oplysninger om spredning af s\u00e5dan information eller materiale p\u00e5 hjemmesiden.<\/p>\n<p>Eddbee Group har ret til at offentligg\u00f8re de oplysninger, der er angivet af hvert medlem i hans \/ hendes generelle profil p\u00e5 Eddbee Group samt i e-mails til andre Eddbee Group-medlemmer. Et individuelt medlem har ikke ret til at kopiere oplysninger, der er lagt ud af andre medlemmer, uden tilladelse fra det p\u00e5g\u00e6ldende medlem og Eddbee Group. Det er heller ikke tilladt at linke til specifikke Eddbee Group-medlemmers profiler p\u00e5 eksterne hjemmesider.<\/p>\n<p>Eddbee Group arbejder konstant p\u00e5 IT-sikkerhed. Vi kan desv\u00e6rre ikke garantere, at hjemmesiden er fri for skadelige komponenter. For din egen skyld beder vi dig derfor om aldrig at dele dine personlige oplysninger via beskedsystemer, f\u00f8lge links via private beskeder eller downloade software af nogen art. Eddbee Group beder aldrig om dit CPR-nummer eller betalingsoplysninger, fordi vi er en gratis tjeneste.<\/p>\n<p>Eddbee Group er ikke ansvarlig for skader, der er for\u00e5rsaget direkte eller indirekte af brugen af vores tjenester.<\/p>\n<p><strong>Betingelser<\/strong><\/p>\n<p>I henhold til vilk\u00e5rene og betingelserne i denne aftale og med det ene form\u00e5l at bruge tjenesterne, giver virksomheden dig hermed en begr\u00e6nset, ikke-eksklusiv, tilbagekaldelig, ikke-underlicenserbar, ikke-overf\u00f8rbar licens til:<\/p>\n<p>Installer en eller alle mobilapps p\u00e5 en eller flere mobile enheder, som du ejer, har kontrol over og som opfylder virksomhedens minimumsspecifikationer.<br \/>\nInstaller et eller alle desktop-programmer p\u00e5 en eller flere computere, der ejes af dig, er under din kontrol, og som opfylder din virksomheds minimumsspecifikationer.<br \/>\nSe, gennemg\u00e5 og brug apps og alle relaterede oplysninger, som du f\u00e5r af virksomheden.<br \/>\nDu accepterer ikke at f\u00e5 adgang til eller fors\u00f8ge at f\u00e5 adgang til tjenesterne p\u00e5 nogen anden m\u00e5de end via webstederne eller apps. Du accepterer specifikt ikke at f\u00e5 adgang til eller fors\u00f8ge at f\u00e5 adgang til tjenesterne p\u00e5 nogen automatiseret m\u00e5de (herunder, uden begr\u00e6nsning, gennem brug af scripts, bots, uautoriserede tredjepartsapps, spiders eller crawlere).<\/p>\n<p>Du accepterer, at du ikke, i forbindelse med din brug af apps, hjemmesider og\/eller tjenester, vil overtr\u00e6de nogen g\u00e6ldende lov, forordning, regel, anordning eller traktat.<\/p>\n<p>Du m\u00e5 ikke oprette forbindelse til eller bruge apps, hjemmesider og\/eller tjenester p\u00e5 nogen m\u00e5de, der ikke udtrykkeligt er tilladt i henhold til disse vilk\u00e5r.<\/p>\n<p>Fjerne eventuelle ejendomsretlige meddelelser fra tjenesterne eller kopier af software, som virksomheden har leveret til dig (software).<br \/>\nFor\u00e5rsage, tillade eller godkende \u00e6ndring, oprettelse af afledte v\u00e6rker, overs\u00e6ttelse, reverse engineering, dekompilering, adskillelse eller hacking af apps, tjenester eller software.<br \/>\nAt s\u00e6lge, overdrage, leje, lease, fungere som et servicebureau eller give rettigheder til Apps, Tjenester eller software, herunder, uden begr\u00e6nsning, ved underlicens, til enhver anden person eller enhed uden forudg\u00e5ende skriftligt samtykke fra Virksomheden.<br \/>\nkomme med falske, misvisende eller vildledende udsagn eller repr\u00e6sentationer om virksomheden og\/eller apps, hjemmesider eller tjenester.<br \/>\nForbudt brug af vores applikation eller tjenester<\/p>\n<p>Ved at bruge vores applikation eller tjenester er det forbudt for dig at g\u00f8re f\u00f8lgende:<\/p>\n<p>Chikanere, misbruge, forn\u00e6rme, skade, bagvaske, nedg\u00f8re, intimidere eller diskriminere baseret p\u00e5 k\u00f8n, seksuel orientering, religion, etnicitet, race, alder, national oprindelse eller handicap.<br \/>\nIndsende falske eller misvisende oplysninger.<br \/>\nIndsamle eller spore andres personlige oplysninger.<br \/>\nUploade eller overf\u00f8re virus eller enhver anden form for ondsindet kode, der vil eller kan bruges p\u00e5 en m\u00e5de, der vil p\u00e5virke applikationens funktion eller driften af vores tjenester.<br \/>\nTil alle ulovlige form\u00e5l.<br \/>\nOpfordre andre til at udf\u00f8re eller deltage i ulovlige handlinger.<br \/>\nOvertr\u00e6delse af internationale, f\u00f8derale, provinsielle eller statslige bestemmelser, regler, love eller lokale forordninger.<br \/>\nKr\u00e6nker vores eller andres intellektuelle ejendomsrettigheder.<br \/>\nSpam, phishing, pharm, pretext, spider, creep eller scrape.<br \/>\nTil uanst\u00e6ndige eller umoralske form\u00e5l; eller for at forstyrre eller omg\u00e5 sikkerhedsfunktionerne i vores tjenester.<br \/>\nBruge apps, hjemmesider og\/eller tjenester til at:<\/p>\n<p>Udvikle, generere, overf\u00f8re eller gemme oplysninger, der er ulovlige, \u00e6rekr\u00e6nkende, skadelige, kr\u00e6nkende, hadefulde, racistisk eller etnisk kr\u00e6nkende, og som opfordrer til adf\u00e6rd, der ville blive betragtet som kriminel.<br \/>\nUdf\u00f8re uopfordret kommerciel kommunikation, der ikke er tilladt i henhold til g\u00e6ldende lovgivning.<br \/>\n\u00c6ndringer<\/p>\n<p>Icy Lemonade forbeholder sig ret til at foretage \u00e6ndringer i disse vilk\u00e5r og betingelser. Det er derfor tilr\u00e5deligt at bes\u00f8ge denne hjemmeside regelm\u00e6ssigt for at l\u00e6se disse betingelser.<\/p>\n<p>Virksomhedsoplysninger og kontakt<\/p>\n<p>Eddbee group AB, Box 7033, 402 31 G\u00f8teborg, Sverige.<\/p>\n<p>info@icyelemonade.com[\/vc_column_text][\/vc_column][\/vc_row]\n","protected":false},"excerpt":{"rendered":"<p>[vc_row full_width=&#8221;stretch_row&#8221; content_placement=&#8221;bottom&#8221; wpex_bg_overlay=&#8221;dark&#8221; remove_bottom_col_margin=&#8221;true&#8221; min_height=&#8221;600&#8243; css=&#8221;.vc_custom_1709201437842{background: #5398ce url(https:\/\/icylemonade.com\/wp-content\/uploads\/2023\/09\/ICY_Slide_00032.jpg?id=1511) !important;background-position: center !important;background-repeat: no-repeat !important;background-size: cover !important;}&#8221; wpex_bg_overlay_opacity=&#8221;0.5&#8243;][vc_column][\/vc_column][\/vc_row][vc_row full_width=&#8221;stretch_row&#8221; column_spacing=&#8221;50&#8243; remove_bottom_col_margin=&#8221;true&#8221; css=&#8221;.vc_custom_1694181523405{margin-top: 60px !important;margin-bottom: 60px !important;border-bottom-width: 1px !important;padding-bottom: 60px !important;border-bottom-color: #dddddd !important;border-bottom-style: dashed !important;}&#8221;][vc_column][vc_column_text color=&#8221;#222222&#8243; font_size=&#8221;d:20|pl:18&#8243; font_family=&#8221;Barlow&#8221;]Vi vil gerne understrege, at n\u00e5r du bestiller produkter\/abonnementer fra vores hjemmeside, accepterer du vilk\u00e5rene og betingelserne. Vi anbefaler, at&hellip;<\/p>\n","protected":false},"author":1,"featured_media":0,"parent":0,"menu_order":0,"comment_status":"closed","ping_status":"closed","template":"","meta":{"footnotes":""},"class_list":["post-2383","page","type-page","status-publish","hentry","entry","no-media"],"_links":{"self":[{"href":"https:\/\/icylemonade.com\/da\/wp-json\/wp\/v2\/pages\/2383","targetHints":{"allow":["GET"]}}],"collection":[{"href":"https:\/\/icylemonade.com\/da\/wp-json\/wp\/v2\/pages"}],"about":[{"href":"https:\/\/icylemonade.com\/da\/wp-json\/wp\/v2\/types\/page"}],"author":[{"embeddable":true,"href":"https:\/\/icylemonade.com\/da\/wp-json\/wp\/v2\/users\/1"}],"replies":[{"embeddable":true,"href":"https:\/\/icylemonade.com\/da\/wp-json\/wp\/v2\/comments?post=2383"}],"version-history":[{"count":1,"href":"https:\/\/icylemonade.com\/da\/wp-json\/wp\/v2\/pages\/2383\/revisions"}],"predecessor-version":[{"id":2400,"href":"https:\/\/icylemonade.com\/da\/wp-json\/wp\/v2\/pages\/2383\/revisions\/2400"}],"wp:attachment":[{"href":"https:\/\/icylemonade.com\/da\/wp-json\/wp\/v2\/media?parent=2383"}],"curies":[{"name":"wp","href":"https:\/\/api.w.org\/{rel}","templated":true}]}}