{"id":2630,"date":"2023-09-08T17:13:19","date_gmt":"2023-09-08T15:13:19","guid":{"rendered":"https:\/\/icylemonade.com\/privatlivspolitik\/"},"modified":"2024-03-05T13:07:26","modified_gmt":"2024-03-05T12:07:26","slug":"privatlivspolitik","status":"publish","type":"page","link":"https:\/\/icylemonade.com\/da\/privatlivspolitik\/","title":{"rendered":"Privatlivspolitik"},"content":{"rendered":"[vc_row full_width=&#8221;stretch_row&#8221; content_placement=&#8221;bottom&#8221; wpex_bg_overlay=&#8221;dark&#8221; remove_bottom_col_margin=&#8221;true&#8221; min_height=&#8221;600&#8243; css=&#8221;.vc_custom_1709640379397{background: #5398ce url(https:\/\/icylemonade.com\/wp-content\/uploads\/2023\/02\/IL_IM_EU_00005.jpg?id=306) !important;background-position: center !important;background-repeat: no-repeat !important;background-size: cover !important;}&#8221; wpex_bg_overlay_opacity=&#8221;0.5&#8243;][vc_column]<style>.vcex_69e625ffa8608{font-size:100px!important;}@media (max-width:767px){.vcex_69e625ffa8608{font-size:40px!important;}}<\/style><div class=\"vcex-heading vcex-module wpex-text-2xl wpex-font-normal wpex-m-auto wpex-max-w-100 vcex-heading-plain wpex-block vc_custom_1694192734901 vcex_69e625ffa8608\" style=\"color:#ffffff;font-family:Barlow;font-weight:900;text-transform:uppercase;\"><span class=\"vcex-heading-inner wpex-inline-block wpex-clr\">Privatlivspolitik<\/span><\/div>[\/vc_column][\/vc_row][vc_row full_width=&#8221;stretch_row&#8221; column_spacing=&#8221;50&#8243; remove_bottom_col_margin=&#8221;true&#8221; css=&#8221;.vc_custom_1694181523405{margin-top: 60px !important;margin-bottom: 60px !important;border-bottom-width: 1px !important;padding-bottom: 60px !important;border-bottom-color: #dddddd !important;border-bottom-style: dashed !important;}&#8221;][vc_column]<div class=\"vcex-spacing wpex-w-100 wpex-clear\" style=\"height:30px;\"><\/div>[vc_column_text color=&#8221;#222222&#8243; font_size=&#8221;d:20|pl:18&#8243; font_family=&#8221;Barlow&#8221;]Denne politik g\u00e6lder for Icy Lemonade som eller Eddbee group AB p\u00e5 alle hjemmesider. Persondatapolitikken g\u00e6lder, n\u00e5r Icy Lemonade leverer tjenester og produkter i forbindelse med k\u00f8b, kundeservicesp\u00f8rgsm\u00e5l, anden kontakt med Icy Lemonade og bes\u00f8g p\u00e5 hjemmesiden.<\/p>\n<p><strong>Dine personlige data er vigtige for os<\/strong><\/p>\n<p>Icy Lemonade indsamler og behandler personoplysninger om dig, n\u00e5r du bes\u00f8ger eller foretager et k\u00f8b p\u00e5 en af vores hjemmesider eller alternativt kontakter Icy Lemonade via e-mail eller sociale medier. Icy Lemonade beskytter dit privatliv og er forpligtet til et h\u00f8jt niveau af databeskyttelse. Denne privatlivspolitik forklarer, hvorfor og hvordan vi indsamler og bruger dine personlige oplysninger. Den beskriver ogs\u00e5 dine rettigheder, og hvordan du kan h\u00e5ndh\u00e6ve dem. Det er vigtigt for os, at de personlige data, du som kunde og l\u00e6ser betror os, h\u00e5ndteres p\u00e5 en omhyggelig, ansvarlig, gennemsigtig og lovlig m\u00e5de.<\/p>\n<p><strong>Hvem er ansvarlig for de data, vi indsamler?<\/strong><\/p>\n<p>Icy Lemonade er dataansvarlig for Icy Lemonades behandling af dine personoplysninger og er ansvarlig for at sikre, at en s\u00e5dan behandling sker i overensstemmelse med g\u00e6ldende lovgivning.<\/p>\n<p><strong>Hvad er personlige oplysninger?<\/strong><\/p>\n<p>Persondata er alle oplysninger, der direkte eller indirekte kan henf\u00f8res til en levende fysisk person. Eksempler p\u00e5 persondata er navn, e-mailadresse, telefonnummer og personnummer. Billeder og lydoptagelser er ogs\u00e5 personlige oplysninger, selv om der ikke n\u00e6vnes navne. Krypterede data og forskellige typer elektroniske identiteter (f.eks. IP-numre) er persondata, hvis de kan knyttes til fysiske personer.<\/p>\n<p><strong>Hvor kommer dine personlige data fra?<\/strong><\/p>\n<p>Den vigtigste kilde til personlige oplysninger om dig er dig selv, f.eks. oplysninger, du giver, n\u00e5r du abonnerer, kontakter os via e-mail og modtager\/svarer p\u00e5 en e-mail. Personlige data skabes ogs\u00e5 som et resultat af at l\u00e6se information p\u00e5 vores hjemmeside, bruge tjenester og kommunikere med os. Vi kan f.eks. gemme bes\u00f8gende, trafikdata og andre kommunikationsdata. Eksempler p\u00e5 s\u00e5danne personlige data er din IP-adresse. Disse oplysninger indsamles via s\u00e5kaldte cookies og bruges til at l\u00e6re dig at kende, s\u00e5 vi kan m\u00e5lrette relevant information til dig. For at g\u00f8re dette har vi brug for dit samtykke. Det g\u00f8r du ved at acceptere cookies, n\u00e5r du bes\u00f8ger vores hjemmeside.<\/p>\n<p><strong>Eksempler p\u00e5 personlige data, som vi indsamler om dig, hvis vi har brug for det<\/strong><\/p>\n<p>For- og efternavn. F\u00f8dselsdato, k\u00f8n, nationalitet, erhverv\/besk\u00e6ftigelse\/uddannelse, f\u00f8dested. CPR-nummer (kun ved k\u00f8b af \u00e5rskort). Adressetjek mod SPAR. Kontaktoplysninger (adresse, e-mail og telefonnummer). K\u00f8bsoplysninger (f.eks. hvilket produkt\/abonnement der er bestilt). Ev. noter, du v\u00e6lger at forlade. Korrespondance vedr\u00f8rende klager.<\/p>\n<p><strong>Historie om k\u00f8b i Icy Lemonade. Sm\u00e5kager<\/strong><\/p>\n<p>I en cookie er det muligt at se\/spore en brugers browseradf\u00e6rd. Cookies bruges til at give dig som bes\u00f8gende adgang til forskellige funktioner og til at tilpasse indholdet af nyhedsbrevet. Vi bruger cookies til at tilpasse indholdet af vores reklamer. Vi bruger ogs\u00e5 cookies p\u00e5 vores hjemmeside, s\u00e5 vi kan f\u00f8re statistik over, hvor meget nettet bliver brugt. En cookie er en tekstfil, der gemmes p\u00e5 din enhed, s\u00e5 hjemmesiden kan genkende din enhed. Denne cookie indeholder ingen personlige oplysninger. Der findes to typer cookies, permanente og midlertidige (s\u00e5kaldte session cookies). Permanente cookies gemmes som en fil p\u00e5 din enhed i en l\u00e6ngere periode, mens sessionscookies placeres midlertidigt p\u00e5 din enhed og kun bruges i det tidsrum, du surfer p\u00e5 webstedet. S\u00e5 vil den blive slettet. Hvis du vil vide, hvorn\u00e5r din enhed modtager en cookie, kan du indstille din browser til at give dig besked. Dette giver dig mulighed for at acceptere eller afvise en cookie. Din enhed kan ogs\u00e5 indstilles til at afvise alle cookies. Hvis du v\u00e6lger ikke at acceptere cookies, skal du v\u00e6re opm\u00e6rksom p\u00e5, at nogle funktioner i vores onlinetjenester ikke l\u00e6ngere vil fungere efter hensigten.<\/p>\n<p><strong>Specifikt om samtykke til direkte markedsf\u00f8ring<\/strong><\/p>\n<p>Forudsat at du har givet os dit udtrykkelige samtykke, vil vi regelm\u00e6ssigt sende og offentligg\u00f8re information og markedsf\u00f8ring baseret p\u00e5 din profil via forskellige digitale kommunikationskanaler. Du kan til enhver tid frav\u00e6lge at modtage markedsf\u00f8ringskommunikation fra os ved at klikke p\u00e5 afmeld i den e-mail eller SMS, vi sender dig. Det er ogs\u00e5 muligt at kontakte Icy Lemonade via info@icylemonade.com for at f\u00e5 hj\u00e6lp til at afvise vores kommunikation.<\/p>\n<p><strong>Hvor l\u00e6nge opbevarer vi dine oplysninger?<\/strong><\/p>\n<p>Dine personoplysninger opbevares kun, s\u00e5 l\u00e6nge der er behov for at opbevare dem for at opfylde de form\u00e5l, de blev indsamlet til. Icy Lemonade kan opbevare oplysningerne i l\u00e6ngere tid, hvis det er n\u00f8dvendigt for at overholde lovkrav eller for at beskytte Icy Lemonades juridiske interesser, f.eks. hvis der er en juridisk proces i gang.<\/p>\n<p><strong>Hvem kan vi dele dine personlige data med?<\/strong><\/p>\n<p>Dine personlige data kan blive delt med andre virksomheder. Disse er Eddbee group AB&#8217;s personlige data kunder og til vores bidrag.[\/vc_column_text][\/vc_column][\/vc_row]\n","protected":false},"excerpt":{"rendered":"<p>[vc_row full_width=&#8221;stretch_row&#8221; content_placement=&#8221;bottom&#8221; wpex_bg_overlay=&#8221;dark&#8221; remove_bottom_col_margin=&#8221;true&#8221; min_height=&#8221;600&#8243; css=&#8221;.vc_custom_1709640379397{background: #5398ce url(https:\/\/icylemonade.com\/wp-content\/uploads\/2023\/02\/IL_IM_EU_00005.jpg?id=306) !important;background-position: center !important;background-repeat: no-repeat !important;background-size: cover !important;}&#8221; wpex_bg_overlay_opacity=&#8221;0.5&#8243;][vc_column][\/vc_column][\/vc_row][vc_row full_width=&#8221;stretch_row&#8221; column_spacing=&#8221;50&#8243; remove_bottom_col_margin=&#8221;true&#8221; css=&#8221;.vc_custom_1694181523405{margin-top: 60px !important;margin-bottom: 60px !important;border-bottom-width: 1px !important;padding-bottom: 60px !important;border-bottom-color: #dddddd !important;border-bottom-style: dashed !important;}&#8221;][vc_column][vc_column_text color=&#8221;#222222&#8243; font_size=&#8221;d:20|pl:18&#8243; font_family=&#8221;Barlow&#8221;]Denne politik g\u00e6lder for Icy Lemonade som eller Eddbee group AB p\u00e5 alle hjemmesider. Persondatapolitikken g\u00e6lder, n\u00e5r Icy Lemonade leverer&hellip;<\/p>\n","protected":false},"author":1,"featured_media":0,"parent":0,"menu_order":0,"comment_status":"closed","ping_status":"closed","template":"","meta":{"footnotes":""},"class_list":["post-2630","page","type-page","status-publish","hentry","entry","no-media"],"_links":{"self":[{"href":"https:\/\/icylemonade.com\/da\/wp-json\/wp\/v2\/pages\/2630","targetHints":{"allow":["GET"]}}],"collection":[{"href":"https:\/\/icylemonade.com\/da\/wp-json\/wp\/v2\/pages"}],"about":[{"href":"https:\/\/icylemonade.com\/da\/wp-json\/wp\/v2\/types\/page"}],"author":[{"embeddable":true,"href":"https:\/\/icylemonade.com\/da\/wp-json\/wp\/v2\/users\/1"}],"replies":[{"embeddable":true,"href":"https:\/\/icylemonade.com\/da\/wp-json\/wp\/v2\/comments?post=2630"}],"version-history":[{"count":2,"href":"https:\/\/icylemonade.com\/da\/wp-json\/wp\/v2\/pages\/2630\/revisions"}],"predecessor-version":[{"id":6076,"href":"https:\/\/icylemonade.com\/da\/wp-json\/wp\/v2\/pages\/2630\/revisions\/6076"}],"wp:attachment":[{"href":"https:\/\/icylemonade.com\/da\/wp-json\/wp\/v2\/media?parent=2630"}],"curies":[{"name":"wp","href":"https:\/\/api.w.org\/{rel}","templated":true}]}}