{"id":2689,"date":"2023-09-08T17:13:24","date_gmt":"2023-09-08T15:13:24","guid":{"rendered":"https:\/\/icylemonade.com\/smaakager\/"},"modified":"2024-02-29T16:57:20","modified_gmt":"2024-02-29T15:57:20","slug":"smaakager","status":"publish","type":"page","link":"https:\/\/icylemonade.com\/da\/smaakager\/","title":{"rendered":"Sm\u00e5kager"},"content":{"rendered":"[vc_row full_width=&#8221;stretch_row&#8221; content_placement=&#8221;middle&#8221; column_spacing=&#8221;20&#8243; video_bg=&#8221;self_hosted&#8221; wpex_bg_overlay=&#8221;dark&#8221; video_bg_center=&#8221;true&#8221; remove_bottom_col_margin=&#8221;true&#8221; css=&#8221;.vc_custom_1685100743685{padding-top: 130px !important;padding-bottom: 50px !important;background-position: center !important;background-repeat: no-repeat !important;background-size: cover !important;}&#8221; local_scroll_id=&#8221;home&#8221; wpex_bg_overlay_color=&#8221;#0a0a0a&#8221; wpex_bg_overlay_opacity=&#8221;0.1&#8243; video_bg_mp4=&#8221;https:\/\/icylemonade.com\/wp-content\/uploads\/2023\/05\/icylemonade_low.mp4&#8243; min_height=&#8221;700&#8243;][vc_column css=&#8221;.vc_custom_1676565021373{padding-top: 0px !important;padding-right: 30px !important;padding-bottom: 0px !important;padding-left: 30px !important;background-position: center !important;background-repeat: no-repeat !important;background-size: cover !important;}&#8221;]<style>.vcex_69e49742a999b{font-size:100px!important;}@media (max-width:767px){.vcex_69e49742a999b{font-size:60px!important;}}<\/style><div class=\"vcex-heading vcex-module wpex-text-2xl wpex-font-normal wpex-m-auto wpex-max-w-100 vcex-heading-plain wpex-block wpex-text-center vc_custom_1686575978283 vcex_69e49742a999b\" style=\"color:#ffffff;font-family:Barlow;font-weight:700;line-height:1;\"><span class=\"vcex-heading-inner wpex-inline-block wpex-clr\">FIND DIN<\/span><\/div><style>.vcex_69e49742acc5e{font-size:43px!important;}@media (max-width:767px){.vcex_69e49742acc5e{font-size:26px!important;}}<\/style><div class=\"vcex-heading vcex-module wpex-text-2xl wpex-font-normal wpex-m-auto wpex-max-w-100 vcex-heading-plain wpex-block wpex-text-center vc_custom_1686576180075 vcex_69e49742acc5e\" style=\"color:#ffffff;font-family:Barlow;font-weight:700;line-height:1;\"><span class=\"vcex-heading-inner wpex-inline-block wpex-clr\">PERFEKT MATCH<\/span><\/div><style>.vcex_69e49742ad287{font-size:34px!important;}@media (max-width:479px){.vcex_69e49742ad287{font-size:21px!important;}}<\/style><div class=\"vcex-heading vcex-module wpex-text-2xl wpex-font-normal wpex-m-auto wpex-max-w-100 vcex-heading-plain wpex-block wpex-text-center vc_custom_1693297477194 vcex_69e49742ad287\" style=\"color:#ffffff;font-family:Barlow Condensed;text-transform:uppercase;line-height:1;\"><span class=\"vcex-heading-inner wpex-inline-block wpex-clr\">100% GRATIS MED REKLAMEVERSIONEN<br \/>*** ALLE FUNKTIONER INKLUDERET ***<\/span><\/div><div class=\"vcex-spacing wpex-w-100 wpex-clear\"><\/div>[vc_row_inner][vc_column_inner width=&#8221;1\/4&#8243;][\/vc_column_inner][vc_column_inner width=&#8221;1\/4&#8243;][vc_single_image image=&#8221;517&#8243; img_size=&#8221;&#8221; alignment=&#8221;center&#8221; onclick=&#8221;custom_link&#8221; img_link_target=&#8221;_blank&#8221; link=&#8221;https:\/\/apps.apple.com\/us\/app\/icy-lemonade\/id6444046785&#8243; img_hover=&#8221;opacity-invert&#8221;]<div class=\"vcex-spacing wpex-w-100 wpex-clear show-at-mm-breakpoint\" style=\"height:20px;\"><\/div>[\/vc_column_inner][vc_column_inner width=&#8221;1\/4&#8243;][vc_single_image image=&#8221;519&#8243; img_size=&#8221;&#8221; alignment=&#8221;center&#8221; onclick=&#8221;custom_link&#8221; link=&#8221;https:\/\/play.google.com\/store\/apps\/details?id=com.icylemonade.app&#8221; img_hover=&#8221;opacity-invert&#8221;][\/vc_column_inner][vc_column_inner width=&#8221;1\/4&#8243;][\/vc_column_inner][\/vc_row_inner]<div class=\"vcex-spacing wpex-w-100 wpex-clear show-at-mm-breakpoint\"><\/div>[\/vc_column][\/vc_row][vc_row full_width=&#8221;stretch_row&#8221; content_placement=&#8221;middle&#8221; column_spacing=&#8221;0px&#8221; full_height=&#8221;yes&#8221; remove_bottom_col_margin=&#8221;true&#8221; css=&#8221;.vc_custom_1693297527400{padding-top: 40px !important;padding-bottom: 40px !important;background-color: #e8f6ff !important;background-position: center !important;background-repeat: no-repeat !important;background-size: cover !important;}&#8221; local_scroll_id=&#8221;1&#8243;][vc_column css=&#8221;.vc_custom_1676565000694{padding-top: 0px !important;padding-right: 30px !important;padding-bottom: 0px !important;padding-left: 30px !important;background-position: center !important;background-repeat: no-repeat !important;background-size: cover !important;}&#8221;]<style>.vcex_69e49742adf33{font-size:30px!important;}@media (max-width:767px){.vcex_69e49742adf33{font-size:18px!important;}}<\/style><div class=\"vcex-heading vcex-module wpex-text-2xl wpex-font-normal wpex-m-auto wpex-max-w-100 vcex-heading-plain wpex-block wpex-text-center vc_custom_1686903854356 vcex_69e49742adf33\" style=\"color:#000000;font-family:Barlow;letter-spacing:var(--wpex-tracking-widest);font-weight:600;line-height:2;\"><span class=\"vcex-heading-inner wpex-inline-block wpex-clr\">TILG\u00c6NGELIG OVERALT \u2764\ufe0f<\/span><\/div><style>.vcex_69e49742ae3bb{font-size:16px!important;}@media (max-width:767px){.vcex_69e49742ae3bb{font-size:16px!important;}}<\/style><div class=\"vcex-heading vcex-module wpex-text-2xl wpex-font-normal wpex-m-auto wpex-max-w-100 vcex-heading-plain wpex-block wpex-text-center vc_custom_1685108187428 vcex_69e49742ae3bb\" style=\"color:#000000;font-family:Barlow;letter-spacing:var(--wpex-tracking-widest);font-weight:400;line-height:2;\"><span class=\"vcex-heading-inner wpex-inline-block wpex-clr\">PARIS - LONDON - NEW YORK - BERLIN - STOCKHOLM - TOKYO - SYDNEY - BANGKOK - ROM - OSLO - MADRID - K\u00d8BENHAVN - SEOUL - NAIROBI - LOS ANGELES - SINGAPORE - HONG KONG - BOMBAY - BEIJING - ATHEN - WIEN - AMSTERDAM - PRAG - KIEV - ZURICH - LISBON - MOSCOW - MUNICH - MONACO - ISTANBUL - GENEVE - TEL AVIV - NICOSIA - CAIRO - CAPE TOWN - BUENOS AIRES - MIAMI - BOGOTA - PU ZURICH - LISBON - MOSCOW - MUNICH - MONACO - ISTANBUL - GENEVA - TEL AVIV - NICOSIA - CAIRO - CAPE TOWN - BUENOS AIRES - MIAMI - BOGOTA - PUERTO RICO - MEXICO CITY - LAS VEGAS - RIO DE JANEIRO - SAN FRANCISCO - ATLANTA - DALLAS - CHICAGO<\/span><\/div>[vc_row_inner content_placement=&#8221;middle&#8221; css=&#8221;.vc_custom_1684316732536{margin-top: 50px !important;}&#8221;][vc_column_inner width=&#8221;1\/3&#8243;]<div class=\"vcex-spacing wpex-w-100 wpex-clear\"><\/div>[\/vc_column_inner][vc_column_inner width=&#8221;1\/3&#8243;]<div class=\"vcex-spacing wpex-w-100 wpex-clear\"><\/div>[\/vc_column_inner][vc_column_inner width=&#8221;1\/3&#8243;]<div class=\"vcex-spacing wpex-w-100 wpex-clear\"><\/div>[\/vc_column_inner][\/vc_row_inner][vc_row_inner css=&#8221;.vc_custom_1684330343496{margin-bottom: 0px !important;}&#8221;][vc_column_inner width=&#8221;1\/3&#8243;][\/vc_column_inner][vc_column_inner width=&#8221;1\/3&#8243;]<div class=\"vcex-spacing wpex-w-100 wpex-clear\"><\/div>[\/vc_column_inner][vc_column_inner width=&#8221;1\/3&#8243;][\/vc_column_inner][\/vc_row_inner][\/vc_column][\/vc_row][vc_row full_width=&#8221;stretch_row&#8221; content_placement=&#8221;middle&#8221; column_spacing=&#8221;0px&#8221; full_height=&#8221;yes&#8221; remove_bottom_col_margin=&#8221;true&#8221; css=&#8221;.vc_custom_1686903414297{padding-top: 40px !important;padding-bottom: 40px !important;background-color: #5398ce !important;background-position: center !important;background-repeat: no-repeat !important;background-size: cover !important;}&#8221; local_scroll_id=&#8221;1&#8243;][vc_column css=&#8221;.vc_custom_1676565000694{padding-top: 0px !important;padding-right: 30px !important;padding-bottom: 0px !important;padding-left: 30px !important;background-position: center !important;background-repeat: no-repeat !important;background-size: cover !important;}&#8221;]<div class=\"vcex-spacing wpex-w-100 wpex-clear\" style=\"height:100px;\"><\/div>[vc_row_inner css=&#8221;.vc_custom_1684330322871{margin-top: 0px !important;}&#8221;][vc_column_inner width=&#8221;1\/3&#8243;]<div class=\"vcex-module vcex-icon-box vcex-icon-box-three wpex-relative wpex-text-center vc_custom_1686902725089\"><div class=\"vcex-icon-box-symbol wpex-mb-20\"><div class=\"vcex-icon-box-icon wpex-inline-flex wpex-items-center wpex-justify-center wpex-child-inherit-color wpex-text-center wpex-leading-none wpex-text-1 wpex-p-15\" style=\"color:var(--wpex-palette-54-color);font-size:var(--vcex-icon-normal);border-radius:var(--wpex-radius-blob-5);background:#ededed;\"><span class=\"ticon ticon-tag\" aria-hidden=\"true\"><\/span><\/div><\/div><div class=\"vcex-icon-box-text\"><h2 class=\"vcex-icon-box-heading wpex-heading wpex-text-md wpex-mb-10\" style=\"font-family:Barlow Condensed;font-weight:400;color:#ffffff;font-size:24px;\">100% GRATIS MED ALLE FUNKTIONER<\/h2><div class=\"vcex-icon-box-content wpex-last-mb-0 wpex-clr\" style=\"font-family:Barlow Condensed;color:#ffffff;font-size:20px;\"><p>Appen er 100% gratis at bruge i annonceversionen. En mulighed for at frav\u00e6lge reklamer er tilg\u00e6ngelig i den betalte version.<span> <\/span><\/p>\n<\/div><\/div><\/div><div class=\"vcex-spacing wpex-w-100 wpex-clear\" style=\"height:80px;\"><\/div><div class=\"vcex-module vcex-icon-box vcex-icon-box-three wpex-relative wpex-text-center vc_custom_1686902777303\"><div class=\"vcex-icon-box-symbol wpex-mb-20\"><div class=\"vcex-icon-box-icon wpex-inline-flex wpex-items-center wpex-justify-center wpex-child-inherit-color wpex-text-center wpex-leading-none wpex-text-1 wpex-p-15\" style=\"color:#dd3333;font-size:var(--vcex-icon-normal);border-radius:var(--wpex-radius-blob-5);background:#ededed;\"><span class=\"ticon ticon-heart\" aria-hidden=\"true\"><\/span><\/div><\/div><div class=\"vcex-icon-box-text\"><h2 class=\"vcex-icon-box-heading wpex-heading wpex-text-md wpex-mb-10\" style=\"font-family:Barlow Condensed;font-weight:400;color:#ffffff;font-size:24px;\">SEND MEGABLOMSTER<\/h2><div class=\"vcex-icon-box-content wpex-last-mb-0 wpex-clr\" style=\"font-family:Barlow Condensed;color:#ffffff;font-size:20px;\"><p>Kontakt hvem som helst med det samme ved at sende en Mega Flirt, 100% gratis med bel\u00f8nningsvideo.<\/p>\n<\/div><\/div><\/div><div class=\"vcex-spacing wpex-w-100 wpex-clear\" style=\"height:80px;\"><\/div><div class=\"vcex-module vcex-icon-box vcex-icon-box-three wpex-relative wpex-text-center vc_custom_1686902817395\"><div class=\"vcex-icon-box-symbol wpex-mb-20\"><div class=\"vcex-icon-box-icon wpex-inline-flex wpex-items-center wpex-justify-center wpex-child-inherit-color wpex-text-center wpex-leading-none wpex-text-1 wpex-p-15\" style=\"color:var(--wpex-palette-53-color);font-size:var(--vcex-icon-normal);border-radius:var(--wpex-radius-blob-5);background:#ededed;\"><span class=\"ticon ticon-globe\" aria-hidden=\"true\"><\/span><\/div><\/div><div class=\"vcex-icon-box-text\"><h2 class=\"vcex-icon-box-heading wpex-heading wpex-text-md wpex-mb-10\" style=\"font-family:Barlow Condensed;font-weight:400;color:#ffffff;font-size:24px;\">30+ SPROG<\/h2><div class=\"vcex-icon-box-content wpex-last-mb-0 wpex-clr\" style=\"font-family:Barlow Condensed;color:#ffffff;font-size:20px;\"><p>Over 30 sprog er tilg\u00e6ngelige, og appen er skr\u00e6ddersyet til globale brugere over hele verden.<span> <\/span><\/p>\n<\/div><\/div><\/div><div class=\"vcex-spacing wpex-w-100 wpex-clear\" style=\"height:80px;\"><\/div>[\/vc_column_inner][vc_column_inner width=&#8221;1\/3&#8243;]<div class=\"vcex-module vcex-icon-box vcex-icon-box-three wpex-relative wpex-text-center vc_custom_1686902741322\"><div class=\"vcex-icon-box-symbol wpex-mb-20\"><div class=\"vcex-icon-box-icon wpex-inline-flex wpex-items-center wpex-justify-center wpex-child-inherit-color wpex-text-center wpex-leading-none wpex-text-1 wpex-p-15\" style=\"color:var(--wpex-palette-51-color);font-size:var(--vcex-icon-normal);border-radius:var(--wpex-radius-blob-5);background:#ededed;\"><span class=\"ticon ticon-hand-pointer-o\" aria-hidden=\"true\"><\/span><\/div><\/div><div class=\"vcex-icon-box-text\"><h2 class=\"vcex-icon-box-heading wpex-heading wpex-text-md wpex-mb-10\" style=\"font-family:Barlow Condensed;font-weight:400;color:#ffffff;font-size:24px;\">SWIPE OG BROWSE VI HAR BEGGE DELE<\/h2><div class=\"vcex-icon-box-content wpex-last-mb-0 wpex-clr\" style=\"font-family:Barlow Condensed;color:#ffffff;font-size:20px;\"><p>To versioner til at finde dit match. Almindelig browse- og swipe-version, begge med filtre, 100% gratis.<span> <\/span><\/p>\n<\/div><\/div><\/div><div class=\"vcex-spacing wpex-w-100 wpex-clear\" style=\"height:80px;\"><\/div><div class=\"vcex-module vcex-icon-box vcex-icon-box-three wpex-relative wpex-text-center vc_custom_1686902793458\"><div class=\"vcex-icon-box-symbol wpex-mb-20\"><div class=\"vcex-icon-box-icon wpex-inline-flex wpex-items-center wpex-justify-center wpex-child-inherit-color wpex-text-center wpex-leading-none wpex-text-1 wpex-p-15\" style=\"color:var(--wpex-palette-52-color);font-size:var(--vcex-icon-normal);border-radius:var(--wpex-radius-blob-5);background:#ededed;\"><span class=\"ticon ticon-ban\" aria-hidden=\"true\"><\/span><\/div><\/div><div class=\"vcex-icon-box-text\"><h2 class=\"vcex-icon-box-heading wpex-heading wpex-text-md wpex-mb-10\" style=\"font-family:Barlow Condensed;font-weight:400;color:#ffffff;font-size:24px;\">BLOCK &amp; REPORT<\/h2><div class=\"vcex-icon-box-content wpex-last-mb-0 wpex-clr\" style=\"font-family:Barlow Condensed;color:#ffffff;font-size:20px;\"><p>Du kan til enhver tid blokere en bruger eller anonymt rapportere upassende adf\u00e6rd.<\/p>\n<\/div><\/div><\/div><div class=\"vcex-spacing wpex-w-100 wpex-clear\" style=\"height:80px;\"><\/div><div class=\"vcex-module vcex-icon-box vcex-icon-box-three wpex-relative wpex-text-center vc_custom_1686902829931\"><div class=\"vcex-icon-box-symbol wpex-mb-20\"><div class=\"vcex-icon-box-icon wpex-inline-flex wpex-items-center wpex-justify-center wpex-child-inherit-color wpex-text-center wpex-leading-none wpex-text-1 wpex-p-15\" style=\"color:var(--wpex-palette-55-color);font-size:var(--vcex-icon-normal);border-radius:var(--wpex-radius-blob-5);background:#ededed;\"><span class=\"ticon ticon-search\" aria-hidden=\"true\"><\/span><\/div><\/div><div class=\"vcex-icon-box-text\"><h2 class=\"vcex-icon-box-heading wpex-heading wpex-text-md wpex-mb-10\" style=\"font-family:Barlow Condensed;font-weight:400;color:#ffffff;font-size:24px;\">S\u00d8G GLOBALE BEGIVENHEDER<\/h2><div class=\"vcex-icon-box-content wpex-last-mb-0 wpex-clr\" style=\"font-family:Barlow Condensed;color:#ffffff;font-size:20px;\"><p>Opret forbindelse til globale og lokale begivenheder. S\u00f8g efter musikfestivaler, teater, sportsbegivenheder og meget mere.<\/p>\n<\/div><\/div><\/div><div class=\"vcex-spacing wpex-w-100 wpex-clear\" style=\"height:80px;\"><\/div>[\/vc_column_inner][vc_column_inner width=&#8221;1\/3&#8243;]<div class=\"vcex-module vcex-icon-box vcex-icon-box-three wpex-relative wpex-text-center vc_custom_1686902760789\"><div class=\"vcex-icon-box-symbol wpex-mb-20\"><div class=\"vcex-icon-box-icon wpex-inline-flex wpex-items-center wpex-justify-center wpex-child-inherit-color wpex-text-center wpex-leading-none wpex-text-1 wpex-p-15\" style=\"color:#000000;font-size:var(--vcex-icon-normal);border-radius:var(--wpex-radius-blob-5);background:#ededed;\"><span class=\"ticon ticon-user-secret\" aria-hidden=\"true\"><\/span><\/div><\/div><div class=\"vcex-icon-box-text\"><h2 class=\"vcex-icon-box-heading wpex-heading wpex-text-md wpex-mb-10\" style=\"font-family:Barlow Condensed;font-weight:400;color:#ffffff;font-size:24px;\">ANONYM PLACERING<\/h2><div class=\"vcex-icon-box-content wpex-last-mb-0 wpex-clr\" style=\"font-family:Barlow Condensed;color:#ffffff;font-size:20px;\"><p>Aktiv\u00e9r anonym tilstand, og surf rundt usynlig for andre brugere, mens du er i appen, 100% gratis.<\/p>\n<\/div><\/div><\/div><div class=\"vcex-spacing wpex-w-100 wpex-clear\" style=\"height:80px;\"><\/div><div class=\"vcex-module vcex-icon-box vcex-icon-box-three wpex-relative wpex-text-center vc_custom_1686902805242\"><div class=\"vcex-icon-box-symbol wpex-mb-20\"><div class=\"vcex-icon-box-icon wpex-inline-flex wpex-items-center wpex-justify-center wpex-child-inherit-color wpex-text-center wpex-leading-none wpex-text-1 wpex-p-15\" style=\"color:var(--wpex-palette-56-color);font-size:var(--vcex-icon-normal);border-radius:var(--wpex-radius-blob-5);background:#ededed;\"><span class=\"ticon ticon-thumb-tack\" aria-hidden=\"true\"><\/span><\/div><\/div><div class=\"vcex-icon-box-text\"><h2 class=\"vcex-icon-box-heading wpex-heading wpex-text-md wpex-mb-10\" style=\"font-family:Barlow Condensed;font-weight:400;color:#ffffff;font-size:24px;\">\u00c6NDRE DIN PLACERING<\/h2><div class=\"vcex-icon-box-content wpex-last-mb-0 wpex-clr\" style=\"font-family:Barlow Condensed;color:#ffffff;font-size:20px;\"><p>Skift din placering i appen til en lokal by eller til et andet sted i verden, 100% gratis.<span> <\/span><\/p>\n<\/div><\/div><\/div><div class=\"vcex-spacing wpex-w-100 wpex-clear\" style=\"height:80px;\"><\/div><div class=\"vcex-module vcex-icon-box vcex-icon-box-three wpex-relative wpex-text-center vc_custom_1686902843719\"><div class=\"vcex-icon-box-symbol wpex-mb-20\"><div class=\"vcex-icon-box-icon wpex-inline-flex wpex-items-center wpex-justify-center wpex-child-inherit-color wpex-text-center wpex-leading-none wpex-text-1 wpex-p-15\" style=\"color:#81d742;font-size:var(--vcex-icon-normal);border-radius:var(--wpex-radius-blob-5);background:#ededed;\"><span class=\"ticon ticon-smile-o\" aria-hidden=\"true\"><\/span><\/div><\/div><div class=\"vcex-icon-box-text\"><h2 class=\"vcex-icon-box-heading wpex-heading wpex-text-md wpex-mb-10\" style=\"font-family:Barlow Condensed;font-weight:400;color:#ffffff;font-size:24px;\">L\u00d8GNEDETEKTOR OG SJOVE FAKTA<\/h2><div class=\"vcex-icon-box-content wpex-last-mb-0 wpex-clr\" style=\"font-family:Barlow Condensed;color:#ffffff;font-size:20px;\"><p>Lav din egen l\u00f8gnedetektor, som bes\u00f8gende kan g\u00e6tte p\u00e5, n\u00e5r de bes\u00f8ger din profil. Tilf\u00f8j sjove fakta om dig selv, og det hele er selvf\u00f8lgelig 100 % gratis.<span> <\/span><\/p>\n<\/div><\/div><\/div>[\/vc_column_inner][\/vc_row_inner]<div class=\"vcex-spacing wpex-w-100 wpex-clear\" style=\"height:80px;\"><\/div>[\/vc_column][\/vc_row][vc_row full_width=&#8221;stretch_row&#8221; content_placement=&#8221;middle&#8221; column_spacing=&#8221;0px&#8221; full_height=&#8221;yes&#8221; remove_bottom_col_margin=&#8221;true&#8221; css=&#8221;.vc_custom_1693297543855{padding-bottom: 40px !important;background-color: #e8f6ff !important;background-position: center !important;background-repeat: no-repeat !important;background-size: cover !important;}&#8221; local_scroll_id=&#8221;1&#8243;][vc_column css=&#8221;.vc_custom_1676565000694{padding-top: 0px !important;padding-right: 30px !important;padding-bottom: 0px !important;padding-left: 30px !important;background-position: center !important;background-repeat: no-repeat !important;background-size: cover !important;}&#8221;]<div class=\"vcex-spacing wpex-w-100 wpex-clear\" style=\"height:20px;\"><\/div><div class=\"vcex-heading vcex-module wpex-text-2xl wpex-font-normal wpex-m-auto wpex-max-w-100 vcex-heading-plain wpex-block wpex-text-center\" style=\"font-family:Barlow Condensed;font-size:40px;line-height:1.5;\"><span class=\"vcex-heading-inner wpex-inline-block wpex-clr\">M\u00f8d singler p\u00e5 \u2764\ufe0f i din by eller i hele verden - helt gratis!<\/span><\/div><div class=\"vcex-spacing wpex-w-100 wpex-clear\" style=\"height:50px;\"><\/div>[vc_column_text font_family=&#8221;Barlow&#8221; font_size=&#8221;20&#8243; css=&#8221;.vc_custom_1686902984163{padding-bottom: 20px !important;}&#8221;]<span data-contrast=\"none\"><strong><br \/>\n  <span style=\"color: #5398ce;\">Iskold<\/span><br \/>\n<\/strong> <strong><br \/>\n  <span style=\"color: #e8ac35;\">Lemonade<\/span><br \/>\n<\/strong> har som m\u00e5l at v\u00e6re den bedste dating-app, som singler kan stole p\u00e5. Her finder du kontakter, der er meningsfulde og seri\u00f8se for dit \u00f8nskede forhold, det kan starte med dating, men snart vokse til k\u00e6rlighed og venskab.<\/span><span data-ccp-props=\"{\"134233117\":true,\"134233118\":true,\"201341983\":0,\"335559739\":160,\"335559740\":240}\"> <\/span><\/p>\n<p><span data-contrast=\"none\"><strong><br \/>\n  <span style=\"color: #5398ce;\">Iskold<\/span><br \/>\n<\/strong> <strong><br \/>\n  <span style=\"color: #e8ac35;\">Limonade<\/span><br \/>\n<\/strong> forbinder mennesker gennem globale og lokale begivenheder. For eksempel musikfestivaler, teater, sportsbegivenheder og dating.<\/span><span data-ccp-props=\"{\"134233117\":true,\"134233118\":true,\"201341983\":0,\"335559739\":160,\"335559740\":240}\"> <\/span><\/p>\n<p><span data-contrast=\"none\"><strong><br \/>\n  <span style=\"color: #5398ce;\">Iskold<\/span><br \/>\n<\/strong> <strong><br \/>\n  <span style=\"color: #e8ac35;\">Lemonade<\/span><br \/>\n<\/strong> app giver dig adgang til globale begivenheder. Uanset hvor du er, og hvor du g\u00e5r hen, kan du se, v\u00e6lge begivenheder og nyde en r\u00e6kke sp\u00e6ndende oplevelser hver dag.<\/span><span data-ccp-props=\"{\"134233117\":true,\"134233118\":true,\"201341983\":0,\"335559739\":160,\"335559740\":240}\"> <\/span><\/p>\n<p><span data-contrast=\"none\">Velkommen til dating-appen <strong><span style=\"color: #5398ce;\">Icy<\/span><\/strong> <strong><span style=\"color: #e8ac35;\">Lemonade<\/span><\/strong>, <\/span><span data-contrast=\"none\">Du beh\u00f8ver ikke at betale for vores gratis service, den er 100 % gratis.<\/span><span data-ccp-props=\"{\"134233117\":true,\"201341983\":0,\"335559739\":0,\"335559740\":240}\"> <\/span>[\/vc_column_text]<div class=\"vcex-spacing wpex-w-100 wpex-clear\"><\/div>[\/vc_column][\/vc_row][vc_row full_width=&#8221;stretch_row&#8221; column_spacing=&#8221;0px&#8221; full_height=&#8221;yes&#8221; wpex_bg_overlay=&#8221;dark&#8221; remove_bottom_col_margin=&#8221;true&#8221; css=&#8221;.vc_custom_1683884139554{padding-top: 40px !important;padding-bottom: 40px !important;background: #994c94 url(https:\/\/icylemonade.com\/wp-content\/uploads\/2023\/02\/IL_IM_EU_00004.jpg?id=305) !important;background-position: center !important;background-repeat: no-repeat !important;background-size: cover !important;}&#8221; local_scroll_id=&#8221;6&#8243;][vc_column css=&#8221;.vc_custom_1676565070560{padding-top: 0px !important;padding-right: 30px !important;padding-bottom: 0px !important;padding-left: 30px !important;background-position: center !important;background-repeat: no-repeat !important;background-size: cover !important;}&#8221;]<div class=\"vcex-heading vcex-module wpex-text-2xl wpex-font-normal wpex-m-auto wpex-max-w-100 vcex-heading-plain wpex-block vc_custom_1686577790053 wpex-responsive-txt\" data-max-font-size=\"100\" data-min-font-size=\"60\" style=\"color:#ffffff;font-family:Barlow Condensed;font-size:100px;font-weight:700;text-transform:uppercase;line-height:1;\"><span class=\"vcex-heading-inner wpex-inline-block wpex-clr\">DIN MENING BETYDER NOGET!<\/span><\/div><div class=\"vcex-heading vcex-module wpex-text-2xl wpex-font-normal wpex-m-auto wpex-max-w-100 vcex-heading-plain wpex-block wpex-responsive-txt\" data-max-font-size=\"50\" data-min-font-size=\"30\" style=\"color:#ffffff;font-family:Barlow Condensed;font-size:50px;font-weight:600;text-transform:uppercase;line-height:1;\"><span class=\"vcex-heading-inner wpex-inline-block wpex-clr\">Teamet vil gerne vide, hvad du synes.<\/span><\/div><div class=\"vcex-spacing wpex-w-100 wpex-clear\"><\/div>[vc_column_text color=&#8221;#ffffff&#8221; font_family=&#8221;Barlow&#8221; font_size=&#8221;20&#8243; css=&#8221;.vc_custom_1692612149119{padding-bottom: 20px !important;}&#8221;]Dine kommentarer er meget nyttige, n\u00e5r vi skal forbedre vores program hver dag. Mange tak!<\/p>\n<p><a href=\"mailto:info@icylemonade.com\"><strong>info@icylemonade.com<\/strong><\/a>[\/vc_column_text][\/vc_column][\/vc_row]\n","protected":false},"excerpt":{"rendered":"<p>[vc_row full_width=&#8221;stretch_row&#8221; content_placement=&#8221;middle&#8221; column_spacing=&#8221;20&#8243; video_bg=&#8221;self_hosted&#8221; wpex_bg_overlay=&#8221;dark&#8221; video_bg_center=&#8221;true&#8221; remove_bottom_col_margin=&#8221;true&#8221; css=&#8221;.vc_custom_1685100743685{padding-top: 130px !important;padding-bottom: 50px !important;background-position: center !important;background-repeat: no-repeat !important;background-size: cover !important;}&#8221; local_scroll_id=&#8221;home&#8221; wpex_bg_overlay_color=&#8221;#0a0a0a&#8221; wpex_bg_overlay_opacity=&#8221;0.1&#8243; video_bg_mp4=&#8221;https:\/\/icylemonade.com\/wp-content\/uploads\/2023\/05\/icylemonade_low.mp4&#8243; min_height=&#8221;700&#8243;][vc_column css=&#8221;.vc_custom_1676565021373{padding-top: 0px !important;padding-right: 30px !important;padding-bottom: 0px !important;padding-left: 30px !important;background-position: center !important;background-repeat: no-repeat !important;background-size: cover !important;}&#8221;][vc_row_inner][vc_column_inner width=&#8221;1\/4&#8243;][\/vc_column_inner][vc_column_inner width=&#8221;1\/4&#8243;][vc_single_image image=&#8221;517&#8243; img_size=&#8221;&#8221; alignment=&#8221;center&#8221; onclick=&#8221;custom_link&#8221; img_link_target=&#8221;_blank&#8221; link=&#8221;https:\/\/apps.apple.com\/us\/app\/icy-lemonade\/id6444046785&#8243; img_hover=&#8221;opacity-invert&#8221;][\/vc_column_inner][vc_column_inner width=&#8221;1\/4&#8243;][vc_single_image image=&#8221;519&#8243; img_size=&#8221;&#8221; alignment=&#8221;center&#8221; onclick=&#8221;custom_link&#8221; link=&#8221;https:\/\/play.google.com\/store\/apps\/details?id=com.icylemonade.app&#8221; img_hover=&#8221;opacity-invert&#8221;][\/vc_column_inner][vc_column_inner&hellip;<\/p>\n","protected":false},"author":1,"featured_media":0,"parent":0,"menu_order":0,"comment_status":"closed","ping_status":"closed","template":"","meta":{"footnotes":""},"class_list":["post-2689","page","type-page","status-publish","hentry","entry","no-media"],"_links":{"self":[{"href":"https:\/\/icylemonade.com\/da\/wp-json\/wp\/v2\/pages\/2689","targetHints":{"allow":["GET"]}}],"collection":[{"href":"https:\/\/icylemonade.com\/da\/wp-json\/wp\/v2\/pages"}],"about":[{"href":"https:\/\/icylemonade.com\/da\/wp-json\/wp\/v2\/types\/page"}],"author":[{"embeddable":true,"href":"https:\/\/icylemonade.com\/da\/wp-json\/wp\/v2\/users\/1"}],"replies":[{"embeddable":true,"href":"https:\/\/icylemonade.com\/da\/wp-json\/wp\/v2\/comments?post=2689"}],"version-history":[{"count":1,"href":"https:\/\/icylemonade.com\/da\/wp-json\/wp\/v2\/pages\/2689\/revisions"}],"predecessor-version":[{"id":2712,"href":"https:\/\/icylemonade.com\/da\/wp-json\/wp\/v2\/pages\/2689\/revisions\/2712"}],"wp:attachment":[{"href":"https:\/\/icylemonade.com\/da\/wp-json\/wp\/v2\/media?parent=2689"}],"curies":[{"name":"wp","href":"https:\/\/api.w.org\/{rel}","templated":true}]}}