{"id":2218,"date":"2023-09-08T17:12:01","date_gmt":"2023-09-08T15:12:01","guid":{"rendered":"https:\/\/icylemonade.com\/unterstuetzung\/"},"modified":"2024-03-05T13:05:47","modified_gmt":"2024-03-05T12:05:47","slug":"unterstuetzung","status":"publish","type":"page","link":"https:\/\/icylemonade.com\/de\/unterstuetzung\/","title":{"rendered":"Unterst\u00fctzung"},"content":{"rendered":"[vc_row full_width=&#8221;stretch_row&#8221; content_placement=&#8221;bottom&#8221; wpex_bg_overlay=&#8221;dark&#8221; remove_bottom_col_margin=&#8221;true&#8221; min_height=&#8221;600&#8243; css=&#8221;.vc_custom_1709201503552{background: #5398ce url(https:\/\/icylemonade.com\/wp-content\/uploads\/2023\/09\/ICY_Slide_00023.jpg?id=1493) !important;background-position: center !important;background-repeat: no-repeat !important;background-size: cover !important;}&#8221; wpex_bg_overlay_opacity=&#8221;0.5&#8243; wpex_bg_position=&#8221;center center&#8221;][vc_column]<style>.vcex_69e5ff8dabf6a{font-size:100px!important;}@media (max-width:767px){.vcex_69e5ff8dabf6a{font-size:40px!important;}}<\/style><div class=\"vcex-heading vcex-module wpex-text-2xl wpex-font-normal wpex-m-auto wpex-max-w-100 vcex-heading-plain wpex-block vc_custom_1694624916252 vcex_69e5ff8dabf6a\" style=\"color:#ffffff;font-family:Barlow;font-weight:900;text-transform:uppercase;\"><span class=\"vcex-heading-inner wpex-inline-block wpex-clr\">UNTERST\u00dcTZUNG<\/span><\/div>[\/vc_column][\/vc_row][vc_row full_width=&#8221;stretch_row&#8221; column_spacing=&#8221;50&#8243; remove_bottom_col_margin=&#8221;true&#8221; css=&#8221;.vc_custom_1694181523405{margin-top: 60px !important;margin-bottom: 60px !important;border-bottom-width: 1px !important;padding-bottom: 60px !important;border-bottom-color: #dddddd !important;border-bottom-style: dashed !important;}&#8221;][vc_column width=&#8221;1\/2&#8243;]<style>.vcex_69e5ff8db1bfc{font-size:60px!important;}@media (max-width:767px){.vcex_69e5ff8db1bfc{font-size:40px!important;}}<\/style><h2 class=\"vcex-heading vcex-module wpex-text-2xl wpex-font-normal wpex-m-auto wpex-max-w-100 vcex-heading-plain wpex-block vcex_69e5ff8db1bfc\" style=\"color:var(--wpex-palette-2074-color);font-family:Barlow;font-weight:900;text-transform:uppercase;line-height:1;\"><span class=\"vcex-heading-inner wpex-inline-block wpex-clr\">Wenn Sie Hilfe ben\u00f6tigen<\/span><\/h2><div class=\"vcex-spacing wpex-w-100 wpex-clear\" style=\"height:30px;\"><\/div>[vc_column_text color=&#8221;#222222&#8243; font_size=&#8221;d:20|pl:18&#8243; font_family=&#8221;Barlow&#8221;]Icy Lemonade ist eine neue kostenlose Dating- und Event-App. Die App ist in unserer Werbeversion v\u00f6llig kostenlos zu nutzen. Sie k\u00f6nnen Spiele spielen, chatten und alle Funktionen nutzen, die Sie gewohnt sind. Wir arbeiten nat\u00fcrlich daran, sie mit verschiedenen neuen Funktionen noch besser zu machen.<\/p>\n<p>Wenn Sie Unterst\u00fctzung ben\u00f6tigen oder Feedback geben m\u00f6chten.<\/p>\n<p>Dann schreiben Sie eine E-Mail an <strong>support@icylemonade.com<\/strong> oder stellen Sie die Frage in unseren sozialen Medien.<\/p>\n<p>&nbsp;<\/p>\n<p>&nbsp;[\/vc_column_text][\/vc_column][vc_column width=&#8221;1\/2&#8243;][\/vc_column][\/vc_row]\n","protected":false},"excerpt":{"rendered":"<p>[vc_row full_width=&#8221;stretch_row&#8221; content_placement=&#8221;bottom&#8221; wpex_bg_overlay=&#8221;dark&#8221; remove_bottom_col_margin=&#8221;true&#8221; min_height=&#8221;600&#8243; css=&#8221;.vc_custom_1709201503552{background: #5398ce url(https:\/\/icylemonade.com\/wp-content\/uploads\/2023\/09\/ICY_Slide_00023.jpg?id=1493) !important;background-position: center !important;background-repeat: no-repeat !important;background-size: cover !important;}&#8221; wpex_bg_overlay_opacity=&#8221;0.5&#8243; wpex_bg_position=&#8221;center center&#8221;][vc_column][\/vc_column][\/vc_row][vc_row full_width=&#8221;stretch_row&#8221; column_spacing=&#8221;50&#8243; remove_bottom_col_margin=&#8221;true&#8221; css=&#8221;.vc_custom_1694181523405{margin-top: 60px !important;margin-bottom: 60px !important;border-bottom-width: 1px !important;padding-bottom: 60px !important;border-bottom-color: #dddddd !important;border-bottom-style: dashed !important;}&#8221;][vc_column width=&#8221;1\/2&#8243;][vc_column_text color=&#8221;#222222&#8243; font_size=&#8221;d:20|pl:18&#8243; font_family=&#8221;Barlow&#8221;]Icy Lemonade ist eine neue kostenlose Dating- und Event-App. Die App ist in unserer Werbeversion v\u00f6llig kostenlos&hellip;<\/p>\n","protected":false},"author":1,"featured_media":0,"parent":0,"menu_order":0,"comment_status":"closed","ping_status":"closed","template":"","meta":{"footnotes":""},"class_list":["post-2218","page","type-page","status-publish","hentry","entry","no-media"],"_links":{"self":[{"href":"https:\/\/icylemonade.com\/de\/wp-json\/wp\/v2\/pages\/2218","targetHints":{"allow":["GET"]}}],"collection":[{"href":"https:\/\/icylemonade.com\/de\/wp-json\/wp\/v2\/pages"}],"about":[{"href":"https:\/\/icylemonade.com\/de\/wp-json\/wp\/v2\/types\/page"}],"author":[{"embeddable":true,"href":"https:\/\/icylemonade.com\/de\/wp-json\/wp\/v2\/users\/1"}],"replies":[{"embeddable":true,"href":"https:\/\/icylemonade.com\/de\/wp-json\/wp\/v2\/comments?post=2218"}],"version-history":[{"count":2,"href":"https:\/\/icylemonade.com\/de\/wp-json\/wp\/v2\/pages\/2218\/revisions"}],"predecessor-version":[{"id":6056,"href":"https:\/\/icylemonade.com\/de\/wp-json\/wp\/v2\/pages\/2218\/revisions\/6056"}],"wp:attachment":[{"href":"https:\/\/icylemonade.com\/de\/wp-json\/wp\/v2\/media?parent=2218"}],"curies":[{"name":"wp","href":"https:\/\/api.w.org\/{rel}","templated":true}]}}