{"id":2415,"date":"2023-09-08T17:13:13","date_gmt":"2023-09-08T15:13:13","guid":{"rendered":"https:\/\/icylemonade.com\/bedingungen\/"},"modified":"2024-02-29T11:30:22","modified_gmt":"2024-02-29T10:30:22","slug":"bedingungen","status":"publish","type":"page","link":"https:\/\/icylemonade.com\/de\/bedingungen\/","title":{"rendered":"Bedingungen"},"content":{"rendered":"[vc_row full_width=&#8221;stretch_row&#8221; content_placement=&#8221;bottom&#8221; wpex_bg_overlay=&#8221;dark&#8221; remove_bottom_col_margin=&#8221;true&#8221; min_height=&#8221;600&#8243; css=&#8221;.vc_custom_1709201437842{background: #5398ce url(https:\/\/icylemonade.com\/wp-content\/uploads\/2023\/09\/ICY_Slide_00032.jpg?id=1511) !important;background-position: center !important;background-repeat: no-repeat !important;background-size: cover !important;}&#8221; wpex_bg_overlay_opacity=&#8221;0.5&#8243;][vc_column]<style>.vcex_69efb44c1b09d{font-size:100px!important;}@media (max-width:767px){.vcex_69efb44c1b09d{font-size:40px!important;}}<\/style><div class=\"vcex-heading vcex-module wpex-text-2xl wpex-font-normal wpex-m-auto wpex-max-w-100 vcex-heading-plain wpex-block vc_custom_1694192661365 vcex_69efb44c1b09d\" style=\"color:#ffffff;font-family:Barlow;font-weight:900;text-transform:uppercase;\"><span class=\"vcex-heading-inner wpex-inline-block wpex-clr\">Bedingungen<\/span><\/div>[\/vc_column][\/vc_row][vc_row full_width=&#8221;stretch_row&#8221; column_spacing=&#8221;50&#8243; remove_bottom_col_margin=&#8221;true&#8221; css=&#8221;.vc_custom_1694181523405{margin-top: 60px !important;margin-bottom: 60px !important;border-bottom-width: 1px !important;padding-bottom: 60px !important;border-bottom-color: #dddddd !important;border-bottom-style: dashed !important;}&#8221;][vc_column]<div class=\"vcex-spacing wpex-w-100 wpex-clear\" style=\"height:30px;\"><\/div>[vc_column_text color=&#8221;#222222&#8243; font_size=&#8221;d:20|pl:18&#8243; font_family=&#8221;Barlow&#8221;]Wir m\u00f6chten betonen, dass Sie sich mit der Bestellung von Produkten\/Abonnements auf unserer Website mit den Allgemeinen Gesch\u00e4ftsbedingungen einverstanden erkl\u00e4ren. Wir empfehlen Ihnen, die Allgemeinen Gesch\u00e4ftsbedingungen auszudrucken und das Dokument aufzubewahren, falls Sie es in Zukunft ben\u00f6tigen. Um auf <a href=\"http:\/\/www.icylemonade.com\/\" target=\"_new\" rel=\"noopener\">www.IcyLemonade.com<\/a> einzukaufen, m\u00fcssen Sie 17 Jahre alt sein (USA). Wir behalten uns das Recht vor, Bestellungen von Personen zu stornieren, die falsche pers\u00f6nliche Angaben gemacht haben. Wir behalten uns das Recht auf eventuelle Preisfehler vor.<\/p>\n<p><strong>Im Allgemeinen<\/strong><\/p>\n<p>IcyLemonade.com ist ein Multi-Event-Service und mehrere digitale Dating-Apps und ist das Flaggschiff der EDDBEE GROUP AB in Schweden. Um ein Konto zu er\u00f6ffnen, besuchen Sie <a href=\"http:\/\/www.icylemonade.com\/\" target=\"_new\" rel=\"noopener\">www.IcyLemonade.com<\/a> oder laden Sie die App herunter und registrieren Sie Ihr Konto, wo Sie ein Abonnement ausw\u00e4hlen. Um sicherzustellen, dass Sie sich bei Ihrem Kauf sicher f\u00fchlen, k\u00f6nnen Sie sich bei Fragen zu Ihrer Bestellung jederzeit an unseren Support und Kundendienst per E-Mail <a href=\"mailto:info@icylemonade.com\" target=\"_new\" rel=\"noopener\">info@icylemonade.com<\/a> wenden. Sobald Sie Ihr Abonnement begonnen haben, verpflichten Sie sich, Ihre registrierte E-Mail-Adresse zu \u00fcberwachen, da die gesamte Kommunikation bez\u00fcglich Ihres Abonnements per E-Mail erfolgt.<\/p>\n<p><strong>Preise und Bezahlung<\/strong><\/p>\n<p>Alle Preise sind in US Dollar angegeben. Wenn Sie bei <a href=\"mailto:info@icylemonade.com\" target=\"_new\" rel=\"noopener\">info@icylemonade.com<\/a> einkaufen, wird Ihre Kartenzahlung \u00fcber Google oder Apple abgewickelt, eine sichere elektronische Zahlungsl\u00f6sung. Alle Kartendaten werden in \u00dcbereinstimmung mit den Regeln der Kartennetze gespeichert. Es werden keine Kreditkartendaten in unserer Datenbank gespeichert, auch wenn Sie die Karte f\u00fcr zuk\u00fcnftige Eink\u00e4ufe speichern m\u00f6chten. Sie wird bei Google oder Apple gespeichert. Auf Ihrem Kontoauszug steht vielleicht icylemonade.com oder EDDBEE GROUP AB. Die Zahlung f\u00fcr Monatsabonnements erfolgt monatlich. Wenn keine Zahlung erfolgt, werden die Abonnements in ein kostenloses Abonnement umgewandelt.<\/p>\n<p><strong>R\u00fcckgabepolitik<\/strong><\/p>\n<p>Als Verbraucher haben Sie nach dem Fernabsatzgesetz und bei Vertr\u00e4gen, die au\u00dferhalb von Gesch\u00e4ftsr\u00e4umen geschlossen werden, eine Widerrufsfrist von 14 Tagen ab dem Zeitpunkt, zu dem Sie die Dienstleistung bestellt haben. Das Widerrufsrecht endet, wenn Sie mit der Nutzung des Dienstes beginnen, d. h. wenn Sie Informationen (Pferde, Dienstleistungen, Ausr\u00fcstung, Ausbildung, Nutzer) in Ihrem Abonnement registriert haben. Wenn Sie Ihre Bestellung stornieren oder ein Monatsabonnement k\u00fcndigen m\u00f6chten, kontaktieren Sie uns bitte \u00fcber das Kontaktformular oder die in der Auftragsbest\u00e4tigung angegebenen Kontaktdaten. Wir werden Ihr Konto dann sofort schlie\u00dfen.<\/p>\n<p><strong>Konfirmation<\/strong><\/p>\n<p>Sobald Ihre Bestellung eingegangen ist, wird Ihnen eine Best\u00e4tigungs-E-Mail mit den Einzelheiten Ihrer Bestellung zugesandt. Bewahren Sie die Auftragsbest\u00e4tigung auf, um sie bei einem eventuellen Kontakt mit Icy Lemonade zur Hand zu haben.<\/p>\n<p><strong>Im Falle von Streitigkeiten<\/strong><\/p>\n<p>Im Falle eines Rechtsstreits wird das Nationale Gremium f\u00fcr Verbraucherstreitbeilegung (ARN) eingeschaltet.<\/p>\n<p><strong>Begrenzung der Haftung<\/strong><\/p>\n<p>Das gesamte \u00fcber die Website verf\u00fcgbare Material ist in erster Linie f\u00fcr allgemeine Zwecke bestimmt und stellt keine Beratung oder Empfehlung dar. Die Informationen sind nicht immer umfassend und aktuell. Es k\u00f6nnen auch Fehler und technische Unzul\u00e4nglichkeiten auftreten.<\/p>\n<p>Eddbee Group AB ist nicht verantwortlich f\u00fcr Informationen und Materialien, die von anderen Nutzern auf dem Dienst ver\u00f6ffentlicht werden (sog. nutzergeneriertes Material). Im Falle von Fehlern in Informationen oder Material auf der Eddbee Group sollten Sie den Eddbee Group Support kontaktieren, wenn Sie die Informationen oder das Material korrigiert oder entfernt haben m\u00f6chten. Eddbee Group AB wird jedoch immer Informationen oder Materialien entfernen, die offensichtlich das Urheberrecht eines anderen verletzen oder kriminell sind, wenn Eddbee Group AB Informationen \u00fcber die Verbreitung solcher Informationen oder Materialien auf der Website erh\u00e4lt.<\/p>\n<p>Die Eddbee Gruppe hat das Recht, die von jedem Mitglied aufgef\u00fchrten Informationen in seinem allgemeinen Profil auf der Eddbee Gruppe sowie in E-Mails an andere Mitglieder der Eddbee Gruppe zu ver\u00f6ffentlichen. Ein einzelnes Mitglied hat nicht das Recht, die von anderen Mitgliedern eingestellten Informationen ohne die Erlaubnis des jeweiligen Mitglieds und der Eddbee-Gruppe zu kopieren. Es ist auch nicht gestattet, Links zu bestimmten Profilen von Mitgliedern der Eddbee-Gruppe auf externen Websites zu setzen.<\/p>\n<p>Die Eddbee-Gruppe arbeitet st\u00e4ndig an der IT-Sicherheit. Leider k\u00f6nnen wir jedoch nicht garantieren, dass die Website frei von sch\u00e4dlichen Komponenten ist. Wir bitten Sie daher in Ihrem eigenen Interesse, niemals Ihre pers\u00f6nlichen Daten \u00fcber Nachrichtensysteme weiterzugeben, Links in privaten Nachrichten zu folgen oder Software jeglicher Art herunterzuladen. Die Eddbee Group fragt niemals nach Ihrer Sozialversicherungsnummer oder Zahlungsinformationen, da wir ein kostenloser Service sind.<\/p>\n<p>Die Eddbee Gruppe haftet nicht f\u00fcr Sch\u00e4den, die direkt oder indirekt durch die Nutzung unserer Dienste entstehen.<\/p>\n<p><strong>Bedingungen<\/strong><\/p>\n<p>Vorbehaltlich der Bedingungen dieser Vereinbarung und zum alleinigen Zweck der Nutzung der Dienste gew\u00e4hrt Ihnen das Unternehmen hiermit eine begrenzte, nicht ausschlie\u00dfliche, widerrufliche, nicht unterlizenzierbare und nicht \u00fcbertragbare Lizenz:<\/p>\n<p>Installieren Sie eine oder alle der mobilen Anwendungen auf einem oder mehreren mobilen Ger\u00e4ten, die Ihnen geh\u00f6ren, unter Ihrer Kontrolle stehen und den Mindestanforderungen des Unternehmens entsprechen.<br \/>\nInstallieren Sie beliebige oder alle Desktop-Anwendungen auf einem oder mehreren Computern, die sich in Ihrem Besitz und unter Ihrer Kontrolle befinden und die den Mindestanforderungen Ihres Unternehmens entsprechen.<br \/>\nSie k\u00f6nnen die Anwendungen und alle damit zusammenh\u00e4ngenden Informationen, die Ihnen vom Unternehmen zur Verf\u00fcgung gestellt werden, ansehen, pr\u00fcfen und nutzen.<br \/>\nSie erkl\u00e4ren sich damit einverstanden, nicht auf die Dienste zuzugreifen oder zu versuchen, auf andere Weise als \u00fcber die Websites oder Apps zuzugreifen. Sie erkl\u00e4ren sich ausdr\u00fccklich damit einverstanden, nicht mit automatisierten Mitteln auf die Dienste zuzugreifen oder zu versuchen, darauf zuzugreifen (einschlie\u00dflich, aber nicht beschr\u00e4nkt auf die Verwendung von Skripten, Bots, nicht autorisierten Anwendungen Dritter, Spiders oder Crawlers).<\/p>\n<p>Sie erkl\u00e4ren sich damit einverstanden, dass Sie im Zusammenhang mit der Nutzung der Apps, Websites und\/oder Dienste nicht gegen geltende Gesetze, Vorschriften, Regeln, Verordnungen oder Vertr\u00e4ge versto\u00dfen werden.<\/p>\n<p>Sie d\u00fcrfen keine Verbindung zu den Apps, Websites und\/oder Diensten herstellen oder diese in einer Weise nutzen, die nicht ausdr\u00fccklich durch diese Bedingungen gestattet ist.<\/p>\n<p>Entfernen Sie alle Eigentumshinweise von den Diensten oder Kopien der Ihnen vom Unternehmen zur Verf\u00fcgung gestellten Software (Software).<br \/>\ndie \u00c4nderung, die Erstellung abgeleiteter Werke, die \u00dcbersetzung, das Reverse Engineering, die Dekompilierung, die Disassemblierung oder das Hacken der Apps, Dienste oder jeglicher Software zu veranlassen, zu erlauben oder zu genehmigen.<br \/>\nDer Verkauf, die Abtretung, die Vermietung, das Leasing, die T\u00e4tigkeit als Serviceb\u00fcro oder die Gew\u00e4hrung von Rechten an den Apps, Diensten oder jeglicher Software, insbesondere durch Unterlizenzen, an eine andere nat\u00fcrliche oder juristische Person ohne die vorherige schriftliche Zustimmung des Unternehmens.<br \/>\nfalsche, irref\u00fchrende oder t\u00e4uschende Aussagen oder Darstellungen \u00fcber das Unternehmen und\/oder die Apps, Websites oder Dienste zu machen.<br \/>\nUnzul\u00e4ssige Nutzung unserer Anwendung oder Dienste<\/p>\n<p>Durch die Nutzung unserer Anwendung oder Dienste ist es Ihnen untersagt, Folgendes zu tun<\/p>\n<p>Bel\u00e4stigung, Missbrauch, Beleidigung, Sch\u00e4digung, Diffamierung, Verleumdung, Verunglimpfung, Einsch\u00fcchterung oder Diskriminierung aufgrund von Geschlecht, sexueller Orientierung, Religion, ethnischer Zugeh\u00f6rigkeit, Rasse, Alter, nationaler Herkunft oder Behinderung.<br \/>\n\u00dcbermittlung falscher oder irref\u00fchrender Informationen.<br \/>\nSammeln oder Verfolgen der pers\u00f6nlichen Daten anderer.<br \/>\nViren oder andere Arten von b\u00f6sartigem Code hochzuladen oder zu \u00fcbertragen, die in irgendeiner Weise verwendet werden oder verwendet werden k\u00f6nnen, die das Funktionieren der Anwendung oder den Betrieb unserer Dienste beeintr\u00e4chtigen.<br \/>\nF\u00fcr alle illegalen Zwecke.<br \/>\nAufforderung an andere, illegale Handlungen vorzunehmen oder sich daran zu beteiligen.<br \/>\nVerst\u00f6\u00dfe gegen internationale, f\u00f6derale, provinzielle oder staatliche Vorschriften, Regeln, Gesetze oder lokale Verordnungen.<br \/>\nunsere Rechte an geistigem Eigentum oder die Rechte an geistigem Eigentum anderer verletzen oder verletzen.<br \/>\nSpam, Phishing, Pharm, Pretext, Spider, Creep oder Scrape.<br \/>\nf\u00fcr obsz\u00f6ne oder unmoralische Zwecke; oder um die Sicherheitsfunktionen unserer Dienste zu st\u00f6ren oder zu umgehen.<br \/>\nVerwenden Sie die Anwendungen, Websites und\/oder Dienste, um:<\/p>\n<p>Informationen zu entwickeln, zu erstellen, zu \u00fcbermitteln oder zu speichern, die rechtswidrig oder ungesetzlich, verleumderisch, sch\u00e4dlich, missbr\u00e4uchlich, hasserf\u00fcllt, rassistisch oder ethnisch beleidigend sind und zu kriminellem Verhalten anregen.<br \/>\nunaufgeforderte kommerzielle Kommunikation zu betreiben, die nach geltendem Recht nicht zul\u00e4ssig ist.<br \/>\n\u00c4nderungsantr\u00e4ge<\/p>\n<p>Icy Lemonade beh\u00e4lt sich das Recht vor, \u00c4nderungen an diesen Bedingungen vorzunehmen. Es ist daher ratsam, diese Website regelm\u00e4\u00dfig zu besuchen, um diese Bedingungen zu lesen.<\/p>\n<p>Unternehmensinformationen und Kontakt<\/p>\n<p>Eddbee group AB, Box 7033, 402 31 G\u00f6teborg, Schweden.<\/p>\n<p>info@icyelemonade.com[\/vc_column_text][\/vc_column][\/vc_row]\n","protected":false},"excerpt":{"rendered":"<p>[vc_row full_width=&#8221;stretch_row&#8221; content_placement=&#8221;bottom&#8221; wpex_bg_overlay=&#8221;dark&#8221; remove_bottom_col_margin=&#8221;true&#8221; min_height=&#8221;600&#8243; css=&#8221;.vc_custom_1709201437842{background: #5398ce url(https:\/\/icylemonade.com\/wp-content\/uploads\/2023\/09\/ICY_Slide_00032.jpg?id=1511) !important;background-position: center !important;background-repeat: no-repeat !important;background-size: cover !important;}&#8221; wpex_bg_overlay_opacity=&#8221;0.5&#8243;][vc_column][\/vc_column][\/vc_row][vc_row full_width=&#8221;stretch_row&#8221; column_spacing=&#8221;50&#8243; remove_bottom_col_margin=&#8221;true&#8221; css=&#8221;.vc_custom_1694181523405{margin-top: 60px !important;margin-bottom: 60px !important;border-bottom-width: 1px !important;padding-bottom: 60px !important;border-bottom-color: #dddddd !important;border-bottom-style: dashed !important;}&#8221;][vc_column][vc_column_text color=&#8221;#222222&#8243; font_size=&#8221;d:20|pl:18&#8243; font_family=&#8221;Barlow&#8221;]Wir m\u00f6chten betonen, dass Sie sich mit der Bestellung von Produkten\/Abonnements auf unserer Website mit den Allgemeinen Gesch\u00e4ftsbedingungen einverstanden erkl\u00e4ren.&hellip;<\/p>\n","protected":false},"author":1,"featured_media":0,"parent":0,"menu_order":0,"comment_status":"closed","ping_status":"closed","template":"","meta":{"footnotes":""},"class_list":["post-2415","page","type-page","status-publish","hentry","entry","no-media"],"_links":{"self":[{"href":"https:\/\/icylemonade.com\/de\/wp-json\/wp\/v2\/pages\/2415","targetHints":{"allow":["GET"]}}],"collection":[{"href":"https:\/\/icylemonade.com\/de\/wp-json\/wp\/v2\/pages"}],"about":[{"href":"https:\/\/icylemonade.com\/de\/wp-json\/wp\/v2\/types\/page"}],"author":[{"embeddable":true,"href":"https:\/\/icylemonade.com\/de\/wp-json\/wp\/v2\/users\/1"}],"replies":[{"embeddable":true,"href":"https:\/\/icylemonade.com\/de\/wp-json\/wp\/v2\/comments?post=2415"}],"version-history":[{"count":1,"href":"https:\/\/icylemonade.com\/de\/wp-json\/wp\/v2\/pages\/2415\/revisions"}],"predecessor-version":[{"id":2427,"href":"https:\/\/icylemonade.com\/de\/wp-json\/wp\/v2\/pages\/2415\/revisions\/2427"}],"wp:attachment":[{"href":"https:\/\/icylemonade.com\/de\/wp-json\/wp\/v2\/media?parent=2415"}],"curies":[{"name":"wp","href":"https:\/\/api.w.org\/{rel}","templated":true}]}}