{"id":2660,"date":"2023-09-08T17:13:19","date_gmt":"2023-09-08T15:13:19","guid":{"rendered":"https:\/\/icylemonade.com\/datenschutzbestimmungen\/"},"modified":"2024-03-05T13:07:26","modified_gmt":"2024-03-05T12:07:26","slug":"datenschutzbestimmungen","status":"publish","type":"page","link":"https:\/\/icylemonade.com\/de\/datenschutzbestimmungen\/","title":{"rendered":"Datenschutzbestimmungen"},"content":{"rendered":"[vc_row full_width=&#8221;stretch_row&#8221; content_placement=&#8221;bottom&#8221; wpex_bg_overlay=&#8221;dark&#8221; remove_bottom_col_margin=&#8221;true&#8221; min_height=&#8221;600&#8243; css=&#8221;.vc_custom_1709640379397{background: #5398ce url(https:\/\/icylemonade.com\/wp-content\/uploads\/2023\/02\/IL_IM_EU_00005.jpg?id=306) !important;background-position: center !important;background-repeat: no-repeat !important;background-size: cover !important;}&#8221; wpex_bg_overlay_opacity=&#8221;0.5&#8243;][vc_column]<style>.vcex_69e49740ae607{font-size:100px!important;}@media (max-width:767px){.vcex_69e49740ae607{font-size:40px!important;}}<\/style><div class=\"vcex-heading vcex-module wpex-text-2xl wpex-font-normal wpex-m-auto wpex-max-w-100 vcex-heading-plain wpex-block vc_custom_1694192734901 vcex_69e49740ae607\" style=\"color:#ffffff;font-family:Barlow;font-weight:900;text-transform:uppercase;\"><span class=\"vcex-heading-inner wpex-inline-block wpex-clr\">Datenschutzbestimmungen<\/span><\/div>[\/vc_column][\/vc_row][vc_row full_width=&#8221;stretch_row&#8221; column_spacing=&#8221;50&#8243; remove_bottom_col_margin=&#8221;true&#8221; css=&#8221;.vc_custom_1694181523405{margin-top: 60px !important;margin-bottom: 60px !important;border-bottom-width: 1px !important;padding-bottom: 60px !important;border-bottom-color: #dddddd !important;border-bottom-style: dashed !important;}&#8221;][vc_column]<div class=\"vcex-spacing wpex-w-100 wpex-clear\" style=\"height:30px;\"><\/div>[vc_column_text color=&#8221;#222222&#8243; font_size=&#8221;d:20|pl:18&#8243; font_family=&#8221;Barlow&#8221;]Diese Politik gilt f\u00fcr Icy Lemonade als oder Eddbee Gruppe AB auf allen Websites. Die Politik der pers\u00f6nlichen Daten findet Anwendung, wenn Icy Lemonade Dienstleistungen und Produkte im Zusammenhang mit Eink\u00e4ufen, Kundendienstfragen, sonstigem Kontakt mit Icy Lemonade und Besuchen der Website anbietet.<\/p>\n<p><strong>Ihre pers\u00f6nlichen Daten sind f\u00fcr uns wichtig<\/strong><\/p>\n<p>Icy Lemonade erhebt und verarbeitet personenbezogene Daten \u00fcber Sie, wenn Sie eine unserer Websites besuchen oder einen Kauf t\u00e4tigen oder Icy Lemonade per E-Mail oder \u00fcber soziale Medien kontaktieren. Icy Lemonade sch\u00fctzt Ihre Privatsph\u00e4re und verpflichtet sich, ein hohes Ma\u00df an Datenschutz zu gew\u00e4hrleisten. In dieser Datenschutzerkl\u00e4rung wird erl\u00e4utert, warum und wie wir Ihre pers\u00f6nlichen Daten sammeln und verwenden. Sie beschreibt auch Ihre Rechte und wie Sie diese durchsetzen k\u00f6nnen. Es ist uns wichtig, dass die pers\u00f6nlichen Daten, die Sie als Kunde und Leser uns anvertrauen, sorgf\u00e4ltig, verantwortungsvoll, transparent und rechtm\u00e4\u00dfig behandelt werden.<\/p>\n<p><strong>Wer ist f\u00fcr die von uns erhobenen Daten verantwortlich?<\/strong><\/p>\n<p>Icy Lemonade ist der Datenverantwortliche f\u00fcr die Verarbeitung Ihrer pers\u00f6nlichen Daten durch Icy Lemonade und ist daf\u00fcr verantwortlich, dass diese Verarbeitung in \u00dcbereinstimmung mit den geltenden Rechtsvorschriften erfolgt.<\/p>\n<p><strong>Was sind pers\u00f6nliche Informationen?<\/strong><\/p>\n<p>Personenbezogene Daten sind alle Informationen, die sich direkt oder indirekt einer lebenden nat\u00fcrlichen Person zuordnen lassen. Beispiele f\u00fcr personenbezogene Daten sind Name, E-Mail-Adresse, Telefonnummer und pers\u00f6nliche Identifikationsnummer. Bilder und Tonaufnahmen sind ebenfalls personenbezogene Daten, auch wenn keine Namen genannt werden. Verschl\u00fcsselte Daten und verschiedene Arten von elektronischen Identit\u00e4ten (z. B. IP-Nummern) sind personenbezogene Daten, wenn sie mit nat\u00fcrlichen Personen in Verbindung gebracht werden k\u00f6nnen.<\/p>\n<p><strong>Woher stammen Ihre pers\u00f6nlichen Daten?<\/strong><\/p>\n<p>Die Hauptquelle f\u00fcr personenbezogene Daten \u00fcber Sie sind Sie selbst, z. B. Informationen, die Sie angeben, wenn Sie sich bei uns anmelden, uns per E-Mail kontaktieren oder eine E-Mail erhalten\/beantworten. Personenbezogene Daten entstehen auch durch das Lesen von Informationen auf unserer Website, die Nutzung von Dienstleistungen und die Kommunikation mit uns. Zum Beispiel k\u00f6nnen wir Besucher, Verkehrsdaten und andere Kommunikationsdaten speichern. Beispiele f\u00fcr solche personenbezogenen Daten sind Ihre IP-Adresse. Diese Informationen werden \u00fcber so genannte Cookies gesammelt und dienen dazu, Sie kennen zu lernen, damit wir Sie gezielt mit relevanten Informationen versorgen k\u00f6nnen. Dazu ben\u00f6tigen wir Ihre Zustimmung. Sie tun dies, indem Sie Cookies akzeptieren, wenn Sie unsere Website besuchen.<\/p>\n<p><strong>Beispiele f\u00fcr personenbezogene Daten, die wir \u00fcber Sie sammeln, wenn wir sie ben\u00f6tigen<\/strong><\/p>\n<p>Vor- und Nachname. Geburtsdatum, Geschlecht, Staatsangeh\u00f6rigkeit, Beruf\/Besch\u00e4ftigung\/Bildung, Geburtsort. Sozialversicherungsnummer (nur beim Kauf einer Jahreskarte). Adresspr\u00fcfung gegen SPAR. Kontaktinformationen (Anschrift, E-Mail und Telefonnummer). Kaufinformationen (z. B. welches Produkt\/Abonnement bestellt wurde). Ev. Notizen, die Sie verlassen m\u00f6chten. Korrespondenz zu Beschwerden.<\/p>\n<p><strong>Vorgeschichte der K\u00e4ufe in Icy Lemonade. Cookies<\/strong><\/p>\n<p>In einem Cookie ist es m\u00f6glich, das Surfverhalten eines Nutzers zu sehen\/zu verfolgen. Cookies werden verwendet, um Ihnen als Besucher den Zugang zu verschiedenen Funktionen zu erm\u00f6glichen und um den Inhalt des Newsletters individuell zu gestalten. Wir verwenden Cookies, um den Inhalt unserer Werbung zu personalisieren. Wir verwenden auch Cookies auf unserer Website, damit wir Statistiken \u00fcber die Nutzung des Internets f\u00fchren k\u00f6nnen. Ein Cookie ist eine Textdatei, die auf Ihrem Ger\u00e4t gespeichert wird, damit die Website Ihr Ger\u00e4t erkennen kann. Dieses Cookie enth\u00e4lt keine pers\u00f6nlichen Informationen. Es gibt zwei Arten von Cookies, permanente und tempor\u00e4re (sogenannte Session-Cookies). Permanente Cookies werden als Datei auf Ihrem Ger\u00e4t f\u00fcr einen l\u00e4ngeren Zeitraum gespeichert, w\u00e4hrend Sitzungscookies vor\u00fcbergehend auf Ihrem Ger\u00e4t abgelegt werden und nur w\u00e4hrend der Zeit, in der Sie die Website besuchen, verwendet werden. Dann wird sie gel\u00f6scht. Wenn Sie wissen m\u00f6chten, wann Ihr Ger\u00e4t ein Cookie erh\u00e4lt, k\u00f6nnen Sie Ihren Browser so einstellen, dass er Sie benachrichtigt. Damit k\u00f6nnen Sie ein Cookie akzeptieren oder ablehnen. Ihr Ger\u00e4t kann auch so eingestellt werden, dass es alle Cookies ablehnt. Wenn Sie sich daf\u00fcr entscheiden, keine Cookies zu akzeptieren, beachten Sie bitte, dass einige Funktionen unserer Online-Dienste dann nicht mehr wie vorgesehen funktionieren.<\/p>\n<p><strong>Speziell zur Einwilligung in Direktmarketing<\/strong><\/p>\n<p>Sofern Sie uns Ihre ausdr\u00fcckliche Zustimmung gegeben haben, werden wir regelm\u00e4\u00dfig Informationen und Marketing auf der Grundlage Ihres Profils \u00fcber verschiedene digitale Kommunikationskan\u00e4le versenden und ver\u00f6ffentlichen. Sie k\u00f6nnen den Erhalt von Marketingmitteilungen von uns jederzeit abbestellen, indem Sie in der E-Mail oder SMS, die wir Ihnen senden, auf &#8220;Abbestellen&#8221; klicken. Es ist auch m\u00f6glich, Icy Lemonade \u00fcber info@icylemonade.com zu kontaktieren, um Unterst\u00fctzung bei der Ablehnung unserer Mitteilungen zu erhalten.<\/p>\n<p><strong>Wie lange bewahren wir Ihre Daten auf?<\/strong><\/p>\n<p>Ihre personenbezogenen Daten werden nur so lange aufbewahrt, wie dies zur Erf\u00fcllung der Zwecke, f\u00fcr die sie erhoben wurden, erforderlich ist. Icy Lemonade kann die Daten l\u00e4nger aufbewahren, wenn dies notwendig ist, um gesetzliche Anforderungen zu erf\u00fcllen oder um die rechtlichen Interessen von Icy Lemonade zu sch\u00fctzen, z.B. wenn ein Gerichtsverfahren anh\u00e4ngig ist.<\/p>\n<p><strong>An wen k\u00f6nnen wir Ihre personenbezogenen Daten weitergeben?<\/strong><\/p>\n<p>Ihre pers\u00f6nlichen Daten k\u00f6nnen an andere Unternehmen weitergegeben werden. Dies sind die pers\u00f6nlichen Daten der Kunden von Eddbee Group AB und unser Beitrag.[\/vc_column_text][\/vc_column][\/vc_row]\n","protected":false},"excerpt":{"rendered":"<p>[vc_row full_width=&#8221;stretch_row&#8221; content_placement=&#8221;bottom&#8221; wpex_bg_overlay=&#8221;dark&#8221; remove_bottom_col_margin=&#8221;true&#8221; min_height=&#8221;600&#8243; css=&#8221;.vc_custom_1709640379397{background: #5398ce url(https:\/\/icylemonade.com\/wp-content\/uploads\/2023\/02\/IL_IM_EU_00005.jpg?id=306) !important;background-position: center !important;background-repeat: no-repeat !important;background-size: cover !important;}&#8221; wpex_bg_overlay_opacity=&#8221;0.5&#8243;][vc_column][\/vc_column][\/vc_row][vc_row full_width=&#8221;stretch_row&#8221; column_spacing=&#8221;50&#8243; remove_bottom_col_margin=&#8221;true&#8221; css=&#8221;.vc_custom_1694181523405{margin-top: 60px !important;margin-bottom: 60px !important;border-bottom-width: 1px !important;padding-bottom: 60px !important;border-bottom-color: #dddddd !important;border-bottom-style: dashed !important;}&#8221;][vc_column][vc_column_text color=&#8221;#222222&#8243; font_size=&#8221;d:20|pl:18&#8243; font_family=&#8221;Barlow&#8221;]Diese Politik gilt f\u00fcr Icy Lemonade als oder Eddbee Gruppe AB auf allen Websites. Die Politik der pers\u00f6nlichen Daten findet&hellip;<\/p>\n","protected":false},"author":1,"featured_media":0,"parent":0,"menu_order":0,"comment_status":"closed","ping_status":"closed","template":"","meta":{"footnotes":""},"class_list":["post-2660","page","type-page","status-publish","hentry","entry","no-media"],"_links":{"self":[{"href":"https:\/\/icylemonade.com\/de\/wp-json\/wp\/v2\/pages\/2660","targetHints":{"allow":["GET"]}}],"collection":[{"href":"https:\/\/icylemonade.com\/de\/wp-json\/wp\/v2\/pages"}],"about":[{"href":"https:\/\/icylemonade.com\/de\/wp-json\/wp\/v2\/types\/page"}],"author":[{"embeddable":true,"href":"https:\/\/icylemonade.com\/de\/wp-json\/wp\/v2\/users\/1"}],"replies":[{"embeddable":true,"href":"https:\/\/icylemonade.com\/de\/wp-json\/wp\/v2\/comments?post=2660"}],"version-history":[{"count":2,"href":"https:\/\/icylemonade.com\/de\/wp-json\/wp\/v2\/pages\/2660\/revisions"}],"predecessor-version":[{"id":6078,"href":"https:\/\/icylemonade.com\/de\/wp-json\/wp\/v2\/pages\/2660\/revisions\/6078"}],"wp:attachment":[{"href":"https:\/\/icylemonade.com\/de\/wp-json\/wp\/v2\/media?parent=2660"}],"curies":[{"name":"wp","href":"https:\/\/api.w.org\/{rel}","templated":true}]}}