{"id":2365,"date":"2023-09-08T17:13:13","date_gmt":"2023-09-08T15:13:13","guid":{"rendered":"https:\/\/icylemonade.com\/condiciones\/"},"modified":"2024-02-29T11:30:26","modified_gmt":"2024-02-29T10:30:26","slug":"condiciones","status":"publish","type":"page","link":"https:\/\/icylemonade.com\/es\/condiciones\/","title":{"rendered":"Condiciones"},"content":{"rendered":"[vc_row full_width=&#8221;stretch_row&#8221; content_placement=&#8221;bottom&#8221; wpex_bg_overlay=&#8221;dark&#8221; remove_bottom_col_margin=&#8221;true&#8221; min_height=&#8221;600&#8243; css=&#8221;.vc_custom_1709201437842{background: #5398ce url(https:\/\/icylemonade.com\/wp-content\/uploads\/2023\/09\/ICY_Slide_00032.jpg?id=1511) !important;background-position: center !important;background-repeat: no-repeat !important;background-size: cover !important;}&#8221; wpex_bg_overlay_opacity=&#8221;0.5&#8243;][vc_column]<style>.vcex_69e4947a4c399{font-size:100px!important;}@media (max-width:767px){.vcex_69e4947a4c399{font-size:40px!important;}}<\/style><div class=\"vcex-heading vcex-module wpex-text-2xl wpex-font-normal wpex-m-auto wpex-max-w-100 vcex-heading-plain wpex-block vc_custom_1694192661365 vcex_69e4947a4c399\" style=\"color:#ffffff;font-family:Barlow;font-weight:900;text-transform:uppercase;\"><span class=\"vcex-heading-inner wpex-inline-block wpex-clr\">Condiciones<\/span><\/div>[\/vc_column][\/vc_row][vc_row full_width=&#8221;stretch_row&#8221; column_spacing=&#8221;50&#8243; remove_bottom_col_margin=&#8221;true&#8221; css=&#8221;.vc_custom_1694181523405{margin-top: 60px !important;margin-bottom: 60px !important;border-bottom-width: 1px !important;padding-bottom: 60px !important;border-bottom-color: #dddddd !important;border-bottom-style: dashed !important;}&#8221;][vc_column]<div class=\"vcex-spacing wpex-w-100 wpex-clear\" style=\"height:30px;\"><\/div>[vc_column_text color=&#8221;#222222&#8243; font_size=&#8221;d:20|pl:18&#8243; font_family=&#8221;Barlow&#8221;]Queremos hacer hincapi\u00e9 en que, al encargar productos\/suscripciones en nuestro sitio web, usted acepta los t\u00e9rminos y condiciones. Le recomendamos que imprima las condiciones y guarde el documento por si lo necesita en el futuro. Para comprar en <a href=\"http:\/\/www.icylemonade.com\/\" target=\"_new\" rel=\"noopener\">www.IcyLemonade.com<\/a> debes tener 17 a\u00f1os (EE.UU.). Nos reservamos el derecho a cancelar pedidos de personas que hayan facilitado datos personales incorrectos. Nos reservamos el derecho a cualquier error de precio que pueda producirse.<\/p>\n<p><strong>En general<\/strong><\/p>\n<p>IcyLemonade.com es un servicio de eventos m\u00faltiples y aplicaciones de citas digitales m\u00faltiples y es el buque insignia de EDDBEE GROUP AB en Suecia. Para abrir una cuenta, visite <a href=\"http:\/\/www.icylemonade.com\/\" target=\"_new\" rel=\"noopener\">www.IcyLemonade.com<\/a> o descargue la aplicaci\u00f3n y reg\u00edstrese, donde podr\u00e1 elegir una suscripci\u00f3n. Para que pueda sentirse seguro de su compra, siempre puede ponerse en contacto con nuestro servicio de asistencia y atenci\u00f3n al cliente por correo electr\u00f3nico <a href=\"mailto:info@icylemonade.com\" target=\"_new\" rel=\"noopener\">info@icylemonade.com<\/a> si tiene alguna duda sobre su pedido. Una vez iniciada su suscripci\u00f3n, se compromete a controlar la direcci\u00f3n de correo electr\u00f3nico registrada, ya que todas las comunicaciones relativas a su suscripci\u00f3n se realizan por correo electr\u00f3nico.<\/p>\n<p><strong>Precios y formas de pago<\/strong><\/p>\n<p>Todos los precios son en d\u00f3lares estadounidenses. Cuando compras en <a href=\"mailto:info@icylemonade.com\" target=\"_new\" rel=\"noopener\">info@icylemonade.com<\/a>, el pago con tarjeta es procesado por Google o Apple, una soluci\u00f3n de pago electr\u00f3nico seguro. Toda la informaci\u00f3n de las tarjetas se almacena de acuerdo con las normas de las redes de tarjetas. En nuestra base de datos no se almacena ning\u00fan dato de la tarjeta de cr\u00e9dito, aunque decida guardarla para futuras compras. Se almacena en Google o Apple. Su extracto bancario puede decir icylemonade.com o EDDBEE GROUP AB. El pago de los abonos mensuales se realiza mensualmente. Si no se efect\u00faa ning\u00fan pago, los abonos se transfieren a un abono gratuito.<\/p>\n<p><strong>Pol\u00edtica de devoluciones<\/strong><\/p>\n<p>Como consumidor, dispone de 14 d\u00edas para anular un contrato con arreglo a la Ley de Contratos a Distancia y contratos celebrados fuera del establecimiento a partir del momento en que solicit\u00f3 el servicio. El derecho de cancelaci\u00f3n finaliza cuando empiece a utilizar el servicio, es decir, cuando haya registrado la informaci\u00f3n (caballos, servicios, equipos, formaci\u00f3n, usuarios) en su suscripci\u00f3n. Si cancela su pedido o desea anular una suscripci\u00f3n mensual, p\u00f3ngase en contacto con nosotros a trav\u00e9s del formulario de contacto o de los datos de contacto que figuran en la confirmaci\u00f3n del pedido. Entonces cerraremos su cuenta inmediatamente.<\/p>\n<p><strong>Confirmaci\u00f3n<\/strong><\/p>\n<p>Una vez recibido su pedido, se le enviar\u00e1 un correo electr\u00f3nico de confirmaci\u00f3n con los detalles del mismo. Guarde la confirmaci\u00f3n del pedido para tenerla a mano en caso de contacto con Icy Lemonade.<\/p>\n<p><strong>En caso de litigio<\/strong><\/p>\n<p>En caso de litigio, se acude a la Junta Nacional de Recomendaciones en Materia de Litigios de Consumo (ARN).<\/p>\n<p><strong>Limitaci\u00f3n de responsabilidad<\/strong><\/p>\n<p>Todo el material disponible a trav\u00e9s del sitio web est\u00e1 destinado principalmente a fines generales y no constituye asesoramiento ni recomendaciones. La informaci\u00f3n no siempre es completa ni est\u00e1 actualizada. Tambi\u00e9n pueden producirse errores y deficiencias t\u00e9cnicas.<\/p>\n<p>Eddbee Group AB no se hace responsable de la informaci\u00f3n y el material publicados en el servicio por otros usuarios (el denominado material generado por el usuario). En caso de errores en la informaci\u00f3n o el material del Grupo Eddbee, deber\u00e1 ponerse en contacto con el servicio de asistencia del Grupo Eddbee si desea que se corrija o elimine la informaci\u00f3n o el material. No obstante, Eddbee Group AB siempre retirar\u00e1 la informaci\u00f3n o el material que viole de forma evidente los derechos de autor de otra persona o que sea delictivo si Eddbee Group AB recibe informaci\u00f3n sobre la difusi\u00f3n de dicha informaci\u00f3n o material en el sitio web.<\/p>\n<p>El Grupo Eddbee se reserva el derecho de publicar la informaci\u00f3n de cada miembro en su perfil general del Grupo Eddbee, as\u00ed como en los correos electr\u00f3nicos que env\u00ede a otros miembros del Grupo Eddbee. Un miembro individual no tiene derecho a copiar informaci\u00f3n publicada por otros miembros sin el permiso del miembro respectivo y del Grupo Eddbee. Tampoco est\u00e1 permitido establecer enlaces a perfiles espec\u00edficos de miembros del Grupo Eddbee en sitios web externos.<\/p>\n<p>El Grupo Eddbee trabaja constantemente en la seguridad inform\u00e1tica. Lamentablemente, no podemos garantizar que el sitio web est\u00e9 libre de componentes da\u00f1inos. Por ello, le rogamos que, por su propio bien, no comparta nunca su informaci\u00f3n personal a trav\u00e9s de sistemas de mensajer\u00eda, ni siga enlaces a trav\u00e9s de mensajes privados ni descargue software de ning\u00fan tipo. El Grupo Eddbee nunca le pide su n\u00famero de la seguridad social ni informaci\u00f3n de pago porque somos un servicio de uso gratuito.<\/p>\n<p>El Grupo Eddbee no se hace responsable de los da\u00f1os causados directa o indirectamente por el uso de nuestros servicios.<\/p>\n<p><strong>Condiciones<\/strong><\/p>\n<p>Sujeto a los t\u00e9rminos y condiciones de este Acuerdo, y con el \u00fanico prop\u00f3sito de utilizar los Servicios, la Empresa le concede una licencia limitada, no exclusiva, revocable, no sublicenciable y no transferible para:<\/p>\n<p>Instale una o todas las aplicaciones m\u00f3viles en uno o varios dispositivos m\u00f3viles de su propiedad, bajo su control y que cumplan las especificaciones m\u00ednimas de la empresa.<br \/>\nInstale una o todas las aplicaciones de escritorio en uno o varios ordenadores que sean de su propiedad, est\u00e9n bajo su control y cumplan las especificaciones m\u00ednimas de su empresa.<br \/>\nVer, revisar y utilizar las aplicaciones y toda la informaci\u00f3n relacionada que le proporcione la empresa.<br \/>\nUsted se compromete a no acceder, ni intentar acceder, a los Servicios por ning\u00fan otro medio que no sea a trav\u00e9s de los Sitios o las Aplicaciones. Usted se compromete espec\u00edficamente a no acceder, o intentar acceder, a los Servicios por cualquier medio automatizado (incluyendo, sin limitaci\u00f3n, mediante el uso de scripts, bots, aplicaciones de terceros no autorizadas, ara\u00f1as o rastreadores).<\/p>\n<p>Usted acepta que, en relaci\u00f3n con el uso de las Aplicaciones, Sitios y\/o Servicios, no infringir\u00e1 ninguna ley, reglamento, norma, ordenanza o tratado aplicable.<\/p>\n<p>No podr\u00e1 conectarse a las Aplicaciones, Sitios Web y\/o Servicios ni utilizarlos de ninguna forma que no est\u00e9 expresamente autorizada por las presentes Condiciones.<\/p>\n<p>Eliminar cualquier aviso de propiedad de los servicios o copias de software que le proporcione la empresa (software).<br \/>\nProvocar, permitir o autorizar la modificaci\u00f3n, creaci\u00f3n de trabajos derivados, traducci\u00f3n, ingenier\u00eda inversa, descompilaci\u00f3n, desmontaje o pirater\u00eda de las Aplicaciones, Servicios o cualquier software.<br \/>\nVender, ceder, alquilar, arrendar, actuar como oficina de servicios o conceder derechos sobre las Aplicaciones, los Servicios o cualquier software, incluyendo, sin limitaci\u00f3n, mediante sublicencia, a cualquier otra persona o entidad sin el consentimiento previo por escrito de la Empresa.<br \/>\nRealizar declaraciones o manifestaciones falsas, enga\u00f1osas o equ\u00edvocas sobre la Empresa y\/o las Aplicaciones, los Sitios web o los Servicios.<br \/>\nUso prohibido de nuestra aplicaci\u00f3n o servicios<\/p>\n<p>Al utilizar nuestra aplicaci\u00f3n o nuestros servicios, se le proh\u00edbe hacer lo siguiente:<\/p>\n<p>Acosar, abusar, insultar, da\u00f1ar, difamar, calumniar, menospreciar, intimidar o discriminar por motivos de g\u00e9nero, orientaci\u00f3n sexual, religi\u00f3n, etnia, raza, edad, origen nacional o discapacidad.<br \/>\nPresentar informaci\u00f3n falsa o enga\u00f1osa.<br \/>\nRecopilar o rastrear la informaci\u00f3n personal de otros.<br \/>\nCargar o transmitir virus o cualquier otro tipo de c\u00f3digo malicioso que afecte o pueda afectar de alg\u00fan modo al funcionamiento de la aplicaci\u00f3n o de nuestros servicios.<br \/>\nA todos los efectos ilegales.<br \/>\nInvitar a otros a realizar o participar en actos ilegales.<br \/>\nInfringir reglamentos, normas, leyes u ordenanzas locales internacionales, federales, provinciales o estatales.<br \/>\nInfrinja o viole nuestros derechos de propiedad intelectual o los derechos de propiedad intelectual de terceros.<br \/>\nSpam, phishing, pharm, pretext, spider, creep o scrape.<br \/>\nPara cualquier fin obsceno o inmoral; o para perturbar o eludir las funciones de seguridad de nuestros servicios.<br \/>\nUtilizar las aplicaciones, sitios web y\/o servicios para:<\/p>\n<p>Desarrollar, generar, transmitir o almacenar informaci\u00f3n que sea ilegal o il\u00edcita, difamatoria, da\u00f1ina, abusiva, que incite al odio, que sea ofensiva desde el punto de vista racial o \u00e9tnico y que fomente comportamientos que se considerar\u00edan delictivos.<br \/>\nRealizar cualquier comunicaci\u00f3n comercial no solicitada no autorizada por la legislaci\u00f3n aplicable.<br \/>\nEnmiendas<\/p>\n<p>Icy Lemonade se reserva el derecho de modificar estas condiciones. Por lo tanto, es aconsejable visitar regularmente este sitio web para leer estas condiciones.<\/p>\n<p>Informaci\u00f3n sobre la empresa y contacto<\/p>\n<p>Eddbee group AB, Box 7033, 402 31 Gotemburgo, Suecia.<\/p>\n<p>info@icyelemonade.com[\/vc_column_text][\/vc_column][\/vc_row]\n","protected":false},"excerpt":{"rendered":"<p>[vc_row full_width=&#8221;stretch_row&#8221; content_placement=&#8221;bottom&#8221; wpex_bg_overlay=&#8221;dark&#8221; remove_bottom_col_margin=&#8221;true&#8221; min_height=&#8221;600&#8243; css=&#8221;.vc_custom_1709201437842{background: #5398ce url(https:\/\/icylemonade.com\/wp-content\/uploads\/2023\/09\/ICY_Slide_00032.jpg?id=1511) !important;background-position: center !important;background-repeat: no-repeat !important;background-size: cover !important;}&#8221; wpex_bg_overlay_opacity=&#8221;0.5&#8243;][vc_column][\/vc_column][\/vc_row][vc_row full_width=&#8221;stretch_row&#8221; column_spacing=&#8221;50&#8243; remove_bottom_col_margin=&#8221;true&#8221; css=&#8221;.vc_custom_1694181523405{margin-top: 60px !important;margin-bottom: 60px !important;border-bottom-width: 1px !important;padding-bottom: 60px !important;border-bottom-color: #dddddd !important;border-bottom-style: dashed !important;}&#8221;][vc_column][vc_column_text color=&#8221;#222222&#8243; font_size=&#8221;d:20|pl:18&#8243; font_family=&#8221;Barlow&#8221;]Queremos hacer hincapi\u00e9 en que, al encargar productos\/suscripciones en nuestro sitio web, usted acepta los t\u00e9rminos y condiciones. Le recomendamos&hellip;<\/p>\n","protected":false},"author":1,"featured_media":0,"parent":0,"menu_order":0,"comment_status":"closed","ping_status":"closed","template":"","meta":{"footnotes":""},"class_list":["post-2365","page","type-page","status-publish","hentry","entry","no-media"],"_links":{"self":[{"href":"https:\/\/icylemonade.com\/es\/wp-json\/wp\/v2\/pages\/2365","targetHints":{"allow":["GET"]}}],"collection":[{"href":"https:\/\/icylemonade.com\/es\/wp-json\/wp\/v2\/pages"}],"about":[{"href":"https:\/\/icylemonade.com\/es\/wp-json\/wp\/v2\/types\/page"}],"author":[{"embeddable":true,"href":"https:\/\/icylemonade.com\/es\/wp-json\/wp\/v2\/users\/1"}],"replies":[{"embeddable":true,"href":"https:\/\/icylemonade.com\/es\/wp-json\/wp\/v2\/comments?post=2365"}],"version-history":[{"count":8,"href":"https:\/\/icylemonade.com\/es\/wp-json\/wp\/v2\/pages\/2365\/revisions"}],"predecessor-version":[{"id":2494,"href":"https:\/\/icylemonade.com\/es\/wp-json\/wp\/v2\/pages\/2365\/revisions\/2494"}],"wp:attachment":[{"href":"https:\/\/icylemonade.com\/es\/wp-json\/wp\/v2\/media?parent=2365"}],"curies":[{"name":"wp","href":"https:\/\/api.w.org\/{rel}","templated":true}]}}