{"id":2599,"date":"2023-09-08T17:13:19","date_gmt":"2023-09-08T15:13:19","guid":{"rendered":"https:\/\/icylemonade.com\/politica-de-privacidad\/"},"modified":"2024-03-05T13:07:47","modified_gmt":"2024-03-05T12:07:47","slug":"politica-de-privacidad","status":"publish","type":"page","link":"https:\/\/icylemonade.com\/es\/politica-de-privacidad\/","title":{"rendered":"Pol\u00edtica de privacidad"},"content":{"rendered":"[vc_row full_width=&#8221;stretch_row&#8221; content_placement=&#8221;bottom&#8221; wpex_bg_overlay=&#8221;dark&#8221; remove_bottom_col_margin=&#8221;true&#8221; min_height=&#8221;600&#8243; css=&#8221;.vc_custom_1709640379397{background: #5398ce url(https:\/\/icylemonade.com\/wp-content\/uploads\/2023\/02\/IL_IM_EU_00005.jpg?id=306) !important;background-position: center !important;background-repeat: no-repeat !important;background-size: cover !important;}&#8221; wpex_bg_overlay_opacity=&#8221;0.5&#8243;][vc_column]<style>.vcex_69e5f90f08fd2{font-size:100px!important;}@media (max-width:767px){.vcex_69e5f90f08fd2{font-size:40px!important;}}<\/style><div class=\"vcex-heading vcex-module wpex-text-2xl wpex-font-normal wpex-m-auto wpex-max-w-100 vcex-heading-plain wpex-block vc_custom_1694192734901 vcex_69e5f90f08fd2\" style=\"color:#ffffff;font-family:Barlow;font-weight:900;text-transform:uppercase;\"><span class=\"vcex-heading-inner wpex-inline-block wpex-clr\">Pol\u00edtica de privacidad<\/span><\/div>[\/vc_column][\/vc_row][vc_row full_width=&#8221;stretch_row&#8221; column_spacing=&#8221;50&#8243; remove_bottom_col_margin=&#8221;true&#8221; css=&#8221;.vc_custom_1694181523405{margin-top: 60px !important;margin-bottom: 60px !important;border-bottom-width: 1px !important;padding-bottom: 60px !important;border-bottom-color: #dddddd !important;border-bottom-style: dashed !important;}&#8221;][vc_column]<div class=\"vcex-spacing wpex-w-100 wpex-clear\" style=\"height:30px;\"><\/div>[vc_column_text color=&#8221;#222222&#8243; font_size=&#8221;d:20|pl:18&#8243; font_family=&#8221;Barlow&#8221;]Esta pol\u00edtica se aplica a Icy Lemonade como o Eddbee grupo AB en todos los sitios web. La pol\u00edtica de datos personales se aplica cuando Icy Lemonade proporciona servicios y productos en relaci\u00f3n con compras, cuestiones de atenci\u00f3n al cliente, otros contactos con Icy Lemonade y visitas al sitio web.<\/p>\n<p><strong>Sus datos personales son importantes para nosotros<\/strong><\/p>\n<p>Icy Lemonade recopila y procesa datos personales sobre usted cuando visita o realiza una compra en uno de nuestros sitios web o bien se pone en contacto con Icy Lemonade por correo electr\u00f3nico o a trav\u00e9s de las redes sociales. Icy Lemonade protege su privacidad y se compromete a mantener un alto nivel de protecci\u00f3n de datos. Esta pol\u00edtica de privacidad explica por qu\u00e9 y c\u00f3mo recogemos y utilizamos su informaci\u00f3n personal. Tambi\u00e9n describe sus derechos y c\u00f3mo puede hacerlos valer. Para nosotros es importante que los datos personales que usted, como cliente y lector, nos conf\u00eda sean tratados de forma cuidadosa, responsable, transparente y l\u00edcita.<\/p>\n<p><strong>\u00bfQui\u00e9n es responsable de los datos que recopilamos?<\/strong><\/p>\n<p>Icy Lemonade es el responsable del tratamiento de sus datos personales por parte de Icy Lemonade y es responsable de garantizar que dicho tratamiento se lleve a cabo de conformidad con la legislaci\u00f3n aplicable.<\/p>\n<p><strong>\u00bfQu\u00e9 es la informaci\u00f3n personal?<\/strong><\/p>\n<p>Los datos personales son cualquier informaci\u00f3n que pueda atribuirse directa o indirectamente a una persona f\u00edsica viva. Ejemplos de datos personales son el nombre, la direcci\u00f3n de correo electr\u00f3nico, el n\u00famero de tel\u00e9fono y el n\u00famero de identificaci\u00f3n personal. Las im\u00e1genes y grabaciones de audio tambi\u00e9n son informaci\u00f3n personal, aunque no se mencionen nombres. Los datos cifrados y los distintos tipos de identidades electr\u00f3nicas (por ejemplo, los n\u00fameros IP) son datos personales si pueden vincularse a personas f\u00edsicas.<\/p>\n<p><strong>\u00bfDe d\u00f3nde proceden sus datos personales?<\/strong><\/p>\n<p>La principal fuente de informaci\u00f3n personal sobre usted es usted mismo, como la informaci\u00f3n que nos proporciona al suscribirse, ponerse en contacto con nosotros por correo electr\u00f3nico y recibir\/responder a un correo electr\u00f3nico. Tambi\u00e9n se crean datos personales como resultado de la lectura de informaci\u00f3n en nuestro sitio web, el uso de servicios y la comunicaci\u00f3n con nosotros. Por ejemplo, podemos guardar visitantes, datos de tr\u00e1fico y otros datos de comunicaci\u00f3n. Ejemplos de estos datos personales son su direcci\u00f3n IP. Esta informaci\u00f3n se recoge a trav\u00e9s de las denominadas cookies y se utiliza para conocerle y poder enviarle informaci\u00f3n relevante. Para ello, necesitamos su consentimiento. Esto se consigue aceptando las cookies cuando visita nuestro sitio web.<\/p>\n<p><strong>Ejemplos de datos personales que recopilamos sobre usted si los necesitamos<\/strong><\/p>\n<p>Nombre y apellidos. Fecha de nacimiento, sexo, nacionalidad, profesi\u00f3n\/empleo\/educaci\u00f3n, lugar de nacimiento. N\u00famero de la seguridad social (s\u00f3lo al comprar un pase anual). Comprobaci\u00f3n de la direcci\u00f3n con el SPAR. Datos de contacto (direcci\u00f3n, correo electr\u00f3nico y n\u00famero de tel\u00e9fono). Informaci\u00f3n de compra (por ejemplo, qu\u00e9 producto\/suscripci\u00f3n se ha pedido). Ev. notas que decidas dejar. Correspondencia relativa a las denuncias.<\/p>\n<p><strong>Caso de compras en Icy Lemonade. Cookies<\/strong><\/p>\n<p>En una cookie es posible ver\/rastrear el comportamiento de navegaci\u00f3n de un usuario. Las cookies se utilizan para darle acceso como visitante a diversas funciones y para personalizar el contenido del bolet\u00edn. Utilizamos cookies para personalizar el contenido de nuestra publicidad. Tambi\u00e9n utilizamos cookies en nuestro sitio web para poder llevar estad\u00edsticas sobre el uso que se hace de la web. Una cookie es un archivo de texto que se almacena en su dispositivo para que el sitio web pueda reconocerlo. Esta cookie no contiene ninguna informaci\u00f3n personal. Existen dos tipos de cookies, las permanentes y las temporales (denominadas cookies de sesi\u00f3n). Las cookies permanentes se almacenan como un archivo en su dispositivo durante un periodo de tiempo m\u00e1s largo, mientras que las cookies de sesi\u00f3n se colocan temporalmente en su dispositivo y s\u00f3lo se utilizan durante el tiempo que usted navega por el sitio. Se borrar\u00e1. Si desea saber cu\u00e1ndo su dispositivo recibe una cookie, puede configurar su navegador para que se lo notifique. Esto le permite aceptar o rechazar una cookie. Tambi\u00e9n puede configurar su dispositivo para que rechace todas las cookies. Si decide no aceptar las cookies, tenga en cuenta que algunas funciones de nuestros servicios en l\u00ednea dejar\u00e1n de funcionar seg\u00fan lo previsto.<\/p>\n<p><strong>Espec\u00edficamente sobre el consentimiento a la mercadotecnia directa<\/strong><\/p>\n<p>Siempre que nos haya dado su consentimiento expl\u00edcito, le enviaremos y publicaremos peri\u00f3dicamente informaci\u00f3n y marketing basados en su perfil a trav\u00e9s de diversos canales de comunicaci\u00f3n digital. Usted puede optar por dejar de recibir nuestras comunicaciones comerciales en cualquier momento haciendo clic en darse de baja en la comunicaci\u00f3n por correo electr\u00f3nico o SMS que le enviemos. Tambi\u00e9n puede ponerse en contacto con Icy Lemonade a trav\u00e9s de info@icylemonade.com para que le ayudemos a rechazar nuestras comunicaciones.<\/p>\n<p><strong>\u00bfCu\u00e1nto tiempo conservamos sus datos?<\/strong><\/p>\n<p>Sus datos personales s\u00f3lo se almacenar\u00e1n mientras sea necesario conservarlos para cumplir los fines para los que fueron recogidos. Icy Lemonade podr\u00e1 conservar los datos durante m\u00e1s tiempo si es necesario para cumplir con requisitos legales o para proteger los intereses legales de Icy Lemonade, por ejemplo. si hay un proceso judicial en curso.<\/p>\n<p><strong>\u00bfCon qui\u00e9n podemos compartir sus datos personales?<\/strong><\/p>\n<p>Sus datos personales pueden ser compartidos con otras empresas. Estos son los datos personales de los clientes de Eddbee group AB y a nuestra contribuci\u00f3n[\/vc_column_text][\/vc_column][\/vc_row]\n","protected":false},"excerpt":{"rendered":"<p>[vc_row full_width=&#8221;stretch_row&#8221; content_placement=&#8221;bottom&#8221; wpex_bg_overlay=&#8221;dark&#8221; remove_bottom_col_margin=&#8221;true&#8221; min_height=&#8221;600&#8243; css=&#8221;.vc_custom_1709640379397{background: #5398ce url(https:\/\/icylemonade.com\/wp-content\/uploads\/2023\/02\/IL_IM_EU_00005.jpg?id=306) !important;background-position: center !important;background-repeat: no-repeat !important;background-size: cover !important;}&#8221; wpex_bg_overlay_opacity=&#8221;0.5&#8243;][vc_column][\/vc_column][\/vc_row][vc_row full_width=&#8221;stretch_row&#8221; column_spacing=&#8221;50&#8243; remove_bottom_col_margin=&#8221;true&#8221; css=&#8221;.vc_custom_1694181523405{margin-top: 60px !important;margin-bottom: 60px !important;border-bottom-width: 1px !important;padding-bottom: 60px !important;border-bottom-color: #dddddd !important;border-bottom-style: dashed !important;}&#8221;][vc_column][vc_column_text color=&#8221;#222222&#8243; font_size=&#8221;d:20|pl:18&#8243; font_family=&#8221;Barlow&#8221;]Esta pol\u00edtica se aplica a Icy Lemonade como o Eddbee grupo AB en todos los sitios web. La pol\u00edtica de&hellip;<\/p>\n","protected":false},"author":1,"featured_media":0,"parent":0,"menu_order":0,"comment_status":"closed","ping_status":"closed","template":"","meta":{"footnotes":""},"class_list":["post-2599","page","type-page","status-publish","hentry","entry","no-media"],"_links":{"self":[{"href":"https:\/\/icylemonade.com\/es\/wp-json\/wp\/v2\/pages\/2599","targetHints":{"allow":["GET"]}}],"collection":[{"href":"https:\/\/icylemonade.com\/es\/wp-json\/wp\/v2\/pages"}],"about":[{"href":"https:\/\/icylemonade.com\/es\/wp-json\/wp\/v2\/types\/page"}],"author":[{"embeddable":true,"href":"https:\/\/icylemonade.com\/es\/wp-json\/wp\/v2\/users\/1"}],"replies":[{"embeddable":true,"href":"https:\/\/icylemonade.com\/es\/wp-json\/wp\/v2\/comments?post=2599"}],"version-history":[{"count":2,"href":"https:\/\/icylemonade.com\/es\/wp-json\/wp\/v2\/pages\/2599\/revisions"}],"predecessor-version":[{"id":6085,"href":"https:\/\/icylemonade.com\/es\/wp-json\/wp\/v2\/pages\/2599\/revisions\/6085"}],"wp:attachment":[{"href":"https:\/\/icylemonade.com\/es\/wp-json\/wp\/v2\/media?parent=2599"}],"curies":[{"name":"wp","href":"https:\/\/api.w.org\/{rel}","templated":true}]}}