{"id":2732,"date":"2023-09-08T17:13:24","date_gmt":"2023-09-08T15:13:24","guid":{"rendered":"https:\/\/icylemonade.com\/cookies\/"},"modified":"2024-02-29T16:57:37","modified_gmt":"2024-02-29T15:57:37","slug":"cookies","status":"publish","type":"page","link":"https:\/\/icylemonade.com\/es\/cookies\/","title":{"rendered":"Cookies"},"content":{"rendered":"[vc_row full_width=&#8221;stretch_row&#8221; content_placement=&#8221;middle&#8221; column_spacing=&#8221;20&#8243; video_bg=&#8221;self_hosted&#8221; wpex_bg_overlay=&#8221;dark&#8221; video_bg_center=&#8221;true&#8221; remove_bottom_col_margin=&#8221;true&#8221; css=&#8221;.vc_custom_1685100743685{padding-top: 130px !important;padding-bottom: 50px !important;background-position: center !important;background-repeat: no-repeat !important;background-size: cover !important;}&#8221; local_scroll_id=&#8221;home&#8221; wpex_bg_overlay_color=&#8221;#0a0a0a&#8221; wpex_bg_overlay_opacity=&#8221;0.1&#8243; video_bg_mp4=&#8221;https:\/\/icylemonade.com\/wp-content\/uploads\/2023\/05\/icylemonade_low.mp4&#8243; min_height=&#8221;700&#8243;][vc_column css=&#8221;.vc_custom_1676565021373{padding-top: 0px !important;padding-right: 30px !important;padding-bottom: 0px !important;padding-left: 30px !important;background-position: center !important;background-repeat: no-repeat !important;background-size: cover !important;}&#8221;]<style>.vcex_69e5e7e7be299{font-size:100px!important;}@media (max-width:767px){.vcex_69e5e7e7be299{font-size:60px!important;}}<\/style><div class=\"vcex-heading vcex-module wpex-text-2xl wpex-font-normal wpex-m-auto wpex-max-w-100 vcex-heading-plain wpex-block wpex-text-center vc_custom_1686575978283 vcex_69e5e7e7be299\" style=\"color:#ffffff;font-family:Barlow;font-weight:700;line-height:1;\"><span class=\"vcex-heading-inner wpex-inline-block wpex-clr\">ENCUENTRA TU<\/span><\/div><style>.vcex_69e5e7e7c32ac{font-size:43px!important;}@media (max-width:767px){.vcex_69e5e7e7c32ac{font-size:26px!important;}}<\/style><div class=\"vcex-heading vcex-module wpex-text-2xl wpex-font-normal wpex-m-auto wpex-max-w-100 vcex-heading-plain wpex-block wpex-text-center vc_custom_1686576180075 vcex_69e5e7e7c32ac\" style=\"color:#ffffff;font-family:Barlow;font-weight:700;line-height:1;\"><span class=\"vcex-heading-inner wpex-inline-block wpex-clr\">COMBINACI\u00d3N PERFECTA<\/span><\/div><style>.vcex_69e5e7e7c3734{font-size:34px!important;}@media (max-width:479px){.vcex_69e5e7e7c3734{font-size:21px!important;}}<\/style><div class=\"vcex-heading vcex-module wpex-text-2xl wpex-font-normal wpex-m-auto wpex-max-w-100 vcex-heading-plain wpex-block wpex-text-center vc_custom_1693297477194 vcex_69e5e7e7c3734\" style=\"color:#ffffff;font-family:Barlow Condensed;text-transform:uppercase;line-height:1;\"><span class=\"vcex-heading-inner wpex-inline-block wpex-clr\">100% GRATIS CON LA VERSI\u00d3N PUBLICITARIA<br \/>*** TODAS LAS CARACTER\u00cdSTICAS INCLUIDAS ***<\/span><\/div><div class=\"vcex-spacing wpex-w-100 wpex-clear\"><\/div>[vc_row_inner][vc_column_inner width=&#8221;1\/4&#8243;][\/vc_column_inner][vc_column_inner width=&#8221;1\/4&#8243;][vc_single_image image=&#8221;517&#8243; img_size=&#8221;&#8221; alignment=&#8221;center&#8221; onclick=&#8221;custom_link&#8221; img_link_target=&#8221;_blank&#8221; link=&#8221;https:\/\/apps.apple.com\/us\/app\/icy-lemonade\/id6444046785&#8243; img_hover=&#8221;opacity-invert&#8221;]<div class=\"vcex-spacing wpex-w-100 wpex-clear show-at-mm-breakpoint\" style=\"height:20px;\"><\/div>[\/vc_column_inner][vc_column_inner width=&#8221;1\/4&#8243;][vc_single_image image=&#8221;519&#8243; img_size=&#8221;&#8221; alignment=&#8221;center&#8221; onclick=&#8221;custom_link&#8221; link=&#8221;https:\/\/play.google.com\/store\/apps\/details?id=com.icylemonade.app&#8221; img_hover=&#8221;opacity-invert&#8221;][\/vc_column_inner][vc_column_inner width=&#8221;1\/4&#8243;][\/vc_column_inner][\/vc_row_inner]<div class=\"vcex-spacing wpex-w-100 wpex-clear show-at-mm-breakpoint\"><\/div>[\/vc_column][\/vc_row][vc_row full_width=&#8221;stretch_row&#8221; content_placement=&#8221;middle&#8221; column_spacing=&#8221;0px&#8221; full_height=&#8221;yes&#8221; remove_bottom_col_margin=&#8221;true&#8221; css=&#8221;.vc_custom_1693297527400{padding-top: 40px !important;padding-bottom: 40px !important;background-color: #e8f6ff !important;background-position: center !important;background-repeat: no-repeat !important;background-size: cover !important;}&#8221; local_scroll_id=&#8221;1&#8243;][vc_column css=&#8221;.vc_custom_1676565000694{padding-top: 0px !important;padding-right: 30px !important;padding-bottom: 0px !important;padding-left: 30px !important;background-position: center !important;background-repeat: no-repeat !important;background-size: cover !important;}&#8221;]<style>.vcex_69e5e7e7c42d5{font-size:30px!important;}@media (max-width:767px){.vcex_69e5e7e7c42d5{font-size:18px!important;}}<\/style><div class=\"vcex-heading vcex-module wpex-text-2xl wpex-font-normal wpex-m-auto wpex-max-w-100 vcex-heading-plain wpex-block wpex-text-center vc_custom_1686903854356 vcex_69e5e7e7c42d5\" style=\"color:#000000;font-family:Barlow;letter-spacing:var(--wpex-tracking-widest);font-weight:600;line-height:2;\"><span class=\"vcex-heading-inner wpex-inline-block wpex-clr\">DISPONIBLE EN TODAS PARTES \u2764\ufe0f<\/span><\/div><style>.vcex_69e5e7e7c4784{font-size:16px!important;}@media (max-width:767px){.vcex_69e5e7e7c4784{font-size:16px!important;}}<\/style><div class=\"vcex-heading vcex-module wpex-text-2xl wpex-font-normal wpex-m-auto wpex-max-w-100 vcex-heading-plain wpex-block wpex-text-center vc_custom_1685108187428 vcex_69e5e7e7c4784\" style=\"color:#000000;font-family:Barlow;letter-spacing:var(--wpex-tracking-widest);font-weight:400;line-height:2;\"><span class=\"vcex-heading-inner wpex-inline-block wpex-clr\">PAR\u00cdS - LONDRES - NUEVA YORK - BERL\u00cdN - ESTOCOLMO - TOKIO - SYDNEY - BANGKOK - ROMA - OSLO - MADRID - COPENHAGUE - SE\u00daL - NAIROBI - LOS \u00c1NGELES - SINGAPUR - HONG KONG - BOMBAY - BEIJING - ATENAS - VIENA - AMSTERDAM - PRAGA - KIEV - ZURICH - LISBOA - MOSC\u00da - M\u00daNICH - M\u00d3NACO - ESTAMBUL - GINEBRA - TEL AVIV - NICOSIA - EL CAIRO - CIUDAD DEL CABO - BUENOS AIRES - MIAMI - BOGOTA - PUERTO RICO - CIUDAD DE M\u00c9XICO - LAS VEGAS - R\u00cdO DE JANEIRO - SAN FRANCISCO - ATLANTA - DALLAS - CHICAGO<\/span><\/div>[vc_row_inner content_placement=&#8221;middle&#8221; css=&#8221;.vc_custom_1684316732536{margin-top: 50px !important;}&#8221;][vc_column_inner width=&#8221;1\/3&#8243;]<div class=\"vcex-spacing wpex-w-100 wpex-clear\"><\/div>[\/vc_column_inner][vc_column_inner width=&#8221;1\/3&#8243;]<div class=\"vcex-spacing wpex-w-100 wpex-clear\"><\/div>[\/vc_column_inner][vc_column_inner width=&#8221;1\/3&#8243;]<div class=\"vcex-spacing wpex-w-100 wpex-clear\"><\/div>[\/vc_column_inner][\/vc_row_inner][vc_row_inner css=&#8221;.vc_custom_1684330343496{margin-bottom: 0px !important;}&#8221;][vc_column_inner width=&#8221;1\/3&#8243;][\/vc_column_inner][vc_column_inner width=&#8221;1\/3&#8243;]<div class=\"vcex-spacing wpex-w-100 wpex-clear\"><\/div>[\/vc_column_inner][vc_column_inner width=&#8221;1\/3&#8243;][\/vc_column_inner][\/vc_row_inner][\/vc_column][\/vc_row][vc_row full_width=&#8221;stretch_row&#8221; content_placement=&#8221;middle&#8221; column_spacing=&#8221;0px&#8221; full_height=&#8221;yes&#8221; remove_bottom_col_margin=&#8221;true&#8221; css=&#8221;.vc_custom_1686903414297{padding-top: 40px !important;padding-bottom: 40px !important;background-color: #5398ce !important;background-position: center !important;background-repeat: no-repeat !important;background-size: cover !important;}&#8221; local_scroll_id=&#8221;1&#8243;][vc_column css=&#8221;.vc_custom_1676565000694{padding-top: 0px !important;padding-right: 30px !important;padding-bottom: 0px !important;padding-left: 30px !important;background-position: center !important;background-repeat: no-repeat !important;background-size: cover !important;}&#8221;]<div class=\"vcex-spacing wpex-w-100 wpex-clear\" style=\"height:100px;\"><\/div>[vc_row_inner css=&#8221;.vc_custom_1684330322871{margin-top: 0px !important;}&#8221;][vc_column_inner width=&#8221;1\/3&#8243;]<div class=\"vcex-module vcex-icon-box vcex-icon-box-three wpex-relative wpex-text-center vc_custom_1686902725089\"><div class=\"vcex-icon-box-symbol wpex-mb-20\"><div class=\"vcex-icon-box-icon wpex-inline-flex wpex-items-center wpex-justify-center wpex-child-inherit-color wpex-text-center wpex-leading-none wpex-text-1 wpex-p-15\" style=\"color:var(--wpex-palette-54-color);font-size:var(--vcex-icon-normal);border-radius:var(--wpex-radius-blob-5);background:#ededed;\"><span class=\"ticon ticon-tag\" aria-hidden=\"true\"><\/span><\/div><\/div><div class=\"vcex-icon-box-text\"><h2 class=\"vcex-icon-box-heading wpex-heading wpex-text-md wpex-mb-10\" style=\"font-family:Barlow Condensed;font-weight:400;color:#ffffff;font-size:24px;\">100% GRATIS CON TODAS LAS FUNCIONES<\/h2><div class=\"vcex-icon-box-content wpex-last-mb-0 wpex-clr\" style=\"font-family:Barlow Condensed;color:#ffffff;font-size:20px;\"><p>La aplicaci\u00f3n es 100% gratuita en su versi\u00f3n de anuncio. La versi\u00f3n de pago ofrece la opci\u00f3n de no recibir anuncios.<span> <\/span><\/p>\n<\/div><\/div><\/div><div class=\"vcex-spacing wpex-w-100 wpex-clear\" style=\"height:80px;\"><\/div><div class=\"vcex-module vcex-icon-box vcex-icon-box-three wpex-relative wpex-text-center vc_custom_1686902777303\"><div class=\"vcex-icon-box-symbol wpex-mb-20\"><div class=\"vcex-icon-box-icon wpex-inline-flex wpex-items-center wpex-justify-center wpex-child-inherit-color wpex-text-center wpex-leading-none wpex-text-1 wpex-p-15\" style=\"color:#dd3333;font-size:var(--vcex-icon-normal);border-radius:var(--wpex-radius-blob-5);background:#ededed;\"><span class=\"ticon ticon-heart\" aria-hidden=\"true\"><\/span><\/div><\/div><div class=\"vcex-icon-box-text\"><h2 class=\"vcex-icon-box-heading wpex-heading wpex-text-md wpex-mb-10\" style=\"font-family:Barlow Condensed;font-weight:400;color:#ffffff;font-size:24px;\">ENVIAR MEGAFLORES<\/h2><div class=\"vcex-icon-box-content wpex-last-mb-0 wpex-clr\" style=\"font-family:Barlow Condensed;color:#ffffff;font-size:20px;\"><p>Contacta con cualquier persona al instante enviando un Mega Flirt, 100% gratis con v\u00eddeo de recompensa.<\/p>\n<\/div><\/div><\/div><div class=\"vcex-spacing wpex-w-100 wpex-clear\" style=\"height:80px;\"><\/div><div class=\"vcex-module vcex-icon-box vcex-icon-box-three wpex-relative wpex-text-center vc_custom_1686902817395\"><div class=\"vcex-icon-box-symbol wpex-mb-20\"><div class=\"vcex-icon-box-icon wpex-inline-flex wpex-items-center wpex-justify-center wpex-child-inherit-color wpex-text-center wpex-leading-none wpex-text-1 wpex-p-15\" style=\"color:var(--wpex-palette-53-color);font-size:var(--vcex-icon-normal);border-radius:var(--wpex-radius-blob-5);background:#ededed;\"><span class=\"ticon ticon-globe\" aria-hidden=\"true\"><\/span><\/div><\/div><div class=\"vcex-icon-box-text\"><h2 class=\"vcex-icon-box-heading wpex-heading wpex-text-md wpex-mb-10\" style=\"font-family:Barlow Condensed;font-weight:400;color:#ffffff;font-size:24px;\">M\u00c1S DE 30 IDIOMAS<\/h2><div class=\"vcex-icon-box-content wpex-last-mb-0 wpex-clr\" style=\"font-family:Barlow Condensed;color:#ffffff;font-size:20px;\"><p>Disponible en m\u00e1s de treinta idiomas, la aplicaci\u00f3n est\u00e1 personalizada para usuarios de todo el mundo.<span> <\/span><\/p>\n<\/div><\/div><\/div><div class=\"vcex-spacing wpex-w-100 wpex-clear\" style=\"height:80px;\"><\/div>[\/vc_column_inner][vc_column_inner width=&#8221;1\/3&#8243;]<div class=\"vcex-module vcex-icon-box vcex-icon-box-three wpex-relative wpex-text-center vc_custom_1686902741322\"><div class=\"vcex-icon-box-symbol wpex-mb-20\"><div class=\"vcex-icon-box-icon wpex-inline-flex wpex-items-center wpex-justify-center wpex-child-inherit-color wpex-text-center wpex-leading-none wpex-text-1 wpex-p-15\" style=\"color:var(--wpex-palette-51-color);font-size:var(--vcex-icon-normal);border-radius:var(--wpex-radius-blob-5);background:#ededed;\"><span class=\"ticon ticon-hand-pointer-o\" aria-hidden=\"true\"><\/span><\/div><\/div><div class=\"vcex-icon-box-text\"><h2 class=\"vcex-icon-box-heading wpex-heading wpex-text-md wpex-mb-10\" style=\"font-family:Barlow Condensed;font-weight:400;color:#ffffff;font-size:24px;\">DESLIZAR Y NAVEGAR TENEMOS AMBOS<\/h2><div class=\"vcex-icon-box-content wpex-last-mb-0 wpex-clr\" style=\"font-family:Barlow Condensed;color:#ffffff;font-size:20px;\"><p>Dos versiones para encontrar tu pareja. Versi\u00f3n normal de navegaci\u00f3n y deslizamiento, ambas con filtros, 100% gratuitas.<span> <\/span><\/p>\n<\/div><\/div><\/div><div class=\"vcex-spacing wpex-w-100 wpex-clear\" style=\"height:80px;\"><\/div><div class=\"vcex-module vcex-icon-box vcex-icon-box-three wpex-relative wpex-text-center vc_custom_1686902793458\"><div class=\"vcex-icon-box-symbol wpex-mb-20\"><div class=\"vcex-icon-box-icon wpex-inline-flex wpex-items-center wpex-justify-center wpex-child-inherit-color wpex-text-center wpex-leading-none wpex-text-1 wpex-p-15\" style=\"color:var(--wpex-palette-52-color);font-size:var(--vcex-icon-normal);border-radius:var(--wpex-radius-blob-5);background:#ededed;\"><span class=\"ticon ticon-ban\" aria-hidden=\"true\"><\/span><\/div><\/div><div class=\"vcex-icon-box-text\"><h2 class=\"vcex-icon-box-heading wpex-heading wpex-text-md wpex-mb-10\" style=\"font-family:Barlow Condensed;font-weight:400;color:#ffffff;font-size:24px;\">BLOQUEAR Y DENUNCIAR<\/h2><div class=\"vcex-icon-box-content wpex-last-mb-0 wpex-clr\" style=\"font-family:Barlow Condensed;color:#ffffff;font-size:20px;\"><p>Puedes bloquear a un usuario o denunciar de forma an\u00f3nima un comportamiento inadecuado en cualquier momento.<\/p>\n<\/div><\/div><\/div><div class=\"vcex-spacing wpex-w-100 wpex-clear\" style=\"height:80px;\"><\/div><div class=\"vcex-module vcex-icon-box vcex-icon-box-three wpex-relative wpex-text-center vc_custom_1686902829931\"><div class=\"vcex-icon-box-symbol wpex-mb-20\"><div class=\"vcex-icon-box-icon wpex-inline-flex wpex-items-center wpex-justify-center wpex-child-inherit-color wpex-text-center wpex-leading-none wpex-text-1 wpex-p-15\" style=\"color:var(--wpex-palette-55-color);font-size:var(--vcex-icon-normal);border-radius:var(--wpex-radius-blob-5);background:#ededed;\"><span class=\"ticon ticon-search\" aria-hidden=\"true\"><\/span><\/div><\/div><div class=\"vcex-icon-box-text\"><h2 class=\"vcex-icon-box-heading wpex-heading wpex-text-md wpex-mb-10\" style=\"font-family:Barlow Condensed;font-weight:400;color:#ffffff;font-size:24px;\">BUSCAR EVENTOS GLOBALES<\/h2><div class=\"vcex-icon-box-content wpex-last-mb-0 wpex-clr\" style=\"font-family:Barlow Condensed;color:#ffffff;font-size:20px;\"><p>Con\u00e9ctese a acontecimientos mundiales y locales. Busque festivales de m\u00fasica, teatro, acontecimientos deportivos y mucho m\u00e1s.<\/p>\n<\/div><\/div><\/div><div class=\"vcex-spacing wpex-w-100 wpex-clear\" style=\"height:80px;\"><\/div>[\/vc_column_inner][vc_column_inner width=&#8221;1\/3&#8243;]<div class=\"vcex-module vcex-icon-box vcex-icon-box-three wpex-relative wpex-text-center vc_custom_1686902760789\"><div class=\"vcex-icon-box-symbol wpex-mb-20\"><div class=\"vcex-icon-box-icon wpex-inline-flex wpex-items-center wpex-justify-center wpex-child-inherit-color wpex-text-center wpex-leading-none wpex-text-1 wpex-p-15\" style=\"color:#000000;font-size:var(--vcex-icon-normal);border-radius:var(--wpex-radius-blob-5);background:#ededed;\"><span class=\"ticon ticon-user-secret\" aria-hidden=\"true\"><\/span><\/div><\/div><div class=\"vcex-icon-box-text\"><h2 class=\"vcex-icon-box-heading wpex-heading wpex-text-md wpex-mb-10\" style=\"font-family:Barlow Condensed;font-weight:400;color:#ffffff;font-size:24px;\">UBICACI\u00d3N AN\u00d3NIMA<\/h2><div class=\"vcex-icon-box-content wpex-last-mb-0 wpex-clr\" style=\"font-family:Barlow Condensed;color:#ffffff;font-size:20px;\"><p>Activa el modo an\u00f3nimo y navega invisible para el resto de usuarios durante tu estancia en la app, 100% gratis.<\/p>\n<\/div><\/div><\/div><div class=\"vcex-spacing wpex-w-100 wpex-clear\" style=\"height:80px;\"><\/div><div class=\"vcex-module vcex-icon-box vcex-icon-box-three wpex-relative wpex-text-center vc_custom_1686902805242\"><div class=\"vcex-icon-box-symbol wpex-mb-20\"><div class=\"vcex-icon-box-icon wpex-inline-flex wpex-items-center wpex-justify-center wpex-child-inherit-color wpex-text-center wpex-leading-none wpex-text-1 wpex-p-15\" style=\"color:var(--wpex-palette-56-color);font-size:var(--vcex-icon-normal);border-radius:var(--wpex-radius-blob-5);background:#ededed;\"><span class=\"ticon ticon-thumb-tack\" aria-hidden=\"true\"><\/span><\/div><\/div><div class=\"vcex-icon-box-text\"><h2 class=\"vcex-icon-box-heading wpex-heading wpex-text-md wpex-mb-10\" style=\"font-family:Barlow Condensed;font-weight:400;color:#ffffff;font-size:24px;\">CAMBIE SU UBICACI\u00d3N<\/h2><div class=\"vcex-icon-box-content wpex-last-mb-0 wpex-clr\" style=\"font-family:Barlow Condensed;color:#ffffff;font-size:20px;\"><p>Cambia tu ubicaci\u00f3n en la aplicaci\u00f3n a una ciudad local o a otro lugar del mundo, 100% gratis.<span> <\/span><\/p>\n<\/div><\/div><\/div><div class=\"vcex-spacing wpex-w-100 wpex-clear\" style=\"height:80px;\"><\/div><div class=\"vcex-module vcex-icon-box vcex-icon-box-three wpex-relative wpex-text-center vc_custom_1686902843719\"><div class=\"vcex-icon-box-symbol wpex-mb-20\"><div class=\"vcex-icon-box-icon wpex-inline-flex wpex-items-center wpex-justify-center wpex-child-inherit-color wpex-text-center wpex-leading-none wpex-text-1 wpex-p-15\" style=\"color:#81d742;font-size:var(--vcex-icon-normal);border-radius:var(--wpex-radius-blob-5);background:#ededed;\"><span class=\"ticon ticon-smile-o\" aria-hidden=\"true\"><\/span><\/div><\/div><div class=\"vcex-icon-box-text\"><h2 class=\"vcex-icon-box-heading wpex-heading wpex-text-md wpex-mb-10\" style=\"font-family:Barlow Condensed;font-weight:400;color:#ffffff;font-size:24px;\">DETECTOR DE MENTIRAS Y DATOS CURIOSOS<\/h2><div class=\"vcex-icon-box-content wpex-last-mb-0 wpex-clr\" style=\"font-family:Barlow Condensed;color:#ffffff;font-size:20px;\"><p>Crea tu detector de mentiras para que los visitantes lo adivinen cuando visiten tu perfil. A\u00f1ade datos curiosos sobre ti y, por supuesto, todo es 100% gratis.<span> <\/span><\/p>\n<\/div><\/div><\/div>[\/vc_column_inner][\/vc_row_inner]<div class=\"vcex-spacing wpex-w-100 wpex-clear\" style=\"height:80px;\"><\/div>[\/vc_column][\/vc_row][vc_row full_width=&#8221;stretch_row&#8221; content_placement=&#8221;middle&#8221; column_spacing=&#8221;0px&#8221; full_height=&#8221;yes&#8221; remove_bottom_col_margin=&#8221;true&#8221; css=&#8221;.vc_custom_1693297543855{padding-bottom: 40px !important;background-color: #e8f6ff !important;background-position: center !important;background-repeat: no-repeat !important;background-size: cover !important;}&#8221; local_scroll_id=&#8221;1&#8243;][vc_column css=&#8221;.vc_custom_1676565000694{padding-top: 0px !important;padding-right: 30px !important;padding-bottom: 0px !important;padding-left: 30px !important;background-position: center !important;background-repeat: no-repeat !important;background-size: cover !important;}&#8221;]<div class=\"vcex-spacing wpex-w-100 wpex-clear\" style=\"height:20px;\"><\/div><div class=\"vcex-heading vcex-module wpex-text-2xl wpex-font-normal wpex-m-auto wpex-max-w-100 vcex-heading-plain wpex-block wpex-text-center\" style=\"font-family:Barlow Condensed;font-size:40px;line-height:1.5;\"><span class=\"vcex-heading-inner wpex-inline-block wpex-clr\">Conoce solteros y solteras \u2764\ufe0f en tu ciudad o en todo el mundo \u00a1gratis!<\/span><\/div><div class=\"vcex-spacing wpex-w-100 wpex-clear\" style=\"height:50px;\"><\/div>[vc_column_text font_family=&#8221;Barlow&#8221; font_size=&#8221;20&#8243; css=&#8221;.vc_custom_1686902984163{padding-bottom: 20px !important;}&#8221;]<span data-contrast=\"none\"><strong><br \/>\n  <span style=\"color: #5398ce;\">Icy<\/span><br \/>\n<\/strong> <strong><br \/>\n  <span style=\"color: #e8ac35;\">Limonada<\/span><br \/>\n<\/strong> pretende ser la mejor aplicaci\u00f3n de citas en la que los solteros puedan confiar. Aqu\u00ed encontrar\u00e1 contactos que son significativos y serios para su relaci\u00f3n deseada, puede comenzar con citas, pero pronto crecer en el amor y la amistad.<\/span><span data-ccp-props=\"{\"134233117\":true,\"134233118\":true,\"201341983\":0,\"335559739\":160,\"335559740\":240}\"> <\/span><\/p>\n<p><span data-contrast=\"none\"><strong><br \/>\n  <span style=\"color: #5398ce;\">Icy<\/span><br \/>\n<\/strong> <strong><br \/>\n  <span style=\"color: #e8ac35;\">Limonada<\/span><br \/>\n<\/strong> conecta a la gente a trav\u00e9s de eventos globales y locales. Por ejemplo, festivales de m\u00fasica, teatro, acontecimientos deportivos y citas.<\/span><span data-ccp-props=\"{\"134233117\":true,\"134233118\":true,\"201341983\":0,\"335559739\":160,\"335559740\":240}\"> <\/span><\/p>\n<p><span data-contrast=\"none\"><strong><br \/>\n  <span style=\"color: #5398ce;\">Icy<\/span><br \/>\n<\/strong> <strong><br \/>\n  <span style=\"color: #e8ac35;\">Limonada<\/span><br \/>\n<\/strong> te da acceso a eventos mundiales. Est\u00e9s donde est\u00e9s y vayas donde vayas, puedes ver, elegir eventos y disfrutar cada d\u00eda de una gran variedad de experiencias emocionantes.<\/span><span data-ccp-props=\"{\"134233117\":true,\"134233118\":true,\"201341983\":0,\"335559739\":160,\"335559740\":240}\"> <\/span><\/p>\n<p><span data-contrast=\"none\">Bienvenido a la aplicaci\u00f3n de citas <strong><span style=\"color: #5398ce;\">Icy<\/span><\/strong> <strong><span style=\"color: #e8ac35;\">Limonada<\/span><\/strong>, <\/span><span data-contrast=\"none\">no se necesita dinero para nuestro servicio gratuito, es 100% gratis.<\/span><span data-ccp-props=\"{\"134233117\":true,\"201341983\":0,\"335559739\":0,\"335559740\":240}\"> <\/span>[\/vc_column_text]<div class=\"vcex-spacing wpex-w-100 wpex-clear\"><\/div>[\/vc_column][\/vc_row][vc_row full_width=&#8221;stretch_row&#8221; column_spacing=&#8221;0px&#8221; full_height=&#8221;yes&#8221; wpex_bg_overlay=&#8221;dark&#8221; remove_bottom_col_margin=&#8221;true&#8221; css=&#8221;.vc_custom_1683884139554{padding-top: 40px !important;padding-bottom: 40px !important;background: #994c94 url(https:\/\/icylemonade.com\/wp-content\/uploads\/2023\/02\/IL_IM_EU_00004.jpg?id=305) !important;background-position: center !important;background-repeat: no-repeat !important;background-size: cover !important;}&#8221; local_scroll_id=&#8221;6&#8243;][vc_column css=&#8221;.vc_custom_1676565070560{padding-top: 0px !important;padding-right: 30px !important;padding-bottom: 0px !important;padding-left: 30px !important;background-position: center !important;background-repeat: no-repeat !important;background-size: cover !important;}&#8221;]<div class=\"vcex-heading vcex-module wpex-text-2xl wpex-font-normal wpex-m-auto wpex-max-w-100 vcex-heading-plain wpex-block vc_custom_1686577790053 wpex-responsive-txt\" data-max-font-size=\"100\" data-min-font-size=\"60\" style=\"color:#ffffff;font-family:Barlow Condensed;font-size:100px;font-weight:700;text-transform:uppercase;line-height:1;\"><span class=\"vcex-heading-inner wpex-inline-block wpex-clr\">TU OPINI\u00d3N IMPORTA<\/span><\/div><div class=\"vcex-heading vcex-module wpex-text-2xl wpex-font-normal wpex-m-auto wpex-max-w-100 vcex-heading-plain wpex-block wpex-responsive-txt\" data-max-font-size=\"50\" data-min-font-size=\"30\" style=\"color:#ffffff;font-family:Barlow Condensed;font-size:50px;font-weight:600;text-transform:uppercase;line-height:1;\"><span class=\"vcex-heading-inner wpex-inline-block wpex-clr\">El equipo quiere saber lo que piensa.<\/span><\/div><div class=\"vcex-spacing wpex-w-100 wpex-clear\"><\/div>[vc_column_text color=&#8221;#ffffff&#8221; font_family=&#8221;Barlow&#8221; font_size=&#8221;20&#8243; css=&#8221;.vc_custom_1692612149119{padding-bottom: 20px !important;}&#8221;]Sus comentarios son muy \u00fatiles para mejorar nuestra aplicaci\u00f3n cada d\u00eda. Muchas gracias.<\/p>\n<p><a href=\"mailto:info@icylemonade.com\"><strong>info@icylemonade.com<\/strong><\/a>[\/vc_column_text][\/vc_column][\/vc_row]\n","protected":false},"excerpt":{"rendered":"<p>[vc_row full_width=&#8221;stretch_row&#8221; content_placement=&#8221;middle&#8221; column_spacing=&#8221;20&#8243; video_bg=&#8221;self_hosted&#8221; wpex_bg_overlay=&#8221;dark&#8221; video_bg_center=&#8221;true&#8221; remove_bottom_col_margin=&#8221;true&#8221; css=&#8221;.vc_custom_1685100743685{padding-top: 130px !important;padding-bottom: 50px !important;background-position: center !important;background-repeat: no-repeat !important;background-size: cover !important;}&#8221; local_scroll_id=&#8221;home&#8221; wpex_bg_overlay_color=&#8221;#0a0a0a&#8221; wpex_bg_overlay_opacity=&#8221;0.1&#8243; video_bg_mp4=&#8221;https:\/\/icylemonade.com\/wp-content\/uploads\/2023\/05\/icylemonade_low.mp4&#8243; min_height=&#8221;700&#8243;][vc_column css=&#8221;.vc_custom_1676565021373{padding-top: 0px !important;padding-right: 30px !important;padding-bottom: 0px !important;padding-left: 30px !important;background-position: center !important;background-repeat: no-repeat !important;background-size: cover !important;}&#8221;][vc_row_inner][vc_column_inner width=&#8221;1\/4&#8243;][\/vc_column_inner][vc_column_inner width=&#8221;1\/4&#8243;][vc_single_image image=&#8221;517&#8243; img_size=&#8221;&#8221; alignment=&#8221;center&#8221; onclick=&#8221;custom_link&#8221; img_link_target=&#8221;_blank&#8221; link=&#8221;https:\/\/apps.apple.com\/us\/app\/icy-lemonade\/id6444046785&#8243; img_hover=&#8221;opacity-invert&#8221;][\/vc_column_inner][vc_column_inner width=&#8221;1\/4&#8243;][vc_single_image image=&#8221;519&#8243; img_size=&#8221;&#8221; alignment=&#8221;center&#8221; onclick=&#8221;custom_link&#8221; link=&#8221;https:\/\/play.google.com\/store\/apps\/details?id=com.icylemonade.app&#8221; img_hover=&#8221;opacity-invert&#8221;][\/vc_column_inner][vc_column_inner&hellip;<\/p>\n","protected":false},"author":1,"featured_media":0,"parent":0,"menu_order":0,"comment_status":"closed","ping_status":"closed","template":"","meta":{"footnotes":""},"class_list":["post-2732","page","type-page","status-publish","hentry","entry","no-media"],"_links":{"self":[{"href":"https:\/\/icylemonade.com\/es\/wp-json\/wp\/v2\/pages\/2732","targetHints":{"allow":["GET"]}}],"collection":[{"href":"https:\/\/icylemonade.com\/es\/wp-json\/wp\/v2\/pages"}],"about":[{"href":"https:\/\/icylemonade.com\/es\/wp-json\/wp\/v2\/types\/page"}],"author":[{"embeddable":true,"href":"https:\/\/icylemonade.com\/es\/wp-json\/wp\/v2\/users\/1"}],"replies":[{"embeddable":true,"href":"https:\/\/icylemonade.com\/es\/wp-json\/wp\/v2\/comments?post=2732"}],"version-history":[{"count":4,"href":"https:\/\/icylemonade.com\/es\/wp-json\/wp\/v2\/pages\/2732\/revisions"}],"predecessor-version":[{"id":2787,"href":"https:\/\/icylemonade.com\/es\/wp-json\/wp\/v2\/pages\/2732\/revisions\/2787"}],"wp:attachment":[{"href":"https:\/\/icylemonade.com\/es\/wp-json\/wp\/v2\/media?parent=2732"}],"curies":[{"name":"wp","href":"https:\/\/api.w.org\/{rel}","templated":true}]}}