{"id":2186,"date":"2023-09-08T17:12:01","date_gmt":"2023-09-08T15:12:01","guid":{"rendered":"https:\/\/icylemonade.com\/tuki\/"},"modified":"2024-03-05T13:05:47","modified_gmt":"2024-03-05T12:05:47","slug":"tuki","status":"publish","type":"page","link":"https:\/\/icylemonade.com\/fi\/tuki\/","title":{"rendered":"Tuki"},"content":{"rendered":"[vc_row full_width=&#8221;stretch_row&#8221; content_placement=&#8221;bottom&#8221; wpex_bg_overlay=&#8221;dark&#8221; remove_bottom_col_margin=&#8221;true&#8221; min_height=&#8221;600&#8243; css=&#8221;.vc_custom_1709201503552{background: #5398ce url(https:\/\/icylemonade.com\/wp-content\/uploads\/2023\/09\/ICY_Slide_00023.jpg?id=1493) !important;background-position: center !important;background-repeat: no-repeat !important;background-size: cover !important;}&#8221; wpex_bg_overlay_opacity=&#8221;0.5&#8243; wpex_bg_position=&#8221;center center&#8221;][vc_column]<style>.vcex_69e5e7dc03bd4{font-size:100px!important;}@media (max-width:767px){.vcex_69e5e7dc03bd4{font-size:40px!important;}}<\/style><div class=\"vcex-heading vcex-module wpex-text-2xl wpex-font-normal wpex-m-auto wpex-max-w-100 vcex-heading-plain wpex-block vc_custom_1694624916252 vcex_69e5e7dc03bd4\" style=\"color:#ffffff;font-family:Barlow;font-weight:900;text-transform:uppercase;\"><span class=\"vcex-heading-inner wpex-inline-block wpex-clr\">TUKI<\/span><\/div>[\/vc_column][\/vc_row][vc_row full_width=&#8221;stretch_row&#8221; column_spacing=&#8221;50&#8243; remove_bottom_col_margin=&#8221;true&#8221; css=&#8221;.vc_custom_1694181523405{margin-top: 60px !important;margin-bottom: 60px !important;border-bottom-width: 1px !important;padding-bottom: 60px !important;border-bottom-color: #dddddd !important;border-bottom-style: dashed !important;}&#8221;][vc_column width=&#8221;1\/2&#8243;]<style>.vcex_69e5e7dc07a6d{font-size:60px!important;}@media (max-width:767px){.vcex_69e5e7dc07a6d{font-size:40px!important;}}<\/style><h2 class=\"vcex-heading vcex-module wpex-text-2xl wpex-font-normal wpex-m-auto wpex-max-w-100 vcex-heading-plain wpex-block vcex_69e5e7dc07a6d\" style=\"color:var(--wpex-palette-2074-color);font-family:Barlow;font-weight:900;text-transform:uppercase;line-height:1;\"><span class=\"vcex-heading-inner wpex-inline-block wpex-clr\">Jos tarvitset apua<\/span><\/h2><div class=\"vcex-spacing wpex-w-100 wpex-clear\" style=\"height:30px;\"><\/div>[vc_column_text color=&#8221;#222222&#8243; font_size=&#8221;d:20|pl:18&#8243; font_family=&#8221;Barlow&#8221;]Icy Lemonade on uusi ilmainen dating &amp; tapahtuma sovellus. Sovelluksen k\u00e4ytt\u00f6 on t\u00e4ysin ilmaista mainosversiossamme. Voit pelata, keskustella ja k\u00e4ytt\u00e4\u00e4 kaikkia tuttuja ominaisuuksia. Pyrimme tietenkin tekem\u00e4\u00e4n siit\u00e4 entist\u00e4kin paremman useilla uusilla ominaisuuksilla.<\/p>\n<p>Jos tarvitset tukea tai haluat antaa palautetta.<\/p>\n<p>L\u00e4het\u00e4 sitten s\u00e4hk\u00f6postia <strong>osoitteeseen support@icylemonade.com<\/strong> tai kysy kysymys sosiaalisessa mediassamme.<\/p>\n<p>&nbsp;<\/p>\n<p>&nbsp;[\/vc_column_text][\/vc_column][vc_column width=&#8221;1\/2&#8243;][\/vc_column][\/vc_row]\n","protected":false},"excerpt":{"rendered":"<p>[vc_row full_width=&#8221;stretch_row&#8221; content_placement=&#8221;bottom&#8221; wpex_bg_overlay=&#8221;dark&#8221; remove_bottom_col_margin=&#8221;true&#8221; min_height=&#8221;600&#8243; css=&#8221;.vc_custom_1709201503552{background: #5398ce url(https:\/\/icylemonade.com\/wp-content\/uploads\/2023\/09\/ICY_Slide_00023.jpg?id=1493) !important;background-position: center !important;background-repeat: no-repeat !important;background-size: cover !important;}&#8221; wpex_bg_overlay_opacity=&#8221;0.5&#8243; wpex_bg_position=&#8221;center center&#8221;][vc_column][\/vc_column][\/vc_row][vc_row full_width=&#8221;stretch_row&#8221; column_spacing=&#8221;50&#8243; remove_bottom_col_margin=&#8221;true&#8221; css=&#8221;.vc_custom_1694181523405{margin-top: 60px !important;margin-bottom: 60px !important;border-bottom-width: 1px !important;padding-bottom: 60px !important;border-bottom-color: #dddddd !important;border-bottom-style: dashed !important;}&#8221;][vc_column width=&#8221;1\/2&#8243;][vc_column_text color=&#8221;#222222&#8243; font_size=&#8221;d:20|pl:18&#8243; font_family=&#8221;Barlow&#8221;]Icy Lemonade on uusi ilmainen dating &amp; tapahtuma sovellus. Sovelluksen k\u00e4ytt\u00f6 on t\u00e4ysin ilmaista mainosversiossamme. Voit pelata,&hellip;<\/p>\n","protected":false},"author":1,"featured_media":0,"parent":0,"menu_order":0,"comment_status":"closed","ping_status":"closed","template":"","meta":{"footnotes":""},"class_list":["post-2186","page","type-page","status-publish","hentry","entry","no-media"],"_links":{"self":[{"href":"https:\/\/icylemonade.com\/fi\/wp-json\/wp\/v2\/pages\/2186","targetHints":{"allow":["GET"]}}],"collection":[{"href":"https:\/\/icylemonade.com\/fi\/wp-json\/wp\/v2\/pages"}],"about":[{"href":"https:\/\/icylemonade.com\/fi\/wp-json\/wp\/v2\/types\/page"}],"author":[{"embeddable":true,"href":"https:\/\/icylemonade.com\/fi\/wp-json\/wp\/v2\/users\/1"}],"replies":[{"embeddable":true,"href":"https:\/\/icylemonade.com\/fi\/wp-json\/wp\/v2\/comments?post=2186"}],"version-history":[{"count":2,"href":"https:\/\/icylemonade.com\/fi\/wp-json\/wp\/v2\/pages\/2186\/revisions"}],"predecessor-version":[{"id":6047,"href":"https:\/\/icylemonade.com\/fi\/wp-json\/wp\/v2\/pages\/2186\/revisions\/6047"}],"wp:attachment":[{"href":"https:\/\/icylemonade.com\/fi\/wp-json\/wp\/v2\/media?parent=2186"}],"curies":[{"name":"wp","href":"https:\/\/api.w.org\/{rel}","templated":true}]}}