{"id":2246,"date":"2023-09-08T17:09:09","date_gmt":"2023-09-08T15:09:09","guid":{"rendered":"https:\/\/icylemonade.com\/dating-vinkkeja\/"},"modified":"2024-02-29T11:29:58","modified_gmt":"2024-02-29T10:29:58","slug":"dating-vinkkeja","status":"publish","type":"page","link":"https:\/\/icylemonade.com\/fi\/dating-vinkkeja\/","title":{"rendered":"Dating vinkkej\u00e4"},"content":{"rendered":"[vc_row full_width=&#8221;stretch_row&#8221; content_placement=&#8221;bottom&#8221; wpex_bg_overlay=&#8221;dark&#8221; remove_bottom_col_margin=&#8221;true&#8221; min_height=&#8221;600&#8243; css=&#8221;.vc_custom_1694594725426{background: #5398ce url(https:\/\/icylemonade.com\/wp-content\/uploads\/2023\/09\/ICY_Slide_00013.jpg?id=1473) !important;background-position: center !important;background-repeat: no-repeat !important;background-size: cover !important;}&#8221; wpex_bg_overlay_opacity=&#8221;0.3&#8243;][vc_column]<style>.vcex_69e4b1deb9340{font-size:100px!important;}@media (max-width:767px){.vcex_69e4b1deb9340{font-size:40px!important;}}<\/style><div class=\"vcex-heading vcex-module wpex-text-2xl wpex-font-normal wpex-m-auto wpex-max-w-100 vcex-heading-plain wpex-block vc_custom_1694192501529 vcex_69e4b1deb9340\" style=\"color:#ffffff;font-family:Barlow;font-weight:900;text-transform:uppercase;\"><span class=\"vcex-heading-inner wpex-inline-block wpex-clr\">Dating vinkkej\u00e4<\/span><\/div>[\/vc_column][\/vc_row][vc_row full_width=&#8221;stretch_row&#8221; column_spacing=&#8221;50&#8243; remove_bottom_col_margin=&#8221;true&#8221; css=&#8221;.vc_custom_1694181523405{margin-top: 60px !important;margin-bottom: 60px !important;border-bottom-width: 1px !important;padding-bottom: 60px !important;border-bottom-color: #dddddd !important;border-bottom-style: dashed !important;}&#8221;][vc_column]<div class=\"vcex-module vcex-blog-grid-wrap wpex-clr wpex-mb-30\"><div class=\"wpex-row vcex-blog-grid wpex-clr entries match-height-grid\"><div class=\"vcex-blog-entry vcex-grid-item entry-has-details span_1_of_3 col-1 col post-3560 entry type-post has-media cat-204 translation_priority-86\"><div class=\"vcex-blog-entry-inner entry-inner wpex-first-mt-0 wpex-last-mb-0 wpex-clr wpex-shadow-none\"><div class=\"vcex-blog-entry-media entry-media overlay-parent overlay-parent-plus-hover wpex-overflow-hidden wpex-rounded wpex-mb-20\"><a href=\"https:\/\/icylemonade.com\/fi\/tietoja-dating\/\" title=\"Tietoja dating\"><img decoding=\"async\" loading=\"lazy\" class=\"vcex-blog-entry-img wpex-align-middle wpex-rounded\" src=\"https:\/\/icylemonade.com\/wp-content\/uploads\/2023\/09\/ICY_Slide_00021-400x400.jpg\" alt=\"\" srcset=\"https:\/\/icylemonade.com\/wp-content\/uploads\/2023\/09\/ICY_Slide_00021-400x400.jpg 400w, https:\/\/icylemonade.com\/wp-content\/uploads\/2023\/09\/ICY_Slide_00021-150x150.jpg 150w\" width=\"400\" height=\"400\">\n<div class=\"overlay-plus-hover overlay-hide theme-overlay wpex-absolute wpex-inset-0 wpex-transition-all wpex-duration-300\" aria-hidden=\"true\">\n\t<span class=\"overlay-bg wpex-flex wpex-items-center wpex-justify-center wpex-bg-black wpex-block wpex-absolute wpex-inset-0 wpex-opacity-60\"><svg xmlns=\"http:\/\/www.w3.org\/2000\/svg\" height=\"40\" width=\"40\" stroke=\"#fff\"><path d=\"M-83 26.947h7.225v234.297H-83zM20 0h0v20h20 0-20v20h0V20H0h0 20z\"\/><\/svg><\/span>\n<\/div><\/a><\/div><div class=\"vcex-blog-entry-details entry-details wpex-first-mt-0 wpex-last-mb-0 wpex-clr\"><div class=\"match-height-content\"><h2 class=\"vcex-blog-entry-title entry-title wpex-mb-5 wpex-child-inherit-color\" style=\"color:var(--wpex-palette-2074-color);font-size:25px;font-weight:900;line-height:1;text-transform:uppercase;\"><a href=\"https:\/\/icylemonade.com\/fi\/tietoja-dating\/\" style=\"color:palette-2074;\">Tietoja dating<\/a><\/h2><div class=\"vcex-blog-entry-excerpt entry-excerpt wpex-my-15 wpex-last-mb-0 wpex-clr\"><p>1. pelaa kovaa Tyhmint\u00e4 mit\u00e4 voit tehd\u00e4, kun pyyd\u00e4t jotakuta ulos, on leikki\u00e4 vaikeasti saatavaa.&hellip;<\/p><\/div><div class=\"vcex-blog-entry-readmore-wrap entry-readmore-wrap wpex-my-15 wpex-clr\"><a href=\"https:\/\/icylemonade.com\/fi\/tietoja-dating\/\" class=\"theme-button\" aria-label=\"LUE about Tietoja dating\">LUE<\/a><\/div><\/div><\/div><\/div><\/div><\/div><\/div>[\/vc_column][\/vc_row]\n","protected":false},"excerpt":{"rendered":"<p>[vc_row full_width=&#8221;stretch_row&#8221; content_placement=&#8221;bottom&#8221; wpex_bg_overlay=&#8221;dark&#8221; remove_bottom_col_margin=&#8221;true&#8221; min_height=&#8221;600&#8243; css=&#8221;.vc_custom_1694594725426{background: #5398ce url(https:\/\/icylemonade.com\/wp-content\/uploads\/2023\/09\/ICY_Slide_00013.jpg?id=1473) !important;background-position: center !important;background-repeat: no-repeat !important;background-size: cover !important;}&#8221; wpex_bg_overlay_opacity=&#8221;0.3&#8243;][vc_column][\/vc_column][\/vc_row][vc_row full_width=&#8221;stretch_row&#8221; column_spacing=&#8221;50&#8243; remove_bottom_col_margin=&#8221;true&#8221; css=&#8221;.vc_custom_1694181523405{margin-top: 60px !important;margin-bottom: 60px !important;border-bottom-width: 1px !important;padding-bottom: 60px !important;border-bottom-color: #dddddd !important;border-bottom-style: dashed !important;}&#8221;][vc_column][\/vc_column][\/vc_row]<\/p>\n","protected":false},"author":1,"featured_media":0,"parent":0,"menu_order":0,"comment_status":"closed","ping_status":"closed","template":"","meta":{"footnotes":""},"class_list":["post-2246","page","type-page","status-publish","hentry","entry","has-media"],"_links":{"self":[{"href":"https:\/\/icylemonade.com\/fi\/wp-json\/wp\/v2\/pages\/2246","targetHints":{"allow":["GET"]}}],"collection":[{"href":"https:\/\/icylemonade.com\/fi\/wp-json\/wp\/v2\/pages"}],"about":[{"href":"https:\/\/icylemonade.com\/fi\/wp-json\/wp\/v2\/types\/page"}],"author":[{"embeddable":true,"href":"https:\/\/icylemonade.com\/fi\/wp-json\/wp\/v2\/users\/1"}],"replies":[{"embeddable":true,"href":"https:\/\/icylemonade.com\/fi\/wp-json\/wp\/v2\/comments?post=2246"}],"version-history":[{"count":1,"href":"https:\/\/icylemonade.com\/fi\/wp-json\/wp\/v2\/pages\/2246\/revisions"}],"predecessor-version":[{"id":2255,"href":"https:\/\/icylemonade.com\/fi\/wp-json\/wp\/v2\/pages\/2246\/revisions\/2255"}],"wp:attachment":[{"href":"https:\/\/icylemonade.com\/fi\/wp-json\/wp\/v2\/media?parent=2246"}],"curies":[{"name":"wp","href":"https:\/\/api.w.org\/{rel}","templated":true}]}}