{"id":2411,"date":"2023-09-08T17:13:13","date_gmt":"2023-09-08T15:13:13","guid":{"rendered":"https:\/\/icylemonade.com\/ehdot\/"},"modified":"2024-02-29T11:30:27","modified_gmt":"2024-02-29T10:30:27","slug":"ehdot","status":"publish","type":"page","link":"https:\/\/icylemonade.com\/fi\/ehdot\/","title":{"rendered":"Ehdot"},"content":{"rendered":"[vc_row full_width=&#8221;stretch_row&#8221; content_placement=&#8221;bottom&#8221; wpex_bg_overlay=&#8221;dark&#8221; remove_bottom_col_margin=&#8221;true&#8221; min_height=&#8221;600&#8243; css=&#8221;.vc_custom_1709201437842{background: #5398ce url(https:\/\/icylemonade.com\/wp-content\/uploads\/2023\/09\/ICY_Slide_00032.jpg?id=1511) !important;background-position: center !important;background-repeat: no-repeat !important;background-size: cover !important;}&#8221; wpex_bg_overlay_opacity=&#8221;0.5&#8243;][vc_column]<style>.vcex_69e4af76be607{font-size:100px!important;}@media (max-width:767px){.vcex_69e4af76be607{font-size:40px!important;}}<\/style><div class=\"vcex-heading vcex-module wpex-text-2xl wpex-font-normal wpex-m-auto wpex-max-w-100 vcex-heading-plain wpex-block vc_custom_1694192661365 vcex_69e4af76be607\" style=\"color:#ffffff;font-family:Barlow;font-weight:900;text-transform:uppercase;\"><span class=\"vcex-heading-inner wpex-inline-block wpex-clr\">Ehdot<\/span><\/div>[\/vc_column][\/vc_row][vc_row full_width=&#8221;stretch_row&#8221; column_spacing=&#8221;50&#8243; remove_bottom_col_margin=&#8221;true&#8221; css=&#8221;.vc_custom_1694181523405{margin-top: 60px !important;margin-bottom: 60px !important;border-bottom-width: 1px !important;padding-bottom: 60px !important;border-bottom-color: #dddddd !important;border-bottom-style: dashed !important;}&#8221;][vc_column]<div class=\"vcex-spacing wpex-w-100 wpex-clear\" style=\"height:30px;\"><\/div>[vc_column_text color=&#8221;#222222&#8243; font_size=&#8221;d:20|pl:18&#8243; font_family=&#8221;Barlow&#8221;]Haluamme korostaa, ett\u00e4 tilaamalla tuotteita\/tilauksia verkkosivuiltamme hyv\u00e4ksyt ehdot. Suosittelemme, ett\u00e4 tulostat ehdot ja edellytykset ja tallennat asiakirjan, jos tarvitset sit\u00e4 tulevaisuudessa. Jotta voit tehd\u00e4 ostoksia osoitteessa <a href=\"http:\/\/www.icylemonade.com\/\" target=\"_new\" rel=\"noopener\">www.IcyLemonade.com<\/a>, sinun on oltava 17-vuotias (USA). Pid\u00e4t\u00e4mme oikeuden peruuttaa sellaisten henkil\u00f6iden tilaukset, jotka ovat antaneet virheellisi\u00e4 henkil\u00f6tietoja. Pid\u00e4t\u00e4mme oikeuden mahdollisiin hintavirheisiin.<\/p>\n<p><strong>Yleisesti ottaen<\/strong><\/p>\n<p>IcyLemonade.com on monitapahtumapalvelu ja useita digitaalisia deittisovelluksia, ja se on EDDBEE GROUP AB:n lippulaiva Ruotsissa. Tilin avaaminen tapahtuu k\u00e4ym\u00e4ll\u00e4 <a href=\"http:\/\/www.icylemonade.com\/\" target=\"_new\" rel=\"noopener\">osoitteessa www.IcyLemonade.com<\/a> tai lataamalla sovellus ja rekister\u00f6im\u00e4ll\u00e4 tilisi, jossa valitset tilauksen. Jotta voit luottaa ostoosi, olet aina tervetullut ottamaan yhteytt\u00e4 asiakaspalveluumme s\u00e4hk\u00f6postitse <a href=\"mailto:info@icylemonade.com\" target=\"_new\" rel=\"noopener\">info@icylemonade.com<\/a>, jos sinulla on kysytt\u00e4v\u00e4\u00e4 tilauksestasi. Kun olet aloittanut tilauksen, sitoudut seuraamaan rekister\u00f6ity\u00e4 s\u00e4hk\u00f6postiosoitettasi, sill\u00e4 kaikki tilausta koskeva viestint\u00e4 tapahtuu s\u00e4hk\u00f6postitse.<\/p>\n<p><strong>Hinnat ja maksu<\/strong><\/p>\n<p>Kaikki hinnat ovat Yhdysvaltain dollareina. Kun teet ostoksia <a href=\"mailto:info@icylemonade.com\" target=\"_new\" rel=\"noopener\">osoitteessa info@icylemonade.com,<\/a> korttimaksusi k\u00e4sitell\u00e4\u00e4n Googlen tai Applen kautta, joka on turvallinen s\u00e4hk\u00f6inen maksuratkaisu. Kaikki korttitiedot tallennetaan korttiverkkojen s\u00e4\u00e4nt\u00f6jen mukaisesti. Tietokantaamme ei tallenneta luottokorttitietoja, vaikka haluaisitkin tallentaa kortin tulevia ostoksia varten. Se tallennetaan Googlen tai Applen kanssa. Pankkitiliotteessasi voi lukea icylemonade.com tai EDDBEE GROUP AB. Kuukausitilaukset maksetaan kuukausittain. Jos maksua ei suoriteta, tilaukset siirret\u00e4\u00e4n ilmaistilaukseksi.<\/p>\n<p><strong>Palautusehdot<\/strong><\/p>\n<p>Kuluttajana sinulla on et\u00e4sopimuslain ja muualla kuin elinkeinonharjoittajan toimitiloissa tehtyjen sopimusten mukaisesti 14 p\u00e4iv\u00e4\u00e4 aikaa peruuttaa sopimus siit\u00e4, kun tilasit palvelun. Peruuttamisoikeus p\u00e4\u00e4ttyy, kun aloitat palvelun k\u00e4yt\u00f6n, eli kun olet rekister\u00f6inyt tiedot (hevoset, palvelut, varusteet, koulutus, k\u00e4ytt\u00e4j\u00e4t) tilaukseesi. Jos peruutat tilauksesi tai haluat peruuttaa kuukausitilauksen, ota meihin yhteytt\u00e4 yhteydenottolomakkeella tai tilausvahvistuksessa annettujen yhteystietojen kautta. Suljemme tilisi v\u00e4litt\u00f6m\u00e4sti.<\/p>\n<p><strong>Vahvistus<\/strong><\/p>\n<p>Kun tilauksesi on vastaanotettu, sinulle l\u00e4hetet\u00e4\u00e4n vahvistuss\u00e4hk\u00f6posti, jossa on yksityiskohtaiset tiedot tilauksestasi. Tallenna tilausvahvistus, jotta se on k\u00e4sill\u00e4, jos otat yhteytt\u00e4 Icy Lemonadeen.<\/p>\n<p><strong>Riitatapauksessa<\/strong><\/p>\n<p>Riitatapauksissa noudatetaan kuluttajariitoja k\u00e4sittelev\u00e4\u00e4 kansallista kuluttajariitalautakuntaa (ARN).<\/p>\n<p><strong>Vastuun rajoittaminen<\/strong><\/p>\n<p>Kaikki verkkosivuston kautta saatavilla oleva materiaali on tarkoitettu ensisijaisesti yleisiin tarkoituksiin, eik\u00e4 se ole neuvoja tai suosituksia. Tiedot eiv\u00e4t aina ole kattavia tai ajantasaisia. My\u00f6s virheit\u00e4 ja teknisi\u00e4 puutteita voi esiinty\u00e4.<\/p>\n<p>Eddbee Group AB ei ole vastuussa muiden k\u00e4ytt\u00e4jien palvelussa julkaisemista tiedoista ja aineistosta (ns. k\u00e4ytt\u00e4j\u00e4n tuottama aineisto). Jos Eddbee Groupin tiedoissa tai materiaalissa on virheit\u00e4, ota yhteytt\u00e4 Eddbee Groupin asiakaspalveluun, jos haluat, ett\u00e4 tiedot tai materiaali korjataan tai poistetaan. Eddbee Group AB poistaa kuitenkin aina tiedot tai aineiston, jotka selv\u00e4sti loukkaavat jonkun toisen tekij\u00e4noikeuksia tai ovat rikollisia, jos Eddbee Group AB saa tiedon t\u00e4llaisen tiedon tai aineiston levitt\u00e4misest\u00e4 verkkosivustolla.<\/p>\n<p>Eddbee Groupilla on oikeus julkaista kunkin j\u00e4senen ilmoittamat tiedot h\u00e4nen yleisess\u00e4 profiilissaan Eddbee Groupissa sek\u00e4 s\u00e4hk\u00f6postiviesteiss\u00e4 muille Eddbee Groupin j\u00e4senille. Yksitt\u00e4isell\u00e4 j\u00e4senell\u00e4 ei ole oikeutta kopioida muiden j\u00e4senten julkaisemia tietoja ilman kyseisen j\u00e4senen ja Eddbee Groupin lupaa. Ei my\u00f6sk\u00e4\u00e4n ole sallittua linkitt\u00e4\u00e4 Eddbee Groupin tiettyjen j\u00e4senten profiileihin ulkopuolisilla verkkosivustoilla.<\/p>\n<p>Eddbee Group ty\u00f6skentelee jatkuvasti tietoturvan parissa. Valitettavasti emme voi taata, ett\u00e4 sivusto ei sis\u00e4ll\u00e4 haitallisia komponentteja. Siksi sinua pyydet\u00e4\u00e4n oman turvallisuutesi vuoksi olemaan koskaan jakamatta henkil\u00f6kohtaisia tietojasi viestij\u00e4rjestelmien kautta, seuraamaan linkkej\u00e4 yksityisviesteiss\u00e4 tai lataamaan mink\u00e4\u00e4nlaisia ohjelmistoja. Eddbee Group ei koskaan pyyd\u00e4 sosiaaliturvatunnustasi tai maksutietojasi, koska olemme vapaasti k\u00e4ytett\u00e4viss\u00e4 oleva palvelu.<\/p>\n<p>Eddbee Group ei ole vastuussa mist\u00e4\u00e4n vahingoista, jotka aiheutuvat suoraan tai v\u00e4lillisesti palveluidemme k\u00e4yt\u00f6st\u00e4.<\/p>\n<p><strong>Ehdot<\/strong><\/p>\n<p>T\u00e4m\u00e4n Sopimuksen ehtojen mukaisesti ja ainoastaan Palveluiden k\u00e4ytt\u00e4mist\u00e4 varten Yhti\u00f6 my\u00f6nt\u00e4\u00e4 t\u00e4ten sinulle rajoitetun, ei-yksinomaisen, peruutettavissa olevan, ei-j\u00e4lleenmyyntikelpoisen, ei-siirrett\u00e4viss\u00e4 olevan lisenssin:<\/p>\n<p>Asenna kaikki mobiilisovellukset tai jotkin niist\u00e4 yhdelle tai useammalle mobiililaitteelle, jotka ovat sinun omistuksessasi ja hallinnassasi ja jotka t\u00e4ytt\u00e4v\u00e4t yrityksen v\u00e4himm\u00e4isvaatimukset.<br \/>\nAsenna mik\u00e4 tahansa tai kaikki ty\u00f6p\u00f6yt\u00e4sovellukset yhteen tai useampaan tietokoneeseen, jotka ovat sinun omistuksessasi ja hallinnassasi ja jotka t\u00e4ytt\u00e4v\u00e4t yrityksesi v\u00e4himm\u00e4isvaatimukset.<br \/>\ntarkastella, tarkastella ja k\u00e4ytt\u00e4\u00e4 sovelluksia ja kaikkia niihin liittyvi\u00e4 tietoja, jotka yritys on sinulle toimittanut.<br \/>\nK\u00e4ytt\u00e4j\u00e4 sitoutuu olemaan k\u00e4ytt\u00e4m\u00e4tt\u00e4 tai yritt\u00e4m\u00e4tt\u00e4 k\u00e4ytt\u00e4\u00e4 Palveluita mill\u00e4\u00e4n muulla tavoin kuin Sivustojen tai Sovellusten kautta. K\u00e4ytt\u00e4j\u00e4 sitoutuu erityisesti olemaan k\u00e4ytt\u00e4m\u00e4tt\u00e4 tai yritt\u00e4m\u00e4tt\u00e4 k\u00e4ytt\u00e4\u00e4 Palveluita mill\u00e4\u00e4n automaattisella tavalla (mukaan lukien muun muassa skriptien, bottien, luvattomien kolmannen osapuolen sovellusten, h\u00e4m\u00e4h\u00e4kkien tai indeksoijien k\u00e4ytt\u00f6).<\/p>\n<p>Sitoudut siihen, ett\u00e4 et sovellusten, sivustojen ja\/tai palveluiden k\u00e4yt\u00f6n yhteydess\u00e4 riko mit\u00e4\u00e4n sovellettavia lakeja, m\u00e4\u00e4r\u00e4yksi\u00e4, s\u00e4\u00e4nt\u00f6j\u00e4, asetuksia tai sopimuksia.<\/p>\n<p>Et saa muodostaa yhteytt\u00e4 sovelluksiin, verkkosivustoihin ja\/tai palveluihin tai k\u00e4ytt\u00e4\u00e4 niit\u00e4 mill\u00e4\u00e4n muulla kuin n\u00e4iss\u00e4 ehdoissa nimenomaisesti sallitulla tavalla.<\/p>\n<p>Poista kaikki omistusoikeusilmoitukset yrityksen tarjoamista palveluista tai ohjelmistokopioista (ohjelmistot).<br \/>\naiheuttaa, sallia tai sallia sovellusten, palveluiden tai mink\u00e4 tahansa ohjelmiston muuttamisen, johdannaisteosten luomisen, k\u00e4\u00e4nt\u00e4misen, k\u00e4\u00e4nn\u00f6ksen, k\u00e4\u00e4nteistekniikan, dekompiloinnin, purkamisen tai hakkeroinnin.<br \/>\nSovellusten, Palveluiden tai ohjelmistojen myyminen, luovuttaminen, vuokraaminen, leasing, palveluntarjoajana toimiminen tai oikeuksien my\u00f6nt\u00e4minen, mukaan lukien rajoituksetta alilisenssin avulla, mille tahansa muulle henkil\u00f6lle tai yhteis\u00f6lle ilman Yhti\u00f6n etuk\u00e4teen antamaa kirjallista suostumusta.<br \/>\nantaa v\u00e4\u00e4ri\u00e4, harhaanjohtavia tai petollisia lausuntoja tai esityksi\u00e4 Yhti\u00f6st\u00e4 ja\/tai Sovelluksista, Verkkosivustoista tai Palveluista.<br \/>\nSovelluksemme tai palveluidemme kielletty k\u00e4ytt\u00f6<\/p>\n<p>K\u00e4ytt\u00e4m\u00e4ll\u00e4 sovellustamme tai palveluitamme et saa tehd\u00e4 seuraavaa:<\/p>\n<p>h\u00e4irit\u00e4, pahoinpidell\u00e4, loukata, vahingoittaa, h\u00e4p\u00e4ist\u00e4, panetella, halventaa, pelotella tai syrji\u00e4 sukupuolen, seksuaalisen suuntautumisen, uskonnon, etnisen alkuper\u00e4n, rodun, i\u00e4n, kansallisen alkuper\u00e4n tai vammaisuuden perusteella.<br \/>\nV\u00e4\u00e4rien tai harhaanjohtavien tietojen toimittaminen.<br \/>\nker\u00e4t\u00e4 tai seurata muiden henkil\u00f6tietoja.<br \/>\nladata tai l\u00e4hett\u00e4\u00e4 viruksia tai muunlaista haitallista koodia, jota k\u00e4ytet\u00e4\u00e4n tai voidaan k\u00e4ytt\u00e4\u00e4 tavalla, joka vaikuttaa sovelluksen toimintaan tai palveluidemme toimintaan.<br \/>\nKaikkiin laittomiin tarkoituksiin.<br \/>\nToisten kutsuminen suorittamaan laittomia tekoja tai osallistumaan niihin.<br \/>\nKansainv\u00e4listen, liittovaltion, maakuntien tai osavaltioiden s\u00e4\u00e4nn\u00f6sten, s\u00e4\u00e4nt\u00f6jen, lakien tai paikallisten m\u00e4\u00e4r\u00e4ysten rikkominen.<br \/>\nLoukkaa tai rikkoo immateriaalioikeuksiamme tai muiden immateriaalioikeuksia.<br \/>\nRoskaposti, phishing, pharm, pretext, spider, creep tai scrape.<br \/>\nmihin tahansa s\u00e4\u00e4dytt\u00f6m\u00e4\u00e4n tai moraalittomaan tarkoitukseen tai palveluidemme turvallisuusominaisuuksien h\u00e4iritsemiseen tai kiert\u00e4miseen.<br \/>\nK\u00e4yt\u00e4 sovelluksia, verkkosivustoja ja\/tai palveluita seuraaviin tarkoituksiin:<\/p>\n<p>kehitt\u00e4\u00e4, tuottaa, l\u00e4hett\u00e4\u00e4 tai tallentaa tietoja, jotka ovat laittomia tai lainvastaisia, herjaavia, haitallisia, loukkaavia, vihamielisi\u00e4, rotuun tai etniseen alkuper\u00e4\u00e4n perustuvia tai rikolliseksi katsottavaan k\u00e4ytt\u00e4ytymiseen rohkaisevia.<br \/>\ntoteuttaa ei-toivottua kaupallista viestint\u00e4\u00e4, jota ei ole sallittu sovellettavan lains\u00e4\u00e4d\u00e4nn\u00f6n nojalla.<br \/>\nTarkistukset<\/p>\n<p>Icy Lemonade pid\u00e4tt\u00e4\u00e4 oikeuden tehd\u00e4 muutoksia n\u00e4ihin ehtoihin. T\u00e4m\u00e4n vuoksi on suositeltavaa k\u00e4yd\u00e4 t\u00e4ll\u00e4 verkkosivustolla s\u00e4\u00e4nn\u00f6llisesti lukemassa n\u00e4m\u00e4 ehdot.<\/p>\n<p>Yrityksen tiedot ja yhteystiedot<\/p>\n<p>Eddbee group AB, Box 7033, 402 31 G\u00f6teborg, Ruotsi.<\/p>\n<p>info@icyelemonade.com[\/vc_column_text][\/vc_column][\/vc_row]\n","protected":false},"excerpt":{"rendered":"<p>[vc_row full_width=&#8221;stretch_row&#8221; content_placement=&#8221;bottom&#8221; wpex_bg_overlay=&#8221;dark&#8221; remove_bottom_col_margin=&#8221;true&#8221; min_height=&#8221;600&#8243; css=&#8221;.vc_custom_1709201437842{background: #5398ce url(https:\/\/icylemonade.com\/wp-content\/uploads\/2023\/09\/ICY_Slide_00032.jpg?id=1511) !important;background-position: center !important;background-repeat: no-repeat !important;background-size: cover !important;}&#8221; wpex_bg_overlay_opacity=&#8221;0.5&#8243;][vc_column][\/vc_column][\/vc_row][vc_row full_width=&#8221;stretch_row&#8221; column_spacing=&#8221;50&#8243; remove_bottom_col_margin=&#8221;true&#8221; css=&#8221;.vc_custom_1694181523405{margin-top: 60px !important;margin-bottom: 60px !important;border-bottom-width: 1px !important;padding-bottom: 60px !important;border-bottom-color: #dddddd !important;border-bottom-style: dashed !important;}&#8221;][vc_column][vc_column_text color=&#8221;#222222&#8243; font_size=&#8221;d:20|pl:18&#8243; font_family=&#8221;Barlow&#8221;]Haluamme korostaa, ett\u00e4 tilaamalla tuotteita\/tilauksia verkkosivuiltamme hyv\u00e4ksyt ehdot. Suosittelemme, ett\u00e4 tulostat ehdot ja edellytykset ja tallennat asiakirjan, jos tarvitset sit\u00e4&hellip;<\/p>\n","protected":false},"author":1,"featured_media":0,"parent":0,"menu_order":0,"comment_status":"closed","ping_status":"closed","template":"","meta":{"footnotes":""},"class_list":["post-2411","page","type-page","status-publish","hentry","entry","no-media"],"_links":{"self":[{"href":"https:\/\/icylemonade.com\/fi\/wp-json\/wp\/v2\/pages\/2411","targetHints":{"allow":["GET"]}}],"collection":[{"href":"https:\/\/icylemonade.com\/fi\/wp-json\/wp\/v2\/pages"}],"about":[{"href":"https:\/\/icylemonade.com\/fi\/wp-json\/wp\/v2\/types\/page"}],"author":[{"embeddable":true,"href":"https:\/\/icylemonade.com\/fi\/wp-json\/wp\/v2\/users\/1"}],"replies":[{"embeddable":true,"href":"https:\/\/icylemonade.com\/fi\/wp-json\/wp\/v2\/comments?post=2411"}],"version-history":[{"count":6,"href":"https:\/\/icylemonade.com\/fi\/wp-json\/wp\/v2\/pages\/2411\/revisions"}],"predecessor-version":[{"id":2497,"href":"https:\/\/icylemonade.com\/fi\/wp-json\/wp\/v2\/pages\/2411\/revisions\/2497"}],"wp:attachment":[{"href":"https:\/\/icylemonade.com\/fi\/wp-json\/wp\/v2\/media?parent=2411"}],"curies":[{"name":"wp","href":"https:\/\/api.w.org\/{rel}","templated":true}]}}