{"id":2620,"date":"2023-09-08T17:13:19","date_gmt":"2023-09-08T15:13:19","guid":{"rendered":"https:\/\/icylemonade.com\/tietosuojakaytanto\/"},"modified":"2024-03-05T13:07:25","modified_gmt":"2024-03-05T12:07:25","slug":"tietosuojakaytanto","status":"publish","type":"page","link":"https:\/\/icylemonade.com\/fi\/tietosuojakaytanto\/","title":{"rendered":"Tietosuojak\u00e4yt\u00e4nt\u00f6"},"content":{"rendered":"[vc_row full_width=&#8221;stretch_row&#8221; content_placement=&#8221;bottom&#8221; wpex_bg_overlay=&#8221;dark&#8221; remove_bottom_col_margin=&#8221;true&#8221; min_height=&#8221;600&#8243; css=&#8221;.vc_custom_1709640379397{background: #5398ce url(https:\/\/icylemonade.com\/wp-content\/uploads\/2023\/02\/IL_IM_EU_00005.jpg?id=306) !important;background-position: center !important;background-repeat: no-repeat !important;background-size: cover !important;}&#8221; wpex_bg_overlay_opacity=&#8221;0.5&#8243;][vc_column]<style>.vcex_6a00582332ee6{font-size:100px!important;}@media (max-width:767px){.vcex_6a00582332ee6{font-size:40px!important;}}<\/style><div class=\"vcex-heading vcex-module wpex-text-2xl wpex-font-normal wpex-m-auto wpex-max-w-100 vcex-heading-plain wpex-block vc_custom_1694192734901 vcex_6a00582332ee6\" style=\"color:#ffffff;font-family:Barlow;font-weight:900;text-transform:uppercase;\"><span class=\"vcex-heading-inner wpex-inline-block wpex-clr\">Tietosuojak\u00e4yt\u00e4nt\u00f6<\/span><\/div>[\/vc_column][\/vc_row][vc_row full_width=&#8221;stretch_row&#8221; column_spacing=&#8221;50&#8243; remove_bottom_col_margin=&#8221;true&#8221; css=&#8221;.vc_custom_1694181523405{margin-top: 60px !important;margin-bottom: 60px !important;border-bottom-width: 1px !important;padding-bottom: 60px !important;border-bottom-color: #dddddd !important;border-bottom-style: dashed !important;}&#8221;][vc_column]<div class=\"vcex-spacing wpex-w-100 wpex-clear\" style=\"height:30px;\"><\/div>[vc_column_text color=&#8221;#222222&#8243; font_size=&#8221;d:20|pl:18&#8243; font_family=&#8221;Barlow&#8221;]T\u00e4m\u00e4 k\u00e4yt\u00e4nt\u00f6 koskee Icy Lemonadea tai Eddbee-ryhm\u00e4 AB:t\u00e4 kaikilla verkkosivustoilla. Henkil\u00f6tietok\u00e4yt\u00e4nt\u00f6\u00e4 sovelletaan, kun Icy Lemonade tarjoaa palveluita ja tuotteita ostosten, asiakaspalveluun liittyvien kysymysten, muun yhteydenpidon Icy Lemonadeen ja verkkosivustolla vierailujen yhteydess\u00e4.<\/p>\n<p><strong>Henkil\u00f6tietosi ovat meille t\u00e4rkeit\u00e4<\/strong><\/p>\n<p>Icy Lemonade ker\u00e4\u00e4 ja k\u00e4sittelee henkil\u00f6tietojasi, kun vierailet verkkosivustollamme tai teet ostoksia siell\u00e4 tai otat yhteytt\u00e4 Icy Lemonadeen s\u00e4hk\u00f6postitse tai sosiaalisen median kautta. Icy Lemonade suojelee yksityisyytt\u00e4si ja on sitoutunut korkeatasoiseen tietosuojaan. T\u00e4ss\u00e4 tietosuojak\u00e4yt\u00e4nn\u00f6ss\u00e4 selitet\u00e4\u00e4n, miksi ja miten ker\u00e4\u00e4mme ja k\u00e4yt\u00e4mme henkil\u00f6tietojasi. Siin\u00e4 kuvataan my\u00f6s oikeuksiasi ja sit\u00e4, miten voit valvoa niiden noudattamista. Meille on t\u00e4rke\u00e4\u00e4, ett\u00e4 henkil\u00f6tietoja, jotka sin\u00e4 asiakkaana ja lukijana uskot meille, k\u00e4sitell\u00e4\u00e4n huolellisesti, vastuullisesti, l\u00e4pin\u00e4kyv\u00e4sti ja lainmukaisesti.<\/p>\n<p><strong>Kuka on vastuussa ker\u00e4\u00e4mist\u00e4mme tiedoista?<\/strong><\/p>\n<p>Icy Lemonade on rekisterinpit\u00e4j\u00e4 Icy Lemonaden suorittaman henkil\u00f6tietojesi k\u00e4sittelyn osalta ja vastaa siit\u00e4, ett\u00e4 k\u00e4sittely tapahtuu sovellettavan lains\u00e4\u00e4d\u00e4nn\u00f6n mukaisesti.<\/p>\n<p><strong>Mit\u00e4 ovat henkil\u00f6tiedot?<\/strong><\/p>\n<p>Henkil\u00f6tietoja ovat kaikki tiedot, jotka voidaan suoraan tai v\u00e4lillisesti yhdist\u00e4\u00e4 el\u00e4v\u00e4\u00e4n luonnolliseen henkil\u00f6\u00f6n. Esimerkkej\u00e4 henkil\u00f6tiedoista ovat nimi, s\u00e4hk\u00f6postiosoite, puhelinnumero ja henkil\u00f6tunnus. My\u00f6s kuvat ja \u00e4\u00e4nitallenteet ovat henkil\u00f6tietoja, vaikka niiss\u00e4 ei mainittaisi nimi\u00e4. Salatut tiedot ja erityyppiset s\u00e4hk\u00f6iset identiteetit (esim. IP-numerot) ovat henkil\u00f6tietoja, jos ne voidaan yhdist\u00e4\u00e4 luonnollisiin henkil\u00f6ihin.<\/p>\n<p><strong>Mist\u00e4 henkil\u00f6tietosi ovat per\u00e4isin?<\/strong><\/p>\n<p>T\u00e4rkein sinua koskevien henkil\u00f6tietojen l\u00e4hde olet sin\u00e4 itse, kuten tiedot, jotka annat tilatessasi, ottaessasi meihin yhteytt\u00e4 s\u00e4hk\u00f6postitse ja vastaanottaessasi tai vastatessasi s\u00e4hk\u00f6postiin. Henkil\u00f6tietoja syntyy my\u00f6s silloin, kun luet tietoja verkkosivustollamme, k\u00e4yt\u00e4t palveluita ja olet yhteydess\u00e4 meihin. Voimme esimerkiksi tallentaa k\u00e4vij\u00f6it\u00e4, liikennetietoja ja muita viestint\u00e4tietoja. Esimerkkej\u00e4 t\u00e4llaisista henkil\u00f6tiedoista ovat IP-osoitteesi. N\u00e4m\u00e4 tiedot ker\u00e4t\u00e4\u00e4n niin sanottujen ev\u00e4steiden avulla, ja niit\u00e4 k\u00e4ytet\u00e4\u00e4n tutustumaan sinuun, jotta voimme kohdentaa sinulle merkityksellist\u00e4 tietoa. T\u00e4t\u00e4 varten tarvitsemme suostumuksesi. Teet t\u00e4m\u00e4n hyv\u00e4ksym\u00e4ll\u00e4 ev\u00e4steet, kun vierailet verkkosivustollamme.<\/p>\n<p><strong>Esimerkkej\u00e4 henkil\u00f6tiedoista, joita ker\u00e4\u00e4mme sinusta, jos tarvitsemme niit\u00e4.<\/strong><\/p>\n<p>Etu- ja sukunimi. Syntym\u00e4aika, sukupuoli, kansalaisuus, ammatti\/ty\u00f6paikka\/koulutus, syntym\u00e4paikka. Sosiaaliturvatunnus (vain vuosikorttia ostettaessa). Osoitteen tarkistus SPAR:n avulla. Yhteystiedot (osoite, s\u00e4hk\u00f6postiosoite ja puhelinnumero). Ostotiedot (esim. mik\u00e4 tuote\/tilaus on tilattu). Ev. muistiinpanot, jotka haluat j\u00e4tt\u00e4\u00e4. Valituksia koskeva kirjeenvaihto.<\/p>\n<p><strong>Icy Lemonade -ostojen historia. Ev\u00e4steet<\/strong><\/p>\n<p>Ev\u00e4steen avulla on mahdollista n\u00e4hd\u00e4\/seurata k\u00e4ytt\u00e4j\u00e4n selausk\u00e4ytt\u00e4ytymist\u00e4. Ev\u00e4steit\u00e4 k\u00e4ytet\u00e4\u00e4n, jotta voit k\u00e4vij\u00e4n\u00e4 k\u00e4ytt\u00e4\u00e4 eri toimintoja ja mukauttaa uutiskirjeen sis\u00e4lt\u00f6\u00e4. K\u00e4yt\u00e4mme ev\u00e4steit\u00e4 mainontamme sis\u00e4ll\u00f6n personoimiseksi. K\u00e4yt\u00e4mme verkkosivustollamme my\u00f6s ev\u00e4steit\u00e4, jotta voimme pit\u00e4\u00e4 tilastoja siit\u00e4, kuinka paljon verkkosivustoa k\u00e4ytet\u00e4\u00e4n. Ev\u00e4ste on laitteeseesi tallennettu tekstitiedosto, jonka avulla verkkosivusto voi tunnistaa laitteesi. T\u00e4m\u00e4 ev\u00e4ste ei sis\u00e4ll\u00e4 mit\u00e4\u00e4n henkil\u00f6kohtaisia tietoja. Ev\u00e4steit\u00e4 on kahdenlaisia, pysyvi\u00e4 ja tilap\u00e4isi\u00e4 (ns. istuntoev\u00e4steet). Pysyv\u00e4t ev\u00e4steet tallennetaan tiedostona laitteeseesi pidemm\u00e4ksi aikaa, kun taas istuntoev\u00e4steet sijoitetaan laitteeseesi v\u00e4liaikaisesti ja niit\u00e4 k\u00e4ytet\u00e4\u00e4n vain sin\u00e4 aikana, kun selaat sivustoa. Se poistetaan. Jos haluat tiet\u00e4\u00e4, milloin laitteesi vastaanottaa ev\u00e4steen, voit asettaa selaimesi ilmoittamaan siit\u00e4. T\u00e4m\u00e4n avulla voit hyv\u00e4ksy\u00e4 tai hyl\u00e4t\u00e4 ev\u00e4steen. Laitteesi voidaan my\u00f6s asettaa hylk\u00e4\u00e4m\u00e4\u00e4n kaikki ev\u00e4steet. Jos p\u00e4\u00e4t\u00e4t olla hyv\u00e4ksym\u00e4tt\u00e4 ev\u00e4steit\u00e4, huomaa, ett\u00e4 jotkin verkkopalveluidemme ominaisuudet eiv\u00e4t en\u00e4\u00e4 toimi tarkoitetulla tavalla.<\/p>\n<p><strong>Suoramarkkinoinnin suostumus<\/strong><\/p>\n<p>Jos olet antanut meille nimenomaisen suostumuksesi, l\u00e4het\u00e4mme ja julkaisemme s\u00e4\u00e4nn\u00f6llisesti profiiliisi perustuvaa tietoa ja markkinointia eri digitaalisten viestint\u00e4kanavien kautta. Voit milloin tahansa lopettaa markkinointiviestinn\u00e4n vastaanottamisen meilt\u00e4 klikkaamalla peruuttaa tilauksen l\u00e4hett\u00e4m\u00e4ss\u00e4mme s\u00e4hk\u00f6posti- tai tekstiviestiss\u00e4. Voit my\u00f6s ottaa yhteytt\u00e4 Icy Lemonadeen osoitteessa info@icylemonade.com ja pyyt\u00e4\u00e4 apua viestiemme hylk\u00e4\u00e4misess\u00e4.<\/p>\n<p><strong>Kuinka kauan s\u00e4ilyt\u00e4mme tietojasi?<\/strong><\/p>\n<p>Henkil\u00f6tietojasi s\u00e4ilytet\u00e4\u00e4n vain niin kauan kuin niit\u00e4 on tarpeen s\u00e4ilytt\u00e4\u00e4 niiden tarkoitusten t\u00e4ytt\u00e4miseksi, joita varten ne on ker\u00e4tty. Icy Lemonade voi s\u00e4ilytt\u00e4\u00e4 tietoja pidemp\u00e4\u00e4n, jos se on tarpeen lakis\u00e4\u00e4teisten vaatimusten noudattamiseksi tai Icy Lemonaden laillisten etujen suojaamiseksi, esim. jos oikeusprosessi on k\u00e4ynniss\u00e4.<\/p>\n<p><strong>Kenen kanssa voimme jakaa henkil\u00f6tietojasi?<\/strong><\/p>\n<p>Henkil\u00f6tietojasi voidaan jakaa muiden yritysten kanssa. N\u00e4m\u00e4 ovat Eddbee group AB:n henkil\u00f6tietoasiakkaita ja meid\u00e4n panostamme.[\/vc_column_text][\/vc_column][\/vc_row]\n","protected":false},"excerpt":{"rendered":"<p>[vc_row full_width=&#8221;stretch_row&#8221; content_placement=&#8221;bottom&#8221; wpex_bg_overlay=&#8221;dark&#8221; remove_bottom_col_margin=&#8221;true&#8221; min_height=&#8221;600&#8243; css=&#8221;.vc_custom_1709640379397{background: #5398ce url(https:\/\/icylemonade.com\/wp-content\/uploads\/2023\/02\/IL_IM_EU_00005.jpg?id=306) !important;background-position: center !important;background-repeat: no-repeat !important;background-size: cover !important;}&#8221; wpex_bg_overlay_opacity=&#8221;0.5&#8243;][vc_column][\/vc_column][\/vc_row][vc_row full_width=&#8221;stretch_row&#8221; column_spacing=&#8221;50&#8243; remove_bottom_col_margin=&#8221;true&#8221; css=&#8221;.vc_custom_1694181523405{margin-top: 60px !important;margin-bottom: 60px !important;border-bottom-width: 1px !important;padding-bottom: 60px !important;border-bottom-color: #dddddd !important;border-bottom-style: dashed !important;}&#8221;][vc_column][vc_column_text color=&#8221;#222222&#8243; font_size=&#8221;d:20|pl:18&#8243; font_family=&#8221;Barlow&#8221;]T\u00e4m\u00e4 k\u00e4yt\u00e4nt\u00f6 koskee Icy Lemonadea tai Eddbee-ryhm\u00e4 AB:t\u00e4 kaikilla verkkosivustoilla. Henkil\u00f6tietok\u00e4yt\u00e4nt\u00f6\u00e4 sovelletaan, kun Icy Lemonade tarjoaa palveluita ja tuotteita ostosten,&hellip;<\/p>\n","protected":false},"author":1,"featured_media":0,"parent":0,"menu_order":0,"comment_status":"closed","ping_status":"closed","template":"","meta":{"footnotes":""},"class_list":["post-2620","page","type-page","status-publish","hentry","entry","no-media"],"_links":{"self":[{"href":"https:\/\/icylemonade.com\/fi\/wp-json\/wp\/v2\/pages\/2620","targetHints":{"allow":["GET"]}}],"collection":[{"href":"https:\/\/icylemonade.com\/fi\/wp-json\/wp\/v2\/pages"}],"about":[{"href":"https:\/\/icylemonade.com\/fi\/wp-json\/wp\/v2\/types\/page"}],"author":[{"embeddable":true,"href":"https:\/\/icylemonade.com\/fi\/wp-json\/wp\/v2\/users\/1"}],"replies":[{"embeddable":true,"href":"https:\/\/icylemonade.com\/fi\/wp-json\/wp\/v2\/comments?post=2620"}],"version-history":[{"count":2,"href":"https:\/\/icylemonade.com\/fi\/wp-json\/wp\/v2\/pages\/2620\/revisions"}],"predecessor-version":[{"id":6070,"href":"https:\/\/icylemonade.com\/fi\/wp-json\/wp\/v2\/pages\/2620\/revisions\/6070"}],"wp:attachment":[{"href":"https:\/\/icylemonade.com\/fi\/wp-json\/wp\/v2\/media?parent=2620"}],"curies":[{"name":"wp","href":"https:\/\/api.w.org\/{rel}","templated":true}]}}