{"id":2442,"date":"2023-09-08T17:13:13","date_gmt":"2023-09-08T15:13:13","guid":{"rendered":"https:\/\/icylemonade.com\/conditions\/"},"modified":"2024-02-29T11:30:27","modified_gmt":"2024-02-29T10:30:27","slug":"conditions","status":"publish","type":"page","link":"https:\/\/icylemonade.com\/fr\/conditions\/","title":{"rendered":"Conditions"},"content":{"rendered":"[vc_row full_width=&#8221;stretch_row&#8221; content_placement=&#8221;bottom&#8221; wpex_bg_overlay=&#8221;dark&#8221; remove_bottom_col_margin=&#8221;true&#8221; min_height=&#8221;600&#8243; css=&#8221;.vc_custom_1709201437842{background: #5398ce url(https:\/\/icylemonade.com\/wp-content\/uploads\/2023\/09\/ICY_Slide_00032.jpg?id=1511) !important;background-position: center !important;background-repeat: no-repeat !important;background-size: cover !important;}&#8221; wpex_bg_overlay_opacity=&#8221;0.5&#8243;][vc_column]<style>.vcex_69e4af14e8e26{font-size:100px!important;}@media (max-width:767px){.vcex_69e4af14e8e26{font-size:40px!important;}}<\/style><div class=\"vcex-heading vcex-module wpex-text-2xl wpex-font-normal wpex-m-auto wpex-max-w-100 vcex-heading-plain wpex-block vc_custom_1694192661365 vcex_69e4af14e8e26\" style=\"color:#ffffff;font-family:Barlow;font-weight:900;text-transform:uppercase;\"><span class=\"vcex-heading-inner wpex-inline-block wpex-clr\">Conditions<\/span><\/div>[\/vc_column][\/vc_row][vc_row full_width=&#8221;stretch_row&#8221; column_spacing=&#8221;50&#8243; remove_bottom_col_margin=&#8221;true&#8221; css=&#8221;.vc_custom_1694181523405{margin-top: 60px !important;margin-bottom: 60px !important;border-bottom-width: 1px !important;padding-bottom: 60px !important;border-bottom-color: #dddddd !important;border-bottom-style: dashed !important;}&#8221;][vc_column]<div class=\"vcex-spacing wpex-w-100 wpex-clear\" style=\"height:30px;\"><\/div>[vc_column_text color=&#8221;#222222&#8243; font_size=&#8221;d:20|pl:18&#8243; font_family=&#8221;Barlow&#8221;]Nous tenons \u00e0 souligner qu&#8217;en commandant des produits\/abonnements sur notre site web, vous acceptez les conditions g\u00e9n\u00e9rales. Nous vous recommandons d&#8217;imprimer les conditions g\u00e9n\u00e9rales et de conserver le document au cas o\u00f9 vous en auriez besoin \u00e0 l&#8217;avenir. Pour faire des achats sur <a href=\"http:\/\/www.icylemonade.com\/\" target=\"_new\" rel=\"noopener\">www.IcyLemonade.com<\/a>, vous devez avoir 17 ans (USA). Nous nous r\u00e9servons le droit d&#8217;annuler les commandes de personnes ayant fourni des informations personnelles incorrectes. Nous nous r\u00e9servons le droit de corriger toute erreur de prix.<\/p>\n<p><strong>En g\u00e9n\u00e9ral<\/strong><\/p>\n<p>IcyLemonade.com est un service multi-\u00e9v\u00e9nements et plusieurs applications de rencontres num\u00e9riques. Il s&#8217;agit du fleuron d&#8217;EDDBEE GROUP AB en Su\u00e8de. Vous pouvez ouvrir votre compte en visitant <a href=\"http:\/\/www.icylemonade.com\/\" target=\"_new\" rel=\"noopener\">www.IcyLemonade.com<\/a> ou en t\u00e9l\u00e9chargeant l&#8217;application et en enregistrant votre compte, o\u00f9 vous choisissez un abonnement. Pour que vous vous sentiez en confiance lors de votre achat, vous pouvez toujours contacter notre service d&#8217;assistance et notre service client\u00e8le par courrier \u00e9lectronique \u00e0 l&#8217;<a href=\"mailto:info@icylemonade.com\" target=\"_new\" rel=\"noopener\">adresse info@icylemonade.com<\/a> si vous avez des questions concernant votre commande. Une fois que vous avez commenc\u00e9 votre abonnement, vous vous engagez \u00e0 surveiller l&#8217;adresse \u00e9lectronique que vous avez enregistr\u00e9e, car toutes les communications concernant votre abonnement se font par courrier \u00e9lectronique.<\/p>\n<p><strong>Prix et paiement<\/strong><\/p>\n<p>Tous les prix sont exprim\u00e9s en dollars am\u00e9ricains. Lorsque vous effectuez des achats sur <a href=\"mailto:info@icylemonade.com\" target=\"_new\" rel=\"noopener\">info@icylemonade.com,<\/a> votre paiement par carte est trait\u00e9 par Google ou Apple, une solution de paiement \u00e9lectronique s\u00e9curis\u00e9e. Toutes les informations relatives aux cartes sont stock\u00e9es conform\u00e9ment aux r\u00e8gles des r\u00e9seaux de cartes. Aucune donn\u00e9e relative \u00e0 la carte de cr\u00e9dit n&#8217;est stock\u00e9e dans notre base de donn\u00e9es, m\u00eame si vous choisissez d&#8217;enregistrer la carte pour des achats ult\u00e9rieurs. Elles sont stock\u00e9es chez Google ou Apple. Votre relev\u00e9 bancaire peut porter la mention icylemonade.com ou EDDBEE GROUP AB. Le paiement des abonnements mensuels est effectu\u00e9 sur une base mensuelle. Si aucun paiement n&#8217;est effectu\u00e9, les abonnements sont transf\u00e9r\u00e9s vers un abonnement gratuit.<\/p>\n<p><strong>Politique de retour<\/strong><\/p>\n<p>En tant que consommateur, vous disposez d&#8217;un d\u00e9lai de r\u00e9tractation de 14 jours en vertu de la loi sur les contrats \u00e0 distance et les contrats hors \u00e9tablissement, \u00e0 compter de la date \u00e0 laquelle vous avez command\u00e9 le service. Le droit de r\u00e9tractation prend fin lorsque vous commencez \u00e0 utiliser le service, c&#8217;est-\u00e0-dire lorsque vous avez enregistr\u00e9 des informations (chevaux, services, \u00e9quipements, formation, utilisateurs) dans votre abonnement. Si vous annulez votre commande ou si vous souhaitez r\u00e9silier un abonnement mensuel, veuillez nous contacter via le formulaire de contact ou les coordonn\u00e9es fournies dans la confirmation de commande. Nous fermerons alors votre compte imm\u00e9diatement.<\/p>\n<p><strong>Confirmation<\/strong><\/p>\n<p>Une fois votre commande re\u00e7ue, un courriel de confirmation contenant les d\u00e9tails de votre commande vous sera envoy\u00e9. Sauvegardez la confirmation de commande pour l&#8217;avoir \u00e0 port\u00e9e de main en cas de contact avec Icy Lemonade.<\/p>\n<p><strong>En cas de litige<\/strong><\/p>\n<p>En cas de litige, l&#8217;Office national de recommandation en mati\u00e8re de litiges de consommation (ARN) est suivi.<\/p>\n<p><strong>Limitation de la responsabilit\u00e9<\/strong><\/p>\n<p>Tout le mat\u00e9riel disponible sur le site web est destin\u00e9 principalement \u00e0 des fins g\u00e9n\u00e9rales et ne constitue pas un avis ou une recommandation. Les informations ne sont pas toujours compl\u00e8tes ou actualis\u00e9es. Des erreurs et des lacunes techniques peuvent \u00e9galement se produire.<\/p>\n<p>Eddbee Group AB n&#8217;est pas responsable des informations et du mat\u00e9riel publi\u00e9s sur le service par d&#8217;autres utilisateurs (ce que l&#8217;on appelle le mat\u00e9riel g\u00e9n\u00e9r\u00e9 par l&#8217;utilisateur). En cas d&#8217;erreurs dans les informations ou le mat\u00e9riel sur le groupe Eddbee, vous devez contacter le service d&#8217;assistance du groupe Eddbee si vous souhaitez que les informations ou le mat\u00e9riel soient corrig\u00e9s ou supprim\u00e9s. Toutefois, Eddbee Group AB supprimera toujours les informations ou le mat\u00e9riel qui violent manifestement les droits d&#8217;auteur de quelqu&#8217;un d&#8217;autre ou qui sont criminels si Eddbee Group AB est inform\u00e9 de la diffusion de ces informations ou de ce mat\u00e9riel sur le site web.<\/p>\n<p>Le Groupe Eddbee a le droit de publier les informations \u00e9num\u00e9r\u00e9es par chaque membre dans son profil g\u00e9n\u00e9ral sur le Groupe Eddbee ainsi que dans les courriers \u00e9lectroniques adress\u00e9s aux autres membres du Groupe Eddbee. Un membre individuel n&#8217;a pas le droit de copier les informations publi\u00e9es par d&#8217;autres membres sans l&#8217;autorisation du membre concern\u00e9 et du groupe Eddbee. Il n&#8217;est pas non plus autoris\u00e9 de cr\u00e9er des liens vers des profils sp\u00e9cifiques de membres du groupe Eddbee sur des sites web externes.<\/p>\n<p>Le groupe Eddbee travaille en permanence sur la s\u00e9curit\u00e9 informatique. Toutefois, nous ne pouvons malheureusement pas garantir que le site web est exempt de composants nuisibles. Il vous est donc demand\u00e9, dans votre propre int\u00e9r\u00eat, de ne jamais partager vos informations personnelles par le biais de syst\u00e8mes de messagerie, de suivre des liens par le biais de messages priv\u00e9s ou de t\u00e9l\u00e9charger des logiciels de quelque nature que ce soit. Le Groupe Eddbee ne demande jamais votre num\u00e9ro de s\u00e9curit\u00e9 sociale ou vos informations de paiement, car il s&#8217;agit d&#8217;un service gratuit.<\/p>\n<p>Le Groupe Eddbee n&#8217;est pas responsable des dommages caus\u00e9s directement ou indirectement par l&#8217;utilisation de nos services.<\/p>\n<p><strong>Conditions<\/strong><\/p>\n<p>Sous r\u00e9serve des conditions g\u00e9n\u00e9rales du pr\u00e9sent accord et dans le seul but d&#8217;utiliser les services, la soci\u00e9t\u00e9 vous accorde par la pr\u00e9sente une licence limit\u00e9e, non exclusive, r\u00e9vocable, ne pouvant faire l&#8217;objet d&#8217;une sous-licence et non transf\u00e9rable pour :<\/p>\n<p>Installer tout ou partie des applications mobiles sur un ou plusieurs appareils mobiles dont vous \u00eates propri\u00e9taire, que vous contr\u00f4lez et qui r\u00e9pondent aux sp\u00e9cifications minimales de l&#8217;entreprise.<br \/>\nInstaller une ou toutes les applications de bureau sur un ou plusieurs ordinateurs qui vous appartiennent, que vous contr\u00f4lez et qui r\u00e9pondent aux sp\u00e9cifications minimales de votre entreprise.<br \/>\nConsulter, \u00e9valuer et utiliser les applications et toutes les informations connexes qui vous sont fournies par l&#8217;entreprise.<br \/>\nVous acceptez de ne pas acc\u00e9der, ou tenter d&#8217;acc\u00e9der, aux services par d&#8217;autres moyens que les sites ou les applications. Vous acceptez sp\u00e9cifiquement de ne pas acc\u00e9der ou tenter d&#8217;acc\u00e9der aux services par des moyens automatis\u00e9s (y compris, sans limitation, par l&#8217;utilisation de scripts, de bots, d&#8217;applications tierces non autoris\u00e9es, de spiders ou de crawlers).<\/p>\n<p>Vous acceptez de ne pas violer, dans le cadre de votre utilisation des applications, des sites et\/ou des services, les lois, r\u00e8glements, r\u00e8gles, ordonnances ou trait\u00e9s applicables.<\/p>\n<p>Vous ne pouvez pas vous connecter ou utiliser les applications, les sites web et\/ou les services d&#8217;une mani\u00e8re qui n&#8217;est pas express\u00e9ment autoris\u00e9e par les pr\u00e9sentes conditions.<\/p>\n<p>Supprimer tous les avis de propri\u00e9t\u00e9 des services ou des copies de logiciels qui vous sont fournis par l&#8217;entreprise (logiciels).<br \/>\nProvoquer, permettre ou autoriser la modification, la cr\u00e9ation d&#8217;\u0153uvres d\u00e9riv\u00e9es, la traduction, l&#8217;ing\u00e9nierie inverse, la d\u00e9compilation, le d\u00e9sassemblage ou le piratage des applications, des services ou de tout logiciel.<br \/>\nVendre, c\u00e9der, louer, donner \u00e0 bail, agir en tant que bureau de service ou accorder des droits sur les applications, les services ou tout logiciel, y compris, sans limitation, par sous-licence, \u00e0 toute autre personne ou entit\u00e9 sans le consentement \u00e9crit pr\u00e9alable de la Soci\u00e9t\u00e9.<br \/>\nFaire des d\u00e9clarations ou des repr\u00e9sentations fausses, trompeuses ou mensong\u00e8res au sujet de la Soci\u00e9t\u00e9 et\/ou des applications, des sites Web ou des services.<br \/>\nUtilisation interdite de notre application ou de nos services<\/p>\n<p>En utilisant notre application ou nos services, il vous est interdit de faire ce qui suit :<\/p>\n<p>Harceler, abuser, insulter, blesser, diffamer, calomnier, d\u00e9nigrer, intimider ou discriminer sur la base du sexe, de l&#8217;orientation sexuelle, de la religion, de l&#8217;appartenance ethnique, de la race, de l&#8217;\u00e2ge, de l&#8217;origine nationale ou d&#8217;un handicap.<br \/>\nSoumettre des informations fausses ou trompeuses.<br \/>\ncollecter ou suivre les informations personnelles d&#8217;autrui.<br \/>\nT\u00e9l\u00e9charger ou transmettre des virus ou tout autre type de code malveillant qui sera ou pourra \u00eatre utilis\u00e9 d&#8217;une mani\u00e8re qui affectera le fonctionnement de l&#8217;application ou le fonctionnement de nos services.<br \/>\nA toutes fins ill\u00e9gales.<br \/>\nInviter d&#8217;autres personnes \u00e0 accomplir des actes ill\u00e9gaux ou \u00e0 y participer.<br \/>\nViolation des r\u00e9glementations, r\u00e8gles, lois ou ordonnances locales internationales, f\u00e9d\u00e9rales, provinciales ou nationales.<br \/>\nenfreint ou viole nos droits de propri\u00e9t\u00e9 intellectuelle ou les droits de propri\u00e9t\u00e9 intellectuelle d&#8217;autrui.<br \/>\nSpam, phishing, pharm, pretext, spider, creep ou scrape.<br \/>\n\u00e0 des fins obsc\u00e8nes ou immorales ; ou pour perturber ou contourner les dispositifs de s\u00e9curit\u00e9 de nos services.<br \/>\nUtiliser les applications, les sites web et\/ou les services pour :<\/p>\n<p>D\u00e9velopper, g\u00e9n\u00e9rer, transmettre ou stocker des informations ill\u00e9gales ou illicites, diffamatoires, nuisibles, abusives, haineuses, racialement ou ethniquement offensantes ou encourageant un comportement qui serait consid\u00e9r\u00e9 comme criminel.<br \/>\nEffectuer toute communication commerciale non sollicit\u00e9e non autoris\u00e9e par la loi applicable.<br \/>\nAmendements<\/p>\n<p>Icy Lemonade se r\u00e9serve le droit de modifier les pr\u00e9sentes conditions g\u00e9n\u00e9rales. Il est donc conseill\u00e9 de visiter r\u00e9guli\u00e8rement ce site web pour prendre connaissance de ces conditions.<\/p>\n<p>Informations sur l&#8217;entreprise et contact<\/p>\n<p>Eddbee group AB, Box 7033, 402 31 Gothenburg, Su\u00e8de.<\/p>\n<p>info@icyelemonade.com[\/vc_column_text][\/vc_column][\/vc_row]\n","protected":false},"excerpt":{"rendered":"<p>[vc_row full_width=&#8221;stretch_row&#8221; content_placement=&#8221;bottom&#8221; wpex_bg_overlay=&#8221;dark&#8221; remove_bottom_col_margin=&#8221;true&#8221; min_height=&#8221;600&#8243; css=&#8221;.vc_custom_1709201437842{background: #5398ce url(https:\/\/icylemonade.com\/wp-content\/uploads\/2023\/09\/ICY_Slide_00032.jpg?id=1511) !important;background-position: center !important;background-repeat: no-repeat !important;background-size: cover !important;}&#8221; wpex_bg_overlay_opacity=&#8221;0.5&#8243;][vc_column][\/vc_column][\/vc_row][vc_row full_width=&#8221;stretch_row&#8221; column_spacing=&#8221;50&#8243; remove_bottom_col_margin=&#8221;true&#8221; css=&#8221;.vc_custom_1694181523405{margin-top: 60px !important;margin-bottom: 60px !important;border-bottom-width: 1px !important;padding-bottom: 60px !important;border-bottom-color: #dddddd !important;border-bottom-style: dashed !important;}&#8221;][vc_column][vc_column_text color=&#8221;#222222&#8243; font_size=&#8221;d:20|pl:18&#8243; font_family=&#8221;Barlow&#8221;]Nous tenons \u00e0 souligner qu&#8217;en commandant des produits\/abonnements sur notre site web, vous acceptez les conditions g\u00e9n\u00e9rales. Nous vous recommandons&hellip;<\/p>\n","protected":false},"author":1,"featured_media":0,"parent":0,"menu_order":0,"comment_status":"closed","ping_status":"closed","template":"","meta":{"footnotes":""},"class_list":["post-2442","page","type-page","status-publish","hentry","entry","no-media"],"_links":{"self":[{"href":"https:\/\/icylemonade.com\/fr\/wp-json\/wp\/v2\/pages\/2442","targetHints":{"allow":["GET"]}}],"collection":[{"href":"https:\/\/icylemonade.com\/fr\/wp-json\/wp\/v2\/pages"}],"about":[{"href":"https:\/\/icylemonade.com\/fr\/wp-json\/wp\/v2\/types\/page"}],"author":[{"embeddable":true,"href":"https:\/\/icylemonade.com\/fr\/wp-json\/wp\/v2\/users\/1"}],"replies":[{"embeddable":true,"href":"https:\/\/icylemonade.com\/fr\/wp-json\/wp\/v2\/comments?post=2442"}],"version-history":[{"count":4,"href":"https:\/\/icylemonade.com\/fr\/wp-json\/wp\/v2\/pages\/2442\/revisions"}],"predecessor-version":[{"id":2500,"href":"https:\/\/icylemonade.com\/fr\/wp-json\/wp\/v2\/pages\/2442\/revisions\/2500"}],"wp:attachment":[{"href":"https:\/\/icylemonade.com\/fr\/wp-json\/wp\/v2\/media?parent=2442"}],"curies":[{"name":"wp","href":"https:\/\/api.w.org\/{rel}","templated":true}]}}