{"id":2642,"date":"2023-09-08T17:13:19","date_gmt":"2023-09-08T15:13:19","guid":{"rendered":"https:\/\/icylemonade.com\/politique-de-confidentialite\/"},"modified":"2024-03-05T13:07:26","modified_gmt":"2024-03-05T12:07:26","slug":"politique-de-confidentialite","status":"publish","type":"page","link":"https:\/\/icylemonade.com\/fr\/politique-de-confidentialite\/","title":{"rendered":"Politique de confidentialit\u00e9"},"content":{"rendered":"[vc_row full_width=&#8221;stretch_row&#8221; content_placement=&#8221;bottom&#8221; wpex_bg_overlay=&#8221;dark&#8221; remove_bottom_col_margin=&#8221;true&#8221; min_height=&#8221;600&#8243; css=&#8221;.vc_custom_1709640379397{background: #5398ce url(https:\/\/icylemonade.com\/wp-content\/uploads\/2023\/02\/IL_IM_EU_00005.jpg?id=306) !important;background-position: center !important;background-repeat: no-repeat !important;background-size: cover !important;}&#8221; wpex_bg_overlay_opacity=&#8221;0.5&#8243;][vc_column]<style>.vcex_69e6146d30a3d{font-size:100px!important;}@media (max-width:767px){.vcex_69e6146d30a3d{font-size:40px!important;}}<\/style><div class=\"vcex-heading vcex-module wpex-text-2xl wpex-font-normal wpex-m-auto wpex-max-w-100 vcex-heading-plain wpex-block vc_custom_1694192734901 vcex_69e6146d30a3d\" style=\"color:#ffffff;font-family:Barlow;font-weight:900;text-transform:uppercase;\"><span class=\"vcex-heading-inner wpex-inline-block wpex-clr\">Politique de confidentialit\u00e9<\/span><\/div>[\/vc_column][\/vc_row][vc_row full_width=&#8221;stretch_row&#8221; column_spacing=&#8221;50&#8243; remove_bottom_col_margin=&#8221;true&#8221; css=&#8221;.vc_custom_1694181523405{margin-top: 60px !important;margin-bottom: 60px !important;border-bottom-width: 1px !important;padding-bottom: 60px !important;border-bottom-color: #dddddd !important;border-bottom-style: dashed !important;}&#8221;][vc_column]<div class=\"vcex-spacing wpex-w-100 wpex-clear\" style=\"height:30px;\"><\/div>[vc_column_text color=&#8221;#222222&#8243; font_size=&#8221;d:20|pl:18&#8243; font_family=&#8221;Barlow&#8221;]Cette politique s&#8217;applique \u00e0 Icy Lemonade en tant que groupe AB ou Eddbee sur tous les sites web. La politique en mati\u00e8re de donn\u00e9es personnelles s&#8217;applique lorsque Icy Lemonade fournit des services et des produits en rapport avec des achats, des questions de service \u00e0 la client\u00e8le, d&#8217;autres contacts avec Icy Lemonade et des visites sur le site web.<\/p>\n<p><strong>Vos donn\u00e9es personnelles sont importantes pour nous<\/strong><\/p>\n<p>Icy Lemonade recueille et traite des donn\u00e9es \u00e0 caract\u00e8re personnel vous concernant lorsque vous visitez ou effectuez un achat sur l&#8217;un de nos sites web ou lorsque vous contactez Icy Lemonade par e-mail ou via les m\u00e9dias sociaux. Icy Lemonade prot\u00e8ge votre vie priv\u00e9e et s&#8217;engage \u00e0 assurer un niveau \u00e9lev\u00e9 de protection des donn\u00e9es. La pr\u00e9sente politique de confidentialit\u00e9 explique pourquoi et comment nous recueillons et utilisons vos informations personnelles. Il d\u00e9crit \u00e9galement vos droits et la mani\u00e8re dont vous pouvez les faire valoir. Il est important pour nous que les donn\u00e9es personnelles que vous nous confiez en tant que client et lecteur soient trait\u00e9es de mani\u00e8re prudente, responsable, transparente et l\u00e9gale.<\/p>\n<p><strong>Qui est responsable des donn\u00e9es que nous collectons ?<\/strong><\/p>\n<p>Icy Lemonade est le responsable du traitement de vos donn\u00e9es personnelles par Icy Lemonade et il lui incombe de veiller \u00e0 ce que ce traitement ait lieu conform\u00e9ment \u00e0 la l\u00e9gislation applicable.<\/p>\n<p><strong>Qu&#8217;est-ce qu&#8217;une information personnelle ?<\/strong><\/p>\n<p>Les donn\u00e9es \u00e0 caract\u00e8re personnel sont toutes les informations qui peuvent \u00eatre directement ou indirectement attribu\u00e9es \u00e0 une personne physique vivante. Le nom, l&#8217;adresse \u00e9lectronique, le num\u00e9ro de t\u00e9l\u00e9phone et le num\u00e9ro d&#8217;identification personnel sont des exemples de donn\u00e9es \u00e0 caract\u00e8re personnel. Les images et les enregistrements audio constituent \u00e9galement des informations personnelles, m\u00eame si aucun nom n&#8217;est mentionn\u00e9. Les donn\u00e9es crypt\u00e9es et les diff\u00e9rents types d&#8217;identit\u00e9s \u00e9lectroniques (par exemple les num\u00e9ros IP) sont des donn\u00e9es \u00e0 caract\u00e8re personnel si elles peuvent \u00eatre associ\u00e9es \u00e0 des personnes physiques.<\/p>\n<p><strong>D&#8217;o\u00f9 proviennent vos donn\u00e9es personnelles ?<\/strong><\/p>\n<p>La principale source d&#8217;informations personnelles vous concernant est vous-m\u00eame, par exemple les informations que vous fournissez lorsque vous vous inscrivez, lorsque vous nous contactez par courrier \u00e9lectronique et lorsque vous recevez un courrier \u00e9lectronique ou y r\u00e9pondez. Des donn\u00e9es personnelles sont \u00e9galement cr\u00e9\u00e9es \u00e0 la suite de la lecture d&#8217;informations sur notre site web, de l&#8217;utilisation de services et de la communication avec nous. Par exemple, nous pouvons enregistrer les visiteurs, les donn\u00e9es relatives au trafic et d&#8217;autres donn\u00e9es de communication. L&#8217;adresse IP est un exemple de ces donn\u00e9es personnelles. Ces informations sont collect\u00e9es par le biais de ce que l&#8217;on appelle des &#8220;cookies&#8221; et sont utilis\u00e9es pour vous conna\u00eetre afin que nous puissions vous fournir des informations pertinentes. Pour ce faire, nous avons besoin de votre consentement. Vous le faites en acceptant les cookies lorsque vous visitez notre site web.<\/p>\n<p><strong>Exemples de donn\u00e9es personnelles que nous collectons \u00e0 votre sujet si nous en avons besoin<\/strong><\/p>\n<p>Nom et pr\u00e9nom. Date de naissance, sexe, nationalit\u00e9, profession\/emploi\/\u00e9ducation, lieu de naissance. Num\u00e9ro de s\u00e9curit\u00e9 sociale (uniquement pour l&#8217;achat d&#8217;un abonnement annuel). V\u00e9rification de l&#8217;adresse par rapport \u00e0 SPAR. Coordonn\u00e9es (adresse, courriel et num\u00e9ro de t\u00e9l\u00e9phone). Informations relatives \u00e0 l&#8217;achat (par exemple, quel produit\/abonnement a \u00e9t\u00e9 command\u00e9). Ev. notes que vous choisissez de quitter. Correspondance concernant les plaintes.<\/p>\n<p><strong>Cas pratique d&#8217;achat dans Icy Lemonade. Cookies<\/strong><\/p>\n<p>Dans un cookie, il est possible de voir\/suivre le comportement de navigation d&#8217;un utilisateur. Les cookies sont utilis\u00e9s pour vous permettre, en tant que visiteur, d&#8217;acc\u00e9der \u00e0 diverses fonctions et de personnaliser le contenu de la lettre d&#8217;information. Nous utilisons des cookies pour personnaliser le contenu de nos publicit\u00e9s. Nous utilisons \u00e9galement des cookies sur notre site web afin de pouvoir tenir des statistiques sur l&#8217;utilisation du site. Un cookie est un fichier texte stock\u00e9 sur votre appareil afin que le site web puisse reconna\u00eetre votre appareil. Ce cookie ne contient aucune information personnelle. Il existe deux types de cookies : les cookies permanents et les cookies temporaires (appel\u00e9s cookies de session). Les cookies permanents sont stock\u00e9s sous forme de fichier sur votre appareil pour une p\u00e9riode plus longue, tandis que les cookies de session sont plac\u00e9s temporairement sur votre appareil et ne sont utilis\u00e9s que pendant la dur\u00e9e de votre navigation sur le site. Il sera alors supprim\u00e9. Si vous souhaitez savoir quand votre appareil re\u00e7oit un cookie, vous pouvez configurer votre navigateur pour qu&#8217;il vous en informe. Cela vous permet d&#8217;accepter ou de refuser un cookie. Votre appareil peut \u00e9galement \u00eatre configur\u00e9 pour rejeter tous les cookies. Si vous choisissez de ne pas accepter les cookies, veuillez noter que certaines fonctionnalit\u00e9s de nos services en ligne ne fonctionneront plus comme pr\u00e9vu.<\/p>\n<p><strong>Sp\u00e9cifiquement sur le consentement \u00e0 la prospection directe<\/strong><\/p>\n<p>Pour autant que vous nous ayez donn\u00e9 votre consentement explicite, nous enverrons et publierons r\u00e9guli\u00e8rement des informations et du marketing bas\u00e9s sur votre profil par le biais de divers canaux de communication num\u00e9riques. Vous pouvez \u00e0 tout moment refuser de recevoir des communications marketing de notre part en cliquant sur &#8220;se d\u00e9sinscrire&#8221; dans l&#8217;e-mail ou le SMS que nous vous envoyons. Il est \u00e9galement possible de contacter Icy Lemonade via info@icylemonade.com pour obtenir de l&#8217;aide afin de refuser nos communications.<\/p>\n<p><strong>Combien de temps conservons-nous vos informations ?<\/strong><\/p>\n<p>Vos donn\u00e9es personnelles ne sont conserv\u00e9es qu&#8217;aussi longtemps qu&#8217;il est n\u00e9cessaire de les conserver pour atteindre les objectifs pour lesquels elles ont \u00e9t\u00e9 collect\u00e9es. Icy Lemonade peut conserver les donn\u00e9es plus longtemps si cela est n\u00e9cessaire pour se conformer aux exigences l\u00e9gales ou pour prot\u00e9ger les int\u00e9r\u00eats l\u00e9gaux d&#8217;Icy Lemonade, par exemple. si une proc\u00e9dure judiciaire est en cours.<\/p>\n<p><strong>Avec qui pouvons-nous partager vos donn\u00e9es personnelles ?<\/strong><\/p>\n<p>Vos donn\u00e9es personnelles peuvent \u00eatre partag\u00e9es avec d&#8217;autres entreprises. Il s&#8217;agit des donn\u00e9es personnelles des clients d&#8217;Eddbee group AB et de notre contribution.[\/vc_column_text][\/vc_column][\/vc_row]\n","protected":false},"excerpt":{"rendered":"<p>[vc_row full_width=&#8221;stretch_row&#8221; content_placement=&#8221;bottom&#8221; wpex_bg_overlay=&#8221;dark&#8221; remove_bottom_col_margin=&#8221;true&#8221; min_height=&#8221;600&#8243; css=&#8221;.vc_custom_1709640379397{background: #5398ce url(https:\/\/icylemonade.com\/wp-content\/uploads\/2023\/02\/IL_IM_EU_00005.jpg?id=306) !important;background-position: center !important;background-repeat: no-repeat !important;background-size: cover !important;}&#8221; wpex_bg_overlay_opacity=&#8221;0.5&#8243;][vc_column][\/vc_column][\/vc_row][vc_row full_width=&#8221;stretch_row&#8221; column_spacing=&#8221;50&#8243; remove_bottom_col_margin=&#8221;true&#8221; css=&#8221;.vc_custom_1694181523405{margin-top: 60px !important;margin-bottom: 60px !important;border-bottom-width: 1px !important;padding-bottom: 60px !important;border-bottom-color: #dddddd !important;border-bottom-style: dashed !important;}&#8221;][vc_column][vc_column_text color=&#8221;#222222&#8243; font_size=&#8221;d:20|pl:18&#8243; font_family=&#8221;Barlow&#8221;]Cette politique s&#8217;applique \u00e0 Icy Lemonade en tant que groupe AB ou Eddbee sur tous les sites web. La politique&hellip;<\/p>\n","protected":false},"author":1,"featured_media":0,"parent":0,"menu_order":0,"comment_status":"closed","ping_status":"closed","template":"","meta":{"footnotes":""},"class_list":["post-2642","page","type-page","status-publish","hentry","entry","no-media"],"_links":{"self":[{"href":"https:\/\/icylemonade.com\/fr\/wp-json\/wp\/v2\/pages\/2642","targetHints":{"allow":["GET"]}}],"collection":[{"href":"https:\/\/icylemonade.com\/fr\/wp-json\/wp\/v2\/pages"}],"about":[{"href":"https:\/\/icylemonade.com\/fr\/wp-json\/wp\/v2\/types\/page"}],"author":[{"embeddable":true,"href":"https:\/\/icylemonade.com\/fr\/wp-json\/wp\/v2\/users\/1"}],"replies":[{"embeddable":true,"href":"https:\/\/icylemonade.com\/fr\/wp-json\/wp\/v2\/comments?post=2642"}],"version-history":[{"count":2,"href":"https:\/\/icylemonade.com\/fr\/wp-json\/wp\/v2\/pages\/2642\/revisions"}],"predecessor-version":[{"id":6074,"href":"https:\/\/icylemonade.com\/fr\/wp-json\/wp\/v2\/pages\/2642\/revisions\/6074"}],"wp:attachment":[{"href":"https:\/\/icylemonade.com\/fr\/wp-json\/wp\/v2\/media?parent=2642"}],"curies":[{"name":"wp","href":"https:\/\/api.w.org\/{rel}","templated":true}]}}