{"id":2819,"date":"2023-09-08T17:16:58","date_gmt":"2023-09-08T15:16:58","guid":{"rendered":"https:\/\/icylemonade.com\/a-propos-dicylemonade\/"},"modified":"2024-02-29T16:58:37","modified_gmt":"2024-02-29T15:58:37","slug":"a-propos-dicylemonade","status":"publish","type":"page","link":"https:\/\/icylemonade.com\/fr\/a-propos-dicylemonade\/","title":{"rendered":"\u00c0 propos d&#8217;IcyLemonade"},"content":{"rendered":"[vc_row full_width=&#8221;stretch_row&#8221; content_placement=&#8221;bottom&#8221; remove_bottom_col_margin=&#8221;true&#8221; min_height=&#8221;600&#8243; css=&#8221;.vc_custom_1709201691781{background-image: url(https:\/\/icylemonade.com\/wp-content\/uploads\/2023\/09\/ICY_Slide_00026.jpg?id=1499) !important;background-position: center !important;background-repeat: no-repeat !important;background-size: cover !important;}&#8221; wpex_bg_position=&#8221;top&#8221;][vc_column]<style>.vcex_69e4b190793aa{font-size:100px!important;}@media (max-width:767px){.vcex_69e4b190793aa{font-size:40px!important;}}<\/style><div class=\"vcex-heading vcex-module wpex-text-2xl wpex-font-normal wpex-m-auto wpex-max-w-100 vcex-heading-plain wpex-block vc_custom_1694190733290 vcex_69e4b190793aa\" style=\"color:#ffffff;font-family:Barlow;font-weight:900;text-transform:uppercase;\"><span class=\"vcex-heading-inner wpex-inline-block wpex-clr\">\u00c0 propos d&#8217;IcyLemonade<\/span><\/div>[\/vc_column][\/vc_row][vc_row full_width=&#8221;stretch_row&#8221; column_spacing=&#8221;50&#8243; remove_bottom_col_margin=&#8221;true&#8221; css=&#8221;.vc_custom_1694181523405{margin-top: 60px !important;margin-bottom: 60px !important;border-bottom-width: 1px !important;padding-bottom: 60px !important;border-bottom-color: #dddddd !important;border-bottom-style: dashed !important;}&#8221;][vc_column width=&#8221;1\/2&#8243;]<style>.vcex_69e4b1907b94a{font-size:60px!important;}@media (max-width:767px){.vcex_69e4b1907b94a{font-size:40px!important;}}<\/style><h2 class=\"vcex-heading vcex-module wpex-text-2xl wpex-font-normal wpex-m-auto wpex-max-w-100 vcex-heading-plain wpex-block vcex_69e4b1907b94a\" style=\"color:var(--wpex-palette-2074-color);font-family:Barlow;font-weight:900;text-transform:uppercase;line-height:1;\"><span class=\"vcex-heading-inner wpex-inline-block wpex-clr\">\u00c0 PROPOS DE NOUS<\/span><\/h2><div class=\"vcex-spacing wpex-w-100 wpex-clear\" style=\"height:30px;\"><\/div>[vc_column_text color=&#8221;#222222&#8243; font_size=&#8221;d:20|pl:18&#8243; font_family=&#8221;Barlow&#8221;]Icy lemonade est exploit\u00e9 et d\u00e9tenu par eddbee group AB (publ).<\/p>\n<p>Limonade glac\u00e9e<\/p>\n<p>Bo\u00eete postale 7033<\/p>\n<p>402 31 G\u00f6teborg<\/p>\n<p>info@icyelemonade.com[\/vc_column_text]<div class=\"vcex-spacing wpex-w-100 wpex-clear\"><\/div>[\/vc_column][vc_column width=&#8221;1\/2&#8243;]<figure class=\"vcex-image vcex-module wpex-clr\"><div class=\"vcex-image-inner wpex-relative wpex-inline-block vc_custom_1709040796853\"><img decoding=\"async\" width=\"1800\" height=\"1200\" src=\"https:\/\/icylemonade.com\/wp-content\/uploads\/2023\/09\/ICY_Slide_00027.jpg\" class=\"wpex-align-middle\" alt=\"\" loading=\"lazy\" style=\"border-radius:var(--wpex-rounded);\" srcset=\"https:\/\/icylemonade.com\/wp-content\/uploads\/2023\/09\/ICY_Slide_00027.jpg 1800w, https:\/\/icylemonade.com\/wp-content\/uploads\/2023\/09\/ICY_Slide_00027-300x200.jpg 300w, https:\/\/icylemonade.com\/wp-content\/uploads\/2023\/09\/ICY_Slide_00027-1024x683.jpg 1024w, https:\/\/icylemonade.com\/wp-content\/uploads\/2023\/09\/ICY_Slide_00027-768x512.jpg 768w, https:\/\/icylemonade.com\/wp-content\/uploads\/2023\/09\/ICY_Slide_00027-1536x1024.jpg 1536w\" sizes=\"auto, (max-width: 1800px) 100vw, 1800px\" \/><\/div><\/figure>[\/vc_column][\/vc_row]\n","protected":false},"excerpt":{"rendered":"<p>[vc_row full_width=&#8221;stretch_row&#8221; content_placement=&#8221;bottom&#8221; remove_bottom_col_margin=&#8221;true&#8221; min_height=&#8221;600&#8243; css=&#8221;.vc_custom_1709201691781{background-image: url(https:\/\/icylemonade.com\/wp-content\/uploads\/2023\/09\/ICY_Slide_00026.jpg?id=1499) !important;background-position: center !important;background-repeat: no-repeat !important;background-size: cover !important;}&#8221; wpex_bg_position=&#8221;top&#8221;][vc_column][\/vc_column][\/vc_row][vc_row full_width=&#8221;stretch_row&#8221; column_spacing=&#8221;50&#8243; remove_bottom_col_margin=&#8221;true&#8221; css=&#8221;.vc_custom_1694181523405{margin-top: 60px !important;margin-bottom: 60px !important;border-bottom-width: 1px !important;padding-bottom: 60px !important;border-bottom-color: #dddddd !important;border-bottom-style: dashed !important;}&#8221;][vc_column width=&#8221;1\/2&#8243;][vc_column_text color=&#8221;#222222&#8243; font_size=&#8221;d:20|pl:18&#8243; font_family=&#8221;Barlow&#8221;]Icy lemonade est exploit\u00e9 et d\u00e9tenu par eddbee group AB (publ). Limonade glac\u00e9e Bo\u00eete postale 7033 402 31 G\u00f6teborg info@icyelemonade.com[\/vc_column_text][\/vc_column][vc_column width=&#8221;1\/2&#8243;][\/vc_column][\/vc_row]<\/p>\n","protected":false},"author":1,"featured_media":0,"parent":0,"menu_order":0,"comment_status":"closed","ping_status":"closed","template":"","meta":{"footnotes":""},"class_list":["post-2819","page","type-page","status-publish","hentry","entry","no-media"],"_links":{"self":[{"href":"https:\/\/icylemonade.com\/fr\/wp-json\/wp\/v2\/pages\/2819","targetHints":{"allow":["GET"]}}],"collection":[{"href":"https:\/\/icylemonade.com\/fr\/wp-json\/wp\/v2\/pages"}],"about":[{"href":"https:\/\/icylemonade.com\/fr\/wp-json\/wp\/v2\/types\/page"}],"author":[{"embeddable":true,"href":"https:\/\/icylemonade.com\/fr\/wp-json\/wp\/v2\/users\/1"}],"replies":[{"embeddable":true,"href":"https:\/\/icylemonade.com\/fr\/wp-json\/wp\/v2\/comments?post=2819"}],"version-history":[{"count":8,"href":"https:\/\/icylemonade.com\/fr\/wp-json\/wp\/v2\/pages\/2819\/revisions"}],"predecessor-version":[{"id":3024,"href":"https:\/\/icylemonade.com\/fr\/wp-json\/wp\/v2\/pages\/2819\/revisions\/3024"}],"wp:attachment":[{"href":"https:\/\/icylemonade.com\/fr\/wp-json\/wp\/v2\/media?parent=2819"}],"curies":[{"name":"wp","href":"https:\/\/api.w.org\/{rel}","templated":true}]}}