{"id":2337,"date":"2023-09-08T17:13:13","date_gmt":"2023-09-08T15:13:13","guid":{"rendered":"https:\/\/icylemonade.com\/pojmovi\/"},"modified":"2024-02-29T11:30:26","modified_gmt":"2024-02-29T10:30:26","slug":"pojmovi","status":"publish","type":"page","link":"https:\/\/icylemonade.com\/hr\/pojmovi\/","title":{"rendered":"Pojmovi"},"content":{"rendered":"[vc_row full_width=&#8221;stretch_row&#8221; content_placement=&#8221;bottom&#8221; wpex_bg_overlay=&#8221;dark&#8221; remove_bottom_col_margin=&#8221;true&#8221; min_height=&#8221;600&#8243; css=&#8221;.vc_custom_1709201437842{background: #5398ce url(https:\/\/icylemonade.com\/wp-content\/uploads\/2023\/09\/ICY_Slide_00032.jpg?id=1511) !important;background-position: center !important;background-repeat: no-repeat !important;background-size: cover !important;}&#8221; wpex_bg_overlay_opacity=&#8221;0.5&#8243;][vc_column]<style>.vcex_69e5e521991a8{font-size:100px!important;}@media (max-width:767px){.vcex_69e5e521991a8{font-size:40px!important;}}<\/style><div class=\"vcex-heading vcex-module wpex-text-2xl wpex-font-normal wpex-m-auto wpex-max-w-100 vcex-heading-plain wpex-block vc_custom_1694192661365 vcex_69e5e521991a8\" style=\"color:#ffffff;font-family:Barlow;font-weight:900;text-transform:uppercase;\"><span class=\"vcex-heading-inner wpex-inline-block wpex-clr\">Pojmovi<\/span><\/div>[\/vc_column][\/vc_row][vc_row full_width=&#8221;stretch_row&#8221; column_spacing=&#8221;50&#8243; remove_bottom_col_margin=&#8221;true&#8221; css=&#8221;.vc_custom_1694181523405{margin-top: 60px !important;margin-bottom: 60px !important;border-bottom-width: 1px !important;padding-bottom: 60px !important;border-bottom-color: #dddddd !important;border-bottom-style: dashed !important;}&#8221;][vc_column]<div class=\"vcex-spacing wpex-w-100 wpex-clear\" style=\"height:30px;\"><\/div>[vc_column_text color=&#8221;#222222&#8243; font_size=&#8221;d:20|pl:18&#8243; font_family=&#8221;Barlow&#8221;]\u017deljeli bismo naglasiti da prihva\u0107ate uvjete naru\u010divanjem proizvoda\/pretplata s na\u0161e web stranice. Preporu\u010damo da ispi\u0161ete uvjete i odredbe i spremite dokument za slu\u010daj da vam zatreba u budu\u0107nosti. Za kupnju na <a href=\"http:\/\/www.icylemonade.com\/\" target=\"_new\" rel=\"noopener\">www.IcyLemonade.com<\/a> morate imati 17 godina (SAD). Zadr\u017eavamo pravo otkazivanja narud\u017ebi osoba koje su dale neto\u010dne osobne podatke. Zadr\u017eavamo pravo na eventualne pogre\u0161ke u cijeni.<\/p>\n<p><strong>op\u0107enito<\/strong><\/p>\n<p>IcyLemonade.com je aplikacija za vi\u0161e doga\u0111aja i vi\u0161e digitalnih partnera i vode\u0107a je tvrtka EDDBEE GROUP AB u \u0160vedskoj. Pokretanje ra\u010duna vr\u0161i se posjetom <a href=\"http:\/\/www.icylemonade.com\/\" target=\"_new\" rel=\"noopener\">www.IcyLemonade.com<\/a> ili preuzimanjem aplikacije i registracijom ra\u010duna, gdje birate pretplatu. Kako biste se osje\u0107ali sigurni u svojoj kupnji, uvijek ste dobrodo\u0161li kontaktirati na\u0161u podr\u0161ku i korisni\u010dku slu\u017ebu putem e-po\u0161te <a href=\"mailto:info@icylemonade.com\" target=\"_new\" rel=\"noopener\">info@icylemonade.com<\/a> ako imate pitanja o svojoj narud\u017ebi. Nakon \u0161to zapo\u010dnete svoju pretplatu, sla\u017eete se da \u0107emo nadzirati svoju registriranu adresu e-po\u0161te jer \u0107e sva komunikacija u vezi s va\u0161om pretplatom biti putem e-po\u0161te.<\/p>\n<p><strong>Cijene i pla\u0107anje<\/strong><\/p>\n<p>Sve cijene su u ameri\u010dkim dolarima. Kada kupujete na <a href=\"mailto:info@icylemonade.com\" target=\"_new\" rel=\"noopener\">info@icylemonade.com<\/a> , pla\u0107anje karticom obra\u0111uje Google ili Apple, sigurno rje\u0161enje elektroni\u010dkog pla\u0107anja. Svi podaci o kartici pohranjuju se u skladu s pravilima karti\u010dnih mre\u017ea. Nikakvi podaci o kreditnoj kartici ne pohranjuju se u na\u0161oj bazi podataka, \u010dak i ako odlu\u010dite spremiti karticu za budu\u0107e kupnje. Pohranjuje ga Google ili Apple. Na va\u0161em bankovnom izvodu mo\u017ee pisati icylemonade.com ili EDDBEE GROUP AB. Pla\u0107anje mjese\u010dnih pretplata vr\u0161i se mjese\u010dno. Ako se ne izvr\u0161i pla\u0107anje, pretplate \u0107e biti preba\u010dene u besplatnu pretplatu.<\/p>\n<p><strong>Politika povrata<\/strong><\/p>\n<p>Kao potro\u0161a\u010d imate 14 dana da se predomislite prema Zakonu o ugovorima na daljinu i ugovorima izvan poslovnih prostorija, od trenutka kada ste naru\u010dili uslugu. Pravo na odustanak prestaje kada po\u010dnete koristiti uslugu, odnosno kada imate registrirane podatke (konje, usluge, opremu, obuku, korisnike) u svojoj pretplati. Ukoliko otka\u017eete narud\u017ebu ili \u017eelite otkazati mjese\u010dnu pretplatu, kontaktirajte nas putem kontakt forme ili kontakt podataka koje ste dobili putem potvrde narud\u017ebe. Tada \u0107emo odmah zatvoriti va\u0161 ra\u010dun.<\/p>\n<p><strong>Potvrda<\/strong><\/p>\n<p>Nakon \u0161to primimo va\u0161u narud\u017ebu, bit \u0107e vam poslana potvrdna e-po\u0161ta s detaljima va\u0161e narud\u017ebe. Sa\u010duvajte potvrdu narud\u017ebe kako biste je imali pri ruci u slu\u010daju kontakta s Icy Lemonade.<\/p>\n<p><strong>U slu\u010daju spora<\/strong><\/p>\n<p>U slu\u010daju spora, slijedi Nacionalni odbor za preporuke potro\u0161a\u010dkih sporova (ARN).<\/p>\n<p><strong>Ograni\u010denje odgovornosti<\/strong><\/p>\n<p>Svaki materijal dostupan putem web stranice prvenstveno je namijenjen za op\u0107enite svrhe i ne predstavlja savjet ili preporuku. Informacije nisu uvijek sveobuhvatne ili a\u017eurne. Tako\u0111er se mogu pojaviti pogre\u0161ke i tehni\u010dki nedostaci.<\/p>\n<p>Eddbee Group AB nije odgovoran za informacije i materijale o usluzi koje objavljuju drugi korisnici (tzv. korisni\u010dki generirani materijal). U slu\u010daju pogre\u0161aka u informacijama ili materijalu na Eddbee Group, trebali biste kontaktirati podr\u0161ku Eddbee Group ako \u017eelite da se informacije ili materijali isprave ili uklone. Me\u0111utim, Eddbee Group AB uvijek uklanja informacije ili materijale koji jasno kr\u0161e ne\u010dija autorska prava ili su kriminalni ako Eddbee Group AB primi informacije o \u0161irenju takvih informacija ili materijala na web stranici.<\/p>\n<p>Eddbee Grupa ima pravo objaviti podatke koje svaki \u010dlan navede na svom javnom profilu na Eddbee Grupi kao iu e-mailovima drugim \u010dlanovima Eddbee Grupe. Pojedina\u010dni \u010dlan nema pravo kopirati informacije koje su drugi \u010dlanovi objavili bez dopu\u0161tenja doti\u010dnog \u010dlana i Eddbee grupe. Tako\u0111er nije dopu\u0161teno povezivanje s odre\u0111enim profilima \u010dlanova na Eddbee grupi na vanjskim web stranicama.<\/p>\n<p>Eddbee Group neprestano radi na IT sigurnosti. Me\u0111utim, na\u017ealost, ne mo\u017eemo jam\u010diti da web stranica ne sadr\u017ei \u0161tetne komponente. Stoga se od vas tra\u017ei da, za va\u0161e vlastito dobro, nikada ne dijelite svoje osobne podatke putem sustava za razmjenu poruka ili da slijedite poveznice putem privatnih poruka ili preuzimate softver bilo koje vrste. Eddbee Group nikada ne tra\u017ei va\u0161 broj socijalnog osiguranja ili podatke o pla\u0107anju budu\u0107i da smo besplatni za kori\u0161tenje.<\/p>\n<p>Eddbee Grupa nije odgovorna za bilo kakvu \u0161tetu uzrokovanu izravno ili neizravno kori\u0161tenjem na\u0161ih usluga.<\/p>\n<p><strong>Pojmovi<\/strong><\/p>\n<p>U skladu s odredbama i uvjetima ovog Ugovora i isklju\u010divo u svrhu kori\u0161tenja Usluga, Tvrtka vam ovime daje ograni\u010denu, neisklju\u010divu, opozivu, neprenosivu licencu koja se ne mo\u017ee podlicencirati na:<\/p>\n<p>Instalirajte bilo koju ili sve mobilne aplikacije na jedan ili vi\u0161e mobilnih ure\u0111aja u va\u0161em vlasni\u0161tvu, pod va\u0161om kontrolom i koji ispunjavaju minimalne specifikacije tvrtke.<br \/>\nInstalirajte bilo koju ili sve aplikacije za stolna ra\u010dunala na jedno ili vi\u0161e ra\u010dunala u va\u0161em vlasni\u0161tvu, pod va\u0161om kontrolom i u skladu s minimalnim specifikacijama tvrtke.<br \/>\nPregledajte, pregledajte i koristite Aplikacije i sve povezane podatke koje Vam je dostavila Tvrtka.<br \/>\nSuglasni ste da ne\u0107ete pristupiti ili poku\u0161ati pristupiti Uslugama na bilo koji na\u010din osim putem Web stranica ili Aplikacija. Izri\u010dito se sla\u017eete da ne\u0107ete pristupati ili poku\u0161avati pristupiti Uslugama bilo kojim automatiziranim sredstvima (uklju\u010duju\u0107i, bez ograni\u010denja, kori\u0161tenjem skripti, robota, neovla\u0161tenih aplikacija tre\u0107ih strana, pauka ili alata za indeksiranje).<\/p>\n<p>Suglasni ste da ne\u0107ete, u vezi s va\u0161om upotrebom aplikacija, web-mjesta i\/ili usluga, kr\u0161iti nijedan primjenjivi zakon, propis, pravilo, propis ili ugovor.<\/p>\n<p>Ne smijete pristupati ili koristiti aplikacije, web stranice i\/ili usluge na bilo koji na\u010din koji nije izri\u010dito dopu\u0161ten ovim Uvjetima.<\/p>\n<p>Uklonite sve napomene o vlasni\u0161tvu iz Usluga ili kopija softvera koje Vam je dostavila Tvrtka (Softver).<br \/>\nUzrokovati, dopustiti ili autorizirati modificiranje, stvaranje izvedenih radova, prijevod, obrnuti in\u017eenjering, dekompiliranje, rastavljanje ili hakiranje aplikacija, usluga ili bilo kojeg softvera.<br \/>\nProdavati, dodjeljivati, iznajmljivati, iznajmljivati, djelovati kao servisna agencija ili dodjeljivati \u200b\u200bprava na Aplikacije, Usluge ili bilo koji softver, uklju\u010duju\u0107i, bez ograni\u010denja, putem podlicence, bilo kojoj drugoj osobi ili subjektu bez prethodnog pisanog pristanka Dru\u0161tva.<br \/>\nDavati bilo kakve la\u017ene, zavaravaju\u0107e ili obmanjuju\u0107e izjave ili predstavljanja o Tvrtki i\/ili Aplikacijama, Stranicama ili Uslugama.<br \/>\nZabranjeno kori\u0161tenje na\u0161e aplikacije ili na\u0161ih usluga<\/p>\n<p>Kori\u0161tenjem na\u0161e aplikacije ili na\u0161ih usluga zabranjeno vam je sljede\u0107e:<\/p>\n<p>Uznemiravanje, zlostavljanje, vrije\u0111anje, ozlje\u0111ivanje, klevetanje, klevetanje, omalova\u017eavanje, zastra\u0161ivanje ili diskriminacija na temelju spola, seksualne orijentacije, vjere, etni\u010dke pripadnosti, rase, dobi, nacionalnog podrijetla ili invaliditeta.<br \/>\nPo\u0161aljite la\u017ene ili obmanjuju\u0107e informacije.<br \/>\nPrikupljajte ili pratite osobne podatke drugih.<br \/>\nU\u010ditavati ili prenositi viruse ili bilo koju drugu vrstu zlonamjernog koda koji \u0107e se ili mo\u017ee koristiti na bilo koji na\u010din koji \u0107e utjecati na funkcionalnost Aplikacije ili rad na\u0161ih Usluga.<br \/>\nZa bilo koju nezakonitu svrhu.<br \/>\nPoticanje drugih na obavljanje ili sudjelovanje u nezakonitim radnjama.<br \/>\nKr\u0161i me\u0111unarodne, savezne, pokrajinske ili dr\u017eavne propise, pravila, zakone ili lokalne uredbe.<br \/>\nKr\u0161iti ili kr\u0161iti na\u0161a prava intelektualnog vlasni\u0161tva ili prava intelektualnog vlasni\u0161tva drugih.<br \/>\nSpam, Phishing, Pharm, Pretext, Spider, Crawl ili Scrape.<br \/>\nZa bilo koju opscenu ili nemoralnu svrhu; ili za ometanje ili zaobila\u017eenje sigurnosnih zna\u010dajki na\u0161ih Usluga.<br \/>\nKoristite aplikacije, web stranice i\/ili usluge za:<\/p>\n<p>Razvijati, generirati, prenositi ili pohranjivati \u200b\u200binformacije koje su nezakonite ili nezakonite, klevetni\u010dke, \u0161tetne, uvredljive, pune mr\u017enje, rasno ili etni\u010dki uvredljive koje poti\u010du pona\u0161anje koje bi se smatralo kriminalnim.<br \/>\nIzvr\u0161ite bilo kakvu ne\u017eeljenu komercijalnu komunikaciju koja nije dopu\u0161tena primjenjivim zakonom.<br \/>\nPromjene<\/p>\n<p>Icy Lemonade zadr\u017eava pravo izmjene ovih uvjeta. Stoga je preporu\u010dljivo redovito posje\u0107ivati \u200b\u200bovu web stranicu kako biste pro\u010ditali ove uvjete i odredbe.<\/p>\n<p>Podaci o tvrtki i kontakt<\/p>\n<p>Eddbee group AB, Box 7033, 402 31 Gothenburg<\/p>\n<p>info@icyelemonade.com[\/vc_column_text][\/vc_column][\/vc_row]\n","protected":false},"excerpt":{"rendered":"<p>[vc_row full_width=&#8221;stretch_row&#8221; content_placement=&#8221;bottom&#8221; wpex_bg_overlay=&#8221;dark&#8221; remove_bottom_col_margin=&#8221;true&#8221; min_height=&#8221;600&#8243; css=&#8221;.vc_custom_1709201437842{background: #5398ce url(https:\/\/icylemonade.com\/wp-content\/uploads\/2023\/09\/ICY_Slide_00032.jpg?id=1511) !important;background-position: center !important;background-repeat: no-repeat !important;background-size: cover !important;}&#8221; wpex_bg_overlay_opacity=&#8221;0.5&#8243;][vc_column][\/vc_column][\/vc_row][vc_row full_width=&#8221;stretch_row&#8221; column_spacing=&#8221;50&#8243; remove_bottom_col_margin=&#8221;true&#8221; css=&#8221;.vc_custom_1694181523405{margin-top: 60px !important;margin-bottom: 60px !important;border-bottom-width: 1px !important;padding-bottom: 60px !important;border-bottom-color: #dddddd !important;border-bottom-style: dashed !important;}&#8221;][vc_column][vc_column_text color=&#8221;#222222&#8243; font_size=&#8221;d:20|pl:18&#8243; font_family=&#8221;Barlow&#8221;]\u017deljeli bismo naglasiti da prihva\u0107ate uvjete naru\u010divanjem proizvoda\/pretplata s na\u0161e web stranice. Preporu\u010damo da ispi\u0161ete uvjete i odredbe i spremite&hellip;<\/p>\n","protected":false},"author":1,"featured_media":0,"parent":0,"menu_order":0,"comment_status":"closed","ping_status":"closed","template":"","meta":{"footnotes":""},"class_list":["post-2337","page","type-page","status-publish","hentry","entry","no-media"],"_links":{"self":[{"href":"https:\/\/icylemonade.com\/hr\/wp-json\/wp\/v2\/pages\/2337","targetHints":{"allow":["GET"]}}],"collection":[{"href":"https:\/\/icylemonade.com\/hr\/wp-json\/wp\/v2\/pages"}],"about":[{"href":"https:\/\/icylemonade.com\/hr\/wp-json\/wp\/v2\/types\/page"}],"author":[{"embeddable":true,"href":"https:\/\/icylemonade.com\/hr\/wp-json\/wp\/v2\/users\/1"}],"replies":[{"embeddable":true,"href":"https:\/\/icylemonade.com\/hr\/wp-json\/wp\/v2\/comments?post=2337"}],"version-history":[{"count":10,"href":"https:\/\/icylemonade.com\/hr\/wp-json\/wp\/v2\/pages\/2337\/revisions"}],"predecessor-version":[{"id":2493,"href":"https:\/\/icylemonade.com\/hr\/wp-json\/wp\/v2\/pages\/2337\/revisions\/2493"}],"wp:attachment":[{"href":"https:\/\/icylemonade.com\/hr\/wp-json\/wp\/v2\/media?parent=2337"}],"curies":[{"name":"wp","href":"https:\/\/api.w.org\/{rel}","templated":true}]}}