{"id":2581,"date":"2023-09-08T17:13:19","date_gmt":"2023-09-08T15:13:19","guid":{"rendered":"https:\/\/icylemonade.com\/politika-privatnosti\/"},"modified":"2024-03-05T13:07:25","modified_gmt":"2024-03-05T12:07:25","slug":"politika-privatnosti","status":"publish","type":"page","link":"https:\/\/icylemonade.com\/hr\/politika-privatnosti\/","title":{"rendered":"Politika privatnosti"},"content":{"rendered":"[vc_row full_width=&#8221;stretch_row&#8221; content_placement=&#8221;bottom&#8221; wpex_bg_overlay=&#8221;dark&#8221; remove_bottom_col_margin=&#8221;true&#8221; min_height=&#8221;600&#8243; css=&#8221;.vc_custom_1709640379397{background: #5398ce url(https:\/\/icylemonade.com\/wp-content\/uploads\/2023\/02\/IL_IM_EU_00005.jpg?id=306) !important;background-position: center !important;background-repeat: no-repeat !important;background-size: cover !important;}&#8221; wpex_bg_overlay_opacity=&#8221;0.5&#8243;][vc_column]<style>.vcex_69e5ffbbc093e{font-size:100px!important;}@media (max-width:767px){.vcex_69e5ffbbc093e{font-size:40px!important;}}<\/style><div class=\"vcex-heading vcex-module wpex-text-2xl wpex-font-normal wpex-m-auto wpex-max-w-100 vcex-heading-plain wpex-block vc_custom_1694192734901 vcex_69e5ffbbc093e\" style=\"color:#ffffff;font-family:Barlow;font-weight:900;text-transform:uppercase;\"><span class=\"vcex-heading-inner wpex-inline-block wpex-clr\">Politika privatnosti<\/span><\/div>[\/vc_column][\/vc_row][vc_row full_width=&#8221;stretch_row&#8221; column_spacing=&#8221;50&#8243; remove_bottom_col_margin=&#8221;true&#8221; css=&#8221;.vc_custom_1694181523405{margin-top: 60px !important;margin-bottom: 60px !important;border-bottom-width: 1px !important;padding-bottom: 60px !important;border-bottom-color: #dddddd !important;border-bottom-style: dashed !important;}&#8221;][vc_column]<div class=\"vcex-spacing wpex-w-100 wpex-clear\" style=\"height:30px;\"><\/div>[vc_column_text color=&#8221;#222222&#8243; font_size=&#8221;d:20|pl:18&#8243; font_family=&#8221;Barlow&#8221;]Ova se politika odnosi na Icy Lemonade as ili Eddbee group AB na svim web stranicama. Politika osobnih podataka primjenjuje se kada Icy Lemonade pru\u017ea usluge i proizvode u vezi s kupnjom, pitanjima korisni\u010dke slu\u017ebe, drugim kontaktima s Icy Lemonade i posjetima web stranici.<\/p>\n<p><strong>Va\u0161i osobni podaci su nam va\u017eni<\/strong><\/p>\n<p>Icy Lemonade prikuplja i obra\u0111uje osobne podatke o vama kada posjetite ili obavite kupnju na jednoj od na\u0161ih web stranica ili alternativno kontaktirate Icy Lemonade putem e-po\u0161te ili dru\u0161tvenih medija. Icy Lemonade \u0161titi Va\u0161u privatnost i te\u017ei visokoj razini za\u0161tite podataka. Ova politika privatnosti obja\u0161njava za\u0161to i kako prikupljamo i koristimo va\u0161e osobne podatke. Tako\u0111er opisuje va\u0161a prava i kako ih mo\u017eete ostvariti. Za nas je va\u017eno da s osobnim podacima koje nam povjeravate kao klijent i \u010ditatelj postupamo pa\u017eljivo, odgovorno, otvoreno i zakonito.<\/p>\n<p><strong>Tko je odgovoran za podatke koje prikupljamo?<\/strong><\/p>\n<p>Icy Lemonade je voditelj obrade osobnih podataka za Icy Lemonade obradu Va\u0161ih osobnih podataka i odgovoran je da se takva obrada odvija u skladu s va\u017ee\u0107im zakonodavstvom.<\/p>\n<p><strong>\u0160to su osobni podaci?<\/strong><\/p>\n<p>Osobni podatak je svaka informacija koja se mo\u017ee izravno ili neizravno pripisati \u017eivoj fizi\u010dkoj osobi. Primjeri osobnih podataka su ime, adresa e-po\u0161te, broj telefona i mati\u010dni broj. \u010cak su i slike i audio zapisi osobni podaci, \u010dak i ako se ne spominju imena. \u0160ifrirani podaci i razli\u010dite vrste elektroni\u010dkih identiteta (npr. IP brojevi) osobni su podaci ako se mogu povezati s fizi\u010dkim osobama.<\/p>\n<p><strong>Odakle dolaze va\u0161i osobni podaci?<\/strong><\/p>\n<p>Glavni izvor osobnih podataka o vama ste vi sami, kao \u0161to su podaci koje dajete kada se pretplatite, kontaktirate nas e-po\u0161tom i primate\/odgovarate na e-po\u0161tu. Osobni podaci tako\u0111er nastaju kao rezultat \u010ditanja informacija na na\u0161oj web stranici, kori\u0161tenja usluga i komunikacije s nama. Na primjer, mo\u017eemo spremiti posjetitelje, podatke o prometu i druge podatke o komunikaciji. Primjeri takvih osobnih podataka su va\u0161a IP adresa. Ovi se podaci prikupljaju putem takozvanih kola\u010di\u0107a i koriste se kako bismo vas upoznali kako bismo vam mogli usmjeriti relevantne informacije. Da bismo to u\u010dinili, potreban nam je va\u0161 pristanak. To \u010dinite prihva\u0107anjem kola\u010di\u0107a kada posjetite na\u0161u web stranicu.<\/p>\n<p><strong>Primjeri osobnih podataka koje prikupljamo o vama ako su nam potrebni<\/strong><\/p>\n<p>Ime i prezime. Datum ro\u0111enja, spol, dr\u017eavljanstvo, zanimanje\/zaposlenje\/obrazovanje, mjesto ro\u0111enja. OIB (samo pri kupnji godi\u0161nje karte). Provjera adrese prema SPAR-u. Kontakt podaci (adresa, e-mail i broj telefona). Informacije o kupnji (npr. koji proizvod\/pretplata je naru\u010dena). Ev. bilje\u0161ke koje odlu\u010dite ostaviti. Prepiska u vezi reklamacija.<\/p>\n<p><strong>Povijest slu\u010daja pri kupnji u Icy Lemonade. Kola\u010di\u0107i<\/strong><\/p>\n<p>U kola\u010di\u0107u je mogu\u0107e vidjeti\/pratiti korisnikovo pregledavanje. Kola\u010di\u0107i se koriste kako bi vam kao posjetitelju omogu\u0107ili pristup raznim funkcijama i prilagodili sadr\u017eaj newslettera. Koristimo kola\u010di\u0107e za prilagodbu sadr\u017eaja na\u0161eg ogla\u0161avanja. Tako\u0111er koristimo kola\u010di\u0107e na na\u0161oj web stranici kako bismo mogli voditi statistiku o tome koliko se web koristi. Kola\u010di\u0107 je tekstualna datoteka koja se sprema na va\u0161 ure\u0111aj kako bi web stranica mogla prepoznati va\u0161 ure\u0111aj. Ovaj kola\u010di\u0107 ne sadr\u017ei nikakve osobne podatke. Postoje dvije vrste kola\u010di\u0107a, trajni i privremeni (tzv. kola\u010di\u0107i sesije). Trajni kola\u010di\u0107i pohranjuju se kao datoteka na va\u0161em ure\u0111aju na du\u017ei period, dok se sesijski kola\u010di\u0107i privremeno postavljaju na va\u0161 ure\u0111aj i koriste se samo dok pregledavate stranicu. Zatim se bri\u0161e. Ako \u017eelite znati kada va\u0161 ure\u0111aj primi kola\u010di\u0107, mo\u017eete postaviti svoj preglednik da vas obavijesti. Na taj na\u010din imate mogu\u0107nost prihvatiti ili odbiti kola\u010di\u0107. Va\u0161 ure\u0111aj se tako\u0111er mo\u017ee postaviti da odbija sve kola\u010di\u0107e. Ako odlu\u010dite ne prihva\u0107ati kola\u010di\u0107e, imajte na umu da neke zna\u010dajke na\u0161ih online usluga vi\u0161e ne\u0107e funkcionirati kako je predvi\u0111eno.<\/p>\n<p><strong>Posebno o pristanku na izravni marketing<\/strong><\/p>\n<p>Pod uvjetom da ste nam dali svoj izri\u010diti pristanak, kontinuirano \u0107emo slati i objavljivati \u200b\u200binformacije i marketing na temelju va\u0161eg profila putem razli\u010ditih digitalnih kontaktnih povr\u0161ina. Mo\u017eete odustati od primanja marketin\u0161kih komunikacija od nas u bilo kojem trenutku klikom na odjavu pretplate u e-poruci ili SMS komunikaciji koju vam \u0161aljemo. Tako\u0111er je mogu\u0107e kontaktirati Icy Lemonade putem info@icylemonade.com za pomo\u0107 pri isklju\u010divanju na\u0161e komunikacije.<\/p>\n<p><strong>Koliko dugo \u010duvamo podatke o vama?<\/strong><\/p>\n<p>Va\u0161i osobni podaci pohranjuju se samo dok postoji potreba za njihovim spremanjem kako bi se ispunile svrhe za koje su podaci prikupljeni. Icy Lemonade mo\u017ee \u010duvati podatke dulje ako je to potrebno radi uskla\u0111ivanja sa zakonskim zahtjevima ili radi za\u0161tite pravnih interesa Icy Lemonadea, npr. ako je pravni proces u tijeku.<\/p>\n<p><strong>S kim mo\u017eemo dijeliti va\u0161e osobne podatke?<\/strong><\/p>\n<p>Va\u0161i osobni podaci mogu se dijeliti s drugim tvrtkama. Ovo su korisnici osobnih podataka Eddbee grupe AB i na\u0161 doprinos[\/vc_column_text][\/vc_column][\/vc_row]\n","protected":false},"excerpt":{"rendered":"<p>[vc_row full_width=&#8221;stretch_row&#8221; content_placement=&#8221;bottom&#8221; wpex_bg_overlay=&#8221;dark&#8221; remove_bottom_col_margin=&#8221;true&#8221; min_height=&#8221;600&#8243; css=&#8221;.vc_custom_1709640379397{background: #5398ce url(https:\/\/icylemonade.com\/wp-content\/uploads\/2023\/02\/IL_IM_EU_00005.jpg?id=306) !important;background-position: center !important;background-repeat: no-repeat !important;background-size: cover !important;}&#8221; wpex_bg_overlay_opacity=&#8221;0.5&#8243;][vc_column][\/vc_column][\/vc_row][vc_row full_width=&#8221;stretch_row&#8221; column_spacing=&#8221;50&#8243; remove_bottom_col_margin=&#8221;true&#8221; css=&#8221;.vc_custom_1694181523405{margin-top: 60px !important;margin-bottom: 60px !important;border-bottom-width: 1px !important;padding-bottom: 60px !important;border-bottom-color: #dddddd !important;border-bottom-style: dashed !important;}&#8221;][vc_column][vc_column_text color=&#8221;#222222&#8243; font_size=&#8221;d:20|pl:18&#8243; font_family=&#8221;Barlow&#8221;]Ova se politika odnosi na Icy Lemonade as ili Eddbee group AB na svim web stranicama. Politika osobnih podataka primjenjuje&hellip;<\/p>\n","protected":false},"author":1,"featured_media":0,"parent":0,"menu_order":0,"comment_status":"closed","ping_status":"closed","template":"","meta":{"footnotes":""},"class_list":["post-2581","page","type-page","status-publish","hentry","entry","no-media"],"_links":{"self":[{"href":"https:\/\/icylemonade.com\/hr\/wp-json\/wp\/v2\/pages\/2581","targetHints":{"allow":["GET"]}}],"collection":[{"href":"https:\/\/icylemonade.com\/hr\/wp-json\/wp\/v2\/pages"}],"about":[{"href":"https:\/\/icylemonade.com\/hr\/wp-json\/wp\/v2\/types\/page"}],"author":[{"embeddable":true,"href":"https:\/\/icylemonade.com\/hr\/wp-json\/wp\/v2\/users\/1"}],"replies":[{"embeddable":true,"href":"https:\/\/icylemonade.com\/hr\/wp-json\/wp\/v2\/comments?post=2581"}],"version-history":[{"count":2,"href":"https:\/\/icylemonade.com\/hr\/wp-json\/wp\/v2\/pages\/2581\/revisions"}],"predecessor-version":[{"id":6068,"href":"https:\/\/icylemonade.com\/hr\/wp-json\/wp\/v2\/pages\/2581\/revisions\/6068"}],"wp:attachment":[{"href":"https:\/\/icylemonade.com\/hr\/wp-json\/wp\/v2\/media?parent=2581"}],"curies":[{"name":"wp","href":"https:\/\/api.w.org\/{rel}","templated":true}]}}