{"id":2269,"date":"2023-09-08T17:12:01","date_gmt":"2023-09-08T15:12:01","guid":{"rendered":"https:\/\/icylemonade.com\/tamogatas\/"},"modified":"2024-03-05T13:05:47","modified_gmt":"2024-03-05T12:05:47","slug":"tamogatas","status":"publish","type":"page","link":"https:\/\/icylemonade.com\/hu\/tamogatas\/","title":{"rendered":"T\u00e1mogat\u00e1s"},"content":{"rendered":"[vc_row full_width=&#8221;stretch_row&#8221; content_placement=&#8221;bottom&#8221; wpex_bg_overlay=&#8221;dark&#8221; remove_bottom_col_margin=&#8221;true&#8221; min_height=&#8221;600&#8243; css=&#8221;.vc_custom_1709201503552{background: #5398ce url(https:\/\/icylemonade.com\/wp-content\/uploads\/2023\/09\/ICY_Slide_00023.jpg?id=1493) !important;background-position: center !important;background-repeat: no-repeat !important;background-size: cover !important;}&#8221; wpex_bg_overlay_opacity=&#8221;0.5&#8243; wpex_bg_position=&#8221;center center&#8221;][vc_column]<style>.vcex_69e5f96622a64{font-size:100px!important;}@media (max-width:767px){.vcex_69e5f96622a64{font-size:40px!important;}}<\/style><div class=\"vcex-heading vcex-module wpex-text-2xl wpex-font-normal wpex-m-auto wpex-max-w-100 vcex-heading-plain wpex-block vc_custom_1694624916252 vcex_69e5f96622a64\" style=\"color:#ffffff;font-family:Barlow;font-weight:900;text-transform:uppercase;\"><span class=\"vcex-heading-inner wpex-inline-block wpex-clr\">T\u00c1MOGAT\u00c1S<\/span><\/div>[\/vc_column][\/vc_row][vc_row full_width=&#8221;stretch_row&#8221; column_spacing=&#8221;50&#8243; remove_bottom_col_margin=&#8221;true&#8221; css=&#8221;.vc_custom_1694181523405{margin-top: 60px !important;margin-bottom: 60px !important;border-bottom-width: 1px !important;padding-bottom: 60px !important;border-bottom-color: #dddddd !important;border-bottom-style: dashed !important;}&#8221;][vc_column width=&#8221;1\/2&#8243;]<style>.vcex_69e5f96626ef2{font-size:60px!important;}@media (max-width:767px){.vcex_69e5f96626ef2{font-size:40px!important;}}<\/style><h2 class=\"vcex-heading vcex-module wpex-text-2xl wpex-font-normal wpex-m-auto wpex-max-w-100 vcex-heading-plain wpex-block vcex_69e5f96626ef2\" style=\"color:var(--wpex-palette-2074-color);font-family:Barlow;font-weight:900;text-transform:uppercase;line-height:1;\"><span class=\"vcex-heading-inner wpex-inline-block wpex-clr\">Ha seg\u00edts\u00e9gre van sz\u00fcks\u00e9ge<\/span><\/h2><div class=\"vcex-spacing wpex-w-100 wpex-clear\" style=\"height:30px;\"><\/div>[vc_column_text color=&#8221;#222222&#8243; font_size=&#8221;d:20|pl:18&#8243; font_family=&#8221;Barlow&#8221;]Icy limon\u00e1d\u00e9 egy \u00faj ingyenes t\u00e1rskeres\u0151 &amp; esem\u00e9ny app. Az alkalmaz\u00e1s teljesen ingyenesen haszn\u00e1lhat\u00f3 a hirdet\u00e9si v\u00e1ltozatunkban. P\u00e1ros\u00edthatsz, cseveghetsz \u00e9s haszn\u00e1lhatod az \u00f6sszes megszokott funkci\u00f3t. Term\u00e9szetesen azon dolgozunk, hogy sz\u00e1mos \u00faj funkci\u00f3val m\u00e9g jobb\u00e1 tegy\u00fck.<\/p>\n<p>Ha t\u00e1mogat\u00e1sra van sz\u00fcks\u00e9ge, vagy visszajelz\u00e9st szeretne adni.<\/p>\n<p>Ezut\u00e1n \u00edrjon e-mailt <strong>a support@icylemonade.com c\u00edm<\/strong> re, vagy tegye fel a k\u00e9rd\u00e9st a k\u00f6z\u00f6ss\u00e9gi m\u00e9di\u00e1nkon.<\/p>\n<p>&nbsp;<\/p>\n<p>&nbsp;[\/vc_column_text][\/vc_column][vc_column width=&#8221;1\/2&#8243;][\/vc_column][\/vc_row]\n","protected":false},"excerpt":{"rendered":"<p>[vc_row full_width=&#8221;stretch_row&#8221; content_placement=&#8221;bottom&#8221; wpex_bg_overlay=&#8221;dark&#8221; remove_bottom_col_margin=&#8221;true&#8221; min_height=&#8221;600&#8243; css=&#8221;.vc_custom_1709201503552{background: #5398ce url(https:\/\/icylemonade.com\/wp-content\/uploads\/2023\/09\/ICY_Slide_00023.jpg?id=1493) !important;background-position: center !important;background-repeat: no-repeat !important;background-size: cover !important;}&#8221; wpex_bg_overlay_opacity=&#8221;0.5&#8243; wpex_bg_position=&#8221;center center&#8221;][vc_column][\/vc_column][\/vc_row][vc_row full_width=&#8221;stretch_row&#8221; column_spacing=&#8221;50&#8243; remove_bottom_col_margin=&#8221;true&#8221; css=&#8221;.vc_custom_1694181523405{margin-top: 60px !important;margin-bottom: 60px !important;border-bottom-width: 1px !important;padding-bottom: 60px !important;border-bottom-color: #dddddd !important;border-bottom-style: dashed !important;}&#8221;][vc_column width=&#8221;1\/2&#8243;][vc_column_text color=&#8221;#222222&#8243; font_size=&#8221;d:20|pl:18&#8243; font_family=&#8221;Barlow&#8221;]Icy limon\u00e1d\u00e9 egy \u00faj ingyenes t\u00e1rskeres\u0151 &amp; esem\u00e9ny app. Az alkalmaz\u00e1s teljesen ingyenesen haszn\u00e1lhat\u00f3 a hirdet\u00e9si v\u00e1ltozatunkban.&hellip;<\/p>\n","protected":false},"author":1,"featured_media":0,"parent":0,"menu_order":0,"comment_status":"closed","ping_status":"closed","template":"","meta":{"footnotes":""},"class_list":["post-2269","page","type-page","status-publish","hentry","entry","no-media"],"_links":{"self":[{"href":"https:\/\/icylemonade.com\/hu\/wp-json\/wp\/v2\/pages\/2269","targetHints":{"allow":["GET"]}}],"collection":[{"href":"https:\/\/icylemonade.com\/hu\/wp-json\/wp\/v2\/pages"}],"about":[{"href":"https:\/\/icylemonade.com\/hu\/wp-json\/wp\/v2\/types\/page"}],"author":[{"embeddable":true,"href":"https:\/\/icylemonade.com\/hu\/wp-json\/wp\/v2\/users\/1"}],"replies":[{"embeddable":true,"href":"https:\/\/icylemonade.com\/hu\/wp-json\/wp\/v2\/comments?post=2269"}],"version-history":[{"count":2,"href":"https:\/\/icylemonade.com\/hu\/wp-json\/wp\/v2\/pages\/2269\/revisions"}],"predecessor-version":[{"id":6045,"href":"https:\/\/icylemonade.com\/hu\/wp-json\/wp\/v2\/pages\/2269\/revisions\/6045"}],"wp:attachment":[{"href":"https:\/\/icylemonade.com\/hu\/wp-json\/wp\/v2\/media?parent=2269"}],"curies":[{"name":"wp","href":"https:\/\/api.w.org\/{rel}","templated":true}]}}