{"id":2371,"date":"2023-09-08T17:13:13","date_gmt":"2023-09-08T15:13:13","guid":{"rendered":"https:\/\/icylemonade.com\/feltetelek\/"},"modified":"2024-02-29T11:30:27","modified_gmt":"2024-02-29T10:30:27","slug":"feltetelek","status":"publish","type":"page","link":"https:\/\/icylemonade.com\/hu\/feltetelek\/","title":{"rendered":"Felt\u00e9telek"},"content":{"rendered":"[vc_row full_width=&#8221;stretch_row&#8221; content_placement=&#8221;bottom&#8221; wpex_bg_overlay=&#8221;dark&#8221; remove_bottom_col_margin=&#8221;true&#8221; min_height=&#8221;600&#8243; css=&#8221;.vc_custom_1709201437842{background: #5398ce url(https:\/\/icylemonade.com\/wp-content\/uploads\/2023\/09\/ICY_Slide_00032.jpg?id=1511) !important;background-position: center !important;background-repeat: no-repeat !important;background-size: cover !important;}&#8221; wpex_bg_overlay_opacity=&#8221;0.5&#8243;][vc_column]<style>.vcex_69e74da657e85{font-size:100px!important;}@media (max-width:767px){.vcex_69e74da657e85{font-size:40px!important;}}<\/style><div class=\"vcex-heading vcex-module wpex-text-2xl wpex-font-normal wpex-m-auto wpex-max-w-100 vcex-heading-plain wpex-block vc_custom_1694192661365 vcex_69e74da657e85\" style=\"color:#ffffff;font-family:Barlow;font-weight:900;text-transform:uppercase;\"><span class=\"vcex-heading-inner wpex-inline-block wpex-clr\">Felt\u00e9telek<\/span><\/div>[\/vc_column][\/vc_row][vc_row full_width=&#8221;stretch_row&#8221; column_spacing=&#8221;50&#8243; remove_bottom_col_margin=&#8221;true&#8221; css=&#8221;.vc_custom_1694181523405{margin-top: 60px !important;margin-bottom: 60px !important;border-bottom-width: 1px !important;padding-bottom: 60px !important;border-bottom-color: #dddddd !important;border-bottom-style: dashed !important;}&#8221;][vc_column]<div class=\"vcex-spacing wpex-w-100 wpex-clear\" style=\"height:30px;\"><\/div>[vc_column_text color=&#8221;#222222&#8243; font_size=&#8221;d:20|pl:18&#8243; font_family=&#8221;Barlow&#8221;]Szeretn\u00e9nk hangs\u00falyozni, hogy a term\u00e9kek\/el\u0151fizet\u00e9sek weboldalunkr\u00f3l t\u00f6rt\u00e9n\u0151 megrendel\u00e9s\u00e9vel \u00d6n elfogadja az \u00e1ltal\u00e1nos szerz\u0151d\u00e9si felt\u00e9teleket. Javasoljuk, hogy nyomtassa ki a szerz\u0151d\u00e9si felt\u00e9teleket, \u00e9s \u0151rizze meg a dokumentumot arra az esetre, ha a j\u00f6v\u0151ben sz\u00fcks\u00e9ge lenne r\u00e1. A www.IcyLemona <a href=\"http:\/\/www.icylemonade.com\/\" target=\"_new\" rel=\"noopener\">de.com<\/a> oldalon t\u00f6rt\u00e9n\u0151 v\u00e1s\u00e1rl\u00e1shoz 17 \u00e9vesnek kell lenned (USA). Fenntartjuk a jogot, hogy t\u00f6r\u00f6lj\u00fck azon szem\u00e9lyek megrendel\u00e9seit, akik helytelen szem\u00e9lyes adatokat adtak meg. Fenntartjuk a jogot az esetlegesen felmer\u00fcl\u0151 \u00e1rhib\u00e1k\u00e9rt.<\/p>\n<p><strong>\u00c1ltal\u00e1ban<\/strong><\/p>\n<p>Az IcyLemonade.com egy t\u00f6bb esem\u00e9nyt \u00e9s t\u00f6bb digit\u00e1lis t\u00e1rskeres\u0151 alkalmaz\u00e1st k\u00edn\u00e1l\u00f3 szolg\u00e1ltat\u00e1s, \u00e9s a sv\u00e9dorsz\u00e1gi EDDBEE GROUP AB z\u00e1szl\u00f3shaj\u00f3ja. A fi\u00f3k ind\u00edt\u00e1sa a <a href=\"http:\/\/www.icylemonade.com\/\" target=\"_new\" rel=\"noopener\">www.IcyLemonade.com weboldal<\/a> on vagy az alkalmaz\u00e1s let\u00f6lt\u00e9s\u00e9vel \u00e9s a fi\u00f3k regisztr\u00e1l\u00e1s\u00e1val t\u00f6rt\u00e9nik, ahol kiv\u00e1lasztja az el\u0151fizet\u00e9st. Annak \u00e9rdek\u00e9ben, hogy biztos lehessen a v\u00e1s\u00e1rl\u00e1s\u00e1ban, b\u00e1rmikor sz\u00edvesen l\u00e1tjuk, ha b\u00e1rmilyen k\u00e9rd\u00e9se van a megrendel\u00e9s\u00e9vel kapcsolatban, forduljon \u00fcgyf\u00e9lszolg\u00e1latunkhoz a <a href=\"mailto:info@icylemonade.com\" target=\"_new\" rel=\"noopener\">info@icylemonade.com<\/a> e-mail c\u00edmen. Ha \u00d6n elkezdte az el\u0151fizet\u00e9st, v\u00e1llalja, hogy figyelemmel k\u00eds\u00e9ri a regisztr\u00e1lt e-mail c\u00edm\u00e9t, mivel az el\u0151fizet\u00e9ssel kapcsolatos minden kommunik\u00e1ci\u00f3 e-mailben t\u00f6rt\u00e9nik.<\/p>\n<p><strong>\u00c1rak \u00e9s fizet\u00e9s<\/strong><\/p>\n<p>Minden \u00e1r amerikai doll\u00e1rban \u00e9rtend\u0151. Amikor a <a href=\"mailto:info@icylemonade.com\" target=\"_new\" rel=\"noopener\">info@icylemonade.com oldalon<\/a> v\u00e1s\u00e1rol, a k\u00e1rty\u00e1s fizet\u00e9st a Google vagy az Apple, egy biztons\u00e1gos elektronikus fizet\u00e9si megold\u00e1s dolgozza fel. Minden k\u00e1rtyaadatot a k\u00e1rtyah\u00e1l\u00f3zatok szab\u00e1lyainak megfelel\u0151en t\u00e1rolunk. A hitelk\u00e1rtya adatait nem t\u00e1roljuk az adatb\u00e1zisunkban, m\u00e9g akkor sem, ha \u00fagy d\u00f6nt, hogy a k\u00e1rty\u00e1t elmenti a j\u00f6v\u0151beli v\u00e1s\u00e1rl\u00e1sokhoz. A Google vagy az Apple t\u00e1rolja. A banksz\u00e1mlakivonat\u00e1n szerepelhet icylemonade.com vagy EDDBEE GROUP AB. A havi el\u0151fizet\u00e9sek kifizet\u00e9se havonta t\u00f6rt\u00e9nik. Ha nem t\u00f6rt\u00e9nik fizet\u00e9s, az el\u0151fizet\u00e9sek ingyenes el\u0151fizet\u00e9sre ker\u00fclnek \u00e1t.<\/p>\n<p><strong>Visszat\u00e9r\u00edt\u00e9si politika<\/strong><\/p>\n<p>Fogyaszt\u00f3k\u00e9nt a t\u00e1vollev\u0151k k\u00f6z\u00f6tt k\u00f6t\u00f6tt szerz\u0151d\u00e9sekr\u0151l sz\u00f3l\u00f3 t\u00f6rv\u00e9ny \u00e9s az \u00fczlethelyis\u00e9gen k\u00edv\u00fcl k\u00f6t\u00f6tt szerz\u0151d\u00e9sek eset\u00e9ben a szolg\u00e1ltat\u00e1s megrendel\u00e9s\u00e9t\u0151l sz\u00e1m\u00edtott 14 nap \u00e1ll rendelkez\u00e9s\u00e9re a felmond\u00e1sra. A felmond\u00e1si jog akkor sz\u0171nik meg, amikor \u00d6n elkezdi a szolg\u00e1ltat\u00e1s haszn\u00e1lat\u00e1t, azaz amikor regisztr\u00e1lta az inform\u00e1ci\u00f3kat (lovak, szolg\u00e1ltat\u00e1sok, felszerel\u00e9s, k\u00e9pz\u00e9s, felhaszn\u00e1l\u00f3k) az el\u0151fizet\u00e9s\u00e9ben. Ha lemondja megrendel\u00e9s\u00e9t, vagy le szeretne mondani egy havi el\u0151fizet\u00e9st, k\u00e9rj\u00fck, l\u00e9pjen kapcsolatba vel\u00fcnk a kapcsolatfelv\u00e9teli \u0171rlapon vagy a megrendel\u00e9s visszaigazol\u00e1s\u00e1ban megadott el\u00e9rhet\u0151s\u00e9geken kereszt\u00fcl. Ezt k\u00f6vet\u0151en azonnal lez\u00e1rjuk a sz\u00e1ml\u00e1j\u00e1t.<\/p>\n<p><strong>Meger\u0151s\u00edt\u00e9s<\/strong><\/p>\n<p>Miut\u00e1n a megrendel\u00e9s\u00e9t megkapta, egy visszaigazol\u00f3 e-mailt k\u00fcld\u00fcnk \u00d6nnek a megrendel\u00e9s r\u00e9szleteivel. Mentsd el a rendel\u00e9s visszaigazol\u00e1s\u00e1t, hogy k\u00e9zn\u00e9l legyen az Icy Lemonade-dal val\u00f3 kapcsolatfelv\u00e9tel eset\u00e9re.<\/p>\n<p><strong>Vita eset\u00e9n<\/strong><\/p>\n<p>Vit\u00e1s esetben a Fogyaszt\u00f3i Jogvit\u00e1k Orsz\u00e1gos Test\u00fclet\u00e9nek (ARN) aj\u00e1nl\u00e1sait k\u00f6vetik.<\/p>\n<p><strong>A felel\u0151ss\u00e9g korl\u00e1toz\u00e1sa<\/strong><\/p>\n<p>A weboldalon kereszt\u00fcl el\u00e9rhet\u0151 valamennyi anyag els\u0151sorban \u00e1ltal\u00e1nos c\u00e9lokat szolg\u00e1l, \u00e9s nem min\u0151s\u00fcl tan\u00e1csad\u00e1snak vagy aj\u00e1nl\u00e1snak. Az inform\u00e1ci\u00f3k nem mindig teljes k\u00f6r\u0171ek vagy naprak\u00e9szek. Hib\u00e1k \u00e9s technikai hi\u00e1nyoss\u00e1gok is el\u0151fordulhatnak.<\/p>\n<p>Az Eddbee Group AB nem felel\u0151s a szolg\u00e1ltat\u00e1son m\u00e1s felhaszn\u00e1l\u00f3k \u00e1ltal k\u00f6zz\u00e9tett inform\u00e1ci\u00f3k\u00e9rt \u00e9s anyagok\u00e9rt (\u00fan. felhaszn\u00e1l\u00f3 \u00e1ltal gener\u00e1lt anyagok). Az Eddbee Groupon tal\u00e1lhat\u00f3 inform\u00e1ci\u00f3k vagy anyagok hib\u00e1i eset\u00e9n forduljon az Eddbee Group \u00fcgyf\u00e9lszolg\u00e1lat\u00e1hoz, ha szeretn\u00e9, hogy az inform\u00e1ci\u00f3kat vagy anyagokat kijav\u00edts\u00e1k vagy elt\u00e1vol\u00edts\u00e1k. Az Eddbee Group AB azonban minden esetben elt\u00e1vol\u00edtja azokat az inform\u00e1ci\u00f3kat vagy anyagokat, amelyek nyilv\u00e1nval\u00f3an s\u00e9rtik m\u00e1s szerz\u0151i jogait, vagy b\u0171ncselekm\u00e9nynek min\u0151s\u00fclnek, ha az Eddbee Group AB t\u00e1j\u00e9koztat\u00e1st kap arr\u00f3l, hogy ilyen inform\u00e1ci\u00f3kat vagy anyagokat terjesztettek a weboldalon.<\/p>\n<p>Az Eddbee Group jogosult az egyes tagok \u00e1ltal megadott inform\u00e1ci\u00f3kat az Eddbee Group \u00e1ltal\u00e1nos profilj\u00e1ban, valamint az Eddbee Group t\u00f6bbi tagj\u00e1nak k\u00fcld\u00f6tt e-mailekben k\u00f6zz\u00e9tenni. Az egyes tagoknak nincs joguk m\u00e1s tagok \u00e1ltal k\u00f6zz\u00e9tett inform\u00e1ci\u00f3kat m\u00e1solni az adott tag \u00e9s az Eddbee Csoport enged\u00e9lye n\u00e9lk\u00fcl. Nem megengedett tov\u00e1bb\u00e1 az Eddbee Csoport egyes tagjainak profiljaira val\u00f3 hivatkoz\u00e1s k\u00fcls\u0151 webhelyeken.<\/p>\n<p>Az Eddbee Group folyamatosan dolgozik az IT-biztons\u00e1gon. Sajnos azonban nem tudjuk garant\u00e1lni, hogy a weboldal mentes a k\u00e1ros \u00f6sszetev\u0151kt\u0151l. Ez\u00e9rt arra k\u00e9rj\u00fck, hogy saj\u00e1t biztons\u00e1ga \u00e9rdek\u00e9ben soha ne ossza meg szem\u00e9lyes adatait \u00fczenetk\u00fcld\u0151 rendszereken kereszt\u00fcl, ne k\u00f6vessen linkeket mag\u00e1n\u00fczeneteken kereszt\u00fcl, \u00e9s ne t\u00f6lts\u00f6n le semmilyen szoftvert. Az Eddbee Group soha nem k\u00e9ri az \u00d6n t\u00e1rsadalombiztos\u00edt\u00e1si sz\u00e1m\u00e1t vagy fizet\u00e9si adatait, mivel mi egy ingyenesen haszn\u00e1lhat\u00f3 szolg\u00e1ltat\u00e1s vagyunk.<\/p>\n<p>Az Eddbee Group nem v\u00e1llal felel\u0151ss\u00e9get a szolg\u00e1ltat\u00e1saink haszn\u00e1lata \u00e1ltal k\u00f6zvetlen\u00fcl vagy k\u00f6zvetve okozott k\u00e1rok\u00e9rt.<\/p>\n<p><strong>Felt\u00e9telek<\/strong><\/p>\n<p>A jelen Meg\u00e1llapod\u00e1s felt\u00e9teleinek megfelel\u0151en \u00e9s kiz\u00e1r\u00f3lag a Szolg\u00e1ltat\u00e1sok haszn\u00e1lat\u00e1nak c\u00e9lj\u00e1b\u00f3l a V\u00e1llalat ezennel korl\u00e1tozott, nem kiz\u00e1r\u00f3lagos, visszavonhat\u00f3, nem al\u00e1\u00edr\u00e1s al\u00e1 nem ruh\u00e1zhat\u00f3, nem \u00e1truh\u00e1zhat\u00f3 licencet biztos\u00edt \u00d6nnek a k\u00f6vetkez\u0151kre:<\/p>\n<p>Telep\u00edtse a mobilalkalmaz\u00e1sok b\u00e1rmelyik\u00e9t vagy mindegyik\u00e9t egy vagy t\u00f6bb olyan mobileszk\u00f6zre, amely az \u00d6n tulajdon\u00e1ban van, az \u00d6n ellen\u0151rz\u00e9se alatt \u00e1ll, \u00e9s megfelel a v\u00e1llalat minim\u00e1lis specifik\u00e1ci\u00f3inak.<br \/>\nTelep\u00edtsen b\u00e1rmely vagy valamennyi asztali alkalmaz\u00e1st egy vagy t\u00f6bb olyan sz\u00e1m\u00edt\u00f3g\u00e9pre, amely az \u00d6n tulajdon\u00e1ban \u00e9s ellen\u0151rz\u00e9se alatt \u00e1ll, \u00e9s amely megfelel a v\u00e1llalat minim\u00e1lis specifik\u00e1ci\u00f3inak.<br \/>\nMegtekintheti, fel\u00fclvizsg\u00e1lhatja \u00e9s haszn\u00e1lhatja az alkalmaz\u00e1sokat \u00e9s a v\u00e1llalat \u00e1ltal biztos\u00edtott \u00f6sszes kapcsol\u00f3d\u00f3 inform\u00e1ci\u00f3t.<br \/>\n\u00d6n beleegyezik, hogy nem f\u00e9r hozz\u00e1 a Szolg\u00e1ltat\u00e1sokhoz, \u00e9s nem is pr\u00f3b\u00e1l hozz\u00e1f\u00e9rni azokhoz m\u00e1s m\u00f3don, mint az Oldalakon vagy az Alkalmaz\u00e1sokon kereszt\u00fcl. \u00d6n kifejezetten beleegyezik, hogy nem f\u00e9r hozz\u00e1 a Szolg\u00e1ltat\u00e1sokhoz, \u00e9s nem is pr\u00f3b\u00e1l hozz\u00e1f\u00e9rni azokhoz semmilyen automatiz\u00e1lt m\u00f3don (bele\u00e9rtve t\u00f6bbek k\u00f6z\u00f6tt szkriptek, botok, nem enged\u00e9lyezett harmadik f\u00e9lt\u0151l sz\u00e1rmaz\u00f3 alkalmaz\u00e1sok, p\u00f3kok vagy l\u00e1nctalpasok haszn\u00e1lat\u00e1val).<\/p>\n<p>\u00d6n v\u00e1llalja, hogy az Alkalmaz\u00e1sok, az Oldalak \u00e9s\/vagy a Szolg\u00e1ltat\u00e1sok haszn\u00e1lat\u00e1val kapcsolatban nem s\u00e9rt meg semmilyen alkalmazand\u00f3 t\u00f6rv\u00e9nyt, rendeletet, szab\u00e1lyt, rendeletet vagy egyezm\u00e9nyt.<\/p>\n<p>\u00d6n nem csatlakozhat az Alkalmaz\u00e1sokhoz, Weboldalakhoz \u00e9s\/vagy Szolg\u00e1ltat\u00e1sokhoz, illetve nem haszn\u00e1lhatja azokat olyan m\u00f3don, amelyet a jelen Felt\u00e9telek kifejezetten nem enged\u00e9lyeznek.<\/p>\n<p>Elt\u00e1vol\u00edt minden tulajdonosi bejelent\u00e9st a szolg\u00e1ltat\u00e1sokr\u00f3l vagy a v\u00e1llalat \u00e1ltal biztos\u00edtott szoftverek (szoftverek) m\u00e1solat\u00e1r\u00f3l.<br \/>\nAz Alkalmaz\u00e1sok, Szolg\u00e1ltat\u00e1sok vagy b\u00e1rmely szoftver m\u00f3dos\u00edt\u00e1s\u00e1t, sz\u00e1rmaz\u00e9kos m\u0171vek l\u00e9trehoz\u00e1s\u00e1t, ford\u00edt\u00e1s\u00e1t, visszafejt\u00e9s\u00e9t, dekompil\u00e1l\u00e1s\u00e1t, sz\u00e9tszerel\u00e9s\u00e9t vagy felt\u00f6r\u00e9s\u00e9t el\u0151id\u00e9zni, enged\u00e9lyezni vagy enged\u00e9lyezni.<br \/>\nAz Alkalmaz\u00e1sok, Szolg\u00e1ltat\u00e1sok vagy b\u00e1rmely szoftver elad\u00e1sa, \u00e1truh\u00e1z\u00e1sa, b\u00e9rbead\u00e1sa, l\u00edzingel\u00e9se, szolg\u00e1ltat\u00e1si irodak\u00e9nt val\u00f3 m\u0171k\u00f6d\u00e9s vagy az Alkalmaz\u00e1sokhoz, Szolg\u00e1ltat\u00e1sokhoz vagy b\u00e1rmely szoftverhez val\u00f3 jogok \u00e1tad\u00e1sa, bele\u00e9rtve, de nem kiz\u00e1r\u00f3lagosan, az allicencia r\u00e9v\u00e9n, b\u00e1rmely m\u00e1s szem\u00e9ly vagy szervezet r\u00e9sz\u00e9re a T\u00e1rsas\u00e1g el\u0151zetes \u00edr\u00e1sbeli hozz\u00e1j\u00e1rul\u00e1sa n\u00e9lk\u00fcl.<br \/>\nHamis, f\u00e9lrevezet\u0151 vagy megt\u00e9veszt\u0151 kijelent\u00e9seket vagy \u00e1ll\u00edt\u00e1sokat tenni a V\u00e1llalattal \u00e9s\/vagy az Alkalmaz\u00e1sokkal, Weboldalakkal vagy Szolg\u00e1ltat\u00e1sokkal kapcsolatban.<br \/>\nAlkalmaz\u00e1sunk vagy szolg\u00e1ltat\u00e1saink tiltott haszn\u00e1lata<\/p>\n<p>Alkalmaz\u00e1sunk vagy szolg\u00e1ltat\u00e1saink haszn\u00e1lat\u00e1val tilos a k\u00f6vetkez\u0151ket tennie:<\/p>\n<p>zaklatni, b\u00e1ntalmazni, s\u00e9rtegetni, b\u00e1ntani, r\u00e1galmazni, becsm\u00e9relni, megf\u00e9leml\u00edteni vagy megk\u00fcl\u00f6nb\u00f6ztetni nem, szexu\u00e1lis ir\u00e1nyults\u00e1g, vall\u00e1s, etnikai hovatartoz\u00e1s, faj, \u00e9letkor, nemzeti sz\u00e1rmaz\u00e1s vagy fogyat\u00e9koss\u00e1g alapj\u00e1n.<br \/>\nHamis vagy f\u00e9lrevezet\u0151 inform\u00e1ci\u00f3k beny\u00fajt\u00e1sa.<br \/>\nM\u00e1sok szem\u00e9lyes adatainak gy\u0171jt\u00e9se vagy nyomon k\u00f6vet\u00e9se.<br \/>\nV\u00edrusok vagy m\u00e1s t\u00edpus\u00fa rosszindulat\u00fa k\u00f3dok felt\u00f6lt\u00e9se vagy tov\u00e1bb\u00edt\u00e1sa, amelyek az alkalmaz\u00e1s m\u0171k\u00f6d\u00e9s\u00e9t vagy szolg\u00e1ltat\u00e1saink m\u0171k\u00f6d\u00e9s\u00e9t b\u00e1rmilyen m\u00f3don befoly\u00e1solj\u00e1k vagy befoly\u00e1solhatj\u00e1k.<br \/>\nMinden illeg\u00e1lis c\u00e9lra.<br \/>\nM\u00e1sok felk\u00e9r\u00e9se jogellenes cselekm\u00e9nyek v\u00e9grehajt\u00e1s\u00e1ra vagy azokban val\u00f3 r\u00e9szv\u00e9telre.<br \/>\nNemzetk\u00f6zi, sz\u00f6vets\u00e9gi, tartom\u00e1nyi vagy \u00e1llami el\u0151\u00edr\u00e1sok, szab\u00e1lyok, t\u00f6rv\u00e9nyek vagy helyi rendeletek megs\u00e9rt\u00e9se.<br \/>\nMegs\u00e9rti vagy megs\u00e9rti a szellemi tulajdonjogainkat vagy m\u00e1sok szellemi tulajdonjogait.<br \/>\nSpam, phishing, pharm, pretext, spider, creep vagy scrape.<br \/>\nb\u00e1rmilyen obszc\u00e9n vagy erk\u00f6lcstelen c\u00e9llal; vagy szolg\u00e1ltat\u00e1saink biztons\u00e1gi funkci\u00f3inak megzavar\u00e1sa vagy megker\u00fcl\u00e9se.<br \/>\nHaszn\u00e1lja az alkalmaz\u00e1sokat, weboldalakat \u00e9s\/vagy szolg\u00e1ltat\u00e1sokat a k\u00f6vetkez\u0151kre:<\/p>\n<p>Olyan illeg\u00e1lis vagy t\u00f6rv\u00e9nytelen, r\u00e1galmaz\u00f3, k\u00e1ros, s\u00e9rt\u0151, gyal\u00e1zkod\u00f3, gy\u0171l\u00f6letkelt\u0151, faji vagy etnikai szempontb\u00f3l s\u00e9rt\u0151 inform\u00e1ci\u00f3kat fejleszteni, l\u00e9trehozni, tov\u00e1bb\u00edtani vagy t\u00e1rolni, amelyek b\u0171ncselekm\u00e9nynek min\u0151s\u00fcl\u0151 magatart\u00e1sra \u00f6szt\u00f6n\u00f6znek.<br \/>\nAz alkalmazand\u00f3 jogszab\u00e1lyok \u00e1ltal nem enged\u00e9lyezett k\u00e9retlen kereskedelmi kommunik\u00e1ci\u00f3.<br \/>\nM\u00f3dos\u00edt\u00e1sok<\/p>\n<p>Az Icy Lemonade fenntartja a jogot a jelen felt\u00e9telek m\u00f3dos\u00edt\u00e1s\u00e1ra. Ez\u00e9rt aj\u00e1nlatos rendszeresen megl\u00e1togatni ezt a weboldalt, hogy elolvassa ezeket a felt\u00e9teleket.<\/p>\n<p>C\u00e9ginform\u00e1ci\u00f3 \u00e9s kapcsolatfelv\u00e9tel<\/p>\n<p>Eddbee group AB, Box 7033, 402 31 G\u00f6teborg, Sv\u00e9dorsz\u00e1g.<\/p>\n<p>info@icyelemonade.com[\/vc_column_text][\/vc_column][\/vc_row]\n","protected":false},"excerpt":{"rendered":"<p>[vc_row full_width=&#8221;stretch_row&#8221; content_placement=&#8221;bottom&#8221; wpex_bg_overlay=&#8221;dark&#8221; remove_bottom_col_margin=&#8221;true&#8221; min_height=&#8221;600&#8243; css=&#8221;.vc_custom_1709201437842{background: #5398ce url(https:\/\/icylemonade.com\/wp-content\/uploads\/2023\/09\/ICY_Slide_00032.jpg?id=1511) !important;background-position: center !important;background-repeat: no-repeat !important;background-size: cover !important;}&#8221; wpex_bg_overlay_opacity=&#8221;0.5&#8243;][vc_column][\/vc_column][\/vc_row][vc_row full_width=&#8221;stretch_row&#8221; column_spacing=&#8221;50&#8243; remove_bottom_col_margin=&#8221;true&#8221; css=&#8221;.vc_custom_1694181523405{margin-top: 60px !important;margin-bottom: 60px !important;border-bottom-width: 1px !important;padding-bottom: 60px !important;border-bottom-color: #dddddd !important;border-bottom-style: dashed !important;}&#8221;][vc_column][vc_column_text color=&#8221;#222222&#8243; font_size=&#8221;d:20|pl:18&#8243; font_family=&#8221;Barlow&#8221;]Szeretn\u00e9nk hangs\u00falyozni, hogy a term\u00e9kek\/el\u0151fizet\u00e9sek weboldalunkr\u00f3l t\u00f6rt\u00e9n\u0151 megrendel\u00e9s\u00e9vel \u00d6n elfogadja az \u00e1ltal\u00e1nos szerz\u0151d\u00e9si felt\u00e9teleket. Javasoljuk, hogy nyomtassa ki a szerz\u0151d\u00e9si&hellip;<\/p>\n","protected":false},"author":1,"featured_media":0,"parent":0,"menu_order":0,"comment_status":"closed","ping_status":"closed","template":"","meta":{"footnotes":""},"class_list":["post-2371","page","type-page","status-publish","hentry","entry","no-media"],"_links":{"self":[{"href":"https:\/\/icylemonade.com\/hu\/wp-json\/wp\/v2\/pages\/2371","targetHints":{"allow":["GET"]}}],"collection":[{"href":"https:\/\/icylemonade.com\/hu\/wp-json\/wp\/v2\/pages"}],"about":[{"href":"https:\/\/icylemonade.com\/hu\/wp-json\/wp\/v2\/types\/page"}],"author":[{"embeddable":true,"href":"https:\/\/icylemonade.com\/hu\/wp-json\/wp\/v2\/users\/1"}],"replies":[{"embeddable":true,"href":"https:\/\/icylemonade.com\/hu\/wp-json\/wp\/v2\/comments?post=2371"}],"version-history":[{"count":8,"href":"https:\/\/icylemonade.com\/hu\/wp-json\/wp\/v2\/pages\/2371\/revisions"}],"predecessor-version":[{"id":2496,"href":"https:\/\/icylemonade.com\/hu\/wp-json\/wp\/v2\/pages\/2371\/revisions\/2496"}],"wp:attachment":[{"href":"https:\/\/icylemonade.com\/hu\/wp-json\/wp\/v2\/media?parent=2371"}],"curies":[{"name":"wp","href":"https:\/\/api.w.org\/{rel}","templated":true}]}}