{"id":2600,"date":"2023-09-08T17:13:19","date_gmt":"2023-09-08T15:13:19","guid":{"rendered":"https:\/\/icylemonade.com\/adatvedelmi-szabalyzat\/"},"modified":"2024-03-05T13:07:25","modified_gmt":"2024-03-05T12:07:25","slug":"adatvedelmi-szabalyzat","status":"publish","type":"page","link":"https:\/\/icylemonade.com\/hu\/adatvedelmi-szabalyzat\/","title":{"rendered":"Adatv\u00e9delmi szab\u00e1lyzat"},"content":{"rendered":"[vc_row full_width=&#8221;stretch_row&#8221; content_placement=&#8221;bottom&#8221; wpex_bg_overlay=&#8221;dark&#8221; remove_bottom_col_margin=&#8221;true&#8221; min_height=&#8221;600&#8243; css=&#8221;.vc_custom_1709640379397{background: #5398ce url(https:\/\/icylemonade.com\/wp-content\/uploads\/2023\/02\/IL_IM_EU_00005.jpg?id=306) !important;background-position: center !important;background-repeat: no-repeat !important;background-size: cover !important;}&#8221; wpex_bg_overlay_opacity=&#8221;0.5&#8243;][vc_column]<style>.vcex_69e615ef02ad1{font-size:100px!important;}@media (max-width:767px){.vcex_69e615ef02ad1{font-size:40px!important;}}<\/style><div class=\"vcex-heading vcex-module wpex-text-2xl wpex-font-normal wpex-m-auto wpex-max-w-100 vcex-heading-plain wpex-block vc_custom_1694192734901 vcex_69e615ef02ad1\" style=\"color:#ffffff;font-family:Barlow;font-weight:900;text-transform:uppercase;\"><span class=\"vcex-heading-inner wpex-inline-block wpex-clr\">Adatv\u00e9delmi szab\u00e1lyzat<\/span><\/div>[\/vc_column][\/vc_row][vc_row full_width=&#8221;stretch_row&#8221; column_spacing=&#8221;50&#8243; remove_bottom_col_margin=&#8221;true&#8221; css=&#8221;.vc_custom_1694181523405{margin-top: 60px !important;margin-bottom: 60px !important;border-bottom-width: 1px !important;padding-bottom: 60px !important;border-bottom-color: #dddddd !important;border-bottom-style: dashed !important;}&#8221;][vc_column]<div class=\"vcex-spacing wpex-w-100 wpex-clear\" style=\"height:30px;\"><\/div>[vc_column_text color=&#8221;#222222&#8243; font_size=&#8221;d:20|pl:18&#8243; font_family=&#8221;Barlow&#8221;]Ez a szab\u00e1lyzat az Icy Lemonade, mint vagy Eddbee csoport AB-re vonatkozik minden weboldalon. A szem\u00e9lyes adatokra vonatkoz\u00f3 ir\u00e1nyelvek akkor alkalmazand\u00f3k, amikor az Icy Lemonade szolg\u00e1ltat\u00e1sokat \u00e9s term\u00e9keket ny\u00fajt a v\u00e1s\u00e1rl\u00e1ssal, \u00fcgyf\u00e9lszolg\u00e1lati k\u00e9rd\u00e9sekkel, az Icy Lemonade-dal val\u00f3 egy\u00e9b kapcsolattart\u00e1ssal \u00e9s a weboldal l\u00e1togat\u00e1s\u00e1val kapcsolatban.<\/p>\n<p><strong>Az \u00d6n szem\u00e9lyes adatai fontosak sz\u00e1munkra<\/strong><\/p>\n<p>Az Icy Lemonade szem\u00e9lyes adatokat gy\u0171jt \u00e9s dolgoz fel \u00d6nr\u0151l, amikor \u00d6n megl\u00e1togatja valamelyik weboldalunkat, vagy v\u00e1s\u00e1rl\u00e1st hajt v\u00e9gre rajta, illetve amikor e-mailben vagy a k\u00f6z\u00f6ss\u00e9gi m\u00e9di\u00e1n kereszt\u00fcl kapcsolatba l\u00e9p az Icy Lemonade-dal. Az Icy Lemonade v\u00e9di az \u00d6n mag\u00e1n\u00e9let\u00e9t, \u00e9s elk\u00f6telezett a magas szint\u0171 adatv\u00e9delem mellett. Ez az adatv\u00e9delmi szab\u00e1lyzat elmagyar\u00e1zza, hogy mi\u00e9rt \u00e9s hogyan gy\u0171jtj\u00fck \u00e9s haszn\u00e1ljuk az \u00d6n szem\u00e9lyes adatait. Emellett ismerteti az \u00d6n jogait \u00e9s azt is, hogyan \u00e9rv\u00e9nyes\u00edtheti azokat. Fontos sz\u00e1munkra, hogy az \u00d6n mint \u00fcgyf\u00e9l \u00e9s olvas\u00f3 \u00e1ltal r\u00e1nk b\u00edzott szem\u00e9lyes adatokat k\u00f6r\u00fcltekint\u0151en, felel\u0151ss\u00e9gteljesen, \u00e1tl\u00e1that\u00f3an \u00e9s jogszer\u0171en kezelj\u00fck.<\/p>\n<p><strong>Ki a felel\u0151s az \u00e1ltalunk gy\u0171jt\u00f6tt adatok\u00e9rt?<\/strong><\/p>\n<p>Az Icy Lemonade az adatkezel\u0151 az \u00d6n szem\u00e9lyes adatainak az Icy Lemonade \u00e1ltali feldolgoz\u00e1s\u00e1\u00e9rt, \u00e9s felel\u0151s az\u00e9rt, hogy az ilyen feldolgoz\u00e1s az alkalmazand\u00f3 jogszab\u00e1lyoknak megfelel\u0151en t\u00f6rt\u00e9njen.<\/p>\n<p><strong>Mi a szem\u00e9lyes inform\u00e1ci\u00f3?<\/strong><\/p>\n<p>Szem\u00e9lyes adatnak min\u0151s\u00fcl minden olyan inform\u00e1ci\u00f3, amely k\u00f6zvetlen\u00fcl vagy k\u00f6zvetve egy \u00e9l\u0151 term\u00e9szetes szem\u00e9lyhez k\u00f6thet\u0151. A szem\u00e9lyes adatok k\u00f6z\u00e9 tartozik p\u00e9ld\u00e1ul a n\u00e9v, az e-mail c\u00edm, a telefonsz\u00e1m \u00e9s a szem\u00e9lyi azonos\u00edt\u00f3 sz\u00e1m. A k\u00e9pek \u00e9s hangfelv\u00e9telek szint\u00e9n szem\u00e9lyes adatoknak min\u0151s\u00fclnek, m\u00e9g akkor is, ha nem szerepelnek nevek. A titkos\u00edtott adatok \u00e9s a k\u00fcl\u00f6nb\u00f6z\u0151 t\u00edpus\u00fa elektronikus azonos\u00edt\u00f3k (pl. IP-sz\u00e1mok) szem\u00e9lyes adatoknak min\u0151s\u00fclnek, ha term\u00e9szetes szem\u00e9lyekhez kapcsolhat\u00f3k.<\/p>\n<p><strong>Honnan sz\u00e1rmaznak az \u00d6n szem\u00e9lyes adatai?<\/strong><\/p>\n<p>Az \u00d6nre vonatkoz\u00f3 szem\u00e9lyes adatok f\u0151 forr\u00e1sa \u00d6n maga, p\u00e9ld\u00e1ul az \u00d6n \u00e1ltal a feliratkoz\u00e1skor, az e-mailes kapcsolatfelv\u00e9telkor \u00e9s az e-mail fogad\u00e1sakor\/v\u00e1laszol\u00e1sakor megadott adatok. Szem\u00e9lyes adatok a weboldalunkon tal\u00e1lhat\u00f3 inform\u00e1ci\u00f3k olvas\u00e1sa, a szolg\u00e1ltat\u00e1sok ig\u00e9nybev\u00e9tele \u00e9s a vel\u00fcnk val\u00f3 kommunik\u00e1ci\u00f3 sor\u00e1n is keletkeznek. P\u00e9ld\u00e1ul elmenthetj\u00fck a l\u00e1togat\u00f3kat, a forgalmi adatokat \u00e9s egy\u00e9b kommunik\u00e1ci\u00f3s adatokat. Ilyen szem\u00e9lyes adat p\u00e9ld\u00e1ul az \u00d6n IP-c\u00edme. Ezeket az inform\u00e1ci\u00f3kat \u00fagynevezett cookie-kon kereszt\u00fcl gy\u0171jtj\u00fck, \u00e9s arra haszn\u00e1ljuk, hogy megismerj\u00fck \u00d6nt, \u00e9s \u00edgy relev\u00e1ns inform\u00e1ci\u00f3kat tudunk \u00d6nnek c\u00e9lzottan megadni. Ehhez sz\u00fcks\u00e9g\u00fcnk van az \u00d6n hozz\u00e1j\u00e1rul\u00e1s\u00e1ra. Ezt \u00fagy teheti meg, hogy weboldalunk l\u00e1togat\u00e1sakor elfogadja a s\u00fctiket.<\/p>\n<p><strong>P\u00e9ld\u00e1k az \u00d6nr\u0151l gy\u0171jt\u00f6tt szem\u00e9lyes adatokra, ha sz\u00fcks\u00e9g\u00fcnk van r\u00e1juk<\/strong><\/p>\n<p>Kereszt- \u00e9s vezet\u00e9kn\u00e9v. Sz\u00fclet\u00e9si d\u00e1tum, nem, \u00e1llampolg\u00e1rs\u00e1g, foglalkoz\u00e1s\/munkahely\/k\u00e9pz\u00e9s, sz\u00fclet\u00e9si hely. T\u00e1rsadalombiztos\u00edt\u00e1si sz\u00e1m (csak \u00e9ves b\u00e9rlet v\u00e1s\u00e1rl\u00e1sa eset\u00e9n). C\u00edmellen\u0151rz\u00e9s a SPAR ellen\u00e9ben. El\u00e9rhet\u0151s\u00e9gek (c\u00edm, e-mail c\u00edm \u00e9s telefonsz\u00e1m). V\u00e1s\u00e1rl\u00e1si inform\u00e1ci\u00f3k (pl. melyik term\u00e9ket\/el\u0151fizet\u00e9st rendelt\u00e9k meg). Ev. jegyzetek, amelyeket \u00fagy d\u00f6nt, hogy elhagy. Panaszokkal kapcsolatos levelez\u00e9s.<\/p>\n<p><strong>Az Icy Lemonade-ban t\u00f6rt\u00e9nt v\u00e1s\u00e1rl\u00e1sok t\u00f6rt\u00e9nete. S\u00fctik<\/strong><\/p>\n<p>A cookie-k seg\u00edts\u00e9g\u00e9vel a felhaszn\u00e1l\u00f3 b\u00f6ng\u00e9sz\u00e9si szok\u00e1sait lehet l\u00e1tni\/k\u00f6vetni. A s\u00fctiket arra haszn\u00e1ljuk, hogy l\u00e1togat\u00f3k\u00e9nt hozz\u00e1f\u00e9r\u00e9st biztos\u00edtsunk \u00d6nnek k\u00fcl\u00f6nb\u00f6z\u0151 funkci\u00f3khoz, valamint a h\u00edrlev\u00e9l tartalm\u00e1nak testreszab\u00e1s\u00e1hoz. S\u00fctiket haszn\u00e1lunk a hirdet\u00e9seink tartalm\u00e1nak szem\u00e9lyre szab\u00e1s\u00e1hoz. Weboldalunkon s\u00fctiket is haszn\u00e1lunk, hogy statisztik\u00e1t vezethess\u00fcnk a web haszn\u00e1lat\u00e1r\u00f3l. A cookie egy olyan sz\u00f6veges f\u00e1jl, amelyet az \u00d6n eszk\u00f6z\u00e9n t\u00e1rolnak, hogy a weboldal felismerje az \u00d6n eszk\u00f6z\u00e9t. Ez a s\u00fcti nem tartalmaz szem\u00e9lyes adatokat. A s\u00fctiknek k\u00e9t t\u00edpusa van, az \u00e1lland\u00f3 \u00e9s az ideiglenes (\u00fan. munkamenet s\u00fctik). Az \u00e1lland\u00f3 s\u00fctiket f\u00e1jlk\u00e9nt t\u00e1rolj\u00e1k az \u00d6n eszk\u00f6z\u00e9n hosszabb ideig, m\u00edg a munkamenet s\u00fctiket ideiglenesen helyezik el az eszk\u00f6z\u00e9n, \u00e9s csak a webhely b\u00f6ng\u00e9sz\u00e9s\u00e9nek ideje alatt haszn\u00e1lj\u00e1k. T\u00f6rl\u00e9sre ker\u00fcl. Ha szeretn\u00e9 tudni, hogy az eszk\u00f6ze mikor kap s\u00fctit, be\u00e1ll\u00edthatja, hogy a b\u00f6ng\u00e9sz\u0151je \u00e9rtes\u00edtse err\u0151l. Ez lehet\u0151v\u00e9 teszi, hogy elfogadja vagy elutas\u00edtsa a cookie-kat. Az \u00d6n eszk\u00f6ze \u00fagy is be\u00e1ll\u00edthat\u00f3, hogy minden cookie-t elutas\u00edtson. Ha \u00fagy d\u00f6nt, hogy nem fogadja el a s\u00fctiket, k\u00e9rj\u00fck, vegye figyelembe, hogy online szolg\u00e1ltat\u00e1saink egyes funkci\u00f3i nem fognak rendeltet\u00e9sszer\u0171en m\u0171k\u00f6dni.<\/p>\n<p><strong>K\u00fcl\u00f6n\u00f6sen a direkt marketinghez val\u00f3 hozz\u00e1j\u00e1rul\u00e1sr\u00f3l<\/strong><\/p>\n<p>Amennyiben \u00d6n kifejezett hozz\u00e1j\u00e1rul\u00e1s\u00e1t adta, rendszeresen k\u00fcld\u00fcnk \u00e9s tesz\u00fcnk k\u00f6zz\u00e9 az \u00d6n profilj\u00e1n alapul\u00f3 inform\u00e1ci\u00f3kat \u00e9s marketinget k\u00fcl\u00f6nb\u00f6z\u0151 digit\u00e1lis kommunik\u00e1ci\u00f3s csatorn\u00e1kon kereszt\u00fcl. \u00d6n b\u00e1rmikor lemondhat a t\u0151l\u00fcnk \u00e9rkez\u0151 marketingk\u00f6zlem\u00e9nyekr\u0151l, ha az \u00e1ltalunk k\u00fcld\u00f6tt e-mailben vagy SMS-ben a leiratkoz\u00e1s gombra kattint. Lehet\u0151s\u00e9g van arra is, hogy a info@icylemonade.com c\u00edmen kereszt\u00fcl kapcsolatba l\u00e9pjen az Icy Lemonade-dal, \u00e9s seg\u00edts\u00e9get k\u00e9rjen a kommunik\u00e1ci\u00f3nk visszautas\u00edt\u00e1s\u00e1ban.<\/p>\n<p><strong>Mennyi ideig \u0151rizz\u00fck meg az \u00d6n adatait?<\/strong><\/p>\n<p>Az \u00d6n szem\u00e9lyes adatait csak addig t\u00e1roljuk, ameddig az adatgy\u0171jt\u00e9s c\u00e9ljainak teljes\u00edt\u00e9s\u00e9hez sz\u00fcks\u00e9ges. Az Icy Lemonade hosszabb ideig is meg\u0151rizheti az adatokat, ha ez sz\u00fcks\u00e9ges a jogi k\u00f6vetelm\u00e9nyeknek val\u00f3 megfelel\u00e9shez vagy az Icy Lemonade jogi \u00e9rdekeinek v\u00e9delm\u00e9hez, pl. ha jogi elj\u00e1r\u00e1s van folyamatban.<\/p>\n<p><strong>Kivel oszthatjuk meg az \u00d6n szem\u00e9lyes adatait?<\/strong><\/p>\n<p>Az \u00d6n szem\u00e9lyes adatai megoszthat\u00f3k m\u00e1s v\u00e1llalatokkal. Ezek az Eddbee group AB szem\u00e9lyes adatai az \u00fcgyfelek \u00e9s a mi hozz\u00e1j\u00e1rul\u00e1sunk.[\/vc_column_text][\/vc_column][\/vc_row]\n","protected":false},"excerpt":{"rendered":"<p>[vc_row full_width=&#8221;stretch_row&#8221; content_placement=&#8221;bottom&#8221; wpex_bg_overlay=&#8221;dark&#8221; remove_bottom_col_margin=&#8221;true&#8221; min_height=&#8221;600&#8243; css=&#8221;.vc_custom_1709640379397{background: #5398ce url(https:\/\/icylemonade.com\/wp-content\/uploads\/2023\/02\/IL_IM_EU_00005.jpg?id=306) !important;background-position: center !important;background-repeat: no-repeat !important;background-size: cover !important;}&#8221; wpex_bg_overlay_opacity=&#8221;0.5&#8243;][vc_column][\/vc_column][\/vc_row][vc_row full_width=&#8221;stretch_row&#8221; column_spacing=&#8221;50&#8243; remove_bottom_col_margin=&#8221;true&#8221; css=&#8221;.vc_custom_1694181523405{margin-top: 60px !important;margin-bottom: 60px !important;border-bottom-width: 1px !important;padding-bottom: 60px !important;border-bottom-color: #dddddd !important;border-bottom-style: dashed !important;}&#8221;][vc_column][vc_column_text color=&#8221;#222222&#8243; font_size=&#8221;d:20|pl:18&#8243; font_family=&#8221;Barlow&#8221;]Ez a szab\u00e1lyzat az Icy Lemonade, mint vagy Eddbee csoport AB-re vonatkozik minden weboldalon. A szem\u00e9lyes adatokra vonatkoz\u00f3 ir\u00e1nyelvek akkor&hellip;<\/p>\n","protected":false},"author":1,"featured_media":0,"parent":0,"menu_order":0,"comment_status":"closed","ping_status":"closed","template":"","meta":{"footnotes":""},"class_list":["post-2600","page","type-page","status-publish","hentry","entry","no-media"],"_links":{"self":[{"href":"https:\/\/icylemonade.com\/hu\/wp-json\/wp\/v2\/pages\/2600","targetHints":{"allow":["GET"]}}],"collection":[{"href":"https:\/\/icylemonade.com\/hu\/wp-json\/wp\/v2\/pages"}],"about":[{"href":"https:\/\/icylemonade.com\/hu\/wp-json\/wp\/v2\/types\/page"}],"author":[{"embeddable":true,"href":"https:\/\/icylemonade.com\/hu\/wp-json\/wp\/v2\/users\/1"}],"replies":[{"embeddable":true,"href":"https:\/\/icylemonade.com\/hu\/wp-json\/wp\/v2\/comments?post=2600"}],"version-history":[{"count":2,"href":"https:\/\/icylemonade.com\/hu\/wp-json\/wp\/v2\/pages\/2600\/revisions"}],"predecessor-version":[{"id":6069,"href":"https:\/\/icylemonade.com\/hu\/wp-json\/wp\/v2\/pages\/2600\/revisions\/6069"}],"wp:attachment":[{"href":"https:\/\/icylemonade.com\/hu\/wp-json\/wp\/v2\/media?parent=2600"}],"curies":[{"name":"wp","href":"https:\/\/api.w.org\/{rel}","templated":true}]}}