{"id":2444,"date":"2023-09-08T17:13:13","date_gmt":"2023-09-08T15:13:13","guid":{"rendered":"https:\/\/icylemonade.com\/skilmalar\/"},"modified":"2024-02-29T11:30:27","modified_gmt":"2024-02-29T10:30:27","slug":"skilmalar","status":"publish","type":"page","link":"https:\/\/icylemonade.com\/is\/skilmalar\/","title":{"rendered":"Skilm\u00e1lar"},"content":{"rendered":"[vc_row full_width=&#8221;stretch_row&#8221; content_placement=&#8221;bottom&#8221; wpex_bg_overlay=&#8221;dark&#8221; remove_bottom_col_margin=&#8221;true&#8221; min_height=&#8221;600&#8243; css=&#8221;.vc_custom_1709201437842{background: #5398ce url(https:\/\/icylemonade.com\/wp-content\/uploads\/2023\/09\/ICY_Slide_00032.jpg?id=1511) !important;background-position: center !important;background-repeat: no-repeat !important;background-size: cover !important;}&#8221; wpex_bg_overlay_opacity=&#8221;0.5&#8243;][vc_column]<style>.vcex_69e4b18e71fe1{font-size:100px!important;}@media (max-width:767px){.vcex_69e4b18e71fe1{font-size:40px!important;}}<\/style><div class=\"vcex-heading vcex-module wpex-text-2xl wpex-font-normal wpex-m-auto wpex-max-w-100 vcex-heading-plain wpex-block vc_custom_1694192661365 vcex_69e4b18e71fe1\" style=\"color:#ffffff;font-family:Barlow;font-weight:900;text-transform:uppercase;\"><span class=\"vcex-heading-inner wpex-inline-block wpex-clr\">Skilm\u00e1lar<\/span><\/div>[\/vc_column][\/vc_row][vc_row full_width=&#8221;stretch_row&#8221; column_spacing=&#8221;50&#8243; remove_bottom_col_margin=&#8221;true&#8221; css=&#8221;.vc_custom_1694181523405{margin-top: 60px !important;margin-bottom: 60px !important;border-bottom-width: 1px !important;padding-bottom: 60px !important;border-bottom-color: #dddddd !important;border-bottom-style: dashed !important;}&#8221;][vc_column]<div class=\"vcex-spacing wpex-w-100 wpex-clear\" style=\"height:30px;\"><\/div>[vc_column_text color=&#8221;#222222&#8243; font_size=&#8221;d:20|pl:18&#8243; font_family=&#8221;Barlow&#8221;]Vi\u00f0 viljum leggja \u00e1herslu \u00e1 a\u00f0 \u00fe\u00fa sam\u00feykkir skilm\u00e1lana me\u00f0 \u00fev\u00ed a\u00f0 panta v\u00f6rur \/ \u00e1skrift af vefs\u00ed\u00f0u okkar. Vi\u00f0 m\u00e6lum me\u00f0 a\u00f0 \u00fe\u00fa prentar \u00fat skilm\u00e1lana og vistir skjali\u00f0 ef \u00fe\u00fa \u00fearft \u00e1 \u00fev\u00ed a\u00f0 halda \u00ed framt\u00ed\u00f0inni. Til a\u00f0 versla \u00e1 <a href=\"http:\/\/www.icylemonade.com\/\" target=\"_new\" rel=\"noopener\">www.IcyLemonade.com<\/a> ver\u00f0ur \u00fe\u00fa a\u00f0 vera 17 \u00e1ra (Bandar\u00edkjunum). Vi\u00f0 \u00e1skiljum okkur r\u00e9tt til a\u00f0 h\u00e6tta vi\u00f0 pantanir fr\u00e1 f\u00f3lki sem hefur gefi\u00f0 upp rangar pers\u00f3nuuppl\u00fdsingar. Vi\u00f0 \u00e1skiljum okkur r\u00e9tt fyrir ver\u00f0skekkjum sem kunna a\u00f0 koma upp.<\/p>\n<p><strong>Almennt<\/strong><\/p>\n<p>IcyLemonade.com er fj\u00f6lvi\u00f0bur\u00f0a- og fj\u00f6lstafr\u00e6n stefnum\u00f3taapp\u00fej\u00f3nusta og er flaggskip EDDBEE GROUP AB \u00ed Sv\u00ed\u00fej\u00f3\u00f0. A\u00f0 stofna reikninginn \u00feinn er ger\u00f0ur me\u00f0 \u00fev\u00ed a\u00f0 fara \u00e1 <a href=\"http:\/\/www.icylemonade.com\/\" target=\"_new\" rel=\"noopener\">www.IcyLemonade.com<\/a> e\u00f0a hla\u00f0a ni\u00f0ur appinu og skr\u00e1 reikninginn \u00feinn, \u00fear sem \u00fe\u00fa velur \u00e1skrift. Til \u00feess a\u00f0 \u00fe\u00e9r l\u00ed\u00f0i \u00f6ryggi \u00ed kaupunum \u00fe\u00ednum er \u00fe\u00e9r alltaf velkomi\u00f0 a\u00f0 hafa samband vi\u00f0 \u00fej\u00f3nustuver okkar og \u00fej\u00f3nustuver me\u00f0 t\u00f6lvup\u00f3sti <a href=\"mailto:info@icylemonade.com\" target=\"_new\" rel=\"noopener\">info@icylemonade.com<\/a> ef \u00fe\u00fa hefur spurningar um p\u00f6ntunina \u00fe\u00edna. Eftir a\u00f0 \u00fe\u00fa hefur hafi\u00f0 \u00e1skrift \u00fe\u00edna sam\u00feykkir \u00fe\u00fa a\u00f0 fylgjast me\u00f0 skr\u00e1\u00f0a netfanginu \u00fe\u00ednu \u00fear sem \u00f6ll samskipti var\u00f0andi \u00e1skriftina \u00fe\u00edna ver\u00f0a me\u00f0 t\u00f6lvup\u00f3sti.<\/p>\n<p><strong>Ver\u00f0 og grei\u00f0sla<\/strong><\/p>\n<p>\u00d6ll ver\u00f0 eru \u00ed Bandar\u00edkjad\u00f6lum. \u00deegar \u00fe\u00fa verslar \u00e1 <a href=\"mailto:info@icylemonade.com\" target=\"_new\" rel=\"noopener\">info@icylemonade.com<\/a> er kortagrei\u00f0slan unnin af Google e\u00f0a Apple, \u00f6rugg rafr\u00e6n grei\u00f0slulausn. Allar kortauppl\u00fdsingar eru geymdar \u00ed samr\u00e6mi vi\u00f0 reglur kortanetanna. Engin kreditkortag\u00f6gn eru geymd \u00ed gagnagrunninum okkar, jafnvel \u00fe\u00f3 \u00fe\u00fa veljir a\u00f0 vista korti\u00f0 fyrir framt\u00ed\u00f0arkaup. \u00dea\u00f0 er geymt af Google e\u00f0a Apple. Bankayfirliti\u00f0 \u00feitt g\u00e6ti sagt icylemonade.com e\u00f0a EDDBEE GROUP AB. Grei\u00f0sla fyrir m\u00e1na\u00f0arlega \u00e1skrift fer fram m\u00e1na\u00f0arlega. Ef ekki er greitt flytjast \u00e1skriftirnar yfir \u00ed \u00f3keypis \u00e1skrift.<\/p>\n<p><strong>Skilareglur<\/strong><\/p>\n<p>Sem neytandi hefur \u00fe\u00fa 14 daga til a\u00f0 skipta um sko\u00f0un samkv\u00e6mt l\u00f6gum um fjarsamninga og samningum utan atvinnuh\u00fasn\u00e6\u00f0is fr\u00e1 \u00fev\u00ed \u00fe\u00fa panta\u00f0ir \u00fej\u00f3nustuna. R\u00e9ttur til afturk\u00f6llunar fellur ni\u00f0ur \u00feegar \u00fe\u00fa byrjar a\u00f0 nota \u00fej\u00f3nustuna, \u00fe.e. \u00feegar \u00fe\u00fa hefur skr\u00e1\u00f0ar uppl\u00fdsingar (hestar, \u00fej\u00f3nusta, b\u00fana\u00f0ur, \u00fej\u00e1lfun, notendur) \u00ed \u00e1skriftinni \u00feinni. Ef \u00fe\u00fa h\u00e6ttir vi\u00f0 p\u00f6ntunina \u00fe\u00edna e\u00f0a vilt segja upp m\u00e1na\u00f0ar\u00e1skrift, vinsamlegast haf\u00f0u samband vi\u00f0 okkur \u00ed gegnum snertingarey\u00f0ubla\u00f0i\u00f0 e\u00f0a tengili\u00f0auppl\u00fdsingarnar sem \u00fe\u00fa f\u00e9kkst \u00ed gegnum p\u00f6ntunarsta\u00f0festinguna. Vi\u00f0 munum s\u00ed\u00f0an loka reikningnum \u00fe\u00ednum strax.<\/p>\n<p><strong>Sta\u00f0festing<\/strong><\/p>\n<p>\u00deegar p\u00f6ntunin \u00fe\u00edn hefur veri\u00f0 m\u00f3ttekin ver\u00f0ur sta\u00f0festingarp\u00f3stur sendur til \u00fe\u00edn me\u00f0 uppl\u00fdsingum um p\u00f6ntunina \u00fe\u00edna. Vista\u00f0u p\u00f6ntunarsta\u00f0festinguna til a\u00f0 hafa vi\u00f0 h\u00f6ndina ef \u00fe\u00fa hefur samband vi\u00f0 Icy Lemonade.<\/p>\n<p><strong>Ef \u00e1greiningur er um<\/strong><\/p>\n<p>Komi upp \u00e1greiningur er fari\u00f0 eftir tilm\u00e6lum neytendam\u00e1lanefndar (ARN).<\/p>\n<p><strong>Takm\u00f6rkun \u00e1byrg\u00f0ar<\/strong><\/p>\n<p>Allt efni sem er a\u00f0gengilegt \u00ed gegnum vefs\u00ed\u00f0una er fyrst og fremst \u00e6tla\u00f0 til almennra nota og felur ekki \u00ed s\u00e9r r\u00e1\u00f0leggingar e\u00f0a r\u00e1\u00f0leggingar. Uppl\u00fdsingarnar eru ekki alltaf t\u00e6mandi e\u00f0a uppf\u00e6r\u00f0ar. Villur og t\u00e6knilegir annmarkar geta einnig komi\u00f0 upp.<\/p>\n<p>Eddbee Group AB ber ekki \u00e1byrg\u00f0 \u00e1 uppl\u00fdsingum og efni um \u00fej\u00f3nustuna sem a\u00f0rir notendur birta (svokalla\u00f0 notendamynda\u00f0 efni). Ef um villur er a\u00f0 r\u00e6\u00f0a \u00ed uppl\u00fdsingum e\u00f0a efni \u00e1 Eddbee Group, \u00e6ttir \u00fe\u00fa a\u00f0 hafa samband vi\u00f0 Eddbee Group Support ef \u00fe\u00fa vilt a\u00f0 uppl\u00fdsingarnar e\u00f0a efni\u00f0 ver\u00f0i lei\u00f0r\u00e9tt e\u00f0a fjarl\u00e6gt. Hins vegar fjarl\u00e6gir Eddbee Group AB alltaf uppl\u00fdsingar e\u00f0a efni sem br\u00fdtur greinilega \u00ed b\u00e1ga vi\u00f0 h\u00f6fundarr\u00e9tt einhvers annars e\u00f0a er refsivert ef Eddbee Group AB f\u00e6r uppl\u00fdsingar um mi\u00f0lun sl\u00edkra uppl\u00fdsinga e\u00f0a efnis \u00e1 vefs\u00ed\u00f0unni.<\/p>\n<p>Eddbee Group hefur r\u00e9tt til a\u00f0 birta uppl\u00fdsingarnar sem hver og einn me\u00f0limur skr\u00e1ir \u00ed opinberum pr\u00f3f\u00edl s\u00ednum \u00e1 Eddbee Group sem og \u00ed t\u00f6lvup\u00f3sti til annarra Eddbee Group me\u00f0lima. Einstakur me\u00f0limur hefur ekki r\u00e9tt til a\u00f0 afrita uppl\u00fdsingar sem a\u00f0rir me\u00f0limir hafa birt \u00e1n leyfis vi\u00f0komandi me\u00f0lims og Eddbee Group. \u00dea\u00f0 er heldur ekki leyfilegt a\u00f0 tengja \u00e1 tiltekna me\u00f0limapr\u00f3f\u00edla \u00e1 Eddbee Group \u00e1 ytri vefs\u00ed\u00f0um.<\/p>\n<p>Eddbee Group vinnur st\u00f6\u00f0ugt me\u00f0 uppl\u00fdsingat\u00e6kni\u00f6ryggi. \u00dev\u00ed mi\u00f0ur getum vi\u00f0 hins vegar ekki \u00e1byrgst a\u00f0 vefs\u00ed\u00f0an s\u00e9 laus vi\u00f0 ska\u00f0leg efni. \u00de\u00fa ert \u00fev\u00ed be\u00f0inn um, fyrir \u00fe\u00ednar sakir, a\u00f0 deila aldrei pers\u00f3nulegum uppl\u00fdsingum \u00fe\u00ednum \u00ed gegnum skilabo\u00f0akerfi, e\u00f0a a\u00f0 fylgja tenglum \u00ed gegnum einkaskilabo\u00f0 e\u00f0a hla\u00f0a ni\u00f0ur hugb\u00fana\u00f0i af einhverju tagi. Eddbee Group bi\u00f0ur aldrei um kennit\u00f6lu \u00fe\u00edna e\u00f0a grei\u00f0sluuppl\u00fdsingar \u00fear sem vi\u00f0 erum \u00f3keypis \u00fej\u00f3nusta.<\/p>\n<p>Eddbee Group ber ekki \u00e1byrg\u00f0 \u00e1 tj\u00f3ni sem ver\u00f0ur beint e\u00f0a \u00f3beint vegna notkunar \u00e1 \u00fej\u00f3nustu okkar.<\/p>\n<p><strong>Skilm\u00e1lar<\/strong><\/p>\n<p>Me\u00f0 fyrirvara um skilm\u00e1la og skilyr\u00f0i \u00feessa samnings og \u00ed \u00feeim eina tilgangi a\u00f0 nota \u00fej\u00f3nustuna, veitir fyrirt\u00e6ki\u00f0 \u00fe\u00e9r h\u00e9r me\u00f0 takmarka\u00f0, ekki einkar\u00e9tt, afturkallanlegt, \u00f3framseljanlegt, \u00f3framseljanlegt leyfi til a\u00f0:<\/p>\n<p>Settu upp einhver e\u00f0a \u00f6ll fars\u00edmaforrit \u00e1 einum e\u00f0a fleiri fart\u00e6kjum \u00ed \u00feinni eigu, undir \u00feinni stj\u00f3rn og uppfylltu l\u00e1gmarkskr\u00f6fur fyrirt\u00e6kisins.<br \/>\nSettu upp einhver e\u00f0a \u00f6ll skrifbor\u00f0sforritin \u00e1 einni e\u00f0a fleiri t\u00f6lvum \u00ed \u00feinni eigu, undir \u00feinni stj\u00f3rn og uppfylltu l\u00e1gmarkskr\u00f6fur fyrirt\u00e6kisins.<br \/>\nSko\u00f0a\u00f0u, sko\u00f0a\u00f0u og nota\u00f0u forritin og allar tengdar uppl\u00fdsingar sem fyrirt\u00e6ki\u00f0 veitir \u00fe\u00e9r.<br \/>\n\u00de\u00fa sam\u00feykkir a\u00f0 f\u00e1 ekki a\u00f0gang a\u00f0 e\u00f0a reyna a\u00f0 f\u00e1 a\u00f0gang a\u00f0 \u00fej\u00f3nustunni me\u00f0 \u00f6\u00f0rum h\u00e6tti en \u00ed gegnum vefs\u00ed\u00f0urnar e\u00f0a forritin. \u00de\u00fa sam\u00feykkir s\u00e9rstaklega a\u00f0 f\u00e1 ekki a\u00f0gang a\u00f0 e\u00f0a reyna a\u00f0 f\u00e1 a\u00f0gang a\u00f0 \u00fej\u00f3nustunni me\u00f0 neinum sj\u00e1lfvirkum h\u00e6tti (\u00fear \u00e1 me\u00f0al, \u00e1n takmarkana, me\u00f0 \u00fev\u00ed a\u00f0 nota forskriftir, v\u00e9lmenni, \u00f3vi\u00f0komandi forrit fr\u00e1 \u00feri\u00f0ja a\u00f0ila, k\u00f6ngul\u00e6r e\u00f0a vefskri\u00f0lar).<\/p>\n<p>\u00de\u00fa sam\u00feykkir a\u00f0 \u00fe\u00fa munt ekki, \u00ed tengslum vi\u00f0 notkun \u00fe\u00edna \u00e1 \u00f6ppunum, vefs\u00ed\u00f0unum og\/e\u00f0a \u00fej\u00f3nustunum, brj\u00f3ta \u00ed b\u00e1ga vi\u00f0 gildandi l\u00f6g, regluger\u00f0ir, reglur, regluger\u00f0ir e\u00f0a s\u00e1ttm\u00e1la.<\/p>\n<p>\u00de\u00fa m\u00e1tt ekki f\u00e1 a\u00f0gang a\u00f0 e\u00f0a nota forritin, vefs\u00ed\u00f0urnar og\/e\u00f0a \u00fej\u00f3nusturnar \u00e1 nokkurn h\u00e1tt sem ekki er s\u00e9rstaklega leyft \u00ed \u00feessum skilm\u00e1lum.<\/p>\n<p>Fjarl\u00e6g\u00f0u allar eignatilkynningar af \u00fej\u00f3nustunni e\u00f0a afrit af hugb\u00fana\u00f0i sem fyrirt\u00e6ki\u00f0 l\u00e6tur \u00fe\u00e9r \u00ed t\u00e9 (hugb\u00fana\u00f0ur).<br \/>\nValda, leyfa e\u00f0a heimila breytingar, b\u00faa til afleidd verk, \u00fe\u00fd\u00f0ing, bakverkfr\u00e6\u00f0i, afsamsetningu, sundurli\u00f0un e\u00f0a innbrot \u00e1 forritunum, \u00fej\u00f3nustunum e\u00f0a hva\u00f0a hugb\u00fana\u00f0i sem er.<br \/>\nSelja, framselja, leigja, leigja, starfa sem \u00fej\u00f3nustuskrifstofa e\u00f0a veita r\u00e9ttindi a\u00f0 forritunum, \u00fej\u00f3nustunum e\u00f0a hva\u00f0a hugb\u00fana\u00f0i sem er, \u00fear me\u00f0 tali\u00f0, \u00e1n takmarkana, me\u00f0 undirleyfi, til annarra a\u00f0ila e\u00f0a a\u00f0ila \u00e1n skriflegs sam\u00feykkis fyrirt\u00e6kisins.<br \/>\nKomdu me\u00f0 rangar, villandi e\u00f0a villandi yfirl\u00fdsingar e\u00f0a sta\u00f0h\u00e6fingar um fyrirt\u00e6ki\u00f0 og\/e\u00f0a forritin, vefsv\u00e6\u00f0in e\u00f0a \u00fej\u00f3nustuna.<br \/>\nB\u00f6nnu\u00f0 notkun \u00e1 forritinu okkar e\u00f0a \u00fej\u00f3nustu okkar<\/p>\n<p>Me\u00f0 \u00fev\u00ed a\u00f0 nota forriti\u00f0 okkar e\u00f0a \u00fej\u00f3nustu okkar er \u00fe\u00e9r banna\u00f0 a\u00f0 gera eftirfarandi:<\/p>\n<p>\u00c1reita, misnota, m\u00f3\u00f0ga, ska\u00f0a, r\u00e6gja, mei\u00f0a, gera l\u00edti\u00f0 \u00far, hr\u00e6\u00f0a e\u00f0a mismuna \u00e1 grundvelli kyns, kynhneig\u00f0ar, tr\u00faarbrag\u00f0a, \u00fej\u00f3\u00f0ernis, kyn\u00fe\u00e1ttar, aldurs, \u00fej\u00f3\u00f0ernisuppruna e\u00f0a f\u00f6tlunar.<br \/>\nSendu rangar e\u00f0a villandi uppl\u00fdsingar.<br \/>\nSafna\u00f0u e\u00f0a fylgdu pers\u00f3nulegum uppl\u00fdsingum annarra.<br \/>\nHladdu upp e\u00f0a sendu v\u00edrusa e\u00f0a hvers kyns illgjarn k\u00f3\u00f0a sem mun e\u00f0a g\u00e6ti veri\u00f0 nota\u00f0ur \u00e1 einhvern h\u00e1tt sem hefur \u00e1hrif \u00e1 virkni forritsins e\u00f0a rekstur \u00fej\u00f3nustu okkar.<br \/>\n\u00cd hva\u00f0a \u00f3l\u00f6glegu tilgangi sem er.<br \/>\nA\u00f0 hvetja a\u00f0ra til a\u00f0 framkv\u00e6ma e\u00f0a taka \u00fe\u00e1tt \u00ed \u00f3l\u00f6glegum ath\u00f6fnum.<br \/>\nBr\u00fdtur \u00ed b\u00e1ga vi\u00f0 al\u00fej\u00f3\u00f0legar, sambands-, h\u00e9ra\u00f0s- e\u00f0a r\u00edkisregluger\u00f0ir, reglur, l\u00f6g e\u00f0a sta\u00f0bundnar reglur.<br \/>\nBrj\u00f3ta gegn e\u00f0a brj\u00f3ta \u00ed b\u00e1ga vi\u00f0 hugverkar\u00e9ttindi okkar e\u00f0a hugverkar\u00e9tt annarra.<br \/>\nSpam, Phishing, Pharm, Pretext, Spider, Skri\u00f0 e\u00f0a Skaf.<br \/>\n\u00cd hvers kyns ruddalegum e\u00f0a si\u00f0lausum tilgangi; e\u00f0a til a\u00f0 trufla e\u00f0a sni\u00f0ganga \u00f6ryggiseiginleika \u00fej\u00f3nustu okkar.<br \/>\nNota\u00f0u forritin, vefs\u00ed\u00f0urnar og\/e\u00f0a \u00fej\u00f3nusturnar til a\u00f0:<\/p>\n<p>\u00der\u00f3a, b\u00faa til, senda e\u00f0a geyma uppl\u00fdsingar sem eru \u00f3l\u00f6glegar e\u00f0a \u00f3l\u00f6glegar, \u00e6rumei\u00f0andi, ska\u00f0legar, m\u00f3\u00f0gandi, hatursfullar, kyn\u00fe\u00e1tta- e\u00f0a \u00fej\u00f3\u00f0ernism\u00f3\u00f0gandi sem hvetja til heg\u00f0unar sem myndi teljast gl\u00e6psamleg.<br \/>\nFramkv\u00e6ma \u00f6ll \u00f3umbe\u00f0in vi\u00f0skiptaleg samskipti sem eru ekki leyf\u00f0 samkv\u00e6mt gildandi l\u00f6gum.<br \/>\nBreytingar<\/p>\n<p>Icy Lemonade \u00e1skilur s\u00e9r r\u00e9tt til a\u00f0 gera breytingar \u00e1 \u00feessum skilm\u00e1lum og skilyr\u00f0um. \u00dev\u00ed er r\u00e1\u00f0legt a\u00f0 heims\u00e6kja \u00feessa vefs\u00ed\u00f0u reglulega til a\u00f0 lesa \u00feessa skilm\u00e1la.<\/p>\n<p>Uppl\u00fdsingar um fyrirt\u00e6ki\u00f0 og tengili\u00f0i<\/p>\n<p>Eddbee group AB, Box 7033, 402 31 Gautaborg<\/p>\n<p>info@icyelemonade.com[\/vc_column_text][\/vc_column][\/vc_row]\n","protected":false},"excerpt":{"rendered":"<p>[vc_row full_width=&#8221;stretch_row&#8221; content_placement=&#8221;bottom&#8221; wpex_bg_overlay=&#8221;dark&#8221; remove_bottom_col_margin=&#8221;true&#8221; min_height=&#8221;600&#8243; css=&#8221;.vc_custom_1709201437842{background: #5398ce url(https:\/\/icylemonade.com\/wp-content\/uploads\/2023\/09\/ICY_Slide_00032.jpg?id=1511) !important;background-position: center !important;background-repeat: no-repeat !important;background-size: cover !important;}&#8221; wpex_bg_overlay_opacity=&#8221;0.5&#8243;][vc_column][\/vc_column][\/vc_row][vc_row full_width=&#8221;stretch_row&#8221; column_spacing=&#8221;50&#8243; remove_bottom_col_margin=&#8221;true&#8221; css=&#8221;.vc_custom_1694181523405{margin-top: 60px !important;margin-bottom: 60px !important;border-bottom-width: 1px !important;padding-bottom: 60px !important;border-bottom-color: #dddddd !important;border-bottom-style: dashed !important;}&#8221;][vc_column][vc_column_text color=&#8221;#222222&#8243; font_size=&#8221;d:20|pl:18&#8243; font_family=&#8221;Barlow&#8221;]Vi\u00f0 viljum leggja \u00e1herslu \u00e1 a\u00f0 \u00fe\u00fa sam\u00feykkir skilm\u00e1lana me\u00f0 \u00fev\u00ed a\u00f0 panta v\u00f6rur \/ \u00e1skrift af vefs\u00ed\u00f0u okkar. Vi\u00f0&hellip;<\/p>\n","protected":false},"author":1,"featured_media":0,"parent":0,"menu_order":0,"comment_status":"closed","ping_status":"closed","template":"","meta":{"footnotes":""},"class_list":["post-2444","page","type-page","status-publish","hentry","entry","no-media"],"_links":{"self":[{"href":"https:\/\/icylemonade.com\/is\/wp-json\/wp\/v2\/pages\/2444","targetHints":{"allow":["GET"]}}],"collection":[{"href":"https:\/\/icylemonade.com\/is\/wp-json\/wp\/v2\/pages"}],"about":[{"href":"https:\/\/icylemonade.com\/is\/wp-json\/wp\/v2\/types\/page"}],"author":[{"embeddable":true,"href":"https:\/\/icylemonade.com\/is\/wp-json\/wp\/v2\/users\/1"}],"replies":[{"embeddable":true,"href":"https:\/\/icylemonade.com\/is\/wp-json\/wp\/v2\/comments?post=2444"}],"version-history":[{"count":4,"href":"https:\/\/icylemonade.com\/is\/wp-json\/wp\/v2\/pages\/2444\/revisions"}],"predecessor-version":[{"id":2502,"href":"https:\/\/icylemonade.com\/is\/wp-json\/wp\/v2\/pages\/2444\/revisions\/2502"}],"wp:attachment":[{"href":"https:\/\/icylemonade.com\/is\/wp-json\/wp\/v2\/media?parent=2444"}],"curies":[{"name":"wp","href":"https:\/\/api.w.org\/{rel}","templated":true}]}}