{"id":2640,"date":"2023-09-08T17:13:19","date_gmt":"2023-09-08T15:13:19","guid":{"rendered":"https:\/\/icylemonade.com\/fridhelgisstefna\/"},"modified":"2024-03-05T13:07:25","modified_gmt":"2024-03-05T12:07:25","slug":"fridhelgisstefna","status":"publish","type":"page","link":"https:\/\/icylemonade.com\/is\/fridhelgisstefna\/","title":{"rendered":"Fri\u00f0helgisstefna"},"content":{"rendered":"[vc_row full_width=&#8221;stretch_row&#8221; content_placement=&#8221;bottom&#8221; wpex_bg_overlay=&#8221;dark&#8221; remove_bottom_col_margin=&#8221;true&#8221; min_height=&#8221;600&#8243; css=&#8221;.vc_custom_1709640379397{background: #5398ce url(https:\/\/icylemonade.com\/wp-content\/uploads\/2023\/02\/IL_IM_EU_00005.jpg?id=306) !important;background-position: center !important;background-repeat: no-repeat !important;background-size: cover !important;}&#8221; wpex_bg_overlay_opacity=&#8221;0.5&#8243;][vc_column]<style>.vcex_69e60d5088bce{font-size:100px!important;}@media (max-width:767px){.vcex_69e60d5088bce{font-size:40px!important;}}<\/style><div class=\"vcex-heading vcex-module wpex-text-2xl wpex-font-normal wpex-m-auto wpex-max-w-100 vcex-heading-plain wpex-block vc_custom_1694192734901 vcex_69e60d5088bce\" style=\"color:#ffffff;font-family:Barlow;font-weight:900;text-transform:uppercase;\"><span class=\"vcex-heading-inner wpex-inline-block wpex-clr\">Fri\u00f0helgisstefna<\/span><\/div>[\/vc_column][\/vc_row][vc_row full_width=&#8221;stretch_row&#8221; column_spacing=&#8221;50&#8243; remove_bottom_col_margin=&#8221;true&#8221; css=&#8221;.vc_custom_1694181523405{margin-top: 60px !important;margin-bottom: 60px !important;border-bottom-width: 1px !important;padding-bottom: 60px !important;border-bottom-color: #dddddd !important;border-bottom-style: dashed !important;}&#8221;][vc_column]<div class=\"vcex-spacing wpex-w-100 wpex-clear\" style=\"height:30px;\"><\/div>[vc_column_text color=&#8221;#222222&#8243; font_size=&#8221;d:20|pl:18&#8243; font_family=&#8221;Barlow&#8221;]\u00deessi stefna gildir um Icy Lemonade as e\u00f0a Eddbee group AB \u00e1 \u00f6llum vefs\u00ed\u00f0um. Pers\u00f3nuuppl\u00fdsingastefnan gildir \u00feegar Icy Lemonade veitir \u00fej\u00f3nustu og v\u00f6rur \u00ed tengslum vi\u00f0 kaup, \u00fej\u00f3nustum\u00e1l, \u00f6nnur samskipti vi\u00f0 Icy Lemonade og heims\u00f3knir \u00e1 vefs\u00ed\u00f0una.<\/p>\n<p><strong>Pers\u00f3nuuppl\u00fdsingar \u00fe\u00ednar eru mikilv\u00e6gar fyrir okkur<\/strong><\/p>\n<p>Icy Lemonade safnar og vinnur pers\u00f3nuuppl\u00fdsingar um \u00feig \u00feegar \u00fe\u00fa heims\u00e6kir e\u00f0a kaupir \u00e1 einni af vefs\u00ed\u00f0um okkar e\u00f0a hefur samband vi\u00f0 Icy Lemonade me\u00f0 t\u00f6lvup\u00f3sti e\u00f0a samf\u00e9lagsmi\u00f0lum. Icy Lemonade verndar fri\u00f0helgi \u00fe\u00edna og leitast vi\u00f0 h\u00e1a gagnavernd. \u00deessi pers\u00f3nuverndarstefna \u00fatsk\u00fdrir hvers vegna og hvernig vi\u00f0 s\u00f6fnum og notum pers\u00f3nuuppl\u00fdsingar \u00fe\u00ednar. \u00dea\u00f0 l\u00fdsir einnig r\u00e9ttindum \u00fe\u00ednum og hvernig \u00fe\u00fa getur framfylgt \u00feeim. Fyrir okkur er mikilv\u00e6gt a\u00f0 fari\u00f0 s\u00e9 me\u00f0 \u00fe\u00e6r pers\u00f3nuuppl\u00fdsingar sem \u00fe\u00fa felur okkur sem vi\u00f0skiptavinum og lesanda \u00e1 varlegan, \u00e1byrgan, opinn og l\u00f6glegan h\u00e1tt.<\/p>\n<p><strong>Hver ber \u00e1byrg\u00f0 \u00e1 g\u00f6gnunum sem vi\u00f0 s\u00f6fnum?<\/strong><\/p>\n<p>Icy Lemonade er \u00e1byrg\u00f0ara\u00f0ili pers\u00f3nuuppl\u00fdsinga fyrir vinnslu Icy Lemonade \u00e1 pers\u00f3nuuppl\u00fdsingum \u00fe\u00ednum og ber \u00e1byrg\u00f0 \u00e1 \u00fev\u00ed a\u00f0 sl\u00edk vinnsla fari fram \u00ed samr\u00e6mi vi\u00f0 gildandi l\u00f6g.<\/p>\n<p><strong>Hva\u00f0 eru pers\u00f3nuuppl\u00fdsingar?<\/strong><\/p>\n<p>Pers\u00f3nuuppl\u00fdsingar eru hvers kyns uppl\u00fdsingar sem beint e\u00f0a \u00f3beint m\u00e1 rekja til lifandi einstaklings. D\u00e6mi um pers\u00f3nuuppl\u00fdsingar eru nafn, netfang, s\u00edman\u00famer og kennitala. Jafnvel myndir og hlj\u00f3\u00f0uppt\u00f6kur eru pers\u00f3nulegar uppl\u00fdsingar, jafnvel \u00fe\u00f3tt engin n\u00f6fn s\u00e9u nefnd. Dulk\u00f3\u00f0u\u00f0 g\u00f6gn og \u00fdmiss konar rafr\u00e6n au\u00f0kenni (t.d. IP-n\u00famer) eru pers\u00f3nuuppl\u00fdsingar ef h\u00e6gt er a\u00f0 tengja \u00fe\u00e6r vi\u00f0 einstaklinga.<\/p>\n<p><strong>Hva\u00f0an koma pers\u00f3nuuppl\u00fdsingar \u00fe\u00ednar?<\/strong><\/p>\n<p>A\u00f0aluppspretta pers\u00f3nuuppl\u00fdsinga um \u00feig er \u00fe\u00fa sj\u00e1lfur, svo sem uppl\u00fdsingar sem \u00fe\u00fa gefur upp \u00feegar \u00fe\u00fa gerist \u00e1skrifandi, hefur samband vi\u00f0 okkur me\u00f0 t\u00f6lvup\u00f3sti og f\u00e6r\u00f0\/svarar t\u00f6lvup\u00f3sti. Pers\u00f3nuuppl\u00fdsingar ver\u00f0a einnig til vegna \u00feess a\u00f0 \u00fe\u00fa lest uppl\u00fdsingar \u00e1 vefs\u00ed\u00f0u okkar, notar \u00fej\u00f3nustu og \u00e1tt samskipti vi\u00f0 okkur. Til d\u00e6mis getum vi\u00f0 vista\u00f0 gesti, umfer\u00f0arg\u00f6gn og \u00f6nnur samskiptag\u00f6gn. D\u00e6mi um sl\u00edkar pers\u00f3nuuppl\u00fdsingar eru IP-talan \u00fe\u00edn. \u00deessum uppl\u00fdsingum er safna\u00f0 me\u00f0 svok\u00f6llu\u00f0um vafrak\u00f6kum og eru \u00fe\u00e6r nota\u00f0ar til a\u00f0 kynnast \u00fe\u00e9r svo a\u00f0 vi\u00f0 getum beint vi\u00f0eigandi uppl\u00fdsingum til \u00fe\u00edn. Til \u00feess a\u00f0 gera \u00feetta \u00feurfum vi\u00f0 sam\u00feykki \u00feitt. \u00de\u00fa gerir \u00feetta me\u00f0 \u00fev\u00ed a\u00f0 sam\u00feykkja vafrak\u00f6kur \u00feegar \u00fe\u00fa heims\u00e6kir vefs\u00ed\u00f0u okkar.<\/p>\n<p><strong>D\u00e6mi um pers\u00f3nuuppl\u00fdsingar sem vi\u00f0 s\u00f6fnum um \u00feig ef vi\u00f0 \u00feurfum \u00e1 \u00feeim a\u00f0 halda<\/strong><\/p>\n<p>Fornafn og eftirnafn. F\u00e6\u00f0ingardagur, kyn, r\u00edkisfang, starf\/starf\/menntun, f\u00e6\u00f0ingarsta\u00f0ur. Kennitala (a\u00f0eins vi\u00f0 kaup \u00e1 \u00e1rskorti). Heimilisfangathugun gegn SPAR. Samskiptauppl\u00fdsingar (heimilisfang, netfang og s\u00edman\u00famer). Uppl\u00fdsingar um kaup (td hva\u00f0a vara\/\u00e1skrift hefur veri\u00f0 p\u00f6ntu\u00f0). Ev. athugasemdir sem \u00fe\u00fa velur a\u00f0 skilja eftir. Br\u00e9faskipti vegna kvartana.<\/p>\n<p><strong>M\u00e1lsaga \u00feegar keypt er \u00ed Icy Lemonade. K\u00f6kur<\/strong><\/p>\n<p>\u00cd vafrak\u00f6ku er h\u00e6gt a\u00f0 sj\u00e1\/fylgja vafra notanda. Vafrak\u00f6kur eru nota\u00f0ar til a\u00f0 veita \u00fe\u00e9r sem gestum a\u00f0gang a\u00f0 \u00fdmsum a\u00f0ger\u00f0um og til a\u00f0 s\u00e9rsn\u00ed\u00f0a innihald fr\u00e9ttabr\u00e9fsins. Vi\u00f0 notum vafrak\u00f6kur til a\u00f0 s\u00e9rsn\u00ed\u00f0a innihald augl\u00fdsinga okkar. Vi\u00f0 notum einnig vafrak\u00f6kur \u00e1 vefs\u00ed\u00f0u okkar svo vi\u00f0 getum haldi\u00f0 t\u00f6lfr\u00e6\u00f0i um hversu miki\u00f0 vefurinn er nota\u00f0ur. Vafrakaka er textaskr\u00e1 sem er vistu\u00f0 \u00e1 t\u00e6kinu \u00fe\u00ednu svo a\u00f0 vefs\u00ed\u00f0an geti \u00feekkt t\u00e6ki\u00f0 \u00feitt. \u00deessi vafrakaka inniheldur engar pers\u00f3nulegar uppl\u00fdsingar. \u00dea\u00f0 eru tvenns konar vafrak\u00f6kur, varanlegar og t\u00edmabundnar (svokalla\u00f0ar lotuk\u00f6kur). Varanlegar vafrak\u00f6kur eru geymdar sem skr\u00e1 \u00e1 t\u00e6kinu \u00fe\u00ednu \u00ed lengri t\u00edma \u00e1 me\u00f0an setuvafrak\u00f6kur eru t\u00edmabundi\u00f0 settar \u00e1 t\u00e6ki\u00f0 \u00feitt og eru a\u00f0eins nota\u00f0ar \u00e1 me\u00f0an \u00fe\u00fa vafrar um s\u00ed\u00f0una. \u00de\u00e1 er \u00fev\u00ed eytt. Ef \u00fe\u00fa vilt vita hven\u00e6r t\u00e6ki\u00f0 \u00feitt f\u00e6r vafrak\u00f6ku getur\u00f0u stillt vafrann \u00feinn \u00feannig a\u00f0 hann l\u00e6tur \u00feig vita. \u00deannig hefur\u00f0u m\u00f6guleika \u00e1 a\u00f0 sam\u00feykkja e\u00f0a hafna k\u00f6ku. Einnig er h\u00e6gt a\u00f0 stilla t\u00e6ki\u00f0 \u00feitt til a\u00f0 hafna \u00f6llum vafrak\u00f6kum. Ef \u00fe\u00fa velur a\u00f0 sam\u00feykkja ekki vafrak\u00f6kur, vinsamlegast athuga\u00f0u a\u00f0 sumir eiginleikar net\u00fej\u00f3nustu okkar munu ekki lengur virka eins og \u00e6tla\u00f0 er.<\/p>\n<p><strong>S\u00e9rstaklega um sam\u00feykki fyrir beinni marka\u00f0ssetningu<\/strong><\/p>\n<p>A\u00f0 \u00fev\u00ed gefnu a\u00f0 \u00fe\u00fa hafir gefi\u00f0 okkur sam\u00feykki \u00feitt, munum vi\u00f0 st\u00f6\u00f0ugt senda og birta uppl\u00fdsingar og marka\u00f0ssetningu \u00e1 grundvelli pr\u00f3f\u00edlsins \u00fe\u00edns \u00ed gegnum \u00fdmsa stafr\u00e6na tengili\u00f0afleti. \u00de\u00fa getur af\u00feakka\u00f0 a\u00f0 f\u00e1 marka\u00f0ssamskipti fr\u00e1 okkur hven\u00e6r sem er me\u00f0 \u00fev\u00ed a\u00f0 smella \u00e1 afskr\u00e1 \u00ed t\u00f6lvup\u00f3sti e\u00f0a SMS-samskiptum sem vi\u00f0 sendum \u00fe\u00e9r. \u00dea\u00f0 er l\u00edka h\u00e6gt a\u00f0 hafa samband vi\u00f0 Icy Lemonade \u00ed gegnum info@icylemonade.com til a\u00f0 f\u00e1 a\u00f0sto\u00f0 vi\u00f0 a\u00f0 af\u00feakka samskipti okkar.<\/p>\n<p><strong>Hversu lengi geymum vi\u00f0 uppl\u00fdsingarnar um \u00feig?<\/strong><\/p>\n<p>Pers\u00f3nuuppl\u00fdsingar \u00fe\u00ednar eru a\u00f0eins geymdar svo lengi sem \u00fe\u00f6rf er \u00e1 a\u00f0 vista \u00fe\u00e6r til a\u00f0 uppfylla tilganginn sem g\u00f6gnunum var safna\u00f0 fyrir. Icy Lemonade kann a\u00f0 vista g\u00f6gnin lengur ef \u00fe\u00f6rf krefur til a\u00f0 uppfylla lagaskilyr\u00f0i e\u00f0a til a\u00f0 g\u00e6ta lagalegra hagsmuna Icy Lemonade, t.d. ef r\u00e9ttarfar er \u00ed gangi.<\/p>\n<p><strong>Me\u00f0 hverjum getum vi\u00f0 deilt pers\u00f3nuuppl\u00fdsingum \u00fe\u00ednum?<\/strong><\/p>\n<p>Pers\u00f3nuuppl\u00fdsingum \u00fe\u00ednum g\u00e6ti veri\u00f0 deilt me\u00f0 \u00f6\u00f0rum fyrirt\u00e6kjum. \u00deetta eru pers\u00f3nuuppl\u00fdsingar vi\u00f0skiptavina Eddbee group AB og til framlags okkar[\/vc_column_text][\/vc_column][\/vc_row]\n","protected":false},"excerpt":{"rendered":"<p>[vc_row full_width=&#8221;stretch_row&#8221; content_placement=&#8221;bottom&#8221; wpex_bg_overlay=&#8221;dark&#8221; remove_bottom_col_margin=&#8221;true&#8221; min_height=&#8221;600&#8243; css=&#8221;.vc_custom_1709640379397{background: #5398ce url(https:\/\/icylemonade.com\/wp-content\/uploads\/2023\/02\/IL_IM_EU_00005.jpg?id=306) !important;background-position: center !important;background-repeat: no-repeat !important;background-size: cover !important;}&#8221; wpex_bg_overlay_opacity=&#8221;0.5&#8243;][vc_column][\/vc_column][\/vc_row][vc_row full_width=&#8221;stretch_row&#8221; column_spacing=&#8221;50&#8243; remove_bottom_col_margin=&#8221;true&#8221; css=&#8221;.vc_custom_1694181523405{margin-top: 60px !important;margin-bottom: 60px !important;border-bottom-width: 1px !important;padding-bottom: 60px !important;border-bottom-color: #dddddd !important;border-bottom-style: dashed !important;}&#8221;][vc_column][vc_column_text color=&#8221;#222222&#8243; font_size=&#8221;d:20|pl:18&#8243; font_family=&#8221;Barlow&#8221;]\u00deessi stefna gildir um Icy Lemonade as e\u00f0a Eddbee group AB \u00e1 \u00f6llum vefs\u00ed\u00f0um. Pers\u00f3nuuppl\u00fdsingastefnan gildir \u00feegar Icy Lemonade veitir&hellip;<\/p>\n","protected":false},"author":1,"featured_media":0,"parent":0,"menu_order":0,"comment_status":"closed","ping_status":"closed","template":"","meta":{"footnotes":""},"class_list":["post-2640","page","type-page","status-publish","hentry","entry","no-media"],"_links":{"self":[{"href":"https:\/\/icylemonade.com\/is\/wp-json\/wp\/v2\/pages\/2640","targetHints":{"allow":["GET"]}}],"collection":[{"href":"https:\/\/icylemonade.com\/is\/wp-json\/wp\/v2\/pages"}],"about":[{"href":"https:\/\/icylemonade.com\/is\/wp-json\/wp\/v2\/types\/page"}],"author":[{"embeddable":true,"href":"https:\/\/icylemonade.com\/is\/wp-json\/wp\/v2\/users\/1"}],"replies":[{"embeddable":true,"href":"https:\/\/icylemonade.com\/is\/wp-json\/wp\/v2\/comments?post=2640"}],"version-history":[{"count":2,"href":"https:\/\/icylemonade.com\/is\/wp-json\/wp\/v2\/pages\/2640\/revisions"}],"predecessor-version":[{"id":6075,"href":"https:\/\/icylemonade.com\/is\/wp-json\/wp\/v2\/pages\/2640\/revisions\/6075"}],"wp:attachment":[{"href":"https:\/\/icylemonade.com\/is\/wp-json\/wp\/v2\/media?parent=2640"}],"curies":[{"name":"wp","href":"https:\/\/api.w.org\/{rel}","templated":true}]}}