{"id":2475,"date":"2023-09-08T17:13:13","date_gmt":"2023-09-08T15:13:13","guid":{"rendered":"https:\/\/icylemonade.com\/le-condizioni\/"},"modified":"2024-02-29T11:30:27","modified_gmt":"2024-02-29T10:30:27","slug":"le-condizioni","status":"publish","type":"page","link":"https:\/\/icylemonade.com\/it\/le-condizioni\/","title":{"rendered":"Le condizioni"},"content":{"rendered":"[vc_row full_width=&#8221;stretch_row&#8221; content_placement=&#8221;bottom&#8221; wpex_bg_overlay=&#8221;dark&#8221; remove_bottom_col_margin=&#8221;true&#8221; min_height=&#8221;600&#8243; css=&#8221;.vc_custom_1709201437842{background: #5398ce url(https:\/\/icylemonade.com\/wp-content\/uploads\/2023\/09\/ICY_Slide_00032.jpg?id=1511) !important;background-position: center !important;background-repeat: no-repeat !important;background-size: cover !important;}&#8221; wpex_bg_overlay_opacity=&#8221;0.5&#8243;][vc_column]<style>.vcex_69ef7cab4256c{font-size:100px!important;}@media (max-width:767px){.vcex_69ef7cab4256c{font-size:40px!important;}}<\/style><div class=\"vcex-heading vcex-module wpex-text-2xl wpex-font-normal wpex-m-auto wpex-max-w-100 vcex-heading-plain wpex-block vc_custom_1694192661365 vcex_69ef7cab4256c\" style=\"color:#ffffff;font-family:Barlow;font-weight:900;text-transform:uppercase;\"><span class=\"vcex-heading-inner wpex-inline-block wpex-clr\">Le condizioni<\/span><\/div>[\/vc_column][\/vc_row][vc_row full_width=&#8221;stretch_row&#8221; column_spacing=&#8221;50&#8243; remove_bottom_col_margin=&#8221;true&#8221; css=&#8221;.vc_custom_1694181523405{margin-top: 60px !important;margin-bottom: 60px !important;border-bottom-width: 1px !important;padding-bottom: 60px !important;border-bottom-color: #dddddd !important;border-bottom-style: dashed !important;}&#8221;][vc_column]<div class=\"vcex-spacing wpex-w-100 wpex-clear\" style=\"height:30px;\"><\/div>[vc_column_text color=&#8221;#222222&#8243; font_size=&#8221;d:20|pl:18&#8243; font_family=&#8221;Barlow&#8221;]Desideriamo sottolineare che, ordinando prodotti\/abbonamenti dal nostro sito web, si accettano i termini e le condizioni. Si consiglia di stampare i termini e le condizioni e di conservare il documento in caso di necessit\u00e0 futura. Per acquistare su <a href=\"http:\/\/www.icylemonade.com\/\" target=\"_new\" rel=\"noopener\">www.IcyLemonade.com<\/a> \u00e8 necessario avere 17 anni (USA). Ci riserviamo il diritto di annullare gli ordini di persone che hanno fornito informazioni personali non corrette. Ci riserviamo il diritto di segnalare eventuali errori di prezzo.<\/p>\n<p><strong>In generale<\/strong><\/p>\n<p>IcyLemonade.com \u00e8 un servizio multi-evento e app di incontri digitali multipli ed \u00e8 il fiore all&#8217;occhiello di EDDBEE GROUP AB in Svezia. Per avviare il proprio account \u00e8 sufficiente visitare il sito <a href=\"http:\/\/www.icylemonade.com\/\" target=\"_new\" rel=\"noopener\">www.IcyLemonade.com<\/a> o scaricare l&#8217;app e registrare il proprio account, dove si sceglie un abbonamento. Affinch\u00e9 possiate sentirvi sicuri del vostro acquisto, siete sempre invitati a contattare il nostro supporto e servizio clienti via e-mail <a href=\"mailto:info@icylemonade.com\" target=\"_new\" rel=\"noopener\">info@icylemonade.com<\/a> se avete domande sul vostro ordine. Una volta avviato l&#8217;abbonamento, l&#8217;utente si impegna a monitorare l&#8217;indirizzo e-mail registrato, poich\u00e9 tutte le comunicazioni relative all&#8217;abbonamento avvengono via e-mail.<\/p>\n<p><strong>Prezzi e pagamenti<\/strong><\/p>\n<p>Tutti i prezzi sono in dollari USA. Quando fate acquisti su <a href=\"mailto:info@icylemonade.com\" target=\"_new\" rel=\"noopener\">info@icylemonade.com, il<\/a> pagamento con carta viene elaborato da Google o Apple, una soluzione di pagamento elettronico sicura. Tutte le informazioni relative alle carte vengono memorizzate in conformit\u00e0 con le regole delle reti di carte. Nessun dato della carta di credito viene memorizzato nel nostro database, anche se si sceglie di salvare la carta per acquisti futuri. \u00c8 memorizzato con Google o Apple. L&#8217;estratto conto bancario pu\u00f2 riportare la dicitura icylemonade.com o EDDBEE GROUP AB. Il pagamento degli abbonamenti mensili avviene su base mensile. Se non viene effettuato alcun pagamento, gli abbonamenti vengono trasferiti a un abbonamento gratuito.<\/p>\n<p><strong>Politica di restituzione<\/strong><\/p>\n<p>In qualit\u00e0 di consumatori, avete 14 giorni di tempo per annullare il contratto ai sensi della legge sui contratti a distanza e sui contratti negoziati fuori dai locali commerciali, a partire dal momento in cui avete ordinato il servizio. Il diritto di recesso termina quando si inizia a utilizzare il servizio, ovvero quando si sono registrate le informazioni (cavalli, servizi, attrezzature, formazione, utenti) nell&#8217;abbonamento. Se si annulla un ordine o si desidera annullare un abbonamento mensile, si prega di contattarci tramite il modulo di contatto o i dettagli di contatto forniti nella conferma dell&#8217;ordine. Chiuderemo immediatamente il vostro conto.<\/p>\n<p><strong>Conferma<\/strong><\/p>\n<p>Una volta ricevuto l&#8217;ordine, vi verr\u00e0 inviata un&#8217;e-mail di conferma con i dettagli dell&#8217;ordine. Conservare la conferma dell&#8217;ordine per averla a portata di mano in caso di contatto con Icy Lemonade.<\/p>\n<p><strong>In caso di controversia<\/strong><\/p>\n<p>In caso di controversia, viene seguito il National Board for Consumer Dispute Recommendations (ARN).<\/p>\n<p><strong>Limitazione di responsabilit\u00e0<\/strong><\/p>\n<p>Tutto il materiale disponibile attraverso il sito web \u00e8 destinato principalmente a scopi generali e non costituisce una consulenza o una raccomandazione. Le informazioni non sono sempre complete o aggiornate. Possono anche verificarsi errori e carenze tecniche.<\/p>\n<p>Eddbee Group AB non \u00e8 responsabile delle informazioni e del materiale pubblicato da altri utenti sul servizio (il cosiddetto materiale generato dall&#8217;utente). In caso di errori nelle informazioni o nel materiale del Gruppo Eddbee, l&#8217;utente deve contattare l&#8217;assistenza del Gruppo Eddbee se desidera che le informazioni o il materiale vengano corretti o rimossi. Tuttavia, Eddbee Group AB rimuover\u00e0 sempre le informazioni o il materiale che violano palesemente il copyright altrui o che sono di natura criminale se Eddbee Group AB riceve informazioni sulla diffusione di tali informazioni o materiale sul sito web.<\/p>\n<p>Il Gruppo Eddbee ha il diritto di pubblicare le informazioni elencate da ciascun membro nel suo profilo generale sul Gruppo Eddbee e nelle e-mail inviate agli altri membri del Gruppo Eddbee. Un singolo membro non ha il diritto di copiare le informazioni pubblicate da altri membri senza l&#8217;autorizzazione del rispettivo membro e del Gruppo Eddbee. Non \u00e8 inoltre consentito linkare profili specifici di membri del Gruppo Eddbee su siti web esterni.<\/p>\n<p>Il Gruppo Eddbee lavora costantemente sulla sicurezza informatica. Purtroppo, per\u00f2, non possiamo garantire che il sito web sia privo di componenti dannosi. Pertanto, per la vostra sicurezza, vi chiediamo di non condividere mai le vostre informazioni personali tramite i sistemi di messaggistica, n\u00e9 di seguire link tramite messaggi privati o di scaricare software di qualsiasi tipo. Eddbee Group non chiede mai il vostro numero di previdenza sociale o informazioni di pagamento perch\u00e9 siamo un servizio gratuito.<\/p>\n<p>Eddbee Group non \u00e8 responsabile di eventuali danni causati direttamente o indirettamente dall&#8217;uso dei nostri servizi.<\/p>\n<p><strong>Le condizioni<\/strong><\/p>\n<p>In base ai termini e alle condizioni del presente Contratto e al solo scopo di utilizzare i Servizi, la Societ\u00e0 concede all&#8217;utente una licenza limitata, non esclusiva, revocabile, non sublicenziabile e non trasferibile per:<\/p>\n<p>Installare una o tutte le applicazioni mobili su uno o pi\u00f9 dispositivi mobili di vostra propriet\u00e0, sotto il vostro controllo e conformi alle specifiche minime dell&#8217;azienda.<br \/>\nInstallare una o tutte le applicazioni desktop su uno o pi\u00f9 computer di vostra propriet\u00e0, sotto il vostro controllo e che soddisfano le specifiche minime della vostra azienda.<br \/>\nVisualizzare, esaminare e utilizzare le applicazioni e tutte le relative informazioni fornite dall&#8217;azienda.<br \/>\nL&#8217;utente accetta di non accedere, o tentare di accedere, ai Servizi con mezzi diversi dai Siti o dalle App. L&#8217;utente accetta specificamente di non accedere, o tentare di accedere, ai Servizi con qualsiasi mezzo automatizzato (incluso, a titolo esemplificativo, l&#8217;uso di script, bot, applicazioni di terzi non autorizzate, spider o crawler).<\/p>\n<p>L&#8217;utente accetta di non violare, in relazione all&#8217;utilizzo delle App, dei Siti web e\/o dei Servizi, alcuna legge, regolamento, norma, ordinanza o trattato applicabile.<\/p>\n<p>L&#8217;utente non pu\u00f2 collegarsi o utilizzare le App, i Siti web e\/o i Servizi in alcun modo che non sia espressamente autorizzato dalle presenti Condizioni.<\/p>\n<p>Rimuovere qualsiasi avviso di propriet\u00e0 dai servizi o dalle copie del software fornito dall&#8217;azienda (software).<br \/>\ncausare, consentire o autorizzare la modifica, la creazione di opere derivate, la traduzione, il reverse engineering, la decompilazione, il disassemblaggio o l&#8217;hacking delle App, dei Servizi o di qualsiasi software.<br \/>\nVendere, cedere, affittare, noleggiare, agire come ufficio servizi o concedere diritti alle App, ai Servizi o a qualsiasi software, incluso, a titolo esemplificativo e non esaustivo, mediante sub-licenza, a qualsiasi altra persona o entit\u00e0 senza il previo consenso scritto della Societ\u00e0.<br \/>\nFare dichiarazioni o affermazioni false, fuorvianti o ingannevoli sulla Societ\u00e0 e\/o sulle App, i Siti web o i Servizi.<br \/>\nUso vietato della nostra applicazione o dei nostri servizi<\/p>\n<p>Utilizzando la nostra applicazione o i nostri servizi, vi \u00e8 vietato fare quanto segue:<\/p>\n<p>Molestare, abusare, insultare, danneggiare, diffamare, calunniare, denigrare, intimidire o discriminare in base a sesso, orientamento sessuale, religione, etnia, razza, et\u00e0, origine nazionale o disabilit\u00e0.<br \/>\nPresentare informazioni false o fuorvianti.<br \/>\nRaccogliere o tracciare le informazioni personali di altri.<br \/>\nCaricare o trasmettere virus o qualsiasi altro tipo di codice maligno che verr\u00e0 o potr\u00e0 essere utilizzato in qualsiasi modo per compromettere il funzionamento dell&#8217;applicazione o l&#8217;operativit\u00e0 dei nostri servizi.<br \/>\nPer tutti gli scopi illegali.<br \/>\nInvitare altri a compiere o partecipare ad atti illegali.<br \/>\nViolazione di regolamenti, norme, leggi o ordinanze locali internazionali, federali, provinciali o statali.<br \/>\nInfrange o viola i nostri diritti di propriet\u00e0 intellettuale o i diritti di propriet\u00e0 intellettuale di altri.<br \/>\nSpam, phishing, pharm, pretext, spider, creep o scrape.<br \/>\nPer qualsiasi scopo osceno o immorale; o per interrompere o aggirare le funzioni di sicurezza dei nostri servizi.<br \/>\nUtilizzare le applicazioni, i siti web e\/o i servizi per:<\/p>\n<p>Sviluppare, generare, trasmettere o memorizzare informazioni illegali o illecite, diffamatorie, dannose, offensive, razziali o etniche, che incoraggino comportamenti considerati criminali.<br \/>\nEffettuare qualsiasi comunicazione commerciale non richiesta non autorizzata dalla legge.<br \/>\nEmendamenti<\/p>\n<p>Icy Lemonade si riserva il diritto di apportare modifiche a questi termini e condizioni. Si consiglia pertanto di visitare regolarmente questo sito web per leggere le presenti condizioni.<\/p>\n<p>Informazioni sulla societ\u00e0 e contatti<\/p>\n<p>Eddbee group AB, Box 7033, 402 31 G\u00f6teborg, Svezia.<\/p>\n<p>info@icyelemonade.com[\/vc_column_text][\/vc_column][\/vc_row]\n","protected":false},"excerpt":{"rendered":"<p>[vc_row full_width=&#8221;stretch_row&#8221; content_placement=&#8221;bottom&#8221; wpex_bg_overlay=&#8221;dark&#8221; remove_bottom_col_margin=&#8221;true&#8221; min_height=&#8221;600&#8243; css=&#8221;.vc_custom_1709201437842{background: #5398ce url(https:\/\/icylemonade.com\/wp-content\/uploads\/2023\/09\/ICY_Slide_00032.jpg?id=1511) !important;background-position: center !important;background-repeat: no-repeat !important;background-size: cover !important;}&#8221; wpex_bg_overlay_opacity=&#8221;0.5&#8243;][vc_column][\/vc_column][\/vc_row][vc_row full_width=&#8221;stretch_row&#8221; column_spacing=&#8221;50&#8243; remove_bottom_col_margin=&#8221;true&#8221; css=&#8221;.vc_custom_1694181523405{margin-top: 60px !important;margin-bottom: 60px !important;border-bottom-width: 1px !important;padding-bottom: 60px !important;border-bottom-color: #dddddd !important;border-bottom-style: dashed !important;}&#8221;][vc_column][vc_column_text color=&#8221;#222222&#8243; font_size=&#8221;d:20|pl:18&#8243; font_family=&#8221;Barlow&#8221;]Desideriamo sottolineare che, ordinando prodotti\/abbonamenti dal nostro sito web, si accettano i termini e le condizioni. Si consiglia di stampare&hellip;<\/p>\n","protected":false},"author":1,"featured_media":0,"parent":0,"menu_order":0,"comment_status":"closed","ping_status":"closed","template":"","meta":{"footnotes":""},"class_list":["post-2475","page","type-page","status-publish","hentry","entry","no-media"],"_links":{"self":[{"href":"https:\/\/icylemonade.com\/it\/wp-json\/wp\/v2\/pages\/2475","targetHints":{"allow":["GET"]}}],"collection":[{"href":"https:\/\/icylemonade.com\/it\/wp-json\/wp\/v2\/pages"}],"about":[{"href":"https:\/\/icylemonade.com\/it\/wp-json\/wp\/v2\/types\/page"}],"author":[{"embeddable":true,"href":"https:\/\/icylemonade.com\/it\/wp-json\/wp\/v2\/users\/1"}],"replies":[{"embeddable":true,"href":"https:\/\/icylemonade.com\/it\/wp-json\/wp\/v2\/comments?post=2475"}],"version-history":[{"count":2,"href":"https:\/\/icylemonade.com\/it\/wp-json\/wp\/v2\/pages\/2475\/revisions"}],"predecessor-version":[{"id":2505,"href":"https:\/\/icylemonade.com\/it\/wp-json\/wp\/v2\/pages\/2475\/revisions\/2505"}],"wp:attachment":[{"href":"https:\/\/icylemonade.com\/it\/wp-json\/wp\/v2\/media?parent=2475"}],"curies":[{"name":"wp","href":"https:\/\/api.w.org\/{rel}","templated":true}]}}