{"id":2670,"date":"2023-09-08T17:13:19","date_gmt":"2023-09-08T15:13:19","guid":{"rendered":"https:\/\/icylemonade.com\/informativa-sulla-privacy\/"},"modified":"2024-03-05T13:07:23","modified_gmt":"2024-03-05T12:07:23","slug":"informativa-sulla-privacy","status":"publish","type":"page","link":"https:\/\/icylemonade.com\/it\/informativa-sulla-privacy\/","title":{"rendered":"Informativa sulla privacy"},"content":{"rendered":"[vc_row full_width=&#8221;stretch_row&#8221; content_placement=&#8221;bottom&#8221; wpex_bg_overlay=&#8221;dark&#8221; remove_bottom_col_margin=&#8221;true&#8221; min_height=&#8221;600&#8243; css=&#8221;.vc_custom_1709640379397{background: #5398ce url(https:\/\/icylemonade.com\/wp-content\/uploads\/2023\/02\/IL_IM_EU_00005.jpg?id=306) !important;background-position: center !important;background-repeat: no-repeat !important;background-size: cover !important;}&#8221; wpex_bg_overlay_opacity=&#8221;0.5&#8243;][vc_column]<style>.vcex_69e5f8aad0be5{font-size:100px!important;}@media (max-width:767px){.vcex_69e5f8aad0be5{font-size:40px!important;}}<\/style><div class=\"vcex-heading vcex-module wpex-text-2xl wpex-font-normal wpex-m-auto wpex-max-w-100 vcex-heading-plain wpex-block vc_custom_1694192734901 vcex_69e5f8aad0be5\" style=\"color:#ffffff;font-family:Barlow;font-weight:900;text-transform:uppercase;\"><span class=\"vcex-heading-inner wpex-inline-block wpex-clr\">Informativa sulla privacy<\/span><\/div>[\/vc_column][\/vc_row][vc_row full_width=&#8221;stretch_row&#8221; column_spacing=&#8221;50&#8243; remove_bottom_col_margin=&#8221;true&#8221; css=&#8221;.vc_custom_1694181523405{margin-top: 60px !important;margin-bottom: 60px !important;border-bottom-width: 1px !important;padding-bottom: 60px !important;border-bottom-color: #dddddd !important;border-bottom-style: dashed !important;}&#8221;][vc_column]<div class=\"vcex-spacing wpex-w-100 wpex-clear\" style=\"height:30px;\"><\/div>[vc_column_text color=&#8221;#222222&#8243; font_size=&#8221;d:20|pl:18&#8243; font_family=&#8221;Barlow&#8221;]Questa politica si applica a Icy Lemonade come o al gruppo Eddbee AB su tutti i siti web. L&#8217;informativa sui dati personali si applica quando Icy Lemonade fornisce servizi e prodotti in relazione ad acquisti, questioni di assistenza clienti, altri contatti con Icy Lemonade e visite al sito web.<\/p>\n<p><strong>I vostri dati personali sono importanti per noi<\/strong><\/p>\n<p>Icy Lemonade raccoglie ed elabora i dati personali dell&#8217;utente quando visita o effettua un acquisto su uno dei nostri siti web o, in alternativa, contatta Icy Lemonade via e-mail o social media. Icy Lemonade protegge la vostra privacy e si impegna a garantire un elevato livello di protezione dei dati. Questa informativa sulla privacy spiega perch\u00e9 e come raccogliamo e utilizziamo i vostri dati personali. Descrive inoltre i vostri diritti e le modalit\u00e0 per farli valere. Per noi \u00e8 importante che i dati personali che voi, in qualit\u00e0 di clienti e lettori, ci affidate siano trattati in modo attento, responsabile, trasparente e lecito.<\/p>\n<p><strong>Chi \u00e8 responsabile dei dati che raccogliamo?<\/strong><\/p>\n<p>Icy Lemonade \u00e8 il titolare del trattamento dei dati personali dell&#8217;utente ed \u00e8 responsabile di garantire che tale trattamento avvenga in conformit\u00e0 alla legislazione vigente.<\/p>\n<p><strong>Cosa sono le informazioni personali?<\/strong><\/p>\n<p>I dati personali sono tutte le informazioni che possono essere attribuite direttamente o indirettamente a una persona fisica vivente. Esempi di dati personali sono nome, indirizzo e-mail, numero di telefono e numero di identificazione personale. Anche le immagini e le registrazioni audio sono informazioni personali, anche se non vengono citati i nomi. I dati criptati e i diversi tipi di identit\u00e0 elettroniche (ad esempio i numeri IP) sono dati personali se possono essere collegati a persone fisiche.<\/p>\n<p><strong>Da dove provengono i vostri dati personali?<\/strong><\/p>\n<p>La principale fonte di informazioni personali sull&#8217;utente \u00e8 l&#8217;utente stesso, ad esempio le informazioni fornite al momento dell&#8217;iscrizione, del contatto via e-mail e della ricezione\/risposta a un&#8217;e-mail. I dati personali vengono creati anche in seguito alla lettura di informazioni sul nostro sito web, all&#8217;utilizzo di servizi e alla comunicazione con noi. Ad esempio, possiamo salvare i visitatori, i dati sul traffico e altri dati di comunicazione. Esempi di tali dati personali sono il vostro indirizzo IP. Queste informazioni vengono raccolte tramite i cosiddetti &#8220;cookie&#8221; e vengono utilizzate per conoscere l&#8217;utente in modo da poterlo indirizzare verso informazioni pertinenti. Per farlo, abbiamo bisogno del vostro consenso. Questo avviene accettando i cookie quando si visita il nostro sito web.<\/p>\n<p><strong>Esempi di dati personali che raccogliamo su di voi se ne abbiamo bisogno<\/strong><\/p>\n<p>Nome e cognome. Data di nascita, sesso, nazionalit\u00e0, occupazione\/lavoro\/istruzione, luogo di nascita. Numero di previdenza sociale (solo in caso di acquisto di un abbonamento annuale). Verifica dell&#8217;indirizzo con SPAR. Dati di contatto (indirizzo, e-mail e numero di telefono). Informazioni sull&#8217;acquisto (ad esempio, quale prodotto\/abbonamento \u00e8 stato ordinato). Ev. note che si sceglie di lasciare. Corrispondenza relativa ai reclami.<\/p>\n<p><strong>Caso di acquisto in Icy Lemonade. Biscotti<\/strong><\/p>\n<p>In un cookie \u00e8 possibile vedere\/tracciare il comportamento di navigazione di un utente. I cookie vengono utilizzati per consentire al visitatore di accedere a varie funzioni e per personalizzare il contenuto della newsletter. Utilizziamo i cookie per personalizzare il contenuto della nostra pubblicit\u00e0. Sul nostro sito web utilizziamo anche i cookie, in modo da poter tenere statistiche sull&#8217;utilizzo del web. Un cookie \u00e8 un file di testo memorizzato sul dispositivo dell&#8217;utente in modo che il sito web possa riconoscerlo. Questo cookie non contiene informazioni personali. Esistono due tipi di cookie, permanenti e temporanei (i cosiddetti cookie di sessione). I cookie permanenti vengono memorizzati come file sul dispositivo dell&#8217;utente per un periodo di tempo pi\u00f9 lungo, mentre i cookie di sessione sono collocati temporaneamente sul dispositivo dell&#8217;utente e vengono utilizzati solo durante la navigazione del sito. Poi verr\u00e0 cancellato. Se volete sapere quando il vostro dispositivo riceve un cookie, potete impostare il vostro browser in modo che vi avvisi. Questo consente di accettare o rifiutare un cookie. Il vostro dispositivo pu\u00f2 anche essere impostato per rifiutare tutti i cookie. Se si sceglie di non accettare i cookie, si noti che alcune funzioni dei nostri servizi online non funzioneranno pi\u00f9 come previsto.<\/p>\n<p><strong>Specificamente sul consenso al marketing diretto<\/strong><\/p>\n<p>A condizione che ci abbiate dato il vostro esplicito consenso, invieremo e pubblicheremo regolarmente informazioni e marketing basati sul vostro profilo attraverso vari canali di comunicazione digitale. \u00c8 possibile rinunciare a ricevere comunicazioni di marketing da parte nostra in qualsiasi momento facendo clic su &#8220;unsubscribe&#8221; (annullamento dell&#8217;iscrizione) nella comunicazione via e-mail o SMS che vi inviamo. \u00c8 inoltre possibile contattare Icy Lemonade tramite info@icylemonade.com per ricevere assistenza nel rifiutare le nostre comunicazioni.<\/p>\n<p><strong>Per quanto tempo conserviamo le vostre informazioni?<\/strong><\/p>\n<p>I vostri dati personali vengono conservati solo per il tempo necessario a soddisfare le finalit\u00e0 per cui sono stati raccolti. Icy Lemonade pu\u00f2 conservare i dati pi\u00f9 a lungo se necessario per ottemperare a requisiti legali o per proteggere gli interessi legali di Icy Lemonade, ad es. se \u00e8 in corso un procedimento legale.<\/p>\n<p><strong>Con chi possiamo condividere i vostri dati personali?<\/strong><\/p>\n<p>I vostri dati personali possono essere condivisi con altre societ\u00e0. Questi sono i dati personali dei clienti del gruppo Eddbee AB e il nostro contributo.[\/vc_column_text][\/vc_column][\/vc_row]\n","protected":false},"excerpt":{"rendered":"<p>[vc_row full_width=&#8221;stretch_row&#8221; content_placement=&#8221;bottom&#8221; wpex_bg_overlay=&#8221;dark&#8221; remove_bottom_col_margin=&#8221;true&#8221; min_height=&#8221;600&#8243; css=&#8221;.vc_custom_1709640379397{background: #5398ce url(https:\/\/icylemonade.com\/wp-content\/uploads\/2023\/02\/IL_IM_EU_00005.jpg?id=306) !important;background-position: center !important;background-repeat: no-repeat !important;background-size: cover !important;}&#8221; wpex_bg_overlay_opacity=&#8221;0.5&#8243;][vc_column][\/vc_column][\/vc_row][vc_row full_width=&#8221;stretch_row&#8221; column_spacing=&#8221;50&#8243; remove_bottom_col_margin=&#8221;true&#8221; css=&#8221;.vc_custom_1694181523405{margin-top: 60px !important;margin-bottom: 60px !important;border-bottom-width: 1px !important;padding-bottom: 60px !important;border-bottom-color: #dddddd !important;border-bottom-style: dashed !important;}&#8221;][vc_column][vc_column_text color=&#8221;#222222&#8243; font_size=&#8221;d:20|pl:18&#8243; font_family=&#8221;Barlow&#8221;]Questa politica si applica a Icy Lemonade come o al gruppo Eddbee AB su tutti i siti web. L&#8217;informativa sui&hellip;<\/p>\n","protected":false},"author":1,"featured_media":0,"parent":0,"menu_order":0,"comment_status":"closed","ping_status":"closed","template":"","meta":{"footnotes":""},"class_list":["post-2670","page","type-page","status-publish","hentry","entry","no-media"],"_links":{"self":[{"href":"https:\/\/icylemonade.com\/it\/wp-json\/wp\/v2\/pages\/2670","targetHints":{"allow":["GET"]}}],"collection":[{"href":"https:\/\/icylemonade.com\/it\/wp-json\/wp\/v2\/pages"}],"about":[{"href":"https:\/\/icylemonade.com\/it\/wp-json\/wp\/v2\/types\/page"}],"author":[{"embeddable":true,"href":"https:\/\/icylemonade.com\/it\/wp-json\/wp\/v2\/users\/1"}],"replies":[{"embeddable":true,"href":"https:\/\/icylemonade.com\/it\/wp-json\/wp\/v2\/comments?post=2670"}],"version-history":[{"count":2,"href":"https:\/\/icylemonade.com\/it\/wp-json\/wp\/v2\/pages\/2670\/revisions"}],"predecessor-version":[{"id":6063,"href":"https:\/\/icylemonade.com\/it\/wp-json\/wp\/v2\/pages\/2670\/revisions\/6063"}],"wp:attachment":[{"href":"https:\/\/icylemonade.com\/it\/wp-json\/wp\/v2\/media?parent=2670"}],"curies":[{"name":"wp","href":"https:\/\/api.w.org\/{rel}","templated":true}]}}