{"id":2443,"date":"2023-09-08T17:13:13","date_gmt":"2023-09-08T15:13:13","guid":{"rendered":"https:\/\/icylemonade.com\/betingelser\/"},"modified":"2024-02-29T11:30:27","modified_gmt":"2024-02-29T10:30:27","slug":"betingelser","status":"publish","type":"page","link":"https:\/\/icylemonade.com\/no\/betingelser\/","title":{"rendered":"Betingelser"},"content":{"rendered":"[vc_row full_width=&#8221;stretch_row&#8221; content_placement=&#8221;bottom&#8221; wpex_bg_overlay=&#8221;dark&#8221; remove_bottom_col_margin=&#8221;true&#8221; min_height=&#8221;600&#8243; css=&#8221;.vc_custom_1709201437842{background: #5398ce url(https:\/\/icylemonade.com\/wp-content\/uploads\/2023\/09\/ICY_Slide_00032.jpg?id=1511) !important;background-position: center !important;background-repeat: no-repeat !important;background-size: cover !important;}&#8221; wpex_bg_overlay_opacity=&#8221;0.5&#8243;][vc_column]<style>.vcex_69e9dcf5bea0e{font-size:100px!important;}@media (max-width:767px){.vcex_69e9dcf5bea0e{font-size:40px!important;}}<\/style><div class=\"vcex-heading vcex-module wpex-text-2xl wpex-font-normal wpex-m-auto wpex-max-w-100 vcex-heading-plain wpex-block vc_custom_1694192661365 vcex_69e9dcf5bea0e\" style=\"color:#ffffff;font-family:Barlow;font-weight:900;text-transform:uppercase;\"><span class=\"vcex-heading-inner wpex-inline-block wpex-clr\">Betingelser<\/span><\/div>[\/vc_column][\/vc_row][vc_row full_width=&#8221;stretch_row&#8221; column_spacing=&#8221;50&#8243; remove_bottom_col_margin=&#8221;true&#8221; css=&#8221;.vc_custom_1694181523405{margin-top: 60px !important;margin-bottom: 60px !important;border-bottom-width: 1px !important;padding-bottom: 60px !important;border-bottom-color: #dddddd !important;border-bottom-style: dashed !important;}&#8221;][vc_column]<div class=\"vcex-spacing wpex-w-100 wpex-clear\" style=\"height:30px;\"><\/div>[vc_column_text color=&#8221;#222222&#8243; font_size=&#8221;d:20|pl:18&#8243; font_family=&#8221;Barlow&#8221;]Vi vil understreke at ved \u00e5 bestille produkter\/abonnementer fra nettstedet v\u00e5rt, godtar du vilk\u00e5rene og betingelsene. Vi anbefaler at du skriver ut vilk\u00e5rene og lagrer dokumentet i tilfelle du trenger det i fremtiden. For \u00e5 handle p\u00e5 <a href=\"http:\/\/www.icylemonade.com\/\" target=\"_new\" rel=\"noopener\">www.IcyLemonade.com<\/a> m\u00e5 du v\u00e6re 17 \u00e5r (USA). Vi forbeholder oss retten til \u00e5 kansellere bestillinger fra personer som har oppgitt uriktige personopplysninger. Vi tar forbehold om eventuelle prisfeil som m\u00e5tte oppst\u00e5.<\/p>\n<p><strong>Generelt<\/strong><\/p>\n<p>IcyLemonade.com er en tjeneste for flere arrangementer og flere digitale datingapper, og er flaggskipet til EDDBEE GROUP AB i Sverige. Du starter kontoen din ved \u00e5 g\u00e5 inn p\u00e5 <a href=\"http:\/\/www.icylemonade.com\/\" target=\"_new\" rel=\"noopener\">www.IcyLemonade.com<\/a> eller laste ned appen og registrere kontoen din, der du velger et abonnement. For at du skal f\u00f8le deg trygg p\u00e5 kj\u00f8pet ditt, er du alltid velkommen til \u00e5 kontakte v\u00e5r support og kundeservice via e-post <a href=\"mailto:info@icylemonade.com\" target=\"_new\" rel=\"noopener\">info@icylemonade.com<\/a> hvis du har sp\u00f8rsm\u00e5l om bestillingen din. N\u00e5r du har startet abonnementet ditt, forplikter du deg til \u00e5 f\u00f8lge med p\u00e5 den registrerte e-postadressen din, ettersom all kommunikasjon om abonnementet ditt skjer via e-post.<\/p>\n<p><strong>Priser og betaling<\/strong><\/p>\n<p>Alle priser er i amerikanske dollar. N\u00e5r du handler p\u00e5 <a href=\"mailto:info@icylemonade.com\" target=\"_new\" rel=\"noopener\">info@icylemonade.com,<\/a> behandles kortbetalingen din av Google eller Apple, en sikker elektronisk betalingsl\u00f8sning. All kortinformasjon lagres i samsvar med kortnettverkenes regler. Ingen kredittkortopplysninger lagres i v\u00e5r database, selv om du velger \u00e5 lagre kortet for fremtidige kj\u00f8p. Den lagres hos Google eller Apple. P\u00e5 kontoutskriften din kan det st\u00e5 icylemonade.com eller EDDBEE GROUP AB. Betaling for m\u00e5nedlige abonnementer skjer p\u00e5 m\u00e5nedsbasis. Hvis det ikke foretas noen betaling, overf\u00f8res abonnementene til et gratisabonnement.<\/p>\n<p><strong>Retningslinjer for retur<\/strong><\/p>\n<p>Som forbruker har du 14 dagers angrerett i henhold til angrerettloven og avtaler inng\u00e5tt utenfor fast forretningssted fra det tidspunktet du bestilte tjenesten. Angreretten opph\u00f8rer n\u00e5r du begynner \u00e5 bruke tjenesten, dvs. n\u00e5r du har registrert informasjon (hester, tjenester, utstyr, trening, brukere) i abonnementet ditt. Hvis du kansellerer bestillingen eller \u00f8nsker \u00e5 avslutte et m\u00e5nedsabonnement, kan du kontakte oss via kontaktskjemaet eller kontaktopplysningene i ordrebekreftelsen. Vi vil da stenge kontoen din umiddelbart.<\/p>\n<p><strong>Bekreftelse<\/strong><\/p>\n<p>N\u00e5r bestillingen din er mottatt, f\u00e5r du en e-postbekreftelse med detaljer om bestillingen din. Lagre ordrebekreftelsen for \u00e5 ha den tilgjengelig i tilfelle kontakt med Icy Lemonade.<\/p>\n<p><strong>I tilfelle tvist<\/strong><\/p>\n<p>I tilfelle en tvist f\u00f8lges den nasjonale nemnda for forbrukertvistanbefalinger (ARN).<\/p>\n<p><strong>Begrensning av ansvar<\/strong><\/p>\n<p>Alt materiale som er tilgjengelig via nettstedet, er f\u00f8rst og fremst ment for generelle form\u00e5l og utgj\u00f8r ikke r\u00e5d eller anbefalinger. Informasjonen er ikke alltid fullstendig eller oppdatert. Feil og tekniske mangler kan ogs\u00e5 forekomme.<\/p>\n<p>Eddbee Group AB er ikke ansvarlig for informasjon og materiale p\u00e5 tjenesten som er publisert av andre brukere (s\u00e5kalt brukergenerert materiale). I tilfelle feil i informasjon eller materiale p\u00e5 Eddbee Group, b\u00f8r du kontakte Eddbee Group Support hvis du vil at informasjonen eller materialet skal korrigeres eller fjernes. Eddbee Group AB vil imidlertid alltid fjerne informasjon eller materiale som \u00e5penbart krenker andres opphavsrett eller er kriminelt, dersom Eddbee Group AB mottar informasjon om at slik informasjon eller materiale spres p\u00e5 nettstedet.<\/p>\n<p>Eddbee Group har rett til \u00e5 publisere informasjonen som er oppf\u00f8rt av hvert medlem i hans\/hennes generelle profil p\u00e5 Eddbee Group samt i e-poster til andre medlemmer av Eddbee Group. Et enkeltmedlem har ikke rett til \u00e5 kopiere informasjon som er lagt ut av andre medlemmer uten tillatelse fra det aktuelle medlemmet og Eddbee Group. Det er heller ikke tillatt \u00e5 lenke til spesifikke Eddbee Group-medlemmers profiler p\u00e5 eksterne nettsteder.<\/p>\n<p>Eddbee Group jobber kontinuerlig med IT-sikkerhet. Vi kan dessverre ikke garantere at nettstedet er fritt for skadelige komponenter. For din egen sikkerhets skyld ber vi deg derfor om aldri \u00e5 dele personopplysninger via meldingssystemer, f\u00f8lge lenker i private meldinger eller laste ned programvare av noe slag. Eddbee Group ber aldri om personnummer eller betalingsinformasjon fordi vi er en gratis tjeneste.<\/p>\n<p>Eddbee Group er ikke ansvarlig for skader som direkte eller indirekte skyldes bruk av v\u00e5re tjenester.<\/p>\n<p><strong>Betingelser<\/strong><\/p>\n<p>I henhold til vilk\u00e5rene og betingelsene i denne avtalen og kun for det form\u00e5l \u00e5 bruke tjenestene, gir selskapet deg herved en begrenset, ikke-eksklusiv, gjenkallelig, ikke-underlisensierbar, ikke-overf\u00f8rbar lisens til \u00e5:<\/p>\n<p>Installer en eller flere av mobilappene p\u00e5 en eller flere mobile enheter som eies av deg, er under din kontroll og oppfyller selskapets minimumsspesifikasjoner.<br \/>\nInstaller et eller flere skrivebordsprogrammer p\u00e5 en eller flere datamaskiner som eies av deg, som du har kontroll over, og som oppfyller bedriftens minimumsspesifikasjoner.<br \/>\nSe, gjennomg\u00e5 og bruke appene og all relatert informasjon du f\u00e5r fra selskapet.<br \/>\nDu samtykker i ikke \u00e5 f\u00e5 tilgang til, eller fors\u00f8ke \u00e5 f\u00e5 tilgang til, tjenestene p\u00e5 noen annen m\u00e5te enn gjennom nettstedene eller appene. Du samtykker spesifikt til ikke \u00e5 f\u00e5 tilgang til, eller fors\u00f8ke \u00e5 f\u00e5 tilgang til, tjenestene p\u00e5 noen som helst automatisert m\u00e5te (inkludert, uten begrensning, ved bruk av skript, roboter, uautoriserte tredjepartsapplikasjoner, edderkopper eller crawlere).<\/p>\n<p>Du samtykker i at du ikke, i forbindelse med din bruk av appene, nettstedene og\/eller tjenestene, vil bryte gjeldende lover, forskrifter, regler, forordninger eller traktater.<\/p>\n<p>Du kan ikke koble til eller bruke appene, nettstedene og\/eller tjenestene p\u00e5 noen m\u00e5te som ikke er uttrykkelig godkjent i disse vilk\u00e5rene.<\/p>\n<p>fjerne eventuelle merknader om eiendomsrett fra tjenestene eller kopier av programvare som selskapet har levert til deg (programvare).<br \/>\nfor\u00e5rsake, tillate eller autorisere endring, opprettelse av avledede verk, oversettelse, omvendt utvikling, dekompilering, demontering eller hacking av appene, tjenestene eller programvaren.<br \/>\nSelge, overdra, overdra, leie ut, lease, fungere som et servicebyr\u00e5 eller gi rettigheter til appene, tjenestene eller programvaren, inkludert, uten begrensning, ved underlisens, til andre personer eller enheter uten skriftlig forh\u00e5ndssamtykke fra selskapet.<br \/>\nkomme med falske, misvisende eller villedende uttalelser eller fremstillinger om selskapet og\/eller appene, nettstedene eller tjenestene.<br \/>\nForbudt bruk av v\u00e5r applikasjon eller v\u00e5re tjenester<\/p>\n<p>Ved \u00e5 bruke v\u00e5r applikasjon eller v\u00e5re tjenester forbys du \u00e5 gj\u00f8re f\u00f8lgende:<\/p>\n<p>Trakassere, misbruke, forn\u00e6rme, skade, \u00e6rekrenke, baktale, nedvurdere, skremme eller diskriminere p\u00e5 grunnlag av kj\u00f8nn, seksuell legning, religion, etnisitet, rase, alder, nasjonal opprinnelse eller funksjonshemming.<br \/>\nsende inn uriktige eller villedende opplysninger.<br \/>\nSamle inn eller spore andres personopplysninger.<br \/>\nLaste opp eller overf\u00f8re virus eller andre typer ondsinnet kode som vil eller kan brukes p\u00e5 en m\u00e5te som vil p\u00e5virke funksjonen til applikasjonen eller driften av v\u00e5re tjenester.<br \/>\nFor alle ulovlige form\u00e5l.<br \/>\nInvitere andre til \u00e5 utf\u00f8re eller delta i ulovlige handlinger.<br \/>\nBrudd p\u00e5 internasjonale, f\u00f8derale, provinsielle eller statlige forskrifter, regler, lover eller lokale forordninger.<br \/>\nkrenker eller bryter med v\u00e5re eller andres immaterielle rettigheter.<br \/>\nSpam, phishing, pharm, pretext, spider, creep eller scrape.<br \/>\nFor obsk\u00f8ne eller umoralske form\u00e5l; eller for \u00e5 forstyrre eller omg\u00e5 sikkerhetsfunksjonene i v\u00e5re tjenester.<br \/>\nBruk appene, nettstedene og\/eller tjenestene til \u00e5:<\/p>\n<p>Utvikle, generere, overf\u00f8re eller lagre informasjon som er ulovlig eller rettsstridig, \u00e6rekrenkende, skadelig, forn\u00e6rmende, hatefull, rasistisk eller etnisk krenkende eller som oppfordrer til atferd som kan anses som kriminell.<br \/>\nUtf\u00f8re uoppfordret kommersiell kommunikasjon som ikke er tillatt i henhold til gjeldende lovgivning.<br \/>\nEndringer<\/p>\n<p>Icy Lemonade forbeholder seg retten til \u00e5 gj\u00f8re endringer i disse vilk\u00e5rene. Det anbefales derfor \u00e5 bes\u00f8ke dette nettstedet regelmessig for \u00e5 lese disse vilk\u00e5rene.<\/p>\n<p>Bedriftsinformasjon og kontaktinformasjon<\/p>\n<p>Eddbee group AB, Box 7033, 402 31 G\u00f6teborg, Sverige.<\/p>\n<p>info@icyelemonade.com[\/vc_column_text][\/vc_column][\/vc_row]\n","protected":false},"excerpt":{"rendered":"<p>[vc_row full_width=&#8221;stretch_row&#8221; content_placement=&#8221;bottom&#8221; wpex_bg_overlay=&#8221;dark&#8221; remove_bottom_col_margin=&#8221;true&#8221; min_height=&#8221;600&#8243; css=&#8221;.vc_custom_1709201437842{background: #5398ce url(https:\/\/icylemonade.com\/wp-content\/uploads\/2023\/09\/ICY_Slide_00032.jpg?id=1511) !important;background-position: center !important;background-repeat: no-repeat !important;background-size: cover !important;}&#8221; wpex_bg_overlay_opacity=&#8221;0.5&#8243;][vc_column][\/vc_column][\/vc_row][vc_row full_width=&#8221;stretch_row&#8221; column_spacing=&#8221;50&#8243; remove_bottom_col_margin=&#8221;true&#8221; css=&#8221;.vc_custom_1694181523405{margin-top: 60px !important;margin-bottom: 60px !important;border-bottom-width: 1px !important;padding-bottom: 60px !important;border-bottom-color: #dddddd !important;border-bottom-style: dashed !important;}&#8221;][vc_column][vc_column_text color=&#8221;#222222&#8243; font_size=&#8221;d:20|pl:18&#8243; font_family=&#8221;Barlow&#8221;]Vi vil understreke at ved \u00e5 bestille produkter\/abonnementer fra nettstedet v\u00e5rt, godtar du vilk\u00e5rene og betingelsene. Vi anbefaler at du&hellip;<\/p>\n","protected":false},"author":1,"featured_media":0,"parent":0,"menu_order":0,"comment_status":"closed","ping_status":"closed","template":"","meta":{"footnotes":""},"class_list":["post-2443","page","type-page","status-publish","hentry","entry","no-media"],"_links":{"self":[{"href":"https:\/\/icylemonade.com\/no\/wp-json\/wp\/v2\/pages\/2443","targetHints":{"allow":["GET"]}}],"collection":[{"href":"https:\/\/icylemonade.com\/no\/wp-json\/wp\/v2\/pages"}],"about":[{"href":"https:\/\/icylemonade.com\/no\/wp-json\/wp\/v2\/types\/page"}],"author":[{"embeddable":true,"href":"https:\/\/icylemonade.com\/no\/wp-json\/wp\/v2\/users\/1"}],"replies":[{"embeddable":true,"href":"https:\/\/icylemonade.com\/no\/wp-json\/wp\/v2\/comments?post=2443"}],"version-history":[{"count":4,"href":"https:\/\/icylemonade.com\/no\/wp-json\/wp\/v2\/pages\/2443\/revisions"}],"predecessor-version":[{"id":2501,"href":"https:\/\/icylemonade.com\/no\/wp-json\/wp\/v2\/pages\/2443\/revisions\/2501"}],"wp:attachment":[{"href":"https:\/\/icylemonade.com\/no\/wp-json\/wp\/v2\/media?parent=2443"}],"curies":[{"name":"wp","href":"https:\/\/api.w.org\/{rel}","templated":true}]}}