{"id":2644,"date":"2023-09-08T17:13:19","date_gmt":"2023-09-08T15:13:19","guid":{"rendered":"https:\/\/icylemonade.com\/retningslinjer-for-personvern\/"},"modified":"2024-03-05T13:07:23","modified_gmt":"2024-03-05T12:07:23","slug":"retningslinjer-for-personvern","status":"publish","type":"page","link":"https:\/\/icylemonade.com\/no\/retningslinjer-for-personvern\/","title":{"rendered":"Retningslinjer for personvern"},"content":{"rendered":"[vc_row full_width=&#8221;stretch_row&#8221; content_placement=&#8221;bottom&#8221; wpex_bg_overlay=&#8221;dark&#8221; remove_bottom_col_margin=&#8221;true&#8221; min_height=&#8221;600&#8243; css=&#8221;.vc_custom_1709640379397{background: #5398ce url(https:\/\/icylemonade.com\/wp-content\/uploads\/2023\/02\/IL_IM_EU_00005.jpg?id=306) !important;background-position: center !important;background-repeat: no-repeat !important;background-size: cover !important;}&#8221; wpex_bg_overlay_opacity=&#8221;0.5&#8243;][vc_column]<style>.vcex_69e49bbbb7407{font-size:100px!important;}@media (max-width:767px){.vcex_69e49bbbb7407{font-size:40px!important;}}<\/style><div class=\"vcex-heading vcex-module wpex-text-2xl wpex-font-normal wpex-m-auto wpex-max-w-100 vcex-heading-plain wpex-block vc_custom_1694192734901 vcex_69e49bbbb7407\" style=\"color:#ffffff;font-family:Barlow;font-weight:900;text-transform:uppercase;\"><span class=\"vcex-heading-inner wpex-inline-block wpex-clr\">Retningslinjer for personvern<\/span><\/div>[\/vc_column][\/vc_row][vc_row full_width=&#8221;stretch_row&#8221; column_spacing=&#8221;50&#8243; remove_bottom_col_margin=&#8221;true&#8221; css=&#8221;.vc_custom_1694181523405{margin-top: 60px !important;margin-bottom: 60px !important;border-bottom-width: 1px !important;padding-bottom: 60px !important;border-bottom-color: #dddddd !important;border-bottom-style: dashed !important;}&#8221;][vc_column]<div class=\"vcex-spacing wpex-w-100 wpex-clear\" style=\"height:30px;\"><\/div>[vc_column_text color=&#8221;#222222&#8243; font_size=&#8221;d:20|pl:18&#8243; font_family=&#8221;Barlow&#8221;]Disse retningslinjene gjelder for Icy Lemonade as eller Eddbee group AB p\u00e5 alle nettsteder. Personvernerkl\u00e6ringen gjelder n\u00e5r Icy Lemonade leverer tjenester og produkter i forbindelse med kj\u00f8p, kundeservice, annen kontakt med Icy Lemonade og bes\u00f8k p\u00e5 nettstedet.<\/p>\n<p><strong>Dine personopplysninger er viktige for oss<\/strong><\/p>\n<p>Icy Lemonade samler inn og behandler personopplysninger om deg n\u00e5r du bes\u00f8ker eller foretar et kj\u00f8p p\u00e5 et av v\u00e5re nettsteder eller alternativt kontakter Icy Lemonade via e-post eller sosiale medier. Icy Lemonade verner om personvernet ditt og har forpliktet seg til et h\u00f8yt niv\u00e5 av databeskyttelse. Denne personvernerkl\u00e6ringen forklarer hvorfor og hvordan vi samler inn og bruker personopplysningene dine. Den beskriver ogs\u00e5 rettighetene dine og hvordan du kan h\u00e5ndheve dem. Det er viktig for oss at personopplysningene du som kunde og leser betror oss, h\u00e5ndteres p\u00e5 en forsiktig, ansvarlig, transparent og lovlig m\u00e5te.<\/p>\n<p><strong>Hvem er ansvarlig for dataene vi samler inn?<\/strong><\/p>\n<p>Icy Lemonade er behandlingsansvarlig for Icy Lemonades behandling av dine personopplysninger og er ansvarlig for at slik behandling skjer i samsvar med gjeldende lovgivning.<\/p>\n<p><strong>Hva er personopplysninger?<\/strong><\/p>\n<p>Personopplysninger er all informasjon som direkte eller indirekte kan knyttes til en levende fysisk person. Eksempler p\u00e5 personopplysninger er navn, e-postadresse, telefonnummer og personnummer. Bilder og lydopptak er ogs\u00e5 personopplysninger, selv om ingen navn er nevnt. Krypterte data og ulike typer elektroniske identiteter (f.eks. IP-nummer) er personopplysninger hvis de kan knyttes til fysiske personer.<\/p>\n<p><strong>Hvor kommer personopplysningene dine fra?<\/strong><\/p>\n<p>Den viktigste kilden til personopplysninger om deg er deg selv, for eksempel informasjon du oppgir n\u00e5r du abonnerer, kontakter oss via e-post og mottar\/svarer p\u00e5 en e-post. Personopplysninger skapes ogs\u00e5 som f\u00f8lge av at du leser informasjon p\u00e5 nettstedet v\u00e5rt, bruker tjenester og kommuniserer med oss. Vi kan for eksempel lagre bes\u00f8ksdata, trafikkdata og andre kommunikasjonsdata. Eksempler p\u00e5 slike personopplysninger er IP-adressen din. Denne informasjonen samles inn via s\u00e5kalte informasjonskapsler og brukes til \u00e5 bli kjent med deg slik at vi kan m\u00e5lrette relevant informasjon til deg. For \u00e5 gj\u00f8re dette trenger vi ditt samtykke. Dette gj\u00f8r du ved \u00e5 godta informasjonskapsler n\u00e5r du bes\u00f8ker nettstedet v\u00e5rt.<\/p>\n<p><strong>Eksempler p\u00e5 personopplysninger vi samler inn om deg hvis vi har behov for det<\/strong><\/p>\n<p>For- og etternavn. F\u00f8dselsdato, kj\u00f8nn, nasjonalitet, yrke\/sysselsetting\/utdanning, f\u00f8dested. Personnummer (kun ved kj\u00f8p av \u00e5rskort). Adressesjekk mot SPAR. Kontaktinformasjon (adresse, e-post og telefonnummer). Kj\u00f8psinformasjon (f.eks. hvilket produkt\/abonnement som er bestilt). Ev. notater du velger \u00e5 forlate. Korrespondanse vedr\u00f8rende klager.<\/p>\n<p><strong>Historikk over kj\u00f8p i Icy Lemonade. Informasjonskapsler<\/strong><\/p>\n<p>I en informasjonskapsel er det mulig \u00e5 se\/spore en brukers surfeatferd. Informasjonskapsler brukes for \u00e5 gi deg som bes\u00f8kende tilgang til ulike funksjoner og for \u00e5 tilpasse innholdet i nyhetsbrevet. Vi bruker informasjonskapsler for \u00e5 tilpasse innholdet i annonsene v\u00e5re. Vi bruker ogs\u00e5 informasjonskapsler p\u00e5 nettstedet v\u00e5rt slik at vi kan f\u00f8re statistikk over hvor mye nettet brukes. En informasjonskapsel er en tekstfil som lagres p\u00e5 enheten din slik at nettstedet kan gjenkjenne enheten din. Denne informasjonskapselen inneholder ingen personopplysninger. Det finnes to typer informasjonskapsler, permanente og midlertidige (s\u00e5kalte \u00f8ktinformasjonskapsler). Permanente informasjonskapsler lagres som en fil p\u00e5 enheten din i en lengre periode, mens \u00f8ktinformasjonskapsler plasseres midlertidig p\u00e5 enheten din og brukes bare s\u00e5 lenge du surfer p\u00e5 nettstedet. Den vil bli slettet. Hvis du vil vite n\u00e5r enheten din mottar en informasjonskapsel, kan du stille inn nettleseren til \u00e5 varsle deg. Dette lar deg godta eller avvise en informasjonskapsel. Enheten din kan ogs\u00e5 stilles inn til \u00e5 avvise alle informasjonskapsler. Hvis du velger \u00e5 ikke godta informasjonskapsler, m\u00e5 du v\u00e6re oppmerksom p\u00e5 at enkelte funksjoner i v\u00e5re nettbaserte tjenester ikke lenger vil fungere etter hensikten.<\/p>\n<p><strong>Spesielt om samtykke til direkte markedsf\u00f8ring<\/strong><\/p>\n<p>Forutsatt at du har gitt oss ditt uttrykkelige samtykke, vil vi regelmessig sende og publisere informasjon og markedsf\u00f8ring basert p\u00e5 profilen din via ulike digitale kommunikasjonskanaler. Du kan n\u00e5r som helst reservere deg mot \u00e5 motta markedsf\u00f8ringskommunikasjon fra oss ved \u00e5 klikke p\u00e5 &#8220;unsubscribe&#8221; i e-post- eller SMS-kommunikasjonen vi sender deg. Det er ogs\u00e5 mulig \u00e5 kontakte Icy Lemonade via info@icylemonade.com for \u00e5 f\u00e5 hjelp til \u00e5 avvise v\u00e5r kommunikasjon.<\/p>\n<p><strong>Hvor lenge oppbevarer vi opplysningene dine?<\/strong><\/p>\n<p>Personopplysningene dine oppbevares bare s\u00e5 lenge det er n\u00f8dvendig for \u00e5 oppfylle de form\u00e5lene de ble samlet inn for. Icy Lemonade kan oppbevare opplysningene lenger hvis det er n\u00f8dvendig for \u00e5 overholde juridiske krav eller for \u00e5 beskytte Icy Lemonades juridiske interesser, f.eks. hvis det p\u00e5g\u00e5r en rettslig prosess.<\/p>\n<p><strong>Hvem kan vi dele personopplysningene dine med?<\/strong><\/p>\n<p>Personopplysningene dine kan bli delt med andre selskaper. Dette er Eddbee group ABs kunder og v\u00e5rt bidrag til personopplysningene.[\/vc_column_text][\/vc_column][\/vc_row]\n","protected":false},"excerpt":{"rendered":"<p>[vc_row full_width=&#8221;stretch_row&#8221; content_placement=&#8221;bottom&#8221; wpex_bg_overlay=&#8221;dark&#8221; remove_bottom_col_margin=&#8221;true&#8221; min_height=&#8221;600&#8243; css=&#8221;.vc_custom_1709640379397{background: #5398ce url(https:\/\/icylemonade.com\/wp-content\/uploads\/2023\/02\/IL_IM_EU_00005.jpg?id=306) !important;background-position: center !important;background-repeat: no-repeat !important;background-size: cover !important;}&#8221; wpex_bg_overlay_opacity=&#8221;0.5&#8243;][vc_column][\/vc_column][\/vc_row][vc_row full_width=&#8221;stretch_row&#8221; column_spacing=&#8221;50&#8243; remove_bottom_col_margin=&#8221;true&#8221; css=&#8221;.vc_custom_1694181523405{margin-top: 60px !important;margin-bottom: 60px !important;border-bottom-width: 1px !important;padding-bottom: 60px !important;border-bottom-color: #dddddd !important;border-bottom-style: dashed !important;}&#8221;][vc_column][vc_column_text color=&#8221;#222222&#8243; font_size=&#8221;d:20|pl:18&#8243; font_family=&#8221;Barlow&#8221;]Disse retningslinjene gjelder for Icy Lemonade as eller Eddbee group AB p\u00e5 alle nettsteder. Personvernerkl\u00e6ringen gjelder n\u00e5r Icy Lemonade leverer&hellip;<\/p>\n","protected":false},"author":1,"featured_media":0,"parent":0,"menu_order":0,"comment_status":"closed","ping_status":"closed","template":"","meta":{"footnotes":""},"class_list":["post-2644","page","type-page","status-publish","hentry","entry","no-media"],"_links":{"self":[{"href":"https:\/\/icylemonade.com\/no\/wp-json\/wp\/v2\/pages\/2644","targetHints":{"allow":["GET"]}}],"collection":[{"href":"https:\/\/icylemonade.com\/no\/wp-json\/wp\/v2\/pages"}],"about":[{"href":"https:\/\/icylemonade.com\/no\/wp-json\/wp\/v2\/types\/page"}],"author":[{"embeddable":true,"href":"https:\/\/icylemonade.com\/no\/wp-json\/wp\/v2\/users\/1"}],"replies":[{"embeddable":true,"href":"https:\/\/icylemonade.com\/no\/wp-json\/wp\/v2\/comments?post=2644"}],"version-history":[{"count":2,"href":"https:\/\/icylemonade.com\/no\/wp-json\/wp\/v2\/pages\/2644\/revisions"}],"predecessor-version":[{"id":6072,"href":"https:\/\/icylemonade.com\/no\/wp-json\/wp\/v2\/pages\/2644\/revisions\/6072"}],"wp:attachment":[{"href":"https:\/\/icylemonade.com\/no\/wp-json\/wp\/v2\/media?parent=2644"}],"curies":[{"name":"wp","href":"https:\/\/api.w.org\/{rel}","templated":true}]}}