{"id":2800,"date":"2023-09-08T17:13:24","date_gmt":"2023-09-08T15:13:24","guid":{"rendered":"https:\/\/icylemonade.com\/informasjonskapsler\/"},"modified":"2024-02-29T16:59:00","modified_gmt":"2024-02-29T15:59:00","slug":"informasjonskapsler","status":"publish","type":"page","link":"https:\/\/icylemonade.com\/no\/informasjonskapsler\/","title":{"rendered":"Informasjonskapsler"},"content":{"rendered":"[vc_row full_width=&#8221;stretch_row&#8221; content_placement=&#8221;middle&#8221; column_spacing=&#8221;20&#8243; video_bg=&#8221;self_hosted&#8221; wpex_bg_overlay=&#8221;dark&#8221; video_bg_center=&#8221;true&#8221; remove_bottom_col_margin=&#8221;true&#8221; css=&#8221;.vc_custom_1685100743685{padding-top: 130px !important;padding-bottom: 50px !important;background-position: center !important;background-repeat: no-repeat !important;background-size: cover !important;}&#8221; local_scroll_id=&#8221;home&#8221; wpex_bg_overlay_color=&#8221;#0a0a0a&#8221; wpex_bg_overlay_opacity=&#8221;0.1&#8243; video_bg_mp4=&#8221;https:\/\/icylemonade.com\/wp-content\/uploads\/2023\/05\/icylemonade_low.mp4&#8243; min_height=&#8221;700&#8243;][vc_column css=&#8221;.vc_custom_1676565021373{padding-top: 0px !important;padding-right: 30px !important;padding-bottom: 0px !important;padding-left: 30px !important;background-position: center !important;background-repeat: no-repeat !important;background-size: cover !important;}&#8221;]<style>.vcex_69e8b3b68a9f4{font-size:100px!important;}@media (max-width:767px){.vcex_69e8b3b68a9f4{font-size:60px!important;}}<\/style><div class=\"vcex-heading vcex-module wpex-text-2xl wpex-font-normal wpex-m-auto wpex-max-w-100 vcex-heading-plain wpex-block wpex-text-center vc_custom_1686575978283 vcex_69e8b3b68a9f4\" style=\"color:#ffffff;font-family:Barlow;font-weight:700;line-height:1;\"><span class=\"vcex-heading-inner wpex-inline-block wpex-clr\">FINN DIN<\/span><\/div><style>.vcex_69e8b3b68d965{font-size:43px!important;}@media (max-width:767px){.vcex_69e8b3b68d965{font-size:26px!important;}}<\/style><div class=\"vcex-heading vcex-module wpex-text-2xl wpex-font-normal wpex-m-auto wpex-max-w-100 vcex-heading-plain wpex-block wpex-text-center vc_custom_1686576180075 vcex_69e8b3b68d965\" style=\"color:#ffffff;font-family:Barlow;font-weight:700;line-height:1;\"><span class=\"vcex-heading-inner wpex-inline-block wpex-clr\">PERFEKT MATCH<\/span><\/div><style>.vcex_69e8b3b68dc92{font-size:34px!important;}@media (max-width:479px){.vcex_69e8b3b68dc92{font-size:21px!important;}}<\/style><div class=\"vcex-heading vcex-module wpex-text-2xl wpex-font-normal wpex-m-auto wpex-max-w-100 vcex-heading-plain wpex-block wpex-text-center vc_custom_1693297477194 vcex_69e8b3b68dc92\" style=\"color:#ffffff;font-family:Barlow Condensed;text-transform:uppercase;line-height:1;\"><span class=\"vcex-heading-inner wpex-inline-block wpex-clr\">100 % GRATIS MED REKLAMEVERSJONEN<br \/>*** ALLE FUNKSJONER ER INKLUDERT I PRISEN.<\/span><\/div><div class=\"vcex-spacing wpex-w-100 wpex-clear\"><\/div>[vc_row_inner][vc_column_inner width=&#8221;1\/4&#8243;][\/vc_column_inner][vc_column_inner width=&#8221;1\/4&#8243;][vc_single_image image=&#8221;517&#8243; img_size=&#8221;&#8221; alignment=&#8221;center&#8221; onclick=&#8221;custom_link&#8221; img_link_target=&#8221;_blank&#8221; link=&#8221;https:\/\/apps.apple.com\/us\/app\/icy-lemonade\/id6444046785&#8243; img_hover=&#8221;opacity-invert&#8221;]<div class=\"vcex-spacing wpex-w-100 wpex-clear show-at-mm-breakpoint\" style=\"height:20px;\"><\/div>[\/vc_column_inner][vc_column_inner width=&#8221;1\/4&#8243;][vc_single_image image=&#8221;519&#8243; img_size=&#8221;&#8221; alignment=&#8221;center&#8221; onclick=&#8221;custom_link&#8221; link=&#8221;https:\/\/play.google.com\/store\/apps\/details?id=com.icylemonade.app&#8221; img_hover=&#8221;opacity-invert&#8221;][\/vc_column_inner][vc_column_inner width=&#8221;1\/4&#8243;][\/vc_column_inner][\/vc_row_inner]<div class=\"vcex-spacing wpex-w-100 wpex-clear show-at-mm-breakpoint\"><\/div>[\/vc_column][\/vc_row][vc_row full_width=&#8221;stretch_row&#8221; content_placement=&#8221;middle&#8221; column_spacing=&#8221;0px&#8221; full_height=&#8221;yes&#8221; remove_bottom_col_margin=&#8221;true&#8221; css=&#8221;.vc_custom_1693297527400{padding-top: 40px !important;padding-bottom: 40px !important;background-color: #e8f6ff !important;background-position: center !important;background-repeat: no-repeat !important;background-size: cover !important;}&#8221; local_scroll_id=&#8221;1&#8243;][vc_column css=&#8221;.vc_custom_1676565000694{padding-top: 0px !important;padding-right: 30px !important;padding-bottom: 0px !important;padding-left: 30px !important;background-position: center !important;background-repeat: no-repeat !important;background-size: cover !important;}&#8221;]<style>.vcex_69e8b3b68e629{font-size:30px!important;}@media (max-width:767px){.vcex_69e8b3b68e629{font-size:18px!important;}}<\/style><div class=\"vcex-heading vcex-module wpex-text-2xl wpex-font-normal wpex-m-auto wpex-max-w-100 vcex-heading-plain wpex-block wpex-text-center vc_custom_1686903854356 vcex_69e8b3b68e629\" style=\"color:#000000;font-family:Barlow;letter-spacing:var(--wpex-tracking-widest);font-weight:600;line-height:2;\"><span class=\"vcex-heading-inner wpex-inline-block wpex-clr\">TILGJENGELIG OVERALT \u2764\ufe0f<\/span><\/div><style>.vcex_69e8b3b68e956{font-size:16px!important;}@media (max-width:767px){.vcex_69e8b3b68e956{font-size:16px!important;}}<\/style><div class=\"vcex-heading vcex-module wpex-text-2xl wpex-font-normal wpex-m-auto wpex-max-w-100 vcex-heading-plain wpex-block wpex-text-center vc_custom_1685108187428 vcex_69e8b3b68e956\" style=\"color:#000000;font-family:Barlow;letter-spacing:var(--wpex-tracking-widest);font-weight:400;line-height:2;\"><span class=\"vcex-heading-inner wpex-inline-block wpex-clr\">PARIS - LONDON - NEW YORK - BERLIN - STOCKHOLM - TOKYO - SYDNEY - BANGKOK - ROM - OSLO - MADRID - K\u00d8BENHAVN - SEOUL - NAIROBI - LOS ANGELES - SINGAPORE - HONG KONG - BOMBAY - BEIJING - ATHEN - WIEN - AMSTERDAM - PRAG - KIEV - ZURICH - LISBON - MOSKVA - M\u00dcNCHEN - MONACO - ISTANBUL - GEN\u00c8VE - TEL AVIV - NICOSIA - KAIRO - CAPE TOWN - BUENOS AIRES - MIAMI - BOGOTA - PUERTO - PUERTO - KIEV ZURICH - LISSABON - MOSKVA - M\u00dcNCHEN - MONACO - ISTANBUL - GENEVE - TEL AVIV - NICOSIA - KAIRO - CAPE TOWN - BUENOS AIRES - MIAMI - BOGOTA - PUERTO RICO - MEXICO CITY - LAS VEGAS - RIO DE JANEIRO - SAN FRANCISCO - ATLANTA - DALLAS - CHICAGO<\/span><\/div>[vc_row_inner content_placement=&#8221;middle&#8221; css=&#8221;.vc_custom_1684316732536{margin-top: 50px !important;}&#8221;][vc_column_inner width=&#8221;1\/3&#8243;]<div class=\"vcex-spacing wpex-w-100 wpex-clear\"><\/div>[\/vc_column_inner][vc_column_inner width=&#8221;1\/3&#8243;]<div class=\"vcex-spacing wpex-w-100 wpex-clear\"><\/div>[\/vc_column_inner][vc_column_inner width=&#8221;1\/3&#8243;]<div class=\"vcex-spacing wpex-w-100 wpex-clear\"><\/div>[\/vc_column_inner][\/vc_row_inner][vc_row_inner css=&#8221;.vc_custom_1684330343496{margin-bottom: 0px !important;}&#8221;][vc_column_inner width=&#8221;1\/3&#8243;][\/vc_column_inner][vc_column_inner width=&#8221;1\/3&#8243;]<div class=\"vcex-spacing wpex-w-100 wpex-clear\"><\/div>[\/vc_column_inner][vc_column_inner width=&#8221;1\/3&#8243;][\/vc_column_inner][\/vc_row_inner][\/vc_column][\/vc_row][vc_row full_width=&#8221;stretch_row&#8221; content_placement=&#8221;middle&#8221; column_spacing=&#8221;0px&#8221; full_height=&#8221;yes&#8221; remove_bottom_col_margin=&#8221;true&#8221; css=&#8221;.vc_custom_1686903414297{padding-top: 40px !important;padding-bottom: 40px !important;background-color: #5398ce !important;background-position: center !important;background-repeat: no-repeat !important;background-size: cover !important;}&#8221; local_scroll_id=&#8221;1&#8243;][vc_column css=&#8221;.vc_custom_1676565000694{padding-top: 0px !important;padding-right: 30px !important;padding-bottom: 0px !important;padding-left: 30px !important;background-position: center !important;background-repeat: no-repeat !important;background-size: cover !important;}&#8221;]<div class=\"vcex-spacing wpex-w-100 wpex-clear\" style=\"height:100px;\"><\/div>[vc_row_inner css=&#8221;.vc_custom_1684330322871{margin-top: 0px !important;}&#8221;][vc_column_inner width=&#8221;1\/3&#8243;]<div class=\"vcex-module vcex-icon-box vcex-icon-box-three wpex-relative wpex-text-center vc_custom_1686902725089\"><div class=\"vcex-icon-box-symbol wpex-mb-20\"><div class=\"vcex-icon-box-icon wpex-inline-flex wpex-items-center wpex-justify-center wpex-child-inherit-color wpex-text-center wpex-leading-none wpex-text-1 wpex-p-15\" style=\"color:var(--wpex-palette-54-color);font-size:var(--vcex-icon-normal);border-radius:var(--wpex-radius-blob-5);background:#ededed;\"><span class=\"ticon ticon-tag\" aria-hidden=\"true\"><\/span><\/div><\/div><div class=\"vcex-icon-box-text\"><h2 class=\"vcex-icon-box-heading wpex-heading wpex-text-md wpex-mb-10\" style=\"font-family:Barlow Condensed;font-weight:400;color:#ffffff;font-size:24px;\">100 % GRATIS MED ALLE FUNKSJONER<\/h2><div class=\"vcex-icon-box-content wpex-last-mb-0 wpex-clr\" style=\"font-family:Barlow Condensed;color:#ffffff;font-size:20px;\"><p>Appen er 100 % gratis \u00e5 bruke i annonseversjonen. I betalingsversjonen er det mulig \u00e5 velge bort annonser.<span> <\/span><\/p>\n<\/div><\/div><\/div><div class=\"vcex-spacing wpex-w-100 wpex-clear\" style=\"height:80px;\"><\/div><div class=\"vcex-module vcex-icon-box vcex-icon-box-three wpex-relative wpex-text-center vc_custom_1686902777303\"><div class=\"vcex-icon-box-symbol wpex-mb-20\"><div class=\"vcex-icon-box-icon wpex-inline-flex wpex-items-center wpex-justify-center wpex-child-inherit-color wpex-text-center wpex-leading-none wpex-text-1 wpex-p-15\" style=\"color:#dd3333;font-size:var(--vcex-icon-normal);border-radius:var(--wpex-radius-blob-5);background:#ededed;\"><span class=\"ticon ticon-heart\" aria-hidden=\"true\"><\/span><\/div><\/div><div class=\"vcex-icon-box-text\"><h2 class=\"vcex-icon-box-heading wpex-heading wpex-text-md wpex-mb-10\" style=\"font-family:Barlow Condensed;font-weight:400;color:#ffffff;font-size:24px;\">SEND MEGABLOMSTER<\/h2><div class=\"vcex-icon-box-content wpex-last-mb-0 wpex-clr\" style=\"font-family:Barlow Condensed;color:#ffffff;font-size:20px;\"><p>Kontakt hvem som helst umiddelbart ved \u00e5 sende en Mega Flirt, 100 % gratis med bel\u00f8nningsvideo.<\/p>\n<\/div><\/div><\/div><div class=\"vcex-spacing wpex-w-100 wpex-clear\" style=\"height:80px;\"><\/div><div class=\"vcex-module vcex-icon-box vcex-icon-box-three wpex-relative wpex-text-center vc_custom_1686902817395\"><div class=\"vcex-icon-box-symbol wpex-mb-20\"><div class=\"vcex-icon-box-icon wpex-inline-flex wpex-items-center wpex-justify-center wpex-child-inherit-color wpex-text-center wpex-leading-none wpex-text-1 wpex-p-15\" style=\"color:var(--wpex-palette-53-color);font-size:var(--vcex-icon-normal);border-radius:var(--wpex-radius-blob-5);background:#ededed;\"><span class=\"ticon ticon-globe\" aria-hidden=\"true\"><\/span><\/div><\/div><div class=\"vcex-icon-box-text\"><h2 class=\"vcex-icon-box-heading wpex-heading wpex-text-md wpex-mb-10\" style=\"font-family:Barlow Condensed;font-weight:400;color:#ffffff;font-size:24px;\">30+ SPR\u00c5K<\/h2><div class=\"vcex-icon-box-content wpex-last-mb-0 wpex-clr\" style=\"font-family:Barlow Condensed;color:#ffffff;font-size:20px;\"><p>Appen er tilgjengelig p\u00e5 over tretti spr\u00e5k og er tilpasset globale brukere over hele verden.<span> <\/span><\/p>\n<\/div><\/div><\/div><div class=\"vcex-spacing wpex-w-100 wpex-clear\" style=\"height:80px;\"><\/div>[\/vc_column_inner][vc_column_inner width=&#8221;1\/3&#8243;]<div class=\"vcex-module vcex-icon-box vcex-icon-box-three wpex-relative wpex-text-center vc_custom_1686902741322\"><div class=\"vcex-icon-box-symbol wpex-mb-20\"><div class=\"vcex-icon-box-icon wpex-inline-flex wpex-items-center wpex-justify-center wpex-child-inherit-color wpex-text-center wpex-leading-none wpex-text-1 wpex-p-15\" style=\"color:var(--wpex-palette-51-color);font-size:var(--vcex-icon-normal);border-radius:var(--wpex-radius-blob-5);background:#ededed;\"><span class=\"ticon ticon-hand-pointer-o\" aria-hidden=\"true\"><\/span><\/div><\/div><div class=\"vcex-icon-box-text\"><h2 class=\"vcex-icon-box-heading wpex-heading wpex-text-md wpex-mb-10\" style=\"font-family:Barlow Condensed;font-weight:400;color:#ffffff;font-size:24px;\">SVEIP OG BLA, VI HAR BEGGE DELER<\/h2><div class=\"vcex-icon-box-content wpex-last-mb-0 wpex-clr\" style=\"font-family:Barlow Condensed;color:#ffffff;font-size:20px;\"><p>To versjoner for \u00e5 finne din match. Vanlig browse- og swipe-versjon, begge med filtre, 100 % gratis.<span> <\/span><\/p>\n<\/div><\/div><\/div><div class=\"vcex-spacing wpex-w-100 wpex-clear\" style=\"height:80px;\"><\/div><div class=\"vcex-module vcex-icon-box vcex-icon-box-three wpex-relative wpex-text-center vc_custom_1686902793458\"><div class=\"vcex-icon-box-symbol wpex-mb-20\"><div class=\"vcex-icon-box-icon wpex-inline-flex wpex-items-center wpex-justify-center wpex-child-inherit-color wpex-text-center wpex-leading-none wpex-text-1 wpex-p-15\" style=\"color:var(--wpex-palette-52-color);font-size:var(--vcex-icon-normal);border-radius:var(--wpex-radius-blob-5);background:#ededed;\"><span class=\"ticon ticon-ban\" aria-hidden=\"true\"><\/span><\/div><\/div><div class=\"vcex-icon-box-text\"><h2 class=\"vcex-icon-box-heading wpex-heading wpex-text-md wpex-mb-10\" style=\"font-family:Barlow Condensed;font-weight:400;color:#ffffff;font-size:24px;\">BLOKK &amp; RAPPORT<\/h2><div class=\"vcex-icon-box-content wpex-last-mb-0 wpex-clr\" style=\"font-family:Barlow Condensed;color:#ffffff;font-size:20px;\"><p>Du kan n\u00e5r som helst blokkere en bruker eller anonymt rapportere upassende oppf\u00f8rsel.<\/p>\n<\/div><\/div><\/div><div class=\"vcex-spacing wpex-w-100 wpex-clear\" style=\"height:80px;\"><\/div><div class=\"vcex-module vcex-icon-box vcex-icon-box-three wpex-relative wpex-text-center vc_custom_1686902829931\"><div class=\"vcex-icon-box-symbol wpex-mb-20\"><div class=\"vcex-icon-box-icon wpex-inline-flex wpex-items-center wpex-justify-center wpex-child-inherit-color wpex-text-center wpex-leading-none wpex-text-1 wpex-p-15\" style=\"color:var(--wpex-palette-55-color);font-size:var(--vcex-icon-normal);border-radius:var(--wpex-radius-blob-5);background:#ededed;\"><span class=\"ticon ticon-search\" aria-hidden=\"true\"><\/span><\/div><\/div><div class=\"vcex-icon-box-text\"><h2 class=\"vcex-icon-box-heading wpex-heading wpex-text-md wpex-mb-10\" style=\"font-family:Barlow Condensed;font-weight:400;color:#ffffff;font-size:24px;\">S\u00d8K I GLOBALE ARRANGEMENTER<\/h2><div class=\"vcex-icon-box-content wpex-last-mb-0 wpex-clr\" style=\"font-family:Barlow Condensed;color:#ffffff;font-size:20px;\"><p>Koble til globale og lokale arrangementer. S\u00f8k etter musikkfestivaler, teater, sportsarrangementer og mye mer.<\/p>\n<\/div><\/div><\/div><div class=\"vcex-spacing wpex-w-100 wpex-clear\" style=\"height:80px;\"><\/div>[\/vc_column_inner][vc_column_inner width=&#8221;1\/3&#8243;]<div class=\"vcex-module vcex-icon-box vcex-icon-box-three wpex-relative wpex-text-center vc_custom_1686902760789\"><div class=\"vcex-icon-box-symbol wpex-mb-20\"><div class=\"vcex-icon-box-icon wpex-inline-flex wpex-items-center wpex-justify-center wpex-child-inherit-color wpex-text-center wpex-leading-none wpex-text-1 wpex-p-15\" style=\"color:#000000;font-size:var(--vcex-icon-normal);border-radius:var(--wpex-radius-blob-5);background:#ededed;\"><span class=\"ticon ticon-user-secret\" aria-hidden=\"true\"><\/span><\/div><\/div><div class=\"vcex-icon-box-text\"><h2 class=\"vcex-icon-box-heading wpex-heading wpex-text-md wpex-mb-10\" style=\"font-family:Barlow Condensed;font-weight:400;color:#ffffff;font-size:24px;\">ANONYMT STED<\/h2><div class=\"vcex-icon-box-content wpex-last-mb-0 wpex-clr\" style=\"font-family:Barlow Condensed;color:#ffffff;font-size:20px;\"><p>Aktiver anonym modus og surf rundt usynlig for andre brukere mens du er i appen, 100 % gratis.<\/p>\n<\/div><\/div><\/div><div class=\"vcex-spacing wpex-w-100 wpex-clear\" style=\"height:80px;\"><\/div><div class=\"vcex-module vcex-icon-box vcex-icon-box-three wpex-relative wpex-text-center vc_custom_1686902805242\"><div class=\"vcex-icon-box-symbol wpex-mb-20\"><div class=\"vcex-icon-box-icon wpex-inline-flex wpex-items-center wpex-justify-center wpex-child-inherit-color wpex-text-center wpex-leading-none wpex-text-1 wpex-p-15\" style=\"color:var(--wpex-palette-56-color);font-size:var(--vcex-icon-normal);border-radius:var(--wpex-radius-blob-5);background:#ededed;\"><span class=\"ticon ticon-thumb-tack\" aria-hidden=\"true\"><\/span><\/div><\/div><div class=\"vcex-icon-box-text\"><h2 class=\"vcex-icon-box-heading wpex-heading wpex-text-md wpex-mb-10\" style=\"font-family:Barlow Condensed;font-weight:400;color:#ffffff;font-size:24px;\">ENDRE POSISJONEN DIN<\/h2><div class=\"vcex-icon-box-content wpex-last-mb-0 wpex-clr\" style=\"font-family:Barlow Condensed;color:#ffffff;font-size:20px;\"><p>Endre posisjonen din i appen til en lokal by eller et annet sted i verden, 100 % gratis.<span> <\/span><\/p>\n<\/div><\/div><\/div><div class=\"vcex-spacing wpex-w-100 wpex-clear\" style=\"height:80px;\"><\/div><div class=\"vcex-module vcex-icon-box vcex-icon-box-three wpex-relative wpex-text-center vc_custom_1686902843719\"><div class=\"vcex-icon-box-symbol wpex-mb-20\"><div class=\"vcex-icon-box-icon wpex-inline-flex wpex-items-center wpex-justify-center wpex-child-inherit-color wpex-text-center wpex-leading-none wpex-text-1 wpex-p-15\" style=\"color:#81d742;font-size:var(--vcex-icon-normal);border-radius:var(--wpex-radius-blob-5);background:#ededed;\"><span class=\"ticon ticon-smile-o\" aria-hidden=\"true\"><\/span><\/div><\/div><div class=\"vcex-icon-box-text\"><h2 class=\"vcex-icon-box-heading wpex-heading wpex-text-md wpex-mb-10\" style=\"font-family:Barlow Condensed;font-weight:400;color:#ffffff;font-size:24px;\">L\u00d8GNDETEKTOR OG MORSOMME FAKTA<\/h2><div class=\"vcex-icon-box-content wpex-last-mb-0 wpex-clr\" style=\"font-family:Barlow Condensed;color:#ffffff;font-size:20px;\"><p>Lag en l\u00f8gndetektor som bes\u00f8kende kan gjette p\u00e5 n\u00e5r de bes\u00f8ker profilen din. Legg til morsomme fakta om deg selv, og alt er selvf\u00f8lgelig 100 % gratis.<span> <\/span><\/p>\n<\/div><\/div><\/div>[\/vc_column_inner][\/vc_row_inner]<div class=\"vcex-spacing wpex-w-100 wpex-clear\" style=\"height:80px;\"><\/div>[\/vc_column][\/vc_row][vc_row full_width=&#8221;stretch_row&#8221; content_placement=&#8221;middle&#8221; column_spacing=&#8221;0px&#8221; full_height=&#8221;yes&#8221; remove_bottom_col_margin=&#8221;true&#8221; css=&#8221;.vc_custom_1693297543855{padding-bottom: 40px !important;background-color: #e8f6ff !important;background-position: center !important;background-repeat: no-repeat !important;background-size: cover !important;}&#8221; local_scroll_id=&#8221;1&#8243;][vc_column css=&#8221;.vc_custom_1676565000694{padding-top: 0px !important;padding-right: 30px !important;padding-bottom: 0px !important;padding-left: 30px !important;background-position: center !important;background-repeat: no-repeat !important;background-size: cover !important;}&#8221;]<div class=\"vcex-spacing wpex-w-100 wpex-clear\" style=\"height:20px;\"><\/div><div class=\"vcex-heading vcex-module wpex-text-2xl wpex-font-normal wpex-m-auto wpex-max-w-100 vcex-heading-plain wpex-block wpex-text-center\" style=\"font-family:Barlow Condensed;font-size:40px;line-height:1.5;\"><span class=\"vcex-heading-inner wpex-inline-block wpex-clr\">M\u00f8t singler \u2764\ufe0f i din by eller over hele verden helt gratis!<\/span><\/div><div class=\"vcex-spacing wpex-w-100 wpex-clear\" style=\"height:50px;\"><\/div>[vc_column_text font_family=&#8221;Barlow&#8221; font_size=&#8221;20&#8243; css=&#8221;.vc_custom_1686902984163{padding-bottom: 20px !important;}&#8221;]<span data-contrast=\"none\"><strong><br \/>\n  <span style=\"color: #5398ce;\">Isende<\/span><br \/>\n<\/strong> <strong><br \/>\n  <span style=\"color: #e8ac35;\">Lemonade<\/span><br \/>\n<\/strong> har som m\u00e5l \u00e5 v\u00e6re den beste datingappen som single kan stole p\u00e5. Her finner du kontakter som er meningsfulle og seri\u00f8se for ditt \u00f8nskede forhold, det kan starte med dating, men snart vokse til kj\u00e6rlighet og vennskap.<\/span><span data-ccp-props=\"{\"134233117\":true,\"134233118\":true,\"201341983\":0,\"335559739\":160,\"335559740\":240}\"> <\/span><\/p>\n<p><span data-contrast=\"none\"><strong><br \/>\n  <span style=\"color: #5398ce;\">Isende<\/span><br \/>\n<\/strong> <strong><br \/>\n  <span style=\"color: #e8ac35;\">Lemonade<\/span><br \/>\n<\/strong> knytter mennesker sammen gjennom globale og lokale arrangementer. For eksempel musikkfestivaler, teater, sportsbegivenheter og dating.<\/span><span data-ccp-props=\"{\"134233117\":true,\"134233118\":true,\"201341983\":0,\"335559739\":160,\"335559740\":240}\"> <\/span><\/p>\n<p><span data-contrast=\"none\"><strong><br \/>\n  <span style=\"color: #5398ce;\">Isende<\/span><br \/>\n<\/strong> <strong><br \/>\n  <span style=\"color: #e8ac35;\">Lemonade<\/span><br \/>\n<\/strong> appen gir deg tilgang til globale arrangementer. Uansett hvor du er og hvor du g\u00e5r, kan du se, velge arrangementer og nyte en rekke spennende opplevelser hver dag.<\/span><span data-ccp-props=\"{\"134233117\":true,\"134233118\":true,\"201341983\":0,\"335559739\":160,\"335559740\":240}\"> <\/span><\/p>\n<p><span data-contrast=\"none\">Velkommen til datingappen <strong><span style=\"color: #5398ce;\">Icy<\/span><\/strong> <strong><span style=\"color: #e8ac35;\">Lemonade<\/span><\/strong>, <\/span><span data-contrast=\"none\">ingen penger er n\u00f8dvendig for v\u00e5r gratis tjeneste, det er 100% gratis.<\/span><span data-ccp-props=\"{\"134233117\":true,\"201341983\":0,\"335559739\":0,\"335559740\":240}\"> <\/span>[\/vc_column_text]<div class=\"vcex-spacing wpex-w-100 wpex-clear\"><\/div>[\/vc_column][\/vc_row][vc_row full_width=&#8221;stretch_row&#8221; column_spacing=&#8221;0px&#8221; full_height=&#8221;yes&#8221; wpex_bg_overlay=&#8221;dark&#8221; remove_bottom_col_margin=&#8221;true&#8221; css=&#8221;.vc_custom_1683884139554{padding-top: 40px !important;padding-bottom: 40px !important;background: #994c94 url(https:\/\/icylemonade.com\/wp-content\/uploads\/2023\/02\/IL_IM_EU_00004.jpg?id=305) !important;background-position: center !important;background-repeat: no-repeat !important;background-size: cover !important;}&#8221; local_scroll_id=&#8221;6&#8243;][vc_column css=&#8221;.vc_custom_1676565070560{padding-top: 0px !important;padding-right: 30px !important;padding-bottom: 0px !important;padding-left: 30px !important;background-position: center !important;background-repeat: no-repeat !important;background-size: cover !important;}&#8221;]<div class=\"vcex-heading vcex-module wpex-text-2xl wpex-font-normal wpex-m-auto wpex-max-w-100 vcex-heading-plain wpex-block vc_custom_1686577790053 wpex-responsive-txt\" data-max-font-size=\"100\" data-min-font-size=\"60\" style=\"color:#ffffff;font-family:Barlow Condensed;font-size:100px;font-weight:700;text-transform:uppercase;line-height:1;\"><span class=\"vcex-heading-inner wpex-inline-block wpex-clr\">DIN MENING ER VIKTIG!<\/span><\/div><div class=\"vcex-heading vcex-module wpex-text-2xl wpex-font-normal wpex-m-auto wpex-max-w-100 vcex-heading-plain wpex-block wpex-responsive-txt\" data-max-font-size=\"50\" data-min-font-size=\"30\" style=\"color:#ffffff;font-family:Barlow Condensed;font-size:50px;font-weight:600;text-transform:uppercase;line-height:1;\"><span class=\"vcex-heading-inner wpex-inline-block wpex-clr\">Teamet vil gjerne vite hva du synes.<\/span><\/div><div class=\"vcex-spacing wpex-w-100 wpex-clear\"><\/div>[vc_column_text color=&#8221;#ffffff&#8221; font_family=&#8221;Barlow&#8221; font_size=&#8221;20&#8243; css=&#8221;.vc_custom_1692612149119{padding-bottom: 20px !important;}&#8221;]Kommentarene dine er til stor hjelp n\u00e5r vi skal forbedre applikasjonen v\u00e5r hver dag. Tusen takk!<\/p>\n<p><a href=\"mailto:info@icylemonade.com\"><strong>info@icylemonade.com<\/strong><\/a>[\/vc_column_text][\/vc_column][\/vc_row]\n","protected":false},"excerpt":{"rendered":"<p>[vc_row full_width=&#8221;stretch_row&#8221; content_placement=&#8221;middle&#8221; column_spacing=&#8221;20&#8243; video_bg=&#8221;self_hosted&#8221; wpex_bg_overlay=&#8221;dark&#8221; video_bg_center=&#8221;true&#8221; remove_bottom_col_margin=&#8221;true&#8221; css=&#8221;.vc_custom_1685100743685{padding-top: 130px !important;padding-bottom: 50px !important;background-position: center !important;background-repeat: no-repeat !important;background-size: cover !important;}&#8221; local_scroll_id=&#8221;home&#8221; wpex_bg_overlay_color=&#8221;#0a0a0a&#8221; wpex_bg_overlay_opacity=&#8221;0.1&#8243; video_bg_mp4=&#8221;https:\/\/icylemonade.com\/wp-content\/uploads\/2023\/05\/icylemonade_low.mp4&#8243; min_height=&#8221;700&#8243;][vc_column css=&#8221;.vc_custom_1676565021373{padding-top: 0px !important;padding-right: 30px !important;padding-bottom: 0px !important;padding-left: 30px !important;background-position: center !important;background-repeat: no-repeat !important;background-size: cover !important;}&#8221;][vc_row_inner][vc_column_inner width=&#8221;1\/4&#8243;][\/vc_column_inner][vc_column_inner width=&#8221;1\/4&#8243;][vc_single_image image=&#8221;517&#8243; img_size=&#8221;&#8221; alignment=&#8221;center&#8221; onclick=&#8221;custom_link&#8221; img_link_target=&#8221;_blank&#8221; link=&#8221;https:\/\/apps.apple.com\/us\/app\/icy-lemonade\/id6444046785&#8243; img_hover=&#8221;opacity-invert&#8221;][\/vc_column_inner][vc_column_inner width=&#8221;1\/4&#8243;][vc_single_image image=&#8221;519&#8243; img_size=&#8221;&#8221; alignment=&#8221;center&#8221; onclick=&#8221;custom_link&#8221; link=&#8221;https:\/\/play.google.com\/store\/apps\/details?id=com.icylemonade.app&#8221; img_hover=&#8221;opacity-invert&#8221;][\/vc_column_inner][vc_column_inner&hellip;<\/p>\n","protected":false},"author":1,"featured_media":0,"parent":0,"menu_order":0,"comment_status":"closed","ping_status":"closed","template":"","meta":{"footnotes":""},"class_list":["post-2800","page","type-page","status-publish","hentry","entry","no-media"],"_links":{"self":[{"href":"https:\/\/icylemonade.com\/no\/wp-json\/wp\/v2\/pages\/2800","targetHints":{"allow":["GET"]}}],"collection":[{"href":"https:\/\/icylemonade.com\/no\/wp-json\/wp\/v2\/pages"}],"about":[{"href":"https:\/\/icylemonade.com\/no\/wp-json\/wp\/v2\/types\/page"}],"author":[{"embeddable":true,"href":"https:\/\/icylemonade.com\/no\/wp-json\/wp\/v2\/users\/1"}],"replies":[{"embeddable":true,"href":"https:\/\/icylemonade.com\/no\/wp-json\/wp\/v2\/comments?post=2800"}],"version-history":[{"count":10,"href":"https:\/\/icylemonade.com\/no\/wp-json\/wp\/v2\/pages\/2800\/revisions"}],"predecessor-version":[{"id":3132,"href":"https:\/\/icylemonade.com\/no\/wp-json\/wp\/v2\/pages\/2800\/revisions\/3132"}],"wp:attachment":[{"href":"https:\/\/icylemonade.com\/no\/wp-json\/wp\/v2\/media?parent=2800"}],"curies":[{"name":"wp","href":"https:\/\/api.w.org\/{rel}","templated":true}]}}