{"id":2474,"date":"2023-09-08T17:13:13","date_gmt":"2023-09-08T15:13:13","guid":{"rendered":"https:\/\/icylemonade.com\/warunki\/"},"modified":"2024-02-29T11:30:27","modified_gmt":"2024-02-29T10:30:27","slug":"warunki","status":"publish","type":"page","link":"https:\/\/icylemonade.com\/pl\/warunki\/","title":{"rendered":"Warunki"},"content":{"rendered":"[vc_row full_width=&#8221;stretch_row&#8221; content_placement=&#8221;bottom&#8221; wpex_bg_overlay=&#8221;dark&#8221; remove_bottom_col_margin=&#8221;true&#8221; min_height=&#8221;600&#8243; css=&#8221;.vc_custom_1709201437842{background: #5398ce url(https:\/\/icylemonade.com\/wp-content\/uploads\/2023\/09\/ICY_Slide_00032.jpg?id=1511) !important;background-position: center !important;background-repeat: no-repeat !important;background-size: cover !important;}&#8221; wpex_bg_overlay_opacity=&#8221;0.5&#8243;][vc_column]<style>.vcex_69e74baa783b8{font-size:100px!important;}@media (max-width:767px){.vcex_69e74baa783b8{font-size:40px!important;}}<\/style><div class=\"vcex-heading vcex-module wpex-text-2xl wpex-font-normal wpex-m-auto wpex-max-w-100 vcex-heading-plain wpex-block vc_custom_1694192661365 vcex_69e74baa783b8\" style=\"color:#ffffff;font-family:Barlow;font-weight:900;text-transform:uppercase;\"><span class=\"vcex-heading-inner wpex-inline-block wpex-clr\">Warunki<\/span><\/div>[\/vc_column][\/vc_row][vc_row full_width=&#8221;stretch_row&#8221; column_spacing=&#8221;50&#8243; remove_bottom_col_margin=&#8221;true&#8221; css=&#8221;.vc_custom_1694181523405{margin-top: 60px !important;margin-bottom: 60px !important;border-bottom-width: 1px !important;padding-bottom: 60px !important;border-bottom-color: #dddddd !important;border-bottom-style: dashed !important;}&#8221;][vc_column]<div class=\"vcex-spacing wpex-w-100 wpex-clear\" style=\"height:30px;\"><\/div>[vc_column_text color=&#8221;#222222&#8243; font_size=&#8221;d:20|pl:18&#8243; font_family=&#8221;Barlow&#8221;]Pragniemy podkre\u015bli\u0107, \u017ce zamawiaj\u0105c produkty\/subskrypcje na naszej stronie internetowej, zgadzasz si\u0119 na warunki i postanowienia. Zalecamy wydrukowanie regulaminu i zachowanie dokumentu na wypadek, gdyby by\u0142 potrzebny w przysz\u0142o\u015bci. Aby robi\u0107 zakupy na <a href=\"http:\/\/www.icylemonade.com\/\" target=\"_new\" rel=\"noopener\">www.IcyLemonade.com<\/a>, musisz mie\u0107 uko\u0144czone 17 lat (USA). Zastrzegamy sobie prawo do anulowania zam\u00f3wie\u0144 z\u0142o\u017conych przez osoby, kt\u00f3re poda\u0142y nieprawid\u0142owe dane osobowe. Zastrzegamy sobie prawo do ewentualnych b\u0142\u0119d\u00f3w cenowych.<\/p>\n<p><strong>Og\u00f3lnie<\/strong><\/p>\n<p>IcyLemonade.com to serwis oferuj\u0105cy wiele wydarze\u0144 i wiele cyfrowych aplikacji randkowych, b\u0119d\u0105cy wizyt\u00f3wk\u0105 EDDBEE GROUP AB w Szwecji. Za\u0142o\u017cenie konta odbywa si\u0119 poprzez odwiedzenie strony <a href=\"http:\/\/www.icylemonade.com\/\" target=\"_new\" rel=\"noopener\">www.IcyLemonade.com<\/a> lub pobranie aplikacji i zarejestrowanie konta, gdzie wybiera si\u0119 subskrypcj\u0119. Aby\u015b m\u00f3g\u0142 czu\u0107 si\u0119 pewny swojego zakupu, zawsze mo\u017cesz skontaktowa\u0107 si\u0119 z naszym wsparciem i obs\u0142ug\u0105 klienta za po\u015brednictwem poczty elektronicznej <a href=\"mailto:info@icylemonade.com\" target=\"_new\" rel=\"noopener\">info@icylemonade.com<\/a>, je\u015bli masz jakiekolwiek pytania dotycz\u0105ce zam\u00f3wienia. Po rozpocz\u0119ciu subskrypcji u\u017cytkownik zobowi\u0105zuje si\u0119 do monitorowania zarejestrowanego adresu e-mail, poniewa\u017c wszelka komunikacja dotycz\u0105ca subskrypcji odbywa si\u0119 za po\u015brednictwem poczty elektronicznej.<\/p>\n<p><strong>Ceny i p\u0142atno\u015bci<\/strong><\/p>\n<p>Wszystkie ceny podane s\u0105 w dolarach ameryka\u0144skich. Podczas zakup\u00f3w na stronie <a href=\"mailto:info@icylemonade.com\" target=\"_new\" rel=\"noopener\">info@icylemonade.com<\/a> p\u0142atno\u015b\u0107 kart\u0105 jest przetwarzana przez Google lub Apple, bezpieczne rozwi\u0105zanie do p\u0142atno\u015bci elektronicznych. Wszystkie informacje o kartach s\u0105 przechowywane zgodnie z zasadami sieci kart. \u017badne dane karty kredytowej nie s\u0105 przechowywane w naszej bazie danych, nawet je\u015bli zdecydujesz si\u0119 zapisa\u0107 kart\u0119 do przysz\u0142ych zakup\u00f3w. Jest on przechowywany w Google lub Apple. Na wyci\u0105gu bankowym mo\u017ce by\u0107 napisane icylemonade.com lub EDDBEE GROUP AB. P\u0142atno\u015bci za miesi\u0119czne subskrypcje dokonywane s\u0105 co miesi\u0105c. W przypadku braku p\u0142atno\u015bci subskrypcje s\u0105 przenoszone do bezp\u0142atnej subskrypcji.<\/p>\n<p><strong>Polityka zwrot\u00f3w<\/strong><\/p>\n<p>Jako konsument masz 14 dni na odst\u0105pienie od umowy zgodnie z ustaw\u0105 o umowach zawieranych na odleg\u0142o\u015b\u0107 i umowach zawieranych poza lokalem przedsi\u0119biorstwa od momentu zam\u00f3wienia us\u0142ugi. Prawo do odst\u0105pienia od umowy wygasa po rozpocz\u0119ciu korzystania z us\u0142ugi, tj. po zarejestrowaniu informacji (konie, us\u0142ugi, sprz\u0119t, szkolenia, u\u017cytkownicy) w subskrypcji. W przypadku anulowania zam\u00f3wienia lub anulowania subskrypcji miesi\u0119cznej prosimy o kontakt za po\u015brednictwem formularza kontaktowego lub danych kontaktowych podanych w potwierdzeniu zam\u00f3wienia. Konto zostanie w\u00f3wczas natychmiast zamkni\u0119te.<\/p>\n<p><strong>Potwierdzenie<\/strong><\/p>\n<p>Po otrzymaniu zam\u00f3wienia zostanie wys\u0142ana wiadomo\u015b\u0107 e-mail z potwierdzeniem i szczeg\u00f3\u0142ami zam\u00f3wienia. Zachowaj potwierdzenie zam\u00f3wienia, aby mie\u0107 je pod r\u0119k\u0105 na wypadek kontaktu z Icy Lemonade.<\/p>\n<p><strong>W przypadku sporu<\/strong><\/p>\n<p>W przypadku sporu, Krajowa Rada ds. Rozstrzygania Spor\u00f3w Konsumenckich (ARN) post\u0119puje zgodnie z procedur\u0105.<\/p>\n<p><strong>Ograniczenie odpowiedzialno\u015bci<\/strong><\/p>\n<p>Wszystkie materia\u0142y dost\u0119pne za po\u015brednictwem strony internetowej s\u0105 przeznaczone przede wszystkim do cel\u00f3w og\u00f3lnych i nie stanowi\u0105 porad ani zalece\u0144. Informacje te nie zawsze s\u0105 wyczerpuj\u0105ce i aktualne. Mog\u0105 r\u00f3wnie\u017c wyst\u0105pi\u0107 b\u0142\u0119dy i niedoci\u0105gni\u0119cia techniczne.<\/p>\n<p>Eddbee Group AB nie ponosi odpowiedzialno\u015bci za informacje i materia\u0142y publikowane w serwisie przez innych u\u017cytkownik\u00f3w (tzw. materia\u0142y generowane przez u\u017cytkownik\u00f3w). W przypadku b\u0142\u0119d\u00f3w w informacjach lub materia\u0142ach zamieszczonych na stronie Eddbee Group, u\u017cytkownik powinien skontaktowa\u0107 si\u0119 z dzia\u0142em wsparcia Eddbee Group w celu poprawienia lub usuni\u0119cia tych informacji lub materia\u0142\u00f3w. Jednak\u017ce Eddbee Group AB zawsze usunie informacje lub materia\u0142y, kt\u00f3re w oczywisty spos\u00f3b naruszaj\u0105 czyje\u015b prawa autorskie lub s\u0105 przest\u0119pstwem, je\u015bli Eddbee Group AB otrzyma informacj\u0119 o rozpowszechnianiu takich informacji lub materia\u0142\u00f3w na stronie internetowej.<\/p>\n<p>Eddbee Group ma prawo do publikowania informacji wymienionych przez ka\u017cdego cz\u0142onka w jego og\u00f3lnym profilu na Eddbee Group, a tak\u017ce w wiadomo\u015bciach e-mail do innych cz\u0142onk\u00f3w Eddbee Group. Indywidualny cz\u0142onek nie ma prawa kopiowa\u0107 informacji zamieszczonych przez innych cz\u0142onk\u00f3w bez zgody danego cz\u0142onka i Grupy Eddbee. Niedozwolone jest r\u00f3wnie\u017c umieszczanie link\u00f3w do konkretnych profili cz\u0142onk\u00f3w Grupy Eddbee na zewn\u0119trznych stronach internetowych.<\/p>\n<p>Grupa Eddbee nieustannie pracuje nad bezpiecze\u0144stwem IT. Niestety nie mo\u017cemy jednak zagwarantowa\u0107, \u017ce witryna jest wolna od szkodliwych sk\u0142adnik\u00f3w. W zwi\u0105zku z tym, dla w\u0142asnego dobra, u\u017cytkownik proszony jest o nieudost\u0119pnianie swoich danych osobowych za po\u015brednictwem komunikator\u00f3w, nieu\u017cywanie link\u00f3w w wiadomo\u015bciach prywatnych ani nie pobieranie \u017cadnego rodzaju oprogramowania. Eddbee Group nigdy nie prosi o podanie numeru ubezpieczenia spo\u0142ecznego lub informacji dotycz\u0105cych p\u0142atno\u015bci, poniewa\u017c jeste\u015bmy serwisem bezp\u0142atnym.<\/p>\n<p>Eddbee Group nie ponosi odpowiedzialno\u015bci za jakiekolwiek szkody spowodowane bezpo\u015brednio lub po\u015brednio przez korzystanie z naszych us\u0142ug.<\/p>\n<p><strong>Warunki<\/strong><\/p>\n<p>Z zastrze\u017ceniem warunk\u00f3w niniejszej Umowy i wy\u0142\u0105cznie w celu korzystania z Us\u0142ug, Sp\u00f3\u0142ka niniejszym udziela u\u017cytkownikowi ograniczonej, niewy\u0142\u0105cznej, odwo\u0142alnej, niepodlegaj\u0105cej sublicencjonowaniu, nieprzenoszalnej licencji na:<\/p>\n<p>Zainstalowa\u0107 dowoln\u0105 lub wszystkie aplikacje mobilne na jednym lub kilku urz\u0105dzeniach mobilnych, kt\u00f3re s\u0105 w\u0142asno\u015bci\u0105 u\u017cytkownika, znajduj\u0105 si\u0119 pod jego kontrol\u0105 i spe\u0142niaj\u0105 minimalne specyfikacje firmy.<br \/>\nZainstalowa\u0107 dowolne lub wszystkie aplikacje desktopowe na jednym lub kilku komputerach, kt\u00f3re s\u0105 w\u0142asno\u015bci\u0105 u\u017cytkownika, znajduj\u0105 si\u0119 pod jego kontrol\u0105 i spe\u0142niaj\u0105 minimalne specyfikacje firmy.<br \/>\nWy\u015bwietlanie, przegl\u0105danie i korzystanie z aplikacji oraz wszystkich powi\u0105zanych informacji dostarczonych przez firm\u0119.<br \/>\nU\u017cytkownik zobowi\u0105zuje si\u0119 nie uzyskiwa\u0107 dost\u0119pu ani nie podejmowa\u0107 pr\u00f3b uzyskania dost\u0119pu do Us\u0142ug w \u017caden inny spos\u00f3b ni\u017c za po\u015brednictwem Witryn lub Aplikacji. U\u017cytkownik wyra\u017anie zgadza si\u0119 nie uzyskiwa\u0107 dost\u0119pu ani nie podejmowa\u0107 pr\u00f3b uzyskania dost\u0119pu do Us\u0142ug w jakikolwiek zautomatyzowany spos\u00f3b (w tym mi\u0119dzy innymi za pomoc\u0105 skrypt\u00f3w, bot\u00f3w, nieautoryzowanych aplikacji stron trzecich, paj\u0105k\u00f3w lub robot\u00f3w indeksuj\u0105cych).<\/p>\n<p>U\u017cytkownik zgadza si\u0119, \u017ce w zwi\u0105zku z korzystaniem z Aplikacji, Witryn i\/lub Us\u0142ug nie b\u0119dzie narusza\u0142 \u017cadnych obowi\u0105zuj\u0105cych przepis\u00f3w prawa, regulacji, zasad, rozporz\u0105dze\u0144 ani traktat\u00f3w.<\/p>\n<p>U\u017cytkownik nie mo\u017ce \u0142\u0105czy\u0107 si\u0119 z Aplikacjami, Witrynami i\/lub Us\u0142ugami ani korzysta\u0107 z nich w jakikolwiek spos\u00f3b, kt\u00f3ry nie jest wyra\u017anie dozwolony w niniejszych Warunkach.<\/p>\n<p>Usun\u0105\u0107 wszelkie informacje o prawach w\u0142asno\u015bci z us\u0142ug lub kopii oprogramowania dostarczonego u\u017cytkownikowi przez firm\u0119 (oprogramowanie).<br \/>\nPowodowanie, zezwalanie lub autoryzowanie modyfikacji, tworzenia dzie\u0142 pochodnych, t\u0142umaczenia, in\u017cynierii wstecznej, dekompilacji, dezasemblacji lub hakowania Aplikacji, Us\u0142ug lub jakiegokolwiek oprogramowania.<br \/>\nSprzedawanie, cedowanie, wynajmowanie, leasingowanie, dzia\u0142anie w charakterze biura us\u0142ugowego lub przyznawanie praw do Aplikacji, Us\u0142ug lub jakiegokolwiek oprogramowania, w tym, bez ogranicze\u0144, w drodze sublicencji, jakiejkolwiek innej osobie lub podmiotowi bez uprzedniej pisemnej zgody Sp\u00f3\u0142ki.<br \/>\nsk\u0142adanie fa\u0142szywych, wprowadzaj\u0105cych w b\u0142\u0105d lub zwodniczych o\u015bwiadcze\u0144 lub zapewnie\u0144 dotycz\u0105cych Sp\u00f3\u0142ki i\/lub Aplikacji, Witryn lub Us\u0142ug.<br \/>\nZabronione korzystanie z naszej aplikacji lub us\u0142ug<\/p>\n<p>Korzystaj\u0105c z naszej aplikacji lub us\u0142ug, u\u017cytkownik nie mo\u017ce wykonywa\u0107 nast\u0119puj\u0105cych czynno\u015bci:<\/p>\n<p>N\u0119kanie, zn\u0119canie si\u0119, obra\u017canie, krzywdzenie, znies\u0142awianie, oczernianie, dyskredytowanie, zastraszanie lub dyskryminowanie ze wzgl\u0119du na p\u0142e\u0107, orientacj\u0119 seksualn\u0105, religi\u0119, pochodzenie etniczne, ras\u0119, wiek, narodowo\u015b\u0107 lub niepe\u0142nosprawno\u015b\u0107.<br \/>\nPrzekazywanie fa\u0142szywych lub wprowadzaj\u0105cych w b\u0142\u0105d informacji.<br \/>\nGromadzenie lub \u015bledzenie danych osobowych innych os\u00f3b.<br \/>\nPrzesy\u0142anie lub przekazywanie wirus\u00f3w lub innego rodzaju z\u0142o\u015bliwego kodu, kt\u00f3ry b\u0119dzie lub mo\u017ce by\u0107 wykorzystany w jakikolwiek spos\u00f3b, kt\u00f3ry wp\u0142ynie na funkcjonowanie aplikacji lub dzia\u0142anie naszych us\u0142ug.<br \/>\nDla wszystkich nielegalnych cel\u00f3w.<br \/>\nZapraszanie innych do wykonywania lub uczestniczenia w nielegalnych dzia\u0142aniach.<br \/>\nNarusza mi\u0119dzynarodowe, federalne, prowincjonalne lub stanowe przepisy, zasady, prawa lub lokalne rozporz\u0105dzenia.<br \/>\nNarusza nasze prawa w\u0142asno\u015bci intelektualnej lub prawa w\u0142asno\u015bci intelektualnej innych os\u00f3b.<br \/>\nSpam, phishing, pharm, pretext, spider, creep lub scrape.<br \/>\nW jakimkolwiek nieprzyzwoitym lub niemoralnym celu; lub w celu zak\u0142\u00f3cenia lub obej\u015bcia zabezpiecze\u0144 naszych us\u0142ug.<br \/>\nKorzysta\u0107 z aplikacji, stron internetowych i\/lub us\u0142ug w celu:<\/p>\n<p>Opracowywanie, generowanie, przekazywanie lub przechowywanie informacji, kt\u00f3re s\u0105 nielegalne lub niezgodne z prawem, znies\u0142awiaj\u0105ce, szkodliwe, obra\u017aliwe, nienawistne, obra\u017aliwe na tle rasowym lub etnicznym, zach\u0119caj\u0105ce do zachowa\u0144 uznanych za przest\u0119pcze.<br \/>\nProwadzenie jakiejkolwiek niezam\u00f3wionej komunikacji handlowej, kt\u00f3ra nie jest dozwolona przez obowi\u0105zuj\u0105ce prawo.<br \/>\nPoprawki<\/p>\n<p>Icy Lemonade zastrzega sobie prawo do wprowadzania zmian w niniejszych warunkach. Dlatego zaleca si\u0119 regularne odwiedzanie tej strony internetowej w celu zapoznania si\u0119 z tymi warunkami.<\/p>\n<p>Informacje o firmie i kontakt<\/p>\n<p>Eddbee group AB, Box 7033, 402 31 Gothenburg, Szwecja.<\/p>\n<p>info@icyelemonade.com[\/vc_column_text][\/vc_column][\/vc_row]\n","protected":false},"excerpt":{"rendered":"<p>[vc_row full_width=&#8221;stretch_row&#8221; content_placement=&#8221;bottom&#8221; wpex_bg_overlay=&#8221;dark&#8221; remove_bottom_col_margin=&#8221;true&#8221; min_height=&#8221;600&#8243; css=&#8221;.vc_custom_1709201437842{background: #5398ce url(https:\/\/icylemonade.com\/wp-content\/uploads\/2023\/09\/ICY_Slide_00032.jpg?id=1511) !important;background-position: center !important;background-repeat: no-repeat !important;background-size: cover !important;}&#8221; wpex_bg_overlay_opacity=&#8221;0.5&#8243;][vc_column][\/vc_column][\/vc_row][vc_row full_width=&#8221;stretch_row&#8221; column_spacing=&#8221;50&#8243; remove_bottom_col_margin=&#8221;true&#8221; css=&#8221;.vc_custom_1694181523405{margin-top: 60px !important;margin-bottom: 60px !important;border-bottom-width: 1px !important;padding-bottom: 60px !important;border-bottom-color: #dddddd !important;border-bottom-style: dashed !important;}&#8221;][vc_column][vc_column_text color=&#8221;#222222&#8243; font_size=&#8221;d:20|pl:18&#8243; font_family=&#8221;Barlow&#8221;]Pragniemy podkre\u015bli\u0107, \u017ce zamawiaj\u0105c produkty\/subskrypcje na naszej stronie internetowej, zgadzasz si\u0119 na warunki i postanowienia. Zalecamy wydrukowanie regulaminu i zachowanie&hellip;<\/p>\n","protected":false},"author":1,"featured_media":0,"parent":0,"menu_order":0,"comment_status":"closed","ping_status":"closed","template":"","meta":{"footnotes":""},"class_list":["post-2474","page","type-page","status-publish","hentry","entry","no-media"],"_links":{"self":[{"href":"https:\/\/icylemonade.com\/pl\/wp-json\/wp\/v2\/pages\/2474","targetHints":{"allow":["GET"]}}],"collection":[{"href":"https:\/\/icylemonade.com\/pl\/wp-json\/wp\/v2\/pages"}],"about":[{"href":"https:\/\/icylemonade.com\/pl\/wp-json\/wp\/v2\/types\/page"}],"author":[{"embeddable":true,"href":"https:\/\/icylemonade.com\/pl\/wp-json\/wp\/v2\/users\/1"}],"replies":[{"embeddable":true,"href":"https:\/\/icylemonade.com\/pl\/wp-json\/wp\/v2\/comments?post=2474"}],"version-history":[{"count":2,"href":"https:\/\/icylemonade.com\/pl\/wp-json\/wp\/v2\/pages\/2474\/revisions"}],"predecessor-version":[{"id":2504,"href":"https:\/\/icylemonade.com\/pl\/wp-json\/wp\/v2\/pages\/2474\/revisions\/2504"}],"wp:attachment":[{"href":"https:\/\/icylemonade.com\/pl\/wp-json\/wp\/v2\/media?parent=2474"}],"curies":[{"name":"wp","href":"https:\/\/api.w.org\/{rel}","templated":true}]}}