{"id":2671,"date":"2023-09-08T17:13:19","date_gmt":"2023-09-08T15:13:19","guid":{"rendered":"https:\/\/icylemonade.com\/polityka-prywatnosci\/"},"modified":"2024-03-05T13:07:47","modified_gmt":"2024-03-05T12:07:47","slug":"polityka-prywatnosci","status":"publish","type":"page","link":"https:\/\/icylemonade.com\/pl\/polityka-prywatnosci\/","title":{"rendered":"Polityka prywatno\u015bci"},"content":{"rendered":"[vc_row full_width=&#8221;stretch_row&#8221; content_placement=&#8221;bottom&#8221; wpex_bg_overlay=&#8221;dark&#8221; remove_bottom_col_margin=&#8221;true&#8221; min_height=&#8221;600&#8243; css=&#8221;.vc_custom_1709640379397{background: #5398ce url(https:\/\/icylemonade.com\/wp-content\/uploads\/2023\/02\/IL_IM_EU_00005.jpg?id=306) !important;background-position: center !important;background-repeat: no-repeat !important;background-size: cover !important;}&#8221; wpex_bg_overlay_opacity=&#8221;0.5&#8243;][vc_column]<style>.vcex_6a0057a53f58d{font-size:100px!important;}@media (max-width:767px){.vcex_6a0057a53f58d{font-size:40px!important;}}<\/style><div class=\"vcex-heading vcex-module wpex-text-2xl wpex-font-normal wpex-m-auto wpex-max-w-100 vcex-heading-plain wpex-block vc_custom_1694192734901 vcex_6a0057a53f58d\" style=\"color:#ffffff;font-family:Barlow;font-weight:900;text-transform:uppercase;\"><span class=\"vcex-heading-inner wpex-inline-block wpex-clr\">Polityka prywatno\u015bci<\/span><\/div>[\/vc_column][\/vc_row][vc_row full_width=&#8221;stretch_row&#8221; column_spacing=&#8221;50&#8243; remove_bottom_col_margin=&#8221;true&#8221; css=&#8221;.vc_custom_1694181523405{margin-top: 60px !important;margin-bottom: 60px !important;border-bottom-width: 1px !important;padding-bottom: 60px !important;border-bottom-color: #dddddd !important;border-bottom-style: dashed !important;}&#8221;][vc_column]<div class=\"vcex-spacing wpex-w-100 wpex-clear\" style=\"height:30px;\"><\/div>[vc_column_text color=&#8221;#222222&#8243; font_size=&#8221;d:20|pl:18&#8243; font_family=&#8221;Barlow&#8221;]Niniejsza polityka dotyczy Icy Lemonade jako lub Eddbee group AB na wszystkich stronach internetowych. Polityka dotycz\u0105ca danych osobowych ma zastosowanie, gdy Icy Lemonade \u015bwiadczy us\u0142ugi i produkty w zwi\u0105zku z zakupami, kwestiami obs\u0142ugi klienta, innymi kontaktami z Icy Lemonade i wizytami na stronie internetowej.<\/p>\n<p><strong>Twoje dane osobowe s\u0105 dla nas wa\u017cne<\/strong><\/p>\n<p>Icy Lemonade gromadzi i przetwarza dane osobowe u\u017cytkownik\u00f3w, kt\u00f3rzy odwiedzaj\u0105 lub dokonuj\u0105 zakupu na jednej z naszych stron internetowych lub kontaktuj\u0105 si\u0119 z Icy Lemonade za po\u015brednictwem poczty elektronicznej lub medi\u00f3w spo\u0142eczno\u015bciowych. Icy Lemonade chroni Twoj\u0105 prywatno\u015b\u0107 i zobowi\u0105zuje si\u0119 do wysokiego poziomu ochrony danych. Niniejsza polityka prywatno\u015bci wyja\u015bnia, dlaczego i w jaki spos\u00f3b gromadzimy i wykorzystujemy dane osobowe u\u017cytkownik\u00f3w. Opisuje r\u00f3wnie\u017c prawa u\u017cytkownika i sposoby ich egzekwowania. Wa\u017cne jest dla nas, aby dane osobowe powierzane nam przez klient\u00f3w i czytelnik\u00f3w by\u0142y przetwarzane w spos\u00f3b ostro\u017cny, odpowiedzialny, przejrzysty i zgodny z prawem.<\/p>\n<p><strong>Kto jest odpowiedzialny za gromadzone przez nas dane?<\/strong><\/p>\n<p>Icy Lemonade jest administratorem danych w zakresie przetwarzania danych osobowych u\u017cytkownika przez Icy Lemonade i jest odpowiedzialna za zapewnienie, \u017ce takie przetwarzanie odbywa si\u0119 zgodnie z obowi\u0105zuj\u0105cymi przepisami.<\/p>\n<p><strong>Czym s\u0105 dane osobowe?<\/strong><\/p>\n<p>Dane osobowe to wszelkie informacje, kt\u00f3re mo\u017cna bezpo\u015brednio lub po\u015brednio przypisa\u0107 do \u017cyj\u0105cej osoby fizycznej. Przyk\u0142adami danych osobowych s\u0105 imi\u0119 i nazwisko, adres e-mail, numer telefonu i osobisty numer identyfikacyjny. Obrazy i nagrania audio r\u00f3wnie\u017c stanowi\u0105 dane osobowe, nawet je\u015bli nie s\u0105 wymienione z imienia i nazwiska. Zaszyfrowane dane i r\u00f3\u017cne rodzaje to\u017csamo\u015bci elektronicznej (np. numery IP) s\u0105 danymi osobowymi, je\u015bli mo\u017cna je powi\u0105za\u0107 z osobami fizycznymi.<\/p>\n<p><strong>Sk\u0105d pochodz\u0105 dane osobowe u\u017cytkownik\u00f3w?<\/strong><\/p>\n<p>G\u0142\u00f3wnym \u017ar\u00f3d\u0142em danych osobowych u\u017cytkownika jest on sam, np. informacje podawane podczas subskrypcji, kontaktowania si\u0119 z nami za po\u015brednictwem poczty elektronicznej oraz otrzymywania\/odpowiadania na wiadomo\u015bci e-mail. Dane osobowe s\u0105 r\u00f3wnie\u017c tworzone w wyniku czytania informacji na naszej stronie internetowej, korzystania z us\u0142ug i komunikowania si\u0119 z nami. Mo\u017cemy na przyk\u0142ad zapisywa\u0107 dane odwiedzaj\u0105cych, dane o ruchu i inne dane komunikacyjne. Przyk\u0142adami takich danych osobowych s\u0105 adres IP u\u017cytkownika. Informacje te s\u0105 gromadzone za pomoc\u0105 tak zwanych plik\u00f3w cookie i s\u0142u\u017c\u0105 do poznania u\u017cytkownika, aby\u015bmy mogli kierowa\u0107 do niego odpowiednie informacje. Aby to zrobi\u0107, potrzebujemy zgody u\u017cytkownika. U\u017cytkownik akceptuje pliki cookie podczas odwiedzania naszej witryny.<\/p>\n<p><strong>Przyk\u0142ady danych osobowych, kt\u00f3re gromadzimy o u\u017cytkowniku, je\u015bli ich potrzebujemy<\/strong><\/p>\n<p>Imi\u0119 i nazwisko. Data urodzenia, p\u0142e\u0107, narodowo\u015b\u0107, zaw\u00f3d\/zatrudnienie\/wykszta\u0142cenie, miejsce urodzenia. Numer ubezpieczenia spo\u0142ecznego (tylko w przypadku zakupu karnetu rocznego). Sprawdzenie adresu w SPAR. Dane kontaktowe (adres, adres e-mail i numer telefonu). Informacje o zakupie (np. kt\u00f3ry produkt\/subskrypcja zosta\u0142y zam\u00f3wione). Ev. notatki, kt\u00f3re zdecydujesz si\u0119 opu\u015bci\u0107. Korespondencja dotycz\u0105ca skarg.<\/p>\n<p><strong>Historia zakup\u00f3w w Icy Lemonade. Pliki cookie<\/strong><\/p>\n<p>W pliku cookie mo\u017cna zobaczy\u0107\/\u015bledzi\u0107 zachowanie u\u017cytkownika podczas przegl\u0105dania. Pliki cookie s\u0105 wykorzystywane w celu umo\u017cliwienia odwiedzaj\u0105cym dost\u0119pu do r\u00f3\u017cnych funkcji i dostosowania tre\u015bci biuletynu. U\u017cywamy plik\u00f3w cookie do personalizowania tre\u015bci naszych reklam. U\u017cywamy r\u00f3wnie\u017c plik\u00f3w cookie na naszej stronie internetowej, aby\u015bmy mogli prowadzi\u0107 statystyki dotycz\u0105ce korzystania z sieci. Plik cookie to plik tekstowy przechowywany na urz\u0105dzeniu u\u017cytkownika, dzi\u0119ki kt\u00f3remu witryna mo\u017ce rozpozna\u0107 jego urz\u0105dzenie. Ten plik cookie nie zawiera \u017cadnych danych osobowych. Istniej\u0105 dwa rodzaje plik\u00f3w cookie, sta\u0142e i tymczasowe (tzw. sesyjne pliki cookie). Sta\u0142e pliki cookie s\u0105 przechowywane jako plik na urz\u0105dzeniu u\u017cytkownika przez d\u0142u\u017cszy czas, podczas gdy sesyjne pliki cookie s\u0105 tymczasowo umieszczane na urz\u0105dzeniu i s\u0105 u\u017cywane tylko podczas przegl\u0105dania witryny przez u\u017cytkownika. Zostanie on usuni\u0119ty. Je\u015bli chcesz wiedzie\u0107, kiedy Twoje urz\u0105dzenie otrzymuje plik cookie, mo\u017cesz ustawi\u0107 przegl\u0105dark\u0119 tak, aby Ci\u0119 o tym powiadamia\u0142a. Pozwala to zaakceptowa\u0107 lub odrzuci\u0107 plik cookie. Urz\u0105dzenie mo\u017cna r\u00f3wnie\u017c ustawi\u0107 tak, aby odrzuca\u0142o wszystkie pliki cookie. Je\u015bli zdecydujesz si\u0119 nie akceptowa\u0107 plik\u00f3w cookie, pami\u0119taj, \u017ce niekt\u00f3re funkcje naszych us\u0142ug online nie b\u0119d\u0105 ju\u017c dzia\u0142a\u0107 zgodnie z przeznaczeniem.<\/p>\n<p><strong>W szczeg\u00f3lno\u015bci zgoda na marketing bezpo\u015bredni<\/strong><\/p>\n<p>Pod warunkiem, \u017ce u\u017cytkownik wyrazi\u0142 na to wyra\u017an\u0105 zgod\u0119, b\u0119dziemy regularnie wysy\u0142a\u0107 i publikowa\u0107 informacje i dzia\u0142ania marketingowe w oparciu o jego profil za po\u015brednictwem r\u00f3\u017cnych kana\u0142\u00f3w komunikacji cyfrowej. U\u017cytkownik mo\u017ce w dowolnym momencie zrezygnowa\u0107 z otrzymywania od nas wiadomo\u015bci marketingowych, klikaj\u0105c przycisk rezygnacji z subskrypcji w wysy\u0142anej przez nas wiadomo\u015bci e-mail lub SMS. Mo\u017cliwe jest r\u00f3wnie\u017c skontaktowanie si\u0119 z Icy Lemonade za po\u015brednictwem info@icylemonade.com w celu uzyskania pomocy w odrzuceniu naszej komunikacji.<\/p>\n<p><strong>Jak d\u0142ugo przechowujemy dane u\u017cytkownika?<\/strong><\/p>\n<p>Dane osobowe u\u017cytkownika s\u0105 przechowywane tylko tak d\u0142ugo, jak jest to konieczne do realizacji cel\u00f3w, dla kt\u00f3rych zosta\u0142y zgromadzone. Icy Lemonade mo\u017ce przechowywa\u0107 dane d\u0142u\u017cej, je\u015bli jest to konieczne do spe\u0142nienia wymog\u00f3w prawnych lub ochrony interes\u00f3w prawnych Icy Lemonade, np. je\u015bli trwa post\u0119powanie s\u0105dowe.<\/p>\n<p><strong>Komu mo\u017cemy udost\u0119pnia\u0107 dane osobowe u\u017cytkownik\u00f3w?<\/strong><\/p>\n<p>Dane osobowe u\u017cytkownika mog\u0105 by\u0107 udost\u0119pniane innym firmom. S\u0105 to dane osobowe klient\u00f3w Eddbee group AB i nasz wk\u0142ad.[\/vc_column_text][\/vc_column][\/vc_row]\n","protected":false},"excerpt":{"rendered":"<p>[vc_row full_width=&#8221;stretch_row&#8221; content_placement=&#8221;bottom&#8221; wpex_bg_overlay=&#8221;dark&#8221; remove_bottom_col_margin=&#8221;true&#8221; min_height=&#8221;600&#8243; css=&#8221;.vc_custom_1709640379397{background: #5398ce url(https:\/\/icylemonade.com\/wp-content\/uploads\/2023\/02\/IL_IM_EU_00005.jpg?id=306) !important;background-position: center !important;background-repeat: no-repeat !important;background-size: cover !important;}&#8221; wpex_bg_overlay_opacity=&#8221;0.5&#8243;][vc_column][\/vc_column][\/vc_row][vc_row full_width=&#8221;stretch_row&#8221; column_spacing=&#8221;50&#8243; remove_bottom_col_margin=&#8221;true&#8221; css=&#8221;.vc_custom_1694181523405{margin-top: 60px !important;margin-bottom: 60px !important;border-bottom-width: 1px !important;padding-bottom: 60px !important;border-bottom-color: #dddddd !important;border-bottom-style: dashed !important;}&#8221;][vc_column][vc_column_text color=&#8221;#222222&#8243; font_size=&#8221;d:20|pl:18&#8243; font_family=&#8221;Barlow&#8221;]Niniejsza polityka dotyczy Icy Lemonade jako lub Eddbee group AB na wszystkich stronach internetowych. Polityka dotycz\u0105ca danych osobowych ma zastosowanie,&hellip;<\/p>\n","protected":false},"author":1,"featured_media":0,"parent":0,"menu_order":0,"comment_status":"closed","ping_status":"closed","template":"","meta":{"footnotes":""},"class_list":["post-2671","page","type-page","status-publish","hentry","entry","no-media"],"_links":{"self":[{"href":"https:\/\/icylemonade.com\/pl\/wp-json\/wp\/v2\/pages\/2671","targetHints":{"allow":["GET"]}}],"collection":[{"href":"https:\/\/icylemonade.com\/pl\/wp-json\/wp\/v2\/pages"}],"about":[{"href":"https:\/\/icylemonade.com\/pl\/wp-json\/wp\/v2\/types\/page"}],"author":[{"embeddable":true,"href":"https:\/\/icylemonade.com\/pl\/wp-json\/wp\/v2\/users\/1"}],"replies":[{"embeddable":true,"href":"https:\/\/icylemonade.com\/pl\/wp-json\/wp\/v2\/comments?post=2671"}],"version-history":[{"count":2,"href":"https:\/\/icylemonade.com\/pl\/wp-json\/wp\/v2\/pages\/2671\/revisions"}],"predecessor-version":[{"id":6080,"href":"https:\/\/icylemonade.com\/pl\/wp-json\/wp\/v2\/pages\/2671\/revisions\/6080"}],"wp:attachment":[{"href":"https:\/\/icylemonade.com\/pl\/wp-json\/wp\/v2\/media?parent=2671"}],"curies":[{"name":"wp","href":"https:\/\/api.w.org\/{rel}","templated":true}]}}