{"id":2323,"date":"2023-09-08T17:13:13","date_gmt":"2023-09-08T15:13:13","guid":{"rendered":"https:\/\/icylemonade.com\/condicoes\/"},"modified":"2024-02-29T11:30:23","modified_gmt":"2024-02-29T10:30:23","slug":"condicoes","status":"publish","type":"page","link":"https:\/\/icylemonade.com\/pt-br\/condicoes\/","title":{"rendered":"Condi\u00e7\u00f5es"},"content":{"rendered":"[vc_row full_width=&#8221;stretch_row&#8221; content_placement=&#8221;bottom&#8221; wpex_bg_overlay=&#8221;dark&#8221; remove_bottom_col_margin=&#8221;true&#8221; min_height=&#8221;600&#8243; css=&#8221;.vc_custom_1709201437842{background: #5398ce url(https:\/\/icylemonade.com\/wp-content\/uploads\/2023\/09\/ICY_Slide_00032.jpg?id=1511) !important;background-position: center !important;background-repeat: no-repeat !important;background-size: cover !important;}&#8221; wpex_bg_overlay_opacity=&#8221;0.5&#8243;][vc_column]<style>.vcex_69e4afc7d1c68{font-size:100px!important;}@media (max-width:767px){.vcex_69e4afc7d1c68{font-size:40px!important;}}<\/style><div class=\"vcex-heading vcex-module wpex-text-2xl wpex-font-normal wpex-m-auto wpex-max-w-100 vcex-heading-plain wpex-block vc_custom_1694192661365 vcex_69e4afc7d1c68\" style=\"color:#ffffff;font-family:Barlow;font-weight:900;text-transform:uppercase;\"><span class=\"vcex-heading-inner wpex-inline-block wpex-clr\">Condi\u00e7\u00f5es<\/span><\/div>[\/vc_column][\/vc_row][vc_row full_width=&#8221;stretch_row&#8221; column_spacing=&#8221;50&#8243; remove_bottom_col_margin=&#8221;true&#8221; css=&#8221;.vc_custom_1694181523405{margin-top: 60px !important;margin-bottom: 60px !important;border-bottom-width: 1px !important;padding-bottom: 60px !important;border-bottom-color: #dddddd !important;border-bottom-style: dashed !important;}&#8221;][vc_column]<div class=\"vcex-spacing wpex-w-100 wpex-clear\" style=\"height:30px;\"><\/div>[vc_column_text color=&#8221;#222222&#8243; font_size=&#8221;d:20|pl:18&#8243; font_family=&#8221;Barlow&#8221;]Gostar\u00edamos de enfatizar que, ao fazer o pedido de produtos\/assinaturas em nosso site, voc\u00ea concorda com os termos e condi\u00e7\u00f5es. Recomendamos que voc\u00ea imprima os termos e condi\u00e7\u00f5es e guarde o documento para o caso de precisar dele no futuro. Para fazer compras no site <a href=\"http:\/\/www.icylemonade.com\/\" target=\"_new\" rel=\"noopener\">www.IcyLemonade.com<\/a>, voc\u00ea deve ter 17 anos de idade (EUA). Reservamo-nos o direito de cancelar pedidos de pessoas que tenham fornecido informa\u00e7\u00f5es pessoais incorretas. N\u00f3s nos reservamos o direito de corrigir qualquer erro de pre\u00e7o que possa ocorrer.<\/p>\n<p><strong>Em geral<\/strong><\/p>\n<p>O IcyLemonade.com \u00e9 um servi\u00e7o de v\u00e1rios eventos e v\u00e1rios aplicativos de namoro digital e \u00e9 o carro-chefe do EDDBEE GROUP AB na Su\u00e9cia. Para iniciar sua conta, acesse <a href=\"http:\/\/www.icylemonade.com\/\" target=\"_new\" rel=\"noopener\">www.IcyLemonade.com<\/a> ou fa\u00e7a o download do aplicativo e registre sua conta, onde voc\u00ea escolhe uma assinatura. Para que voc\u00ea se sinta confiante em sua compra, entre em contato com nosso suporte e atendimento ao cliente pelo e-mail <a href=\"mailto:info@icylemonade.com\" target=\"_new\" rel=\"noopener\">info@icylemonade.com<\/a> se tiver alguma d\u00favida sobre seu pedido. Depois de iniciar sua assinatura, voc\u00ea se compromete a monitorar seu endere\u00e7o de e-mail registrado, pois toda a comunica\u00e7\u00e3o referente \u00e0 sua assinatura \u00e9 feita por e-mail.<\/p>\n<p><strong>Pre\u00e7os e pagamento<\/strong><\/p>\n<p>Todos os pre\u00e7os est\u00e3o em d\u00f3lares americanos. Ao fazer compras no site <a href=\"mailto:info@icylemonade.com\" target=\"_new\" rel=\"noopener\">info@icylemonade.com,<\/a> o pagamento com cart\u00e3o \u00e9 processado pelo Google ou pela Apple, uma solu\u00e7\u00e3o segura de pagamento eletr\u00f4nico. Todas as informa\u00e7\u00f5es do cart\u00e3o s\u00e3o armazenadas de acordo com as regras das redes de cart\u00f5es. Nenhum dado de cart\u00e3o de cr\u00e9dito \u00e9 armazenado em nosso banco de dados, mesmo que voc\u00ea opte por salvar o cart\u00e3o para compras futuras. Ele \u00e9 armazenado no Google ou na Apple. Seu extrato banc\u00e1rio pode indicar icylemonade.com ou EDDBEE GROUP AB. O pagamento das assinaturas mensais \u00e9 feito mensalmente. Se nenhum pagamento for feito, as assinaturas ser\u00e3o transferidas para uma assinatura gratuita.<\/p>\n<p><strong>Pol\u00edtica de devolu\u00e7\u00e3o<\/strong><\/p>\n<p>Como consumidor, voc\u00ea tem 14 dias para cancelar, de acordo com a Lei de Contratos \u00e0 Dist\u00e2ncia e contratos fora do estabelecimento comercial, a partir do momento em que solicitou o servi\u00e7o. O direito de retirada termina quando voc\u00ea come\u00e7a a usar o servi\u00e7o, ou seja, quando voc\u00ea registra informa\u00e7\u00f5es (cavalos, servi\u00e7os, equipamentos, treinamento, usu\u00e1rios) em sua assinatura. Se voc\u00ea cancelar seu pedido ou quiser cancelar uma assinatura mensal, entre em contato conosco por meio do formul\u00e1rio de contato ou dos detalhes de contato fornecidos na confirma\u00e7\u00e3o do pedido. Ent\u00e3o, encerraremos sua conta imediatamente.<\/p>\n<p><strong>Confirma\u00e7\u00e3o<\/strong><\/p>\n<p>Assim que seu pedido for recebido, um e-mail de confirma\u00e7\u00e3o com os detalhes do pedido ser\u00e1 enviado a voc\u00ea. Guarde a confirma\u00e7\u00e3o do pedido para ter em m\u00e3os em caso de contato com a Icy Lemonade.<\/p>\n<p><strong>Em caso de lit\u00edgio<\/strong><\/p>\n<p>Em caso de lit\u00edgio, \u00e9 seguido o Conselho Nacional de Recomenda\u00e7\u00f5es de Lit\u00edgios de Consumo (ARN).<\/p>\n<p><strong>Limita\u00e7\u00e3o de responsabilidade<\/strong><\/p>\n<p>Todo o material dispon\u00edvel no site \u00e9 destinado principalmente a fins gerais e n\u00e3o constitui aconselhamento ou recomenda\u00e7\u00e3o. As informa\u00e7\u00f5es nem sempre s\u00e3o abrangentes ou atualizadas. Tamb\u00e9m podem ocorrer erros e falhas t\u00e9cnicas.<\/p>\n<p>O Eddbee Group AB n\u00e3o \u00e9 respons\u00e1vel por informa\u00e7\u00f5es e materiais no servi\u00e7o publicados por outros usu\u00e1rios (o chamado material gerado pelo usu\u00e1rio). Em caso de erros nas informa\u00e7\u00f5es ou no material do Grupo Eddbee, voc\u00ea deve entrar em contato com o Suporte do Grupo Eddbee se quiser que as informa\u00e7\u00f5es ou o material sejam corrigidos ou removidos. No entanto, o Eddbee Group AB sempre remover\u00e1 informa\u00e7\u00f5es ou materiais que obviamente violem os direitos autorais de outra pessoa ou sejam criminosos, caso o Eddbee Group AB receba informa\u00e7\u00f5es sobre a dissemina\u00e7\u00e3o de tais informa\u00e7\u00f5es ou materiais no site.<\/p>\n<p>O Grupo Eddbee tem o direito de publicar as informa\u00e7\u00f5es listadas por cada membro em seu perfil geral no Grupo Eddbee, bem como em e-mails para outros membros do Grupo Eddbee. Um membro individual n\u00e3o tem o direito de copiar informa\u00e7\u00f5es postadas por outros membros sem a permiss\u00e3o do respectivo membro e do Eddbee Group. Tamb\u00e9m n\u00e3o \u00e9 permitido criar links para perfis espec\u00edficos de membros do Eddbee Group em sites externos.<\/p>\n<p>O Eddbee Group est\u00e1 trabalhando constantemente na seguran\u00e7a de TI. Infelizmente, n\u00e3o podemos garantir que o site esteja livre de componentes nocivos. Portanto, para sua pr\u00f3pria seguran\u00e7a, pedimos que voc\u00ea nunca compartilhe suas informa\u00e7\u00f5es pessoais por meio de sistemas de mensagens, nem siga links por meio de mensagens privadas ou fa\u00e7a download de qualquer tipo de software. O Eddbee Group nunca solicita seu n\u00famero de seguro social ou informa\u00e7\u00f5es de pagamento porque somos um servi\u00e7o de uso gratuito.<\/p>\n<p>O Eddbee Group n\u00e3o se responsabiliza por qualquer dano causado direta ou indiretamente pelo uso de nossos servi\u00e7os.<\/p>\n<p><strong>Condi\u00e7\u00f5es<\/strong><\/p>\n<p>Sujeito aos termos e condi\u00e7\u00f5es deste Contrato, e com o \u00fanico prop\u00f3sito de usar os Servi\u00e7os, a Empresa concede a voc\u00ea uma licen\u00e7a limitada, n\u00e3o exclusiva, revog\u00e1vel, n\u00e3o sublicenci\u00e1vel e intransfer\u00edvel para:<\/p>\n<p>Instalar qualquer um ou todos os aplicativos m\u00f3veis em um ou mais dispositivos m\u00f3veis de sua propriedade, sob seu controle e que atendam \u00e0s especifica\u00e7\u00f5es m\u00ednimas da empresa.<br \/>\nInstale qualquer um ou todos os aplicativos de desktop em um ou mais computadores de sua propriedade, sob seu controle e que atendam \u00e0s especifica\u00e7\u00f5es m\u00ednimas da sua empresa.<br \/>\nVisualizar, analisar e usar os aplicativos e todas as informa\u00e7\u00f5es relacionadas que a empresa lhe fornecer.<br \/>\nVoc\u00ea concorda em n\u00e3o acessar, ou tentar acessar, os Servi\u00e7os por qualquer meio que n\u00e3o seja por meio dos Sites ou Aplicativos. Voc\u00ea concorda especificamente em n\u00e3o acessar, ou tentar acessar, os Servi\u00e7os por qualquer meio automatizado (incluindo, sem limita\u00e7\u00e3o, o uso de scripts, bots, aplicativos de terceiros n\u00e3o autorizados, spiders ou crawlers).<\/p>\n<p>Voc\u00ea concorda que n\u00e3o violar\u00e1, em rela\u00e7\u00e3o ao seu uso dos Aplicativos, Sites e\/ou Servi\u00e7os, nenhuma lei, regulamento, regra, portaria ou tratado aplic\u00e1vel.<\/p>\n<p>Voc\u00ea n\u00e3o poder\u00e1 se conectar ou usar os Aplicativos, Sites e\/ou Servi\u00e7os de qualquer forma que n\u00e3o seja expressamente autorizada por estes Termos.<\/p>\n<p>Remover todos os avisos de propriedade dos servi\u00e7os ou c\u00f3pias de software fornecidos a voc\u00ea pela empresa (software).<br \/>\nCausar, permitir ou autorizar a modifica\u00e7\u00e3o, a cria\u00e7\u00e3o de trabalhos derivados, a tradu\u00e7\u00e3o, a engenharia reversa, a descompila\u00e7\u00e3o, a desmontagem ou a invas\u00e3o dos Aplicativos, dos Servi\u00e7os ou de qualquer software.<br \/>\nVender, ceder, alugar, arrendar, atuar como bureau de servi\u00e7os ou conceder direitos sobre os Aplicativos, Servi\u00e7os ou qualquer software, inclusive, sem limita\u00e7\u00e3o, por sublicen\u00e7a, a qualquer outra pessoa ou entidade sem o consentimento pr\u00e9vio por escrito da Empresa.<br \/>\nFazer quaisquer declara\u00e7\u00f5es ou representa\u00e7\u00f5es falsas, enganosas ou ilus\u00f3rias sobre a Empresa e\/ou os Aplicativos, Sites ou Servi\u00e7os.<br \/>\nUso proibido de nosso aplicativo ou servi\u00e7os<\/p>\n<p>Ao usar nosso aplicativo ou servi\u00e7os, voc\u00ea est\u00e1 proibido de fazer o seguinte:<\/p>\n<p>Assediar, abusar, insultar, prejudicar, difamar, caluniar, depreciar, intimidar ou discriminar com base em g\u00eanero, orienta\u00e7\u00e3o sexual, religi\u00e3o, etnia, ra\u00e7a, idade, nacionalidade ou defici\u00eancia.<br \/>\nEnviar informa\u00e7\u00f5es falsas ou enganosas.<br \/>\nColetar ou rastrear as informa\u00e7\u00f5es pessoais de terceiros.<br \/>\nCarregar ou transmitir v\u00edrus ou qualquer outro tipo de c\u00f3digo malicioso que ser\u00e1 ou poder\u00e1 ser usado de qualquer forma que afete o funcionamento do aplicativo ou a opera\u00e7\u00e3o de nossos servi\u00e7os.<br \/>\nPara todos os fins ilegais.<br \/>\nConvidar outras pessoas a realizar ou participar de atos ilegais.<br \/>\nViolar regulamentos, regras, leis ou portarias internacionais, federais, provinciais ou estaduais.<br \/>\nInfringir ou violar nossos direitos de propriedade intelectual ou os direitos de propriedade intelectual de terceiros.<br \/>\nSpam, phishing, pharm, pretext, spider, creep ou scrape.<br \/>\nPara qualquer finalidade obscena ou imoral; ou para interromper ou burlar os recursos de seguran\u00e7a de nossos servi\u00e7os.<br \/>\nUsar os aplicativos, sites e\/ou servi\u00e7os para:<\/p>\n<p>Desenvolver, gerar, transmitir ou armazenar informa\u00e7\u00f5es que sejam ilegais ou il\u00edcitas, difamat\u00f3rias, prejudiciais, abusivas, odiosas, ofensivas em termos raciais ou \u00e9tnicos e que incentivem comportamentos que possam ser considerados criminosos.<br \/>\nRealizar qualquer comunica\u00e7\u00e3o comercial n\u00e3o solicitada n\u00e3o autorizada pela legisla\u00e7\u00e3o aplic\u00e1vel.<br \/>\nEmendas<\/p>\n<p>A Icy Lemonade se reserva o direito de fazer altera\u00e7\u00f5es nestes termos e condi\u00e7\u00f5es. Portanto, \u00e9 recomend\u00e1vel visitar este site regularmente para ler essas condi\u00e7\u00f5es.<\/p>\n<p>Informa\u00e7\u00f5es e contato da empresa<\/p>\n<p>Eddbee group AB, Box 7033, 402 31 Gothenburg, Su\u00e9cia.<\/p>\n<p>info@icyelemonade.com[\/vc_column_text][\/vc_column][\/vc_row]\n","protected":false},"excerpt":{"rendered":"<p>[vc_row full_width=&#8221;stretch_row&#8221; content_placement=&#8221;bottom&#8221; wpex_bg_overlay=&#8221;dark&#8221; remove_bottom_col_margin=&#8221;true&#8221; min_height=&#8221;600&#8243; css=&#8221;.vc_custom_1709201437842{background: #5398ce url(https:\/\/icylemonade.com\/wp-content\/uploads\/2023\/09\/ICY_Slide_00032.jpg?id=1511) !important;background-position: center !important;background-repeat: no-repeat !important;background-size: cover !important;}&#8221; wpex_bg_overlay_opacity=&#8221;0.5&#8243;][vc_column][\/vc_column][\/vc_row][vc_row full_width=&#8221;stretch_row&#8221; column_spacing=&#8221;50&#8243; remove_bottom_col_margin=&#8221;true&#8221; css=&#8221;.vc_custom_1694181523405{margin-top: 60px !important;margin-bottom: 60px !important;border-bottom-width: 1px !important;padding-bottom: 60px !important;border-bottom-color: #dddddd !important;border-bottom-style: dashed !important;}&#8221;][vc_column][vc_column_text color=&#8221;#222222&#8243; font_size=&#8221;d:20|pl:18&#8243; font_family=&#8221;Barlow&#8221;]Gostar\u00edamos de enfatizar que, ao fazer o pedido de produtos\/assinaturas em nosso site, voc\u00ea concorda com os termos e condi\u00e7\u00f5es.&hellip;<\/p>\n","protected":false},"author":1,"featured_media":0,"parent":0,"menu_order":0,"comment_status":"closed","ping_status":"closed","template":"","meta":{"footnotes":""},"class_list":["post-2323","page","type-page","status-publish","hentry","entry","no-media"],"_links":{"self":[{"href":"https:\/\/icylemonade.com\/pt-br\/wp-json\/wp\/v2\/pages\/2323","targetHints":{"allow":["GET"]}}],"collection":[{"href":"https:\/\/icylemonade.com\/pt-br\/wp-json\/wp\/v2\/pages"}],"about":[{"href":"https:\/\/icylemonade.com\/pt-br\/wp-json\/wp\/v2\/types\/page"}],"author":[{"embeddable":true,"href":"https:\/\/icylemonade.com\/pt-br\/wp-json\/wp\/v2\/users\/1"}],"replies":[{"embeddable":true,"href":"https:\/\/icylemonade.com\/pt-br\/wp-json\/wp\/v2\/comments?post=2323"}],"version-history":[{"count":10,"href":"https:\/\/icylemonade.com\/pt-br\/wp-json\/wp\/v2\/pages\/2323\/revisions"}],"predecessor-version":[{"id":2456,"href":"https:\/\/icylemonade.com\/pt-br\/wp-json\/wp\/v2\/pages\/2323\/revisions\/2456"}],"wp:attachment":[{"href":"https:\/\/icylemonade.com\/pt-br\/wp-json\/wp\/v2\/media?parent=2323"}],"curies":[{"name":"wp","href":"https:\/\/api.w.org\/{rel}","templated":true}]}}