{"id":2582,"date":"2023-09-08T17:13:19","date_gmt":"2023-09-08T15:13:19","guid":{"rendered":"https:\/\/icylemonade.com\/politica-de-privacidade\/"},"modified":"2024-03-05T13:07:47","modified_gmt":"2024-03-05T12:07:47","slug":"politica-de-privacidade","status":"publish","type":"page","link":"https:\/\/icylemonade.com\/pt-br\/politica-de-privacidade\/","title":{"rendered":"Pol\u00edtica de privacidade"},"content":{"rendered":"[vc_row full_width=&#8221;stretch_row&#8221; content_placement=&#8221;bottom&#8221; wpex_bg_overlay=&#8221;dark&#8221; remove_bottom_col_margin=&#8221;true&#8221; min_height=&#8221;600&#8243; css=&#8221;.vc_custom_1709640379397{background: #5398ce url(https:\/\/icylemonade.com\/wp-content\/uploads\/2023\/02\/IL_IM_EU_00005.jpg?id=306) !important;background-position: center !important;background-repeat: no-repeat !important;background-size: cover !important;}&#8221; wpex_bg_overlay_opacity=&#8221;0.5&#8243;][vc_column]<style>.vcex_69e4c2ec5ca82{font-size:100px!important;}@media (max-width:767px){.vcex_69e4c2ec5ca82{font-size:40px!important;}}<\/style><div class=\"vcex-heading vcex-module wpex-text-2xl wpex-font-normal wpex-m-auto wpex-max-w-100 vcex-heading-plain wpex-block vc_custom_1694192734901 vcex_69e4c2ec5ca82\" style=\"color:#ffffff;font-family:Barlow;font-weight:900;text-transform:uppercase;\"><span class=\"vcex-heading-inner wpex-inline-block wpex-clr\">Pol\u00edtica de privacidade<\/span><\/div>[\/vc_column][\/vc_row][vc_row full_width=&#8221;stretch_row&#8221; column_spacing=&#8221;50&#8243; remove_bottom_col_margin=&#8221;true&#8221; css=&#8221;.vc_custom_1694181523405{margin-top: 60px !important;margin-bottom: 60px !important;border-bottom-width: 1px !important;padding-bottom: 60px !important;border-bottom-color: #dddddd !important;border-bottom-style: dashed !important;}&#8221;][vc_column]<div class=\"vcex-spacing wpex-w-100 wpex-clear\" style=\"height:30px;\"><\/div>[vc_column_text color=&#8221;#222222&#8243; font_size=&#8221;d:20|pl:18&#8243; font_family=&#8221;Barlow&#8221;]Esta pol\u00edtica se aplica \u00e0 Icy Lemonade como ou ao grupo Eddbee AB em todos os sites. A pol\u00edtica de dados pessoais se aplica quando Icy Lemonade fornece servi\u00e7os e produtos relacionados a compras, quest\u00f5es de atendimento ao cliente, outros contatos com Icy Lemonade e visitas ao site.<\/p>\n<p><strong>Seus dados pessoais s\u00e3o importantes para n\u00f3s<\/strong><\/p>\n<p>Icy Lemonade coleta e processa dados pessoais sobre voc\u00ea quando voc\u00ea visita ou faz uma compra em um de nossos sites ou, alternativamente, entra em contato com Icy Lemonade por e-mail ou m\u00eddia social. A Icy Lemonade protege sua privacidade e est\u00e1 comprometida com um alto n\u00edvel de prote\u00e7\u00e3o de dados. Esta pol\u00edtica de privacidade explica por que e como coletamos e usamos suas informa\u00e7\u00f5es pessoais. Ele tamb\u00e9m descreve seus direitos e como voc\u00ea pode aplic\u00e1-los. \u00c9 importante para n\u00f3s que os dados pessoais que voc\u00ea, como cliente e leitor, nos confia sejam tratados de forma cuidadosa, respons\u00e1vel, transparente e legal.<\/p>\n<p><strong>Quem \u00e9 respons\u00e1vel pelos dados que coletamos?<\/strong><\/p>\n<p>Icy Lemonade \u00e9 a controladora de dados para o processamento de seus dados pessoais pela Icy Lemonade e \u00e9 respons\u00e1vel por garantir que esse processamento ocorra de acordo com a legisla\u00e7\u00e3o aplic\u00e1vel.<\/p>\n<p><strong>O que s\u00e3o informa\u00e7\u00f5es pessoais?<\/strong><\/p>\n<p>Dados pessoais s\u00e3o quaisquer informa\u00e7\u00f5es que possam ser atribu\u00eddas direta ou indiretamente a uma pessoa f\u00edsica viva. Exemplos de dados pessoais s\u00e3o nome, endere\u00e7o de e-mail, n\u00famero de telefone e n\u00famero de identifica\u00e7\u00e3o pessoal. Imagens e grava\u00e7\u00f5es de \u00e1udio tamb\u00e9m s\u00e3o informa\u00e7\u00f5es pessoais, mesmo que nenhum nome seja mencionado. Dados criptografados e diferentes tipos de identidades eletr\u00f4nicas (por exemplo, n\u00fameros de IP) s\u00e3o dados pessoais se puderem ser vinculados a pessoas f\u00edsicas.<\/p>\n<p><strong>De onde v\u00eam seus dados pessoais?<\/strong><\/p>\n<p>A principal fonte de informa\u00e7\u00f5es pessoais sobre voc\u00ea \u00e9 voc\u00ea mesmo, como as informa\u00e7\u00f5es que voc\u00ea fornece ao se inscrever, entrar em contato conosco por e-mail e receber\/responder a um e-mail. Os dados pessoais tamb\u00e9m s\u00e3o criados como resultado da leitura de informa\u00e7\u00f5es em nosso site, do uso de servi\u00e7os e da comunica\u00e7\u00e3o conosco. Por exemplo, podemos salvar visitantes, dados de tr\u00e1fego e outros dados de comunica\u00e7\u00e3o. Exemplos de tais dados pessoais s\u00e3o seu endere\u00e7o IP. Essas informa\u00e7\u00f5es s\u00e3o coletadas por meio dos chamados cookies e s\u00e3o usadas para conhec\u00ea-lo, de modo que possamos direcionar informa\u00e7\u00f5es relevantes para voc\u00ea. Para fazer isso, precisamos de seu consentimento. Voc\u00ea faz isso aceitando cookies quando visita nosso site.<\/p>\n<p><strong>Exemplos de dados pessoais que coletamos sobre voc\u00ea se precisarmos deles<\/strong><\/p>\n<p>Nome e sobrenome. Data de nascimento, g\u00eanero, nacionalidade, ocupa\u00e7\u00e3o\/emprego\/educa\u00e7\u00e3o, local de nascimento. N\u00famero do seguro social (somente ao comprar um passe anual). Verifica\u00e7\u00e3o de endere\u00e7o no SPAR. Detalhes de contato (endere\u00e7o, e-mail e n\u00famero de telefone). Informa\u00e7\u00f5es de compra (por exemplo, qual produto\/assinatura foi solicitado). Ev. notas que voc\u00ea optar por deixar. Correspond\u00eancia sobre reclama\u00e7\u00f5es.<\/p>\n<p><strong>Hist\u00f3rico de caso de compras na Icy Lemonade. Cookies<\/strong><\/p>\n<p>Em um cookie, \u00e9 poss\u00edvel ver\/rastrear o comportamento de navega\u00e7\u00e3o de um usu\u00e1rio. Os cookies s\u00e3o usados para dar a voc\u00ea, como visitante, acesso a v\u00e1rias fun\u00e7\u00f5es e para personalizar o conte\u00fado do boletim informativo. Usamos cookies para personalizar o conte\u00fado de nossa publicidade. Tamb\u00e9m usamos cookies em nosso site para que possamos manter estat\u00edsticas sobre o uso da Web. Um cookie \u00e9 um arquivo de texto armazenado em seu dispositivo para que o site possa reconhec\u00ea-lo. Esse cookie n\u00e3o cont\u00e9m nenhuma informa\u00e7\u00e3o pessoal. H\u00e1 dois tipos de cookies, permanentes e tempor\u00e1rios (os chamados cookies de sess\u00e3o). Os cookies permanentes s\u00e3o armazenados como um arquivo no seu dispositivo por um per\u00edodo mais longo, enquanto os cookies de sess\u00e3o s\u00e3o colocados temporariamente no seu dispositivo e s\u00e3o usados somente durante o tempo em que voc\u00ea est\u00e1 navegando no site. Em seguida, ele ser\u00e1 exclu\u00eddo. Se quiser saber quando seu dispositivo recebe um cookie, voc\u00ea pode configurar seu navegador para notific\u00e1-lo. Isso permite que voc\u00ea aceite ou rejeite um cookie. Seu dispositivo tamb\u00e9m pode ser configurado para rejeitar todos os cookies. Se voc\u00ea optar por n\u00e3o aceitar cookies, observe que alguns recursos de nossos servi\u00e7os on-line n\u00e3o funcionar\u00e3o mais como previsto.<\/p>\n<p><strong>Especificamente sobre o consentimento para marketing direto<\/strong><\/p>\n<p>Desde que voc\u00ea tenha nos dado seu consentimento expl\u00edcito, enviaremos e publicaremos regularmente informa\u00e7\u00f5es e marketing com base em seu perfil por meio de v\u00e1rios canais de comunica\u00e7\u00e3o digital. Voc\u00ea pode optar por n\u00e3o receber nossas comunica\u00e7\u00f5es de marketing a qualquer momento, clicando em cancelar a inscri\u00e7\u00e3o no e-mail ou na comunica\u00e7\u00e3o por SMS que lhe enviamos. Tamb\u00e9m \u00e9 poss\u00edvel entrar em contato com a Icy Lemonade pelo e-mail info@icylemonade.com para obter assist\u00eancia na rejei\u00e7\u00e3o de nossas comunica\u00e7\u00f5es.<\/p>\n<p><strong>Por quanto tempo mantemos suas informa\u00e7\u00f5es?<\/strong><\/p>\n<p>Seus dados pessoais s\u00e3o mantidos apenas enquanto houver necessidade de mant\u00ea-los para cumprir as finalidades para as quais foram coletados. Icy Lemonade poder\u00e1 reter os dados por mais tempo, se necess\u00e1rio, para cumprir requisitos legais ou para proteger os interesses legais de Icy Lemonade, por exemplo se um processo legal estiver em andamento.<\/p>\n<p><strong>Com quem podemos compartilhar seus dados pessoais?<\/strong><\/p>\n<p>Seus dados pessoais podem ser compartilhados com outras empresas. Esses s\u00e3o os dados pessoais dos clientes da Eddbee group AB e de nossa contribui\u00e7\u00e3o.[\/vc_column_text][\/vc_column][\/vc_row]\n","protected":false},"excerpt":{"rendered":"<p>[vc_row full_width=&#8221;stretch_row&#8221; content_placement=&#8221;bottom&#8221; wpex_bg_overlay=&#8221;dark&#8221; remove_bottom_col_margin=&#8221;true&#8221; min_height=&#8221;600&#8243; css=&#8221;.vc_custom_1709640379397{background: #5398ce url(https:\/\/icylemonade.com\/wp-content\/uploads\/2023\/02\/IL_IM_EU_00005.jpg?id=306) !important;background-position: center !important;background-repeat: no-repeat !important;background-size: cover !important;}&#8221; wpex_bg_overlay_opacity=&#8221;0.5&#8243;][vc_column][\/vc_column][\/vc_row][vc_row full_width=&#8221;stretch_row&#8221; column_spacing=&#8221;50&#8243; remove_bottom_col_margin=&#8221;true&#8221; css=&#8221;.vc_custom_1694181523405{margin-top: 60px !important;margin-bottom: 60px !important;border-bottom-width: 1px !important;padding-bottom: 60px !important;border-bottom-color: #dddddd !important;border-bottom-style: dashed !important;}&#8221;][vc_column][vc_column_text color=&#8221;#222222&#8243; font_size=&#8221;d:20|pl:18&#8243; font_family=&#8221;Barlow&#8221;]Esta pol\u00edtica se aplica \u00e0 Icy Lemonade como ou ao grupo Eddbee AB em todos os sites. A pol\u00edtica de&hellip;<\/p>\n","protected":false},"author":1,"featured_media":0,"parent":0,"menu_order":0,"comment_status":"closed","ping_status":"closed","template":"","meta":{"footnotes":""},"class_list":["post-2582","page","type-page","status-publish","hentry","entry","no-media"],"_links":{"self":[{"href":"https:\/\/icylemonade.com\/pt-br\/wp-json\/wp\/v2\/pages\/2582","targetHints":{"allow":["GET"]}}],"collection":[{"href":"https:\/\/icylemonade.com\/pt-br\/wp-json\/wp\/v2\/pages"}],"about":[{"href":"https:\/\/icylemonade.com\/pt-br\/wp-json\/wp\/v2\/types\/page"}],"author":[{"embeddable":true,"href":"https:\/\/icylemonade.com\/pt-br\/wp-json\/wp\/v2\/users\/1"}],"replies":[{"embeddable":true,"href":"https:\/\/icylemonade.com\/pt-br\/wp-json\/wp\/v2\/comments?post=2582"}],"version-history":[{"count":2,"href":"https:\/\/icylemonade.com\/pt-br\/wp-json\/wp\/v2\/pages\/2582\/revisions"}],"predecessor-version":[{"id":6082,"href":"https:\/\/icylemonade.com\/pt-br\/wp-json\/wp\/v2\/pages\/2582\/revisions\/6082"}],"wp:attachment":[{"href":"https:\/\/icylemonade.com\/pt-br\/wp-json\/wp\/v2\/media?parent=2582"}],"curies":[{"name":"wp","href":"https:\/\/api.w.org\/{rel}","templated":true}]}}