{"id":2575,"date":"2023-09-08T17:13:13","date_gmt":"2023-09-08T15:13:13","guid":{"rendered":"https:\/\/icylemonade.com\/condicoes\/"},"modified":"2024-02-29T16:57:19","modified_gmt":"2024-02-29T15:57:19","slug":"condicoes","status":"publish","type":"page","link":"https:\/\/icylemonade.com\/pt-pt\/condicoes\/","title":{"rendered":"Condi\u00e7\u00f5es"},"content":{"rendered":"[vc_row full_width=&#8221;stretch_row&#8221; content_placement=&#8221;bottom&#8221; wpex_bg_overlay=&#8221;dark&#8221; remove_bottom_col_margin=&#8221;true&#8221; min_height=&#8221;600&#8243; css=&#8221;.vc_custom_1709201437842{background: #5398ce url(https:\/\/icylemonade.com\/wp-content\/uploads\/2023\/09\/ICY_Slide_00032.jpg?id=1511) !important;background-position: center !important;background-repeat: no-repeat !important;background-size: cover !important;}&#8221; wpex_bg_overlay_opacity=&#8221;0.5&#8243;][vc_column]<style>.vcex_69e5f8efb072b{font-size:100px!important;}@media (max-width:767px){.vcex_69e5f8efb072b{font-size:40px!important;}}<\/style><div class=\"vcex-heading vcex-module wpex-text-2xl wpex-font-normal wpex-m-auto wpex-max-w-100 vcex-heading-plain wpex-block vc_custom_1694192661365 vcex_69e5f8efb072b\" style=\"color:#ffffff;font-family:Barlow;font-weight:900;text-transform:uppercase;\"><span class=\"vcex-heading-inner wpex-inline-block wpex-clr\">Condi\u00e7\u00f5es<\/span><\/div>[\/vc_column][\/vc_row][vc_row full_width=&#8221;stretch_row&#8221; column_spacing=&#8221;50&#8243; remove_bottom_col_margin=&#8221;true&#8221; css=&#8221;.vc_custom_1694181523405{margin-top: 60px !important;margin-bottom: 60px !important;border-bottom-width: 1px !important;padding-bottom: 60px !important;border-bottom-color: #dddddd !important;border-bottom-style: dashed !important;}&#8221;][vc_column]<div class=\"vcex-spacing wpex-w-100 wpex-clear\" style=\"height:30px;\"><\/div>[vc_column_text color=&#8221;#222222&#8243; font_size=&#8221;d:20|pl:18&#8243; font_family=&#8221;Barlow&#8221;]Gostar\u00edamos de sublinhar que, ao encomendar produtos\/assinaturas no nosso s\u00edtio Web, est\u00e1 a aceitar os termos e condi\u00e7\u00f5es. Recomendamos que imprima os termos e condi\u00e7\u00f5es e guarde o documento para o caso de precisar dele no futuro. Para efetuar compras em <a href=\"http:\/\/www.icylemonade.com\/\" target=\"_new\" rel=\"noopener\">www.IcyLemonade.com<\/a> \u00e9 necess\u00e1rio ter 17 anos de idade (EUA). Reservamo-nos o direito de anular as encomendas de pessoas que tenham fornecido informa\u00e7\u00f5es pessoais incorrectas. Reservamo-nos o direito de corrigir eventuais erros de pre\u00e7os que possam ocorrer.<\/p>\n<p><strong>Em geral<\/strong><\/p>\n<p>IcyLemonade.com \u00e9 um servi\u00e7o multi-eventos e m\u00faltiplas aplica\u00e7\u00f5es de encontros digitais e \u00e9 o carro-chefe do EDDBEE GROUP AB na Su\u00e9cia. Para iniciar a sua conta, visite <a href=\"http:\/\/www.icylemonade.com\/\" target=\"_new\" rel=\"noopener\">www.IcyLemonade.com<\/a> ou descarregue a aplica\u00e7\u00e3o e registe a sua conta, onde escolhe uma subscri\u00e7\u00e3o. Para garantir que se sente confiante na sua compra, pode sempre contactar o nosso servi\u00e7o de apoio ao cliente atrav\u00e9s do e-mail <a href=\"mailto:info@icylemonade.com\" target=\"_new\" rel=\"noopener\">info@icylemonade.com<\/a> se tiver alguma d\u00favida sobre a sua encomenda. Uma vez iniciada a subscri\u00e7\u00e3o, o utilizador compromete-se a controlar o seu endere\u00e7o de correio eletr\u00f3nico registado, uma vez que todas as comunica\u00e7\u00f5es relativas \u00e0 sua subscri\u00e7\u00e3o s\u00e3o feitas por correio eletr\u00f3nico.<\/p>\n<p><strong>Pre\u00e7os e pagamento<\/strong><\/p>\n<p>Todos os pre\u00e7os s\u00e3o em d\u00f3lares americanos. Quando faz compras em <a href=\"mailto:info@icylemonade.com\" target=\"_new\" rel=\"noopener\">info@icylemonade.com,<\/a> o pagamento com cart\u00e3o \u00e9 processado pela Google ou pela Apple, uma solu\u00e7\u00e3o segura de pagamento eletr\u00f3nico. Todas as informa\u00e7\u00f5es relativas aos cart\u00f5es s\u00e3o armazenadas em conformidade com as regras das redes de cart\u00f5es. Nenhum dado de cart\u00e3o de cr\u00e9dito \u00e9 armazenado na nossa base de dados, mesmo que o utilizador opte por guardar o cart\u00e3o para compras futuras. \u00c9 armazenado no Google ou na Apple. O seu extrato banc\u00e1rio pode indicar icylemonade.com ou EDDBEE GROUP AB. O pagamento das assinaturas mensais \u00e9 efectuado mensalmente. Se n\u00e3o for efectuado qualquer pagamento, as assinaturas s\u00e3o transferidas para uma assinatura gratuita.<\/p>\n<p><strong>Pol\u00edtica de devolu\u00e7\u00e3o<\/strong><\/p>\n<p>Enquanto consumidor, disp\u00f5e de 14 dias para rescindir o contrato ao abrigo da Lei dos Contratos \u00e0 Dist\u00e2ncia e dos contratos celebrados fora do estabelecimento comercial, a contar da data em que encomendou o servi\u00e7o. O direito de rescis\u00e3o termina quando o utilizador come\u00e7a a utilizar o servi\u00e7o, ou seja, quando tiver registado informa\u00e7\u00f5es (cavalos, servi\u00e7os, equipamentos, forma\u00e7\u00e3o, utilizadores) na sua assinatura. Se cancelar a sua encomenda ou quiser cancelar uma subscri\u00e7\u00e3o mensal, contacte-nos atrav\u00e9s do formul\u00e1rio de contacto ou dos dados de contacto fornecidos na confirma\u00e7\u00e3o da encomenda. A sua conta ser\u00e1 imediatamente encerrada.<\/p>\n<p><strong>Confirma\u00e7\u00e3o<\/strong><\/p>\n<p>Ap\u00f3s a rece\u00e7\u00e3o da sua encomenda, ser-lhe-\u00e1 enviado um e-mail de confirma\u00e7\u00e3o com os detalhes da sua encomenda. Guardar a confirma\u00e7\u00e3o da encomenda para ter \u00e0 m\u00e3o em caso de contacto com Icy Lemonade.<\/p>\n<p><strong>Em caso de lit\u00edgio<\/strong><\/p>\n<p>Em caso de lit\u00edgio, \u00e9 seguida a recomenda\u00e7\u00e3o da Comiss\u00e3o Nacional de Resolu\u00e7\u00e3o de Lit\u00edgios de Consumo (ARN).<\/p>\n<p><strong>Limita\u00e7\u00e3o da responsabilidade<\/strong><\/p>\n<p>Todo o material dispon\u00edvel no s\u00edtio Web destina-se essencialmente a fins gerais e n\u00e3o constitui um conselho ou uma recomenda\u00e7\u00e3o. A informa\u00e7\u00e3o nem sempre \u00e9 exaustiva ou actualizada. Podem tamb\u00e9m ocorrer erros e defici\u00eancias t\u00e9cnicas.<\/p>\n<p>A Eddbee Group AB n\u00e3o \u00e9 respons\u00e1vel pelas informa\u00e7\u00f5es e materiais do servi\u00e7o publicados por outros utilizadores (o chamado material gerado pelo utilizador). Em caso de erros nas informa\u00e7\u00f5es ou no material do Grupo Eddbee, o utilizador deve contactar o Apoio ao Grupo Eddbee se pretender que as informa\u00e7\u00f5es ou o material sejam corrigidos ou removidos. No entanto, a Eddbee Group AB remover\u00e1 sempre as informa\u00e7\u00f5es ou o material que viole manifestamente os direitos de autor de outrem ou que seja criminoso, se a Eddbee Group AB receber informa\u00e7\u00f5es sobre a divulga\u00e7\u00e3o de tais informa\u00e7\u00f5es ou material no s\u00edtio Web.<\/p>\n<p>O Grupo Eddbee reserva-se o direito de publicar as informa\u00e7\u00f5es indicadas por cada membro no seu perfil geral no Grupo Eddbee, bem como em mensagens de correio eletr\u00f3nico dirigidas a outros membros do Grupo Eddbee. Um membro individual n\u00e3o tem o direito de copiar informa\u00e7\u00f5es publicadas por outros membros sem a autoriza\u00e7\u00e3o do respetivo membro e do Grupo Eddbee. Tamb\u00e9m n\u00e3o \u00e9 permitido estabelecer liga\u00e7\u00f5es a perfis espec\u00edficos de membros do Grupo Eddbee em s\u00edtios Web externos.<\/p>\n<p>O Grupo Eddbee est\u00e1 constantemente a trabalhar na seguran\u00e7a das TI. Infelizmente, n\u00e3o podemos garantir que o s\u00edtio Web esteja isento de componentes nocivos. Por conseguinte, pede-se-lhe, para seu pr\u00f3prio bem, que nunca partilhe as suas informa\u00e7\u00f5es pessoais atrav\u00e9s de sistemas de mensagens, nem siga liga\u00e7\u00f5es atrav\u00e9s de mensagens privadas ou descarregue software de qualquer tipo. O Eddbee Group nunca solicita o seu n\u00famero de seguran\u00e7a social ou informa\u00e7\u00f5es de pagamento, uma vez que se trata de um servi\u00e7o de utiliza\u00e7\u00e3o gratuita.<\/p>\n<p>O Eddbee Group n\u00e3o \u00e9 respons\u00e1vel por quaisquer danos causados direta ou indiretamente pela utiliza\u00e7\u00e3o dos nossos servi\u00e7os.<\/p>\n<p><strong>Condi\u00e7\u00f5es<\/strong><\/p>\n<p>Sujeito aos termos e condi\u00e7\u00f5es do presente Acordo e com o \u00fanico objetivo de utilizar os Servi\u00e7os, a Empresa concede ao utilizador uma licen\u00e7a limitada, n\u00e3o exclusiva, revog\u00e1vel, n\u00e3o sublicenci\u00e1vel e n\u00e3o transfer\u00edvel para:<\/p>\n<p>Instalar uma ou todas as aplica\u00e7\u00f5es m\u00f3veis num ou mais dispositivos m\u00f3veis que sejam propriedade do utilizador, que estejam sob o seu controlo e que cumpram as especifica\u00e7\u00f5es m\u00ednimas da empresa.<br \/>\nInstalar qualquer ou todas as aplica\u00e7\u00f5es de ambiente de trabalho num ou mais computadores que lhe perten\u00e7am, que estejam sob o seu controlo e que cumpram as especifica\u00e7\u00f5es m\u00ednimas da sua empresa.<br \/>\nVer, rever e utilizar as aplica\u00e7\u00f5es e todas as informa\u00e7\u00f5es relacionadas que lhe s\u00e3o fornecidas pela empresa.<br \/>\nO utilizador concorda em n\u00e3o aceder, ou tentar aceder, aos Servi\u00e7os por qualquer outro meio que n\u00e3o seja atrav\u00e9s dos Sites ou das Apps. O utilizador concorda especificamente em n\u00e3o aceder, ou tentar aceder, aos Servi\u00e7os por quaisquer meios automatizados (incluindo, sem limita\u00e7\u00e3o, atrav\u00e9s da utiliza\u00e7\u00e3o de scripts, bots, aplica\u00e7\u00f5es de terceiros n\u00e3o autorizadas, spiders ou crawlers).<\/p>\n<p>O utilizador concorda que n\u00e3o ir\u00e1, em rela\u00e7\u00e3o \u00e0 sua utiliza\u00e7\u00e3o das Aplica\u00e7\u00f5es, S\u00edtios Web e\/ou Servi\u00e7os, violar qualquer lei, regulamento, regra, portaria ou tratado aplic\u00e1vel.<\/p>\n<p>O utilizador n\u00e3o pode ligar ou utilizar as Aplica\u00e7\u00f5es, os S\u00edtios Web e\/ou os Servi\u00e7os de qualquer forma que n\u00e3o seja expressamente autorizada pelos presentes Termos.<\/p>\n<p>Remover todos os avisos de propriedade dos servi\u00e7os ou c\u00f3pias de software fornecidos ao utilizador pela empresa (software).<br \/>\nProvocar, permitir ou autorizar a modifica\u00e7\u00e3o, cria\u00e7\u00e3o de trabalhos derivados, tradu\u00e7\u00e3o, engenharia inversa, descompila\u00e7\u00e3o, desmontagem ou pirataria inform\u00e1tica das Aplica\u00e7\u00f5es, Servi\u00e7os ou qualquer software.<br \/>\nVender, ceder, alugar, fazer leasing, atuar como ag\u00eancia de servi\u00e7os ou conceder direitos sobre as Aplica\u00e7\u00f5es, Servi\u00e7os ou qualquer software, incluindo, sem limita\u00e7\u00e3o, por sub-licen\u00e7a, a qualquer outra pessoa ou entidade sem o consentimento pr\u00e9vio por escrito da Empresa.<br \/>\nFazer quaisquer declara\u00e7\u00f5es ou representa\u00e7\u00f5es falsas, enganosas ou fraudulentas sobre a Empresa e\/ou as Aplica\u00e7\u00f5es, Websites ou Servi\u00e7os.<br \/>\nUtiliza\u00e7\u00e3o proibida da nossa aplica\u00e7\u00e3o ou servi\u00e7os<\/p>\n<p>Ao utilizar a nossa aplica\u00e7\u00e3o ou servi\u00e7os, o utilizador est\u00e1 proibido de fazer o seguinte:<\/p>\n<p>Assediar, abusar, insultar, prejudicar, difamar, caluniar, depreciar, intimidar ou discriminar com base no g\u00e9nero, orienta\u00e7\u00e3o sexual, religi\u00e3o, etnia, ra\u00e7a, idade, nacionalidade ou defici\u00eancia.<br \/>\nApresentar informa\u00e7\u00f5es falsas ou suscept\u00edveis de induzir em erro.<br \/>\nRecolher ou seguir as informa\u00e7\u00f5es pessoais de terceiros.<br \/>\nCarregar ou transmitir v\u00edrus ou qualquer outro tipo de c\u00f3digo malicioso que seja ou possa ser utilizado de forma a afetar o funcionamento da aplica\u00e7\u00e3o ou o funcionamento dos nossos servi\u00e7os.<br \/>\nPara todos os efeitos ilegais.<br \/>\nConvidar outros a praticar ou participar em actos ilegais.<br \/>\nViola\u00e7\u00e3o de regulamentos internacionais, federais, provinciais ou estatais, regras, leis ou decretos locais.<br \/>\nInfringe ou viola os nossos direitos de propriedade intelectual ou os direitos de propriedade intelectual de terceiros.<br \/>\nSpam, phishing, pharm, pretext, spider, creep ou scrape.<br \/>\nPara qualquer fim obsceno ou imoral; ou para perturbar ou contornar as caracter\u00edsticas de seguran\u00e7a dos nossos servi\u00e7os.<br \/>\nUtilizar as aplica\u00e7\u00f5es, s\u00edtios Web e\/ou servi\u00e7os para:<\/p>\n<p>Desenvolver, gerar, transmitir ou armazenar informa\u00e7\u00f5es que sejam ilegais ou il\u00edcitas, difamat\u00f3rias, prejudiciais, abusivas, odiosas, ofensivas do ponto de vista racial ou \u00e9tnico ou que encorajem comportamentos que possam ser considerados criminosos.<br \/>\nEfetuar qualquer comunica\u00e7\u00e3o comercial n\u00e3o solicitada n\u00e3o autorizada pela legisla\u00e7\u00e3o aplic\u00e1vel.<br \/>\nAltera\u00e7\u00f5es<\/p>\n<p>Icy Lemonade reserva-se o direito de efetuar altera\u00e7\u00f5es a estes termos e condi\u00e7\u00f5es. Por conseguinte, \u00e9 aconselh\u00e1vel visitar regularmente este s\u00edtio Web para ler estas condi\u00e7\u00f5es.<\/p>\n<p>Informa\u00e7\u00f5es e contactos da empresa<\/p>\n<p>Eddbee group AB, Box 7033, 402 31 Gotemburgo, Su\u00e9cia.<\/p>\n<p>info@icyelemonade.com[\/vc_column_text][\/vc_column][\/vc_row]\n","protected":false},"excerpt":{"rendered":"<p>[vc_row full_width=&#8221;stretch_row&#8221; content_placement=&#8221;bottom&#8221; wpex_bg_overlay=&#8221;dark&#8221; remove_bottom_col_margin=&#8221;true&#8221; min_height=&#8221;600&#8243; css=&#8221;.vc_custom_1709201437842{background: #5398ce url(https:\/\/icylemonade.com\/wp-content\/uploads\/2023\/09\/ICY_Slide_00032.jpg?id=1511) !important;background-position: center !important;background-repeat: no-repeat !important;background-size: cover !important;}&#8221; wpex_bg_overlay_opacity=&#8221;0.5&#8243;][vc_column][\/vc_column][\/vc_row][vc_row full_width=&#8221;stretch_row&#8221; column_spacing=&#8221;50&#8243; remove_bottom_col_margin=&#8221;true&#8221; css=&#8221;.vc_custom_1694181523405{margin-top: 60px !important;margin-bottom: 60px !important;border-bottom-width: 1px !important;padding-bottom: 60px !important;border-bottom-color: #dddddd !important;border-bottom-style: dashed !important;}&#8221;][vc_column][vc_column_text color=&#8221;#222222&#8243; font_size=&#8221;d:20|pl:18&#8243; font_family=&#8221;Barlow&#8221;]Gostar\u00edamos de sublinhar que, ao encomendar produtos\/assinaturas no nosso s\u00edtio Web, est\u00e1 a aceitar os termos e condi\u00e7\u00f5es. Recomendamos que&hellip;<\/p>\n","protected":false},"author":1,"featured_media":0,"parent":0,"menu_order":0,"comment_status":"closed","ping_status":"closed","template":"","meta":{"footnotes":""},"class_list":["post-2575","page","type-page","status-publish","hentry","entry","no-media"],"_links":{"self":[{"href":"https:\/\/icylemonade.com\/pt-pt\/wp-json\/wp\/v2\/pages\/2575","targetHints":{"allow":["GET"]}}],"collection":[{"href":"https:\/\/icylemonade.com\/pt-pt\/wp-json\/wp\/v2\/pages"}],"about":[{"href":"https:\/\/icylemonade.com\/pt-pt\/wp-json\/wp\/v2\/types\/page"}],"author":[{"embeddable":true,"href":"https:\/\/icylemonade.com\/pt-pt\/wp-json\/wp\/v2\/users\/1"}],"replies":[{"embeddable":true,"href":"https:\/\/icylemonade.com\/pt-pt\/wp-json\/wp\/v2\/comments?post=2575"}],"version-history":[{"count":10,"href":"https:\/\/icylemonade.com\/pt-pt\/wp-json\/wp\/v2\/pages\/2575\/revisions"}],"predecessor-version":[{"id":2717,"href":"https:\/\/icylemonade.com\/pt-pt\/wp-json\/wp\/v2\/pages\/2575\/revisions\/2717"}],"wp:attachment":[{"href":"https:\/\/icylemonade.com\/pt-pt\/wp-json\/wp\/v2\/media?parent=2575"}],"curies":[{"name":"wp","href":"https:\/\/api.w.org\/{rel}","templated":true}]}}