{"id":2593,"date":"2023-09-08T17:13:19","date_gmt":"2023-09-08T15:13:19","guid":{"rendered":"https:\/\/icylemonade.com\/politica-de-privacidade\/"},"modified":"2024-03-05T13:07:47","modified_gmt":"2024-03-05T12:07:47","slug":"politica-de-privacidade","status":"publish","type":"page","link":"https:\/\/icylemonade.com\/pt-pt\/politica-de-privacidade\/","title":{"rendered":"Pol\u00edtica de privacidade"},"content":{"rendered":"[vc_row full_width=&#8221;stretch_row&#8221; content_placement=&#8221;bottom&#8221; wpex_bg_overlay=&#8221;dark&#8221; remove_bottom_col_margin=&#8221;true&#8221; min_height=&#8221;600&#8243; css=&#8221;.vc_custom_1709640379397{background: #5398ce url(https:\/\/icylemonade.com\/wp-content\/uploads\/2023\/02\/IL_IM_EU_00005.jpg?id=306) !important;background-position: center !important;background-repeat: no-repeat !important;background-size: cover !important;}&#8221; wpex_bg_overlay_opacity=&#8221;0.5&#8243;][vc_column]<style>.vcex_69e5e543156f3{font-size:100px!important;}@media (max-width:767px){.vcex_69e5e543156f3{font-size:40px!important;}}<\/style><div class=\"vcex-heading vcex-module wpex-text-2xl wpex-font-normal wpex-m-auto wpex-max-w-100 vcex-heading-plain wpex-block vc_custom_1694192734901 vcex_69e5e543156f3\" style=\"color:#ffffff;font-family:Barlow;font-weight:900;text-transform:uppercase;\"><span class=\"vcex-heading-inner wpex-inline-block wpex-clr\">Pol\u00edtica de privacidade<\/span><\/div>[\/vc_column][\/vc_row][vc_row full_width=&#8221;stretch_row&#8221; column_spacing=&#8221;50&#8243; remove_bottom_col_margin=&#8221;true&#8221; css=&#8221;.vc_custom_1694181523405{margin-top: 60px !important;margin-bottom: 60px !important;border-bottom-width: 1px !important;padding-bottom: 60px !important;border-bottom-color: #dddddd !important;border-bottom-style: dashed !important;}&#8221;][vc_column]<div class=\"vcex-spacing wpex-w-100 wpex-clear\" style=\"height:30px;\"><\/div>[vc_column_text color=&#8221;#222222&#8243; font_size=&#8221;d:20|pl:18&#8243; font_family=&#8221;Barlow&#8221;]Esta pol\u00edtica aplica-se a Icy Lemonade como ou grupo Eddbee AB em todos os s\u00edtios Web. A pol\u00edtica de dados pessoais aplica-se quando Icy Lemonade fornece servi\u00e7os e produtos relacionados com compras, quest\u00f5es de servi\u00e7o ao cliente, outros contactos com Icy Lemonade e visitas ao site.<\/p>\n<p><strong>Os seus dados pessoais s\u00e3o importantes para n\u00f3s<\/strong><\/p>\n<p>Icy Lemonade recolhe e processa dados pessoais sobre si quando visita ou faz uma compra num dos nossos websites ou, em alternativa, contacta Icy Lemonade atrav\u00e9s de email ou redes sociais. Icy Lemonade protege a sua privacidade e est\u00e1 empenhada em garantir um elevado n\u00edvel de prote\u00e7\u00e3o de dados. Esta pol\u00edtica de privacidade explica porqu\u00ea e como recolhemos e utilizamos as suas informa\u00e7\u00f5es pessoais. Descreve igualmente os seus direitos e a forma de os fazer valer. \u00c9 importante para n\u00f3s que os dados pessoais que o cliente e leitor nos confia sejam tratados de forma cuidadosa, respons\u00e1vel, transparente e legal.<\/p>\n<p><strong>Quem \u00e9 respons\u00e1vel pelos dados que recolhemos?<\/strong><\/p>\n<p>Icy Lemonade \u00e9 o controlador de dados para o processamento de Icy Lemonade dos seus dados pessoais e \u00e9 respons\u00e1vel por garantir que esse processamento ocorre de acordo com a legisla\u00e7\u00e3o aplic\u00e1vel.<\/p>\n<p><strong>O que s\u00e3o informa\u00e7\u00f5es pessoais?<\/strong><\/p>\n<p>Os dados pessoais s\u00e3o qualquer informa\u00e7\u00e3o que possa ser direta ou indiretamente atribu\u00edda a uma pessoa singular viva. Exemplos de dados pessoais s\u00e3o o nome, o endere\u00e7o eletr\u00f3nico, o n\u00famero de telefone e o n\u00famero de identifica\u00e7\u00e3o pessoal. As imagens e os registos \u00e1udio s\u00e3o tamb\u00e9m informa\u00e7\u00f5es pessoais, mesmo que n\u00e3o sejam mencionados nomes. Os dados encriptados e os diferentes tipos de identidades electr\u00f3nicas (por exemplo, n\u00fameros IP) s\u00e3o dados pessoais se puderem ser associados a pessoas singulares.<\/p>\n<p><strong>Qual \u00e9 a origem dos seus dados pessoais?<\/strong><\/p>\n<p>A principal fonte de informa\u00e7\u00f5es pessoais sobre o utilizador \u00e9 o pr\u00f3prio, como as informa\u00e7\u00f5es que fornece ao subscrever, ao contactar-nos por correio eletr\u00f3nico e ao receber\/responder a uma mensagem de correio eletr\u00f3nico. Os dados pessoais tamb\u00e9m s\u00e3o criados como resultado da leitura de informa\u00e7\u00f5es no nosso s\u00edtio Web, da utiliza\u00e7\u00e3o de servi\u00e7os e da comunica\u00e7\u00e3o connosco. Por exemplo, podemos guardar visitantes, dados de tr\u00e1fego e outros dados de comunica\u00e7\u00e3o. Exemplos de tais dados pessoais s\u00e3o o seu endere\u00e7o IP. Estas informa\u00e7\u00f5es s\u00e3o recolhidas atrav\u00e9s dos chamados &#8220;cookies&#8221; e s\u00e3o utilizadas para conhecer o utilizador, de modo a podermos enviar-lhe informa\u00e7\u00f5es relevantes. Para tal, necessitamos do seu consentimento. Para tal, o utilizador aceita os cookies quando visita o nosso s\u00edtio Web.<\/p>\n<p><strong>Exemplos de dados pessoais que recolhemos sobre o utilizador se precisarmos deles<\/strong><\/p>\n<p>Nome pr\u00f3prio e apelido. Data de nascimento, sexo, nacionalidade, profiss\u00e3o\/emprego\/educa\u00e7\u00e3o, local de nascimento. N\u00famero de seguran\u00e7a social (apenas quando se compra um passe anual). Verifica\u00e7\u00e3o do endere\u00e7o no SPAR. Dados de contacto (endere\u00e7o, correio eletr\u00f3nico e n\u00famero de telefone). Informa\u00e7\u00f5es sobre a compra (por exemplo, que produto\/assinatura foi encomendado). Ev. notas que optar por deixar. Correspond\u00eancia relativa a queixas.<\/p>\n<p><strong>Caso hist\u00f3rico de compras na Icy Lemonade. Biscoitos<\/strong><\/p>\n<p>Num cookie \u00e9 poss\u00edvel ver\/rastrear o comportamento de navega\u00e7\u00e3o de um utilizador. Os cookies s\u00e3o utilizados para lhe dar, enquanto visitante, acesso a v\u00e1rias fun\u00e7\u00f5es e para personalizar o conte\u00fado do boletim informativo. Utilizamos cookies para personalizar o conte\u00fado da nossa publicidade. Tamb\u00e9m utilizamos cookies no nosso s\u00edtio Web para podermos manter estat\u00edsticas sobre a utiliza\u00e7\u00e3o da Web. Um cookie \u00e9 um ficheiro de texto armazenado no seu dispositivo para que o s\u00edtio Web possa reconhecer o seu dispositivo. Este cookie n\u00e3o cont\u00e9m qualquer informa\u00e7\u00e3o pessoal. Existem dois tipos de cookies, permanentes e tempor\u00e1rios (os chamados cookies de sess\u00e3o). Os cookies permanentes s\u00e3o armazenados como um ficheiro no seu dispositivo durante um per\u00edodo de tempo mais longo, enquanto os cookies de sess\u00e3o s\u00e3o colocados temporariamente no seu dispositivo e s\u00f3 s\u00e3o utilizados durante o tempo em que est\u00e1 a navegar no s\u00edtio. Em seguida, ser\u00e1 eliminado. Se quiser saber quando o seu dispositivo recebe um cookie, pode configurar o seu browser para o notificar. Isto permite-lhe aceitar ou rejeitar um cookie. O seu dispositivo tamb\u00e9m pode ser configurado para rejeitar todos os cookies. Se optar por n\u00e3o aceitar cookies, tenha em aten\u00e7\u00e3o que algumas funcionalidades dos nossos servi\u00e7os online deixar\u00e3o de funcionar como pretendido.<\/p>\n<p><strong>Especificamente sobre o consentimento para a comercializa\u00e7\u00e3o direta<\/strong><\/p>\n<p>Desde que nos tenha dado o seu consentimento expl\u00edcito, enviaremos e publicaremos regularmente informa\u00e7\u00f5es e marketing com base no seu perfil atrav\u00e9s de v\u00e1rios canais de comunica\u00e7\u00e3o digital. O utilizador pode optar por deixar de receber as nossas comunica\u00e7\u00f5es de marketing em qualquer altura, clicando em cancelar a subscri\u00e7\u00e3o na comunica\u00e7\u00e3o por correio eletr\u00f3nico ou SMS que lhe enviamos. Tamb\u00e9m \u00e9 poss\u00edvel contactar a Icy Lemonade atrav\u00e9s de info@icylemonade.com para obter assist\u00eancia na rejei\u00e7\u00e3o das nossas comunica\u00e7\u00f5es.<\/p>\n<p><strong>Durante quanto tempo conservamos as suas informa\u00e7\u00f5es?<\/strong><\/p>\n<p>Os seus dados pessoais s\u00e3o conservados apenas enquanto for necess\u00e1rio mant\u00ea-los para cumprir os objectivos para os quais foram recolhidos. Icy Lemonade pode reter os dados por mais tempo, se necess\u00e1rio, para cumprir os requisitos legais ou para proteger os interesses legais de Icy Lemonade, por exemplo se estiver a decorrer um processo judicial.<\/p>\n<p><strong>Com quem podemos partilhar os seus dados pessoais?<\/strong><\/p>\n<p>Os seus dados pessoais podem ser partilhados com outras empresas. Estes s\u00e3o os dados pessoais dos clientes da Eddbee group AB e da nossa contribui\u00e7\u00e3o.[\/vc_column_text][\/vc_column][\/vc_row]\n","protected":false},"excerpt":{"rendered":"<p>[vc_row full_width=&#8221;stretch_row&#8221; content_placement=&#8221;bottom&#8221; wpex_bg_overlay=&#8221;dark&#8221; remove_bottom_col_margin=&#8221;true&#8221; min_height=&#8221;600&#8243; css=&#8221;.vc_custom_1709640379397{background: #5398ce url(https:\/\/icylemonade.com\/wp-content\/uploads\/2023\/02\/IL_IM_EU_00005.jpg?id=306) !important;background-position: center !important;background-repeat: no-repeat !important;background-size: cover !important;}&#8221; wpex_bg_overlay_opacity=&#8221;0.5&#8243;][vc_column][\/vc_column][\/vc_row][vc_row full_width=&#8221;stretch_row&#8221; column_spacing=&#8221;50&#8243; remove_bottom_col_margin=&#8221;true&#8221; css=&#8221;.vc_custom_1694181523405{margin-top: 60px !important;margin-bottom: 60px !important;border-bottom-width: 1px !important;padding-bottom: 60px !important;border-bottom-color: #dddddd !important;border-bottom-style: dashed !important;}&#8221;][vc_column][vc_column_text color=&#8221;#222222&#8243; font_size=&#8221;d:20|pl:18&#8243; font_family=&#8221;Barlow&#8221;]Esta pol\u00edtica aplica-se a Icy Lemonade como ou grupo Eddbee AB em todos os s\u00edtios Web. A pol\u00edtica de dados&hellip;<\/p>\n","protected":false},"author":1,"featured_media":0,"parent":0,"menu_order":0,"comment_status":"closed","ping_status":"closed","template":"","meta":{"footnotes":""},"class_list":["post-2593","page","type-page","status-publish","hentry","entry","no-media"],"_links":{"self":[{"href":"https:\/\/icylemonade.com\/pt-pt\/wp-json\/wp\/v2\/pages\/2593","targetHints":{"allow":["GET"]}}],"collection":[{"href":"https:\/\/icylemonade.com\/pt-pt\/wp-json\/wp\/v2\/pages"}],"about":[{"href":"https:\/\/icylemonade.com\/pt-pt\/wp-json\/wp\/v2\/types\/page"}],"author":[{"embeddable":true,"href":"https:\/\/icylemonade.com\/pt-pt\/wp-json\/wp\/v2\/users\/1"}],"replies":[{"embeddable":true,"href":"https:\/\/icylemonade.com\/pt-pt\/wp-json\/wp\/v2\/comments?post=2593"}],"version-history":[{"count":2,"href":"https:\/\/icylemonade.com\/pt-pt\/wp-json\/wp\/v2\/pages\/2593\/revisions"}],"predecessor-version":[{"id":6084,"href":"https:\/\/icylemonade.com\/pt-pt\/wp-json\/wp\/v2\/pages\/2593\/revisions\/6084"}],"wp:attachment":[{"href":"https:\/\/icylemonade.com\/pt-pt\/wp-json\/wp\/v2\/media?parent=2593"}],"curies":[{"name":"wp","href":"https:\/\/api.w.org\/{rel}","templated":true}]}}