{"id":3102,"date":"2023-09-08T17:13:24","date_gmt":"2023-09-08T15:13:24","guid":{"rendered":"https:\/\/icylemonade.com\/biscoitos\/"},"modified":"2024-02-29T16:59:00","modified_gmt":"2024-02-29T15:59:00","slug":"biscoitos","status":"publish","type":"page","link":"https:\/\/icylemonade.com\/pt-pt\/biscoitos\/","title":{"rendered":"Biscoitos"},"content":{"rendered":"[vc_row full_width=&#8221;stretch_row&#8221; content_placement=&#8221;middle&#8221; column_spacing=&#8221;20&#8243; video_bg=&#8221;self_hosted&#8221; wpex_bg_overlay=&#8221;dark&#8221; video_bg_center=&#8221;true&#8221; remove_bottom_col_margin=&#8221;true&#8221; css=&#8221;.vc_custom_1685100743685{padding-top: 130px !important;padding-bottom: 50px !important;background-position: center !important;background-repeat: no-repeat !important;background-size: cover !important;}&#8221; local_scroll_id=&#8221;home&#8221; wpex_bg_overlay_color=&#8221;#0a0a0a&#8221; wpex_bg_overlay_opacity=&#8221;0.1&#8243; video_bg_mp4=&#8221;https:\/\/icylemonade.com\/wp-content\/uploads\/2023\/05\/icylemonade_low.mp4&#8243; min_height=&#8221;700&#8243;][vc_column css=&#8221;.vc_custom_1676565021373{padding-top: 0px !important;padding-right: 30px !important;padding-bottom: 0px !important;padding-left: 30px !important;background-position: center !important;background-repeat: no-repeat !important;background-size: cover !important;}&#8221;]<style>.vcex_69e4b1f589e37{font-size:100px!important;}@media (max-width:767px){.vcex_69e4b1f589e37{font-size:60px!important;}}<\/style><div class=\"vcex-heading vcex-module wpex-text-2xl wpex-font-normal wpex-m-auto wpex-max-w-100 vcex-heading-plain wpex-block wpex-text-center vc_custom_1686575978283 vcex_69e4b1f589e37\" style=\"color:#ffffff;font-family:Barlow;font-weight:700;line-height:1;\"><span class=\"vcex-heading-inner wpex-inline-block wpex-clr\">ENCONTRE O SEU<\/span><\/div><style>.vcex_69e4b1f58c3e0{font-size:43px!important;}@media (max-width:767px){.vcex_69e4b1f58c3e0{font-size:26px!important;}}<\/style><div class=\"vcex-heading vcex-module wpex-text-2xl wpex-font-normal wpex-m-auto wpex-max-w-100 vcex-heading-plain wpex-block wpex-text-center vc_custom_1686576180075 vcex_69e4b1f58c3e0\" style=\"color:#ffffff;font-family:Barlow;font-weight:700;line-height:1;\"><span class=\"vcex-heading-inner wpex-inline-block wpex-clr\">COMBINA\u00c7\u00c3O PERFEITA<\/span><\/div><style>.vcex_69e4b1f58c8bc{font-size:34px!important;}@media (max-width:479px){.vcex_69e4b1f58c8bc{font-size:21px!important;}}<\/style><div class=\"vcex-heading vcex-module wpex-text-2xl wpex-font-normal wpex-m-auto wpex-max-w-100 vcex-heading-plain wpex-block wpex-text-center vc_custom_1693297477194 vcex_69e4b1f58c8bc\" style=\"color:#ffffff;font-family:Barlow Condensed;text-transform:uppercase;line-height:1;\"><span class=\"vcex-heading-inner wpex-inline-block wpex-clr\">100% GRATUITO COM A VERS\u00c3O DE PUBLICIDADE<br \/>*** TODAS AS CARACTER\u00cdSTICAS INCLU\u00cdDAS ***<\/span><\/div><div class=\"vcex-spacing wpex-w-100 wpex-clear\"><\/div>[vc_row_inner][vc_column_inner width=&#8221;1\/4&#8243;][\/vc_column_inner][vc_column_inner width=&#8221;1\/4&#8243;][vc_single_image image=&#8221;517&#8243; img_size=&#8221;&#8221; alignment=&#8221;center&#8221; onclick=&#8221;custom_link&#8221; img_link_target=&#8221;_blank&#8221; link=&#8221;https:\/\/apps.apple.com\/us\/app\/icy-lemonade\/id6444046785&#8243; img_hover=&#8221;opacity-invert&#8221;]<div class=\"vcex-spacing wpex-w-100 wpex-clear show-at-mm-breakpoint\" style=\"height:20px;\"><\/div>[\/vc_column_inner][vc_column_inner width=&#8221;1\/4&#8243;][vc_single_image image=&#8221;519&#8243; img_size=&#8221;&#8221; alignment=&#8221;center&#8221; onclick=&#8221;custom_link&#8221; link=&#8221;https:\/\/play.google.com\/store\/apps\/details?id=com.icylemonade.app&#8221; img_hover=&#8221;opacity-invert&#8221;][\/vc_column_inner][vc_column_inner width=&#8221;1\/4&#8243;][\/vc_column_inner][\/vc_row_inner]<div class=\"vcex-spacing wpex-w-100 wpex-clear show-at-mm-breakpoint\"><\/div>[\/vc_column][\/vc_row][vc_row full_width=&#8221;stretch_row&#8221; content_placement=&#8221;middle&#8221; column_spacing=&#8221;0px&#8221; full_height=&#8221;yes&#8221; remove_bottom_col_margin=&#8221;true&#8221; css=&#8221;.vc_custom_1693297527400{padding-top: 40px !important;padding-bottom: 40px !important;background-color: #e8f6ff !important;background-position: center !important;background-repeat: no-repeat !important;background-size: cover !important;}&#8221; local_scroll_id=&#8221;1&#8243;][vc_column css=&#8221;.vc_custom_1676565000694{padding-top: 0px !important;padding-right: 30px !important;padding-bottom: 0px !important;padding-left: 30px !important;background-position: center !important;background-repeat: no-repeat !important;background-size: cover !important;}&#8221;]<style>.vcex_69e4b1f58d533{font-size:30px!important;}@media (max-width:767px){.vcex_69e4b1f58d533{font-size:18px!important;}}<\/style><div class=\"vcex-heading vcex-module wpex-text-2xl wpex-font-normal wpex-m-auto wpex-max-w-100 vcex-heading-plain wpex-block wpex-text-center vc_custom_1686903854356 vcex_69e4b1f58d533\" style=\"color:#000000;font-family:Barlow;letter-spacing:var(--wpex-tracking-widest);font-weight:600;line-height:2;\"><span class=\"vcex-heading-inner wpex-inline-block wpex-clr\">DISPON\u00cdVEL EM TODO O LADO \u2764\ufe0f<\/span><\/div><style>.vcex_69e4b1f58d81c{font-size:16px!important;}@media (max-width:767px){.vcex_69e4b1f58d81c{font-size:16px!important;}}<\/style><div class=\"vcex-heading vcex-module wpex-text-2xl wpex-font-normal wpex-m-auto wpex-max-w-100 vcex-heading-plain wpex-block wpex-text-center vc_custom_1685108187428 vcex_69e4b1f58d81c\" style=\"color:#000000;font-family:Barlow;letter-spacing:var(--wpex-tracking-widest);font-weight:400;line-height:2;\"><span class=\"vcex-heading-inner wpex-inline-block wpex-clr\">PARIS - LONDRES - NOVA IORQUE - BERLIM - ESTOCOLMO - T\u00d3QUIO - S\u00cdDNEY - BANGKOK - ROMA - OSLO - MADRID - COPENHAGA - SEUL - NAIROBI - LOS ANGELES - SINGAPURA - HONG KONG - BOMBAY - PEQUIM - ATENAS - VIENA - AMESTERD\u00c3O - PRAGA - KIEV - ZURIQUE - LISBOA - MOSCOVO - MUNIQUE - M\u00d3NACO - ISTAMBUL - GENEBRA - TELAVIVE - NIC\u00d3SIA - CAIRO - CIDADE DO CABO - BUENOS AIRES - MIAMI - BOGOT\u00c1 - PORTO RICO - CIDADE DO M\u00c9XICO - LAS VEGAS - RIO DE JANEIRO - S\u00c3O FRANCISCO - ATLANTA - DALLAS - CHICAGO<\/span><\/div>[vc_row_inner content_placement=&#8221;middle&#8221; css=&#8221;.vc_custom_1684316732536{margin-top: 50px !important;}&#8221;][vc_column_inner width=&#8221;1\/3&#8243;]<div class=\"vcex-spacing wpex-w-100 wpex-clear\"><\/div>[\/vc_column_inner][vc_column_inner width=&#8221;1\/3&#8243;]<div class=\"vcex-spacing wpex-w-100 wpex-clear\"><\/div>[\/vc_column_inner][vc_column_inner width=&#8221;1\/3&#8243;]<div class=\"vcex-spacing wpex-w-100 wpex-clear\"><\/div>[\/vc_column_inner][\/vc_row_inner][vc_row_inner css=&#8221;.vc_custom_1684330343496{margin-bottom: 0px !important;}&#8221;][vc_column_inner width=&#8221;1\/3&#8243;][\/vc_column_inner][vc_column_inner width=&#8221;1\/3&#8243;]<div class=\"vcex-spacing wpex-w-100 wpex-clear\"><\/div>[\/vc_column_inner][vc_column_inner width=&#8221;1\/3&#8243;][\/vc_column_inner][\/vc_row_inner][\/vc_column][\/vc_row][vc_row full_width=&#8221;stretch_row&#8221; content_placement=&#8221;middle&#8221; column_spacing=&#8221;0px&#8221; full_height=&#8221;yes&#8221; remove_bottom_col_margin=&#8221;true&#8221; css=&#8221;.vc_custom_1686903414297{padding-top: 40px !important;padding-bottom: 40px !important;background-color: #5398ce !important;background-position: center !important;background-repeat: no-repeat !important;background-size: cover !important;}&#8221; local_scroll_id=&#8221;1&#8243;][vc_column css=&#8221;.vc_custom_1676565000694{padding-top: 0px !important;padding-right: 30px !important;padding-bottom: 0px !important;padding-left: 30px !important;background-position: center !important;background-repeat: no-repeat !important;background-size: cover !important;}&#8221;]<div class=\"vcex-spacing wpex-w-100 wpex-clear\" style=\"height:100px;\"><\/div>[vc_row_inner css=&#8221;.vc_custom_1684330322871{margin-top: 0px !important;}&#8221;][vc_column_inner width=&#8221;1\/3&#8243;]<div class=\"vcex-module vcex-icon-box vcex-icon-box-three wpex-relative wpex-text-center vc_custom_1686902725089\"><div class=\"vcex-icon-box-symbol wpex-mb-20\"><div class=\"vcex-icon-box-icon wpex-inline-flex wpex-items-center wpex-justify-center wpex-child-inherit-color wpex-text-center wpex-leading-none wpex-text-1 wpex-p-15\" style=\"color:var(--wpex-palette-54-color);font-size:var(--vcex-icon-normal);border-radius:var(--wpex-radius-blob-5);background:#ededed;\"><span class=\"ticon ticon-tag\" aria-hidden=\"true\"><\/span><\/div><\/div><div class=\"vcex-icon-box-text\"><h2 class=\"vcex-icon-box-heading wpex-heading wpex-text-md wpex-mb-10\" style=\"font-family:Barlow Condensed;font-weight:400;color:#ffffff;font-size:24px;\">100% GRATUITO COM TODAS AS FUNCIONALIDADES<\/h2><div class=\"vcex-icon-box-content wpex-last-mb-0 wpex-clr\" style=\"font-family:Barlow Condensed;color:#ffffff;font-size:20px;\"><p>A aplica\u00e7\u00e3o \u00e9 100% gratuita para utiliza\u00e7\u00e3o na vers\u00e3o de an\u00fancio. Na vers\u00e3o paga, existe uma op\u00e7\u00e3o para excluir os an\u00fancios.<span> <\/span><\/p>\n<\/div><\/div><\/div><div class=\"vcex-spacing wpex-w-100 wpex-clear\" style=\"height:80px;\"><\/div><div class=\"vcex-module vcex-icon-box vcex-icon-box-three wpex-relative wpex-text-center vc_custom_1686902777303\"><div class=\"vcex-icon-box-symbol wpex-mb-20\"><div class=\"vcex-icon-box-icon wpex-inline-flex wpex-items-center wpex-justify-center wpex-child-inherit-color wpex-text-center wpex-leading-none wpex-text-1 wpex-p-15\" style=\"color:#dd3333;font-size:var(--vcex-icon-normal);border-radius:var(--wpex-radius-blob-5);background:#ededed;\"><span class=\"ticon ticon-heart\" aria-hidden=\"true\"><\/span><\/div><\/div><div class=\"vcex-icon-box-text\"><h2 class=\"vcex-icon-box-heading wpex-heading wpex-text-md wpex-mb-10\" style=\"font-family:Barlow Condensed;font-weight:400;color:#ffffff;font-size:24px;\">ENVIAR MEGAFLORES<\/h2><div class=\"vcex-icon-box-content wpex-last-mb-0 wpex-clr\" style=\"font-family:Barlow Condensed;color:#ffffff;font-size:20px;\"><p>Contacte qualquer pessoa instantaneamente enviando um Mega Flirt, 100% gratuito com v\u00eddeo de recompensa.<\/p>\n<\/div><\/div><\/div><div class=\"vcex-spacing wpex-w-100 wpex-clear\" style=\"height:80px;\"><\/div><div class=\"vcex-module vcex-icon-box vcex-icon-box-three wpex-relative wpex-text-center vc_custom_1686902817395\"><div class=\"vcex-icon-box-symbol wpex-mb-20\"><div class=\"vcex-icon-box-icon wpex-inline-flex wpex-items-center wpex-justify-center wpex-child-inherit-color wpex-text-center wpex-leading-none wpex-text-1 wpex-p-15\" style=\"color:var(--wpex-palette-53-color);font-size:var(--vcex-icon-normal);border-radius:var(--wpex-radius-blob-5);background:#ededed;\"><span class=\"ticon ticon-globe\" aria-hidden=\"true\"><\/span><\/div><\/div><div class=\"vcex-icon-box-text\"><h2 class=\"vcex-icon-box-heading wpex-heading wpex-text-md wpex-mb-10\" style=\"font-family:Barlow Condensed;font-weight:400;color:#ffffff;font-size:24px;\">MAIS DE 30 IDIOMAS<\/h2><div class=\"vcex-icon-box-content wpex-last-mb-0 wpex-clr\" style=\"font-family:Barlow Condensed;color:#ffffff;font-size:20px;\"><p>Com mais de trinta l\u00ednguas dispon\u00edveis, a aplica\u00e7\u00e3o \u00e9 personalizada para utilizadores globais de todo o mundo.<span> <\/span><\/p>\n<\/div><\/div><\/div><div class=\"vcex-spacing wpex-w-100 wpex-clear\" style=\"height:80px;\"><\/div>[\/vc_column_inner][vc_column_inner width=&#8221;1\/3&#8243;]<div class=\"vcex-module vcex-icon-box vcex-icon-box-three wpex-relative wpex-text-center vc_custom_1686902741322\"><div class=\"vcex-icon-box-symbol wpex-mb-20\"><div class=\"vcex-icon-box-icon wpex-inline-flex wpex-items-center wpex-justify-center wpex-child-inherit-color wpex-text-center wpex-leading-none wpex-text-1 wpex-p-15\" style=\"color:var(--wpex-palette-51-color);font-size:var(--vcex-icon-normal);border-radius:var(--wpex-radius-blob-5);background:#ededed;\"><span class=\"ticon ticon-hand-pointer-o\" aria-hidden=\"true\"><\/span><\/div><\/div><div class=\"vcex-icon-box-text\"><h2 class=\"vcex-icon-box-heading wpex-heading wpex-text-md wpex-mb-10\" style=\"font-family:Barlow Condensed;font-weight:400;color:#ffffff;font-size:24px;\">DESLIZAR E NAVEGAR, TEMOS AMBOS<\/h2><div class=\"vcex-icon-box-content wpex-last-mb-0 wpex-clr\" style=\"font-family:Barlow Condensed;color:#ffffff;font-size:20px;\"><p>Duas vers\u00f5es para encontrar o seu par. Vers\u00e3o normal de navega\u00e7\u00e3o e de passagem, ambas com filtros, 100% gratuita.<span> <\/span><\/p>\n<\/div><\/div><\/div><div class=\"vcex-spacing wpex-w-100 wpex-clear\" style=\"height:80px;\"><\/div><div class=\"vcex-module vcex-icon-box vcex-icon-box-three wpex-relative wpex-text-center vc_custom_1686902793458\"><div class=\"vcex-icon-box-symbol wpex-mb-20\"><div class=\"vcex-icon-box-icon wpex-inline-flex wpex-items-center wpex-justify-center wpex-child-inherit-color wpex-text-center wpex-leading-none wpex-text-1 wpex-p-15\" style=\"color:var(--wpex-palette-52-color);font-size:var(--vcex-icon-normal);border-radius:var(--wpex-radius-blob-5);background:#ededed;\"><span class=\"ticon ticon-ban\" aria-hidden=\"true\"><\/span><\/div><\/div><div class=\"vcex-icon-box-text\"><h2 class=\"vcex-icon-box-heading wpex-heading wpex-text-md wpex-mb-10\" style=\"font-family:Barlow Condensed;font-weight:400;color:#ffffff;font-size:24px;\">BLOQUEIO E RELAT\u00d3RIO<\/h2><div class=\"vcex-icon-box-content wpex-last-mb-0 wpex-clr\" style=\"font-family:Barlow Condensed;color:#ffffff;font-size:20px;\"><p>Pode bloquear um utilizador ou denunciar anonimamente um comportamento inadequado em qualquer altura.<\/p>\n<\/div><\/div><\/div><div class=\"vcex-spacing wpex-w-100 wpex-clear\" style=\"height:80px;\"><\/div><div class=\"vcex-module vcex-icon-box vcex-icon-box-three wpex-relative wpex-text-center vc_custom_1686902829931\"><div class=\"vcex-icon-box-symbol wpex-mb-20\"><div class=\"vcex-icon-box-icon wpex-inline-flex wpex-items-center wpex-justify-center wpex-child-inherit-color wpex-text-center wpex-leading-none wpex-text-1 wpex-p-15\" style=\"color:var(--wpex-palette-55-color);font-size:var(--vcex-icon-normal);border-radius:var(--wpex-radius-blob-5);background:#ededed;\"><span class=\"ticon ticon-search\" aria-hidden=\"true\"><\/span><\/div><\/div><div class=\"vcex-icon-box-text\"><h2 class=\"vcex-icon-box-heading wpex-heading wpex-text-md wpex-mb-10\" style=\"font-family:Barlow Condensed;font-weight:400;color:#ffffff;font-size:24px;\">PESQUISAR EVENTOS MUNDIAIS<\/h2><div class=\"vcex-icon-box-content wpex-last-mb-0 wpex-clr\" style=\"font-family:Barlow Condensed;color:#ffffff;font-size:20px;\"><p>Ligar-se a eventos globais e locais. Pesquise festivais de m\u00fasica, teatro, eventos desportivos e muito mais.<\/p>\n<\/div><\/div><\/div><div class=\"vcex-spacing wpex-w-100 wpex-clear\" style=\"height:80px;\"><\/div>[\/vc_column_inner][vc_column_inner width=&#8221;1\/3&#8243;]<div class=\"vcex-module vcex-icon-box vcex-icon-box-three wpex-relative wpex-text-center vc_custom_1686902760789\"><div class=\"vcex-icon-box-symbol wpex-mb-20\"><div class=\"vcex-icon-box-icon wpex-inline-flex wpex-items-center wpex-justify-center wpex-child-inherit-color wpex-text-center wpex-leading-none wpex-text-1 wpex-p-15\" style=\"color:#000000;font-size:var(--vcex-icon-normal);border-radius:var(--wpex-radius-blob-5);background:#ededed;\"><span class=\"ticon ticon-user-secret\" aria-hidden=\"true\"><\/span><\/div><\/div><div class=\"vcex-icon-box-text\"><h2 class=\"vcex-icon-box-heading wpex-heading wpex-text-md wpex-mb-10\" style=\"font-family:Barlow Condensed;font-weight:400;color:#ffffff;font-size:24px;\">LOCALIZA\u00c7\u00c3O AN\u00d3NIMA<\/h2><div class=\"vcex-icon-box-content wpex-last-mb-0 wpex-clr\" style=\"font-family:Barlow Condensed;color:#ffffff;font-size:20px;\"><p>Active o modo an\u00f3nimo e navegue de forma invis\u00edvel para os outros utilizadores durante a sua estadia na aplica\u00e7\u00e3o, 100% gratuita.<\/p>\n<\/div><\/div><\/div><div class=\"vcex-spacing wpex-w-100 wpex-clear\" style=\"height:80px;\"><\/div><div class=\"vcex-module vcex-icon-box vcex-icon-box-three wpex-relative wpex-text-center vc_custom_1686902805242\"><div class=\"vcex-icon-box-symbol wpex-mb-20\"><div class=\"vcex-icon-box-icon wpex-inline-flex wpex-items-center wpex-justify-center wpex-child-inherit-color wpex-text-center wpex-leading-none wpex-text-1 wpex-p-15\" style=\"color:var(--wpex-palette-56-color);font-size:var(--vcex-icon-normal);border-radius:var(--wpex-radius-blob-5);background:#ededed;\"><span class=\"ticon ticon-thumb-tack\" aria-hidden=\"true\"><\/span><\/div><\/div><div class=\"vcex-icon-box-text\"><h2 class=\"vcex-icon-box-heading wpex-heading wpex-text-md wpex-mb-10\" style=\"font-family:Barlow Condensed;font-weight:400;color:#ffffff;font-size:24px;\">ALTERAR A SUA LOCALIZA\u00c7\u00c3O<\/h2><div class=\"vcex-icon-box-content wpex-last-mb-0 wpex-clr\" style=\"font-family:Barlow Condensed;color:#ffffff;font-size:20px;\"><p>Altere a sua localiza\u00e7\u00e3o na aplica\u00e7\u00e3o para uma cidade local ou para outra localiza\u00e7\u00e3o no mundo, 100% gr\u00e1tis.<span> <\/span><\/p>\n<\/div><\/div><\/div><div class=\"vcex-spacing wpex-w-100 wpex-clear\" style=\"height:80px;\"><\/div><div class=\"vcex-module vcex-icon-box vcex-icon-box-three wpex-relative wpex-text-center vc_custom_1686902843719\"><div class=\"vcex-icon-box-symbol wpex-mb-20\"><div class=\"vcex-icon-box-icon wpex-inline-flex wpex-items-center wpex-justify-center wpex-child-inherit-color wpex-text-center wpex-leading-none wpex-text-1 wpex-p-15\" style=\"color:#81d742;font-size:var(--vcex-icon-normal);border-radius:var(--wpex-radius-blob-5);background:#ededed;\"><span class=\"ticon ticon-smile-o\" aria-hidden=\"true\"><\/span><\/div><\/div><div class=\"vcex-icon-box-text\"><h2 class=\"vcex-icon-box-heading wpex-heading wpex-text-md wpex-mb-10\" style=\"font-family:Barlow Condensed;font-weight:400;color:#ffffff;font-size:24px;\">DETECTOR DE MENTIRAS E FACTOS DIVERTIDOS<\/h2><div class=\"vcex-icon-box-content wpex-last-mb-0 wpex-clr\" style=\"font-family:Barlow Condensed;color:#ffffff;font-size:20px;\"><p>Crie o seu detetor de mentiras para os visitantes adivinharem quando visitam o seu perfil. Adicione factos divertidos sobre si e, claro, tudo \u00e9 100% gratuito.<span> <\/span><\/p>\n<\/div><\/div><\/div>[\/vc_column_inner][\/vc_row_inner]<div class=\"vcex-spacing wpex-w-100 wpex-clear\" style=\"height:80px;\"><\/div>[\/vc_column][\/vc_row][vc_row full_width=&#8221;stretch_row&#8221; content_placement=&#8221;middle&#8221; column_spacing=&#8221;0px&#8221; full_height=&#8221;yes&#8221; remove_bottom_col_margin=&#8221;true&#8221; css=&#8221;.vc_custom_1693297543855{padding-bottom: 40px !important;background-color: #e8f6ff !important;background-position: center !important;background-repeat: no-repeat !important;background-size: cover !important;}&#8221; local_scroll_id=&#8221;1&#8243;][vc_column css=&#8221;.vc_custom_1676565000694{padding-top: 0px !important;padding-right: 30px !important;padding-bottom: 0px !important;padding-left: 30px !important;background-position: center !important;background-repeat: no-repeat !important;background-size: cover !important;}&#8221;]<div class=\"vcex-spacing wpex-w-100 wpex-clear\" style=\"height:20px;\"><\/div><div class=\"vcex-heading vcex-module wpex-text-2xl wpex-font-normal wpex-m-auto wpex-max-w-100 vcex-heading-plain wpex-block wpex-text-center\" style=\"font-family:Barlow Condensed;font-size:40px;line-height:1.5;\"><span class=\"vcex-heading-inner wpex-inline-block wpex-clr\">Conhe\u00e7a solteiros \u2764\ufe0f na sua cidade ou em todo o mundo, gratuitamente!<\/span><\/div><div class=\"vcex-spacing wpex-w-100 wpex-clear\" style=\"height:50px;\"><\/div>[vc_column_text font_family=&#8221;Barlow&#8221; font_size=&#8221;20&#8243; css=&#8221;.vc_custom_1686902984163{padding-bottom: 20px !important;}&#8221;]<span data-contrast=\"none\"><strong><br \/>\n  <span style=\"color: #5398ce;\">Gelado<\/span><br \/>\n<\/strong> <strong><br \/>\n  <span style=\"color: #e8ac35;\">Limonada<\/span><br \/>\n<\/strong> pretende ser a melhor aplica\u00e7\u00e3o de encontros em que os solteiros podem confiar. Aqui encontrar\u00e1 contactos que s\u00e3o significativos e s\u00e9rios para a rela\u00e7\u00e3o que deseja, que pode come\u00e7ar com um namoro, mas que rapidamente se transforma em amor e amizade.<\/span><span data-ccp-props=\"{\"134233117\":true,\"134233118\":true,\"201341983\":0,\"335559739\":160,\"335559740\":240}\"> <\/span><\/p>\n<p><span data-contrast=\"none\"><strong><br \/>\n  <span style=\"color: #5398ce;\">Gelado<\/span><br \/>\n<\/strong> <strong><br \/>\n  <span style=\"color: #e8ac35;\">Limonada<\/span><br \/>\n<\/strong> liga as pessoas atrav\u00e9s de eventos globais e locais. Por exemplo, festivais de m\u00fasica, teatro, eventos desportivos e encontros.<\/span><span data-ccp-props=\"{\"134233117\":true,\"134233118\":true,\"201341983\":0,\"335559739\":160,\"335559740\":240}\"> <\/span><\/p>\n<p><span data-contrast=\"none\"><strong><br \/>\n  <span style=\"color: #5398ce;\">Gelado<\/span><br \/>\n<\/strong> <strong><br \/>\n  <span style=\"color: #e8ac35;\">Limonada<\/span><br \/>\n<\/strong> d\u00e1-lhe acesso a eventos globais. Onde quer que esteja e onde quer que v\u00e1, pode ver, escolher eventos e desfrutar de uma variedade de experi\u00eancias emocionantes todos os dias.<\/span><span data-ccp-props=\"{\"134233117\":true,\"134233118\":true,\"201341983\":0,\"335559739\":160,\"335559740\":240}\"> <\/span><\/p>\n<p><span data-contrast=\"none\">Bem-vindo \u00e0 aplica\u00e7\u00e3o de encontros <strong><span style=\"color: #5398ce;\">Icy<\/span><\/strong> <strong><span style=\"color: #e8ac35;\">Limonada<\/span><\/strong>, <\/span><span data-contrast=\"none\">n\u00e3o \u00e9 necess\u00e1rio dinheiro para o nosso servi\u00e7o gratuito, \u00e9 100% gratuito.<\/span><span data-ccp-props=\"{\"134233117\":true,\"201341983\":0,\"335559739\":0,\"335559740\":240}\"> <\/span>[\/vc_column_text]<div class=\"vcex-spacing wpex-w-100 wpex-clear\"><\/div>[\/vc_column][\/vc_row][vc_row full_width=&#8221;stretch_row&#8221; column_spacing=&#8221;0px&#8221; full_height=&#8221;yes&#8221; wpex_bg_overlay=&#8221;dark&#8221; remove_bottom_col_margin=&#8221;true&#8221; css=&#8221;.vc_custom_1683884139554{padding-top: 40px !important;padding-bottom: 40px !important;background: #994c94 url(https:\/\/icylemonade.com\/wp-content\/uploads\/2023\/02\/IL_IM_EU_00004.jpg?id=305) !important;background-position: center !important;background-repeat: no-repeat !important;background-size: cover !important;}&#8221; local_scroll_id=&#8221;6&#8243;][vc_column css=&#8221;.vc_custom_1676565070560{padding-top: 0px !important;padding-right: 30px !important;padding-bottom: 0px !important;padding-left: 30px !important;background-position: center !important;background-repeat: no-repeat !important;background-size: cover !important;}&#8221;]<div class=\"vcex-heading vcex-module wpex-text-2xl wpex-font-normal wpex-m-auto wpex-max-w-100 vcex-heading-plain wpex-block vc_custom_1686577790053 wpex-responsive-txt\" data-max-font-size=\"100\" data-min-font-size=\"60\" style=\"color:#ffffff;font-family:Barlow Condensed;font-size:100px;font-weight:700;text-transform:uppercase;line-height:1;\"><span class=\"vcex-heading-inner wpex-inline-block wpex-clr\">A SUA OPINI\u00c3O \u00c9 IMPORTANTE!<\/span><\/div><div class=\"vcex-heading vcex-module wpex-text-2xl wpex-font-normal wpex-m-auto wpex-max-w-100 vcex-heading-plain wpex-block wpex-responsive-txt\" data-max-font-size=\"50\" data-min-font-size=\"30\" style=\"color:#ffffff;font-family:Barlow Condensed;font-size:50px;font-weight:600;text-transform:uppercase;line-height:1;\"><span class=\"vcex-heading-inner wpex-inline-block wpex-clr\">A equipa quer saber a sua opini\u00e3o.<\/span><\/div><div class=\"vcex-spacing wpex-w-100 wpex-clear\"><\/div>[vc_column_text color=&#8221;#ffffff&#8221; font_family=&#8221;Barlow&#8221; font_size=&#8221;20&#8243; css=&#8221;.vc_custom_1692612149119{padding-bottom: 20px !important;}&#8221;]Os vossos coment\u00e1rios s\u00e3o muito \u00fateis para melhorar a nossa aplica\u00e7\u00e3o todos os dias. Muito obrigado!<\/p>\n<p><a href=\"mailto:info@icylemonade.com\"><strong>info@icylemonade.com<\/strong><\/a>[\/vc_column_text][\/vc_column][\/vc_row]\n","protected":false},"excerpt":{"rendered":"<p>[vc_row full_width=&#8221;stretch_row&#8221; content_placement=&#8221;middle&#8221; column_spacing=&#8221;20&#8243; video_bg=&#8221;self_hosted&#8221; wpex_bg_overlay=&#8221;dark&#8221; video_bg_center=&#8221;true&#8221; remove_bottom_col_margin=&#8221;true&#8221; css=&#8221;.vc_custom_1685100743685{padding-top: 130px !important;padding-bottom: 50px !important;background-position: center !important;background-repeat: no-repeat !important;background-size: cover !important;}&#8221; local_scroll_id=&#8221;home&#8221; wpex_bg_overlay_color=&#8221;#0a0a0a&#8221; wpex_bg_overlay_opacity=&#8221;0.1&#8243; video_bg_mp4=&#8221;https:\/\/icylemonade.com\/wp-content\/uploads\/2023\/05\/icylemonade_low.mp4&#8243; min_height=&#8221;700&#8243;][vc_column css=&#8221;.vc_custom_1676565021373{padding-top: 0px !important;padding-right: 30px !important;padding-bottom: 0px !important;padding-left: 30px !important;background-position: center !important;background-repeat: no-repeat !important;background-size: cover !important;}&#8221;][vc_row_inner][vc_column_inner width=&#8221;1\/4&#8243;][\/vc_column_inner][vc_column_inner width=&#8221;1\/4&#8243;][vc_single_image image=&#8221;517&#8243; img_size=&#8221;&#8221; alignment=&#8221;center&#8221; onclick=&#8221;custom_link&#8221; img_link_target=&#8221;_blank&#8221; link=&#8221;https:\/\/apps.apple.com\/us\/app\/icy-lemonade\/id6444046785&#8243; img_hover=&#8221;opacity-invert&#8221;][\/vc_column_inner][vc_column_inner width=&#8221;1\/4&#8243;][vc_single_image image=&#8221;519&#8243; img_size=&#8221;&#8221; alignment=&#8221;center&#8221; onclick=&#8221;custom_link&#8221; link=&#8221;https:\/\/play.google.com\/store\/apps\/details?id=com.icylemonade.app&#8221; img_hover=&#8221;opacity-invert&#8221;][\/vc_column_inner][vc_column_inner&hellip;<\/p>\n","protected":false},"author":1,"featured_media":0,"parent":0,"menu_order":0,"comment_status":"closed","ping_status":"closed","template":"","meta":{"footnotes":""},"class_list":["post-3102","page","type-page","status-publish","hentry","entry","no-media"],"_links":{"self":[{"href":"https:\/\/icylemonade.com\/pt-pt\/wp-json\/wp\/v2\/pages\/3102","targetHints":{"allow":["GET"]}}],"collection":[{"href":"https:\/\/icylemonade.com\/pt-pt\/wp-json\/wp\/v2\/pages"}],"about":[{"href":"https:\/\/icylemonade.com\/pt-pt\/wp-json\/wp\/v2\/types\/page"}],"author":[{"embeddable":true,"href":"https:\/\/icylemonade.com\/pt-pt\/wp-json\/wp\/v2\/users\/1"}],"replies":[{"embeddable":true,"href":"https:\/\/icylemonade.com\/pt-pt\/wp-json\/wp\/v2\/comments?post=3102"}],"version-history":[{"count":4,"href":"https:\/\/icylemonade.com\/pt-pt\/wp-json\/wp\/v2\/pages\/3102\/revisions"}],"predecessor-version":[{"id":3138,"href":"https:\/\/icylemonade.com\/pt-pt\/wp-json\/wp\/v2\/pages\/3102\/revisions\/3138"}],"wp:attachment":[{"href":"https:\/\/icylemonade.com\/pt-pt\/wp-json\/wp\/v2\/media?parent=3102"}],"curies":[{"name":"wp","href":"https:\/\/api.w.org\/{rel}","templated":true}]}}