{"id":2634,"date":"2023-09-08T17:13:13","date_gmt":"2023-09-08T15:13:13","guid":{"rendered":"https:\/\/icylemonade.com\/kosullar\/"},"modified":"2024-02-29T16:57:20","modified_gmt":"2024-02-29T15:57:20","slug":"kosullar","status":"publish","type":"page","link":"https:\/\/icylemonade.com\/tr\/kosullar\/","title":{"rendered":"Ko\u015fullar"},"content":{"rendered":"[vc_row full_width=&#8221;stretch_row&#8221; content_placement=&#8221;bottom&#8221; wpex_bg_overlay=&#8221;dark&#8221; remove_bottom_col_margin=&#8221;true&#8221; min_height=&#8221;600&#8243; css=&#8221;.vc_custom_1709201437842{background: #5398ce url(https:\/\/icylemonade.com\/wp-content\/uploads\/2023\/09\/ICY_Slide_00032.jpg?id=1511) !important;background-position: center !important;background-repeat: no-repeat !important;background-size: cover !important;}&#8221; wpex_bg_overlay_opacity=&#8221;0.5&#8243;][vc_column]<style>.vcex_69e4af407ac45{font-size:100px!important;}@media (max-width:767px){.vcex_69e4af407ac45{font-size:40px!important;}}<\/style><div class=\"vcex-heading vcex-module wpex-text-2xl wpex-font-normal wpex-m-auto wpex-max-w-100 vcex-heading-plain wpex-block vc_custom_1694192661365 vcex_69e4af407ac45\" style=\"color:#ffffff;font-family:Barlow;font-weight:900;text-transform:uppercase;\"><span class=\"vcex-heading-inner wpex-inline-block wpex-clr\">Ko\u015fullar<\/span><\/div>[\/vc_column][\/vc_row][vc_row full_width=&#8221;stretch_row&#8221; column_spacing=&#8221;50&#8243; remove_bottom_col_margin=&#8221;true&#8221; css=&#8221;.vc_custom_1694181523405{margin-top: 60px !important;margin-bottom: 60px !important;border-bottom-width: 1px !important;padding-bottom: 60px !important;border-bottom-color: #dddddd !important;border-bottom-style: dashed !important;}&#8221;][vc_column]<div class=\"vcex-spacing wpex-w-100 wpex-clear\" style=\"height:30px;\"><\/div>[vc_column_text color=&#8221;#222222&#8243; font_size=&#8221;d:20|pl:18&#8243; font_family=&#8221;Barlow&#8221;]Web sitemizden \u00fcr\u00fcn\/abonelik sipari\u015fi vererek h\u00fck\u00fcm ve ko\u015fullar\u0131 kabul etti\u011finizi vurgulamak isteriz. H\u00fck\u00fcm ve ko\u015fullar\u0131 yazd\u0131rman\u0131z\u0131 ve gelecekte ihtiya\u00e7 duyman\u0131z halinde belgeyi saklaman\u0131z\u0131 \u00f6neririz. <a href=\"http:\/\/www.icylemonade.com\/\" target=\"_new\" rel=\"noopener\">www.IcyLemonade.com<\/a> adresinden al\u0131\u015fveri\u015f yapmak i\u00e7in 17 ya\u015f\u0131nda olman\u0131z gerekmektedir (ABD). Yanl\u0131\u015f ki\u015fisel bilgi veren ki\u015filerin sipari\u015flerini iptal etme hakk\u0131m\u0131z\u0131 sakl\u0131 tutar\u0131z. Olu\u015fabilecek fiyat hatalar\u0131 i\u00e7in hakk\u0131m\u0131z sakl\u0131d\u0131r.<\/p>\n<p><strong>Genel olarak<\/strong><\/p>\n<p>IcyLemonade.com \u00e7oklu etkinlik hizmeti ve \u00e7oklu dijital arkada\u015fl\u0131k uygulamas\u0131d\u0131r ve \u0130sve\u00e7&#8217;teki EDDBEE GROUP AB&#8217;nin amiral gemisidir. Hesab\u0131n\u0131z\u0131 ba\u015flatmak i\u00e7in <a href=\"http:\/\/www.icylemonade.com\/\" target=\"_new\" rel=\"noopener\">www.IcyLemonade.com<\/a> adresini ziyaret edebilir veya uygulamay\u0131 indirip hesab\u0131n\u0131z\u0131 kaydederek bir abonelik se\u00e7ebilirsiniz. Sat\u0131n alma i\u015fleminizde kendinizi g\u00fcvende hissetmenizi sa\u011flamak i\u00e7in, sipari\u015finizle ilgili herhangi bir sorunuz varsa <a href=\"mailto:info@icylemonade.com\" target=\"_new\" rel=\"noopener\">info@icylemonade.com<\/a> e-posta adresinden destek ve m\u00fc\u015fteri hizmetlerimizle her zaman ileti\u015fime ge\u00e7ebilirsiniz. Aboneli\u011finizi ba\u015flatt\u0131ktan sonra, aboneli\u011finizle ilgili t\u00fcm ileti\u015fim e-posta yoluyla yap\u0131ld\u0131\u011f\u0131ndan, kay\u0131tl\u0131 e-posta adresinizi izlemeyi taahh\u00fct edersiniz.<\/p>\n<p><strong>Fiyatlar ve \u00f6deme<\/strong><\/p>\n<p>T\u00fcm fiyatlar ABD dolar\u0131 cinsindendir. <a href=\"mailto:info@icylemonade.com\" target=\"_new\" rel=\"noopener\">info@icylemonade.com<\/a> adresinden al\u0131\u015fveri\u015f yapt\u0131\u011f\u0131n\u0131zda, kart \u00f6demeniz g\u00fcvenli bir elektronik \u00f6deme \u00e7\u00f6z\u00fcm\u00fc olan Google veya Apple taraf\u0131ndan i\u015flenir. T\u00fcm kart bilgileri kart a\u011flar\u0131n\u0131n kurallar\u0131na uygun olarak saklan\u0131r. Gelecekteki sat\u0131n al\u0131mlar i\u00e7in kart\u0131 kaydetmeyi se\u00e7seniz bile, veritaban\u0131m\u0131zda hi\u00e7bir kredi kart\u0131 verisi saklanmaz. Google veya Apple ile saklan\u0131r. Banka hesap \u00f6zetinizde icylemonade.com veya EDDBEE GROUP AB yazabilir. Ayl\u0131k abonelikler i\u00e7in \u00f6deme ayl\u0131k olarak yap\u0131l\u0131r. \u00d6deme yap\u0131lmazsa, abonelikler \u00fccretsiz bir aboneli\u011fe aktar\u0131l\u0131r.<\/p>\n<p><strong>\u0130ade politikas\u0131<\/strong><\/p>\n<p>Bir t\u00fcketici olarak, hizmeti sipari\u015f etti\u011finiz andan itibaren Mesafeli S\u00f6zle\u015fmeler Yasas\u0131 ve tesis d\u0131\u015f\u0131 s\u00f6zle\u015fmeler kapsam\u0131nda iptal etmek i\u00e7in 14 g\u00fcn\u00fcn\u00fcz vard\u0131r. Cayma hakk\u0131, hizmeti kullanmaya ba\u015flad\u0131\u011f\u0131n\u0131zda, yani aboneli\u011finize bilgi (atlar, hizmetler, ekipman, e\u011fitim, kullan\u0131c\u0131lar) kaydetti\u011finizde sona erer. Sipari\u015finizi iptal ederseniz veya ayl\u0131k bir aboneli\u011fi iptal etmek isterseniz, l\u00fctfen ileti\u015fim formu veya sipari\u015f onay\u0131nda verilen ileti\u015fim bilgileri arac\u0131l\u0131\u011f\u0131yla bizimle ileti\u015fime ge\u00e7in. Ard\u0131ndan hesab\u0131n\u0131z\u0131 derhal kapataca\u011f\u0131z.<\/p>\n<p><strong>Onaylama<\/strong><\/p>\n<p>Sipari\u015finiz al\u0131nd\u0131ktan sonra, sipari\u015finizin ayr\u0131nt\u0131lar\u0131n\u0131 i\u00e7eren bir onay e-postas\u0131 size g\u00f6nderilecektir. Icy Lemonade ile ileti\u015fime ge\u00e7meniz durumunda elinizin alt\u0131nda olmas\u0131 i\u00e7in sipari\u015f onay\u0131n\u0131 saklay\u0131n.<\/p>\n<p><strong>Anla\u015fmazl\u0131k durumunda<\/strong><\/p>\n<p>Bir anla\u015fmazl\u0131k durumunda, Ulusal T\u00fcketici Anla\u015fmazl\u0131klar\u0131 Tavsiye Kurulu (ARN) takip edilir.<\/p>\n<p><strong>Sorumlulu\u011fun s\u0131n\u0131rland\u0131r\u0131lmas\u0131<\/strong><\/p>\n<p>Web sitesi arac\u0131l\u0131\u011f\u0131yla sunulan t\u00fcm materyaller \u00f6ncelikle genel ama\u00e7lara y\u00f6neliktir ve tavsiye veya \u00f6neri te\u015fkil etmez. Bilgiler her zaman kapsaml\u0131 veya g\u00fcncel de\u011fildir. Hatalar ve teknik eksiklikler de meydana gelebilir.<\/p>\n<p>Eddbee Group AB, hizmette di\u011fer kullan\u0131c\u0131lar taraf\u0131ndan yay\u0131nlanan bilgi ve materyallerden (kullan\u0131c\u0131 taraf\u0131ndan olu\u015fturulan materyal olarak adland\u0131r\u0131l\u0131r) sorumlu de\u011fildir. Eddbee Group&#8217;taki bilgi veya materyalde hata olmas\u0131 durumunda, bilgi veya materyalin d\u00fczeltilmesini veya kald\u0131r\u0131lmas\u0131n\u0131 istiyorsan\u0131z Eddbee Group Destek ile ileti\u015fime ge\u00e7melisiniz. Ancak, Eddbee Group AB&#8217;nin bu t\u00fcr bilgi veya materyallerin web sitesinde yay\u0131ld\u0131\u011f\u0131na dair bilgi almas\u0131 halinde, Eddbee Group AB, ba\u015fkas\u0131n\u0131n telif hakk\u0131n\u0131 a\u00e7\u0131k\u00e7a ihlal eden veya su\u00e7 te\u015fkil eden bilgi veya materyalleri her zaman kald\u0131racakt\u0131r.<\/p>\n<p>Eddbee Group, her \u00fcyenin listeledi\u011fi bilgileri Eddbee Group&#8217;taki genel profilinde ve di\u011fer Eddbee Group \u00fcyelerine g\u00f6nderdi\u011fi e-postalarda yay\u0131nlama hakk\u0131na sahiptir. Bireysel bir \u00fcye, ilgili \u00fcyenin ve Eddbee Grubunun izni olmadan di\u011fer \u00fcyeler taraf\u0131ndan g\u00f6nderilen bilgileri kopyalama hakk\u0131na sahip de\u011fildir. Ayr\u0131ca, harici web sitelerindeki belirli Eddbee Group \u00fcye profillerine ba\u011flant\u0131 verilmesine de izin verilmez.<\/p>\n<p>Eddbee Group s\u00fcrekli olarak BT g\u00fcvenli\u011fi \u00fczerinde \u00e7al\u0131\u015fmaktad\u0131r. Ancak ne yaz\u0131k ki, web sitesinin zararl\u0131 bile\u015fenler i\u00e7ermedi\u011fini garanti edemiyoruz. Bu nedenle, kendi g\u00fcvenli\u011finiz i\u00e7in ki\u015fisel bilgilerinizi mesajla\u015fma sistemleri arac\u0131l\u0131\u011f\u0131yla asla payla\u015fmaman\u0131z, \u00f6zel mesajlar arac\u0131l\u0131\u011f\u0131yla ba\u011flant\u0131lar\u0131 takip etmemeniz veya herhangi bir yaz\u0131l\u0131m indirmemeniz rica olunur. Eddbee Group, kullan\u0131m\u0131 \u00fccretsiz bir hizmet oldu\u011fumuz i\u00e7in hi\u00e7bir zaman sosyal g\u00fcvenlik numaran\u0131z\u0131 veya \u00f6deme bilgilerinizi istemez.<\/p>\n<p>Eddbee Group, hizmetlerimizin kullan\u0131m\u0131ndan do\u011frudan veya dolayl\u0131 olarak kaynaklanan herhangi bir zarardan sorumlu de\u011fildir.<\/p>\n<p><strong>Ko\u015fullar<\/strong><\/p>\n<p>\u0130\u015fbu S\u00f6zle\u015fmenin h\u00fck\u00fcm ve ko\u015fullar\u0131na tabi olarak ve yaln\u0131zca Hizmetleri kullanmak amac\u0131yla, \u015eirket i\u015fbu belge ile size s\u0131n\u0131rl\u0131, m\u00fcnhas\u0131r olmayan, geri al\u0131nabilir, alt lisans\u0131 verilemez, devredilemez bir lisans vermektedir:<\/p>\n<p>Mobil uygulamalar\u0131n herhangi birini veya tamam\u0131n\u0131 size ait olan, kontrol\u00fcn\u00fcz alt\u0131nda bulunan ve \u015firketin minimum \u00f6zelliklerini kar\u015f\u0131layan bir veya daha fazla mobil cihaza y\u00fckleyin.<br \/>\nSize ait olan, sizin kontrol\u00fcn\u00fcz alt\u0131nda olan ve \u015firketinizin minimum \u00f6zelliklerini kar\u015f\u0131layan bir veya daha fazla bilgisayara herhangi bir veya t\u00fcm masa\u00fcst\u00fc uygulamalar\u0131n\u0131 y\u00fckleyin.<br \/>\n\u015eirket taraf\u0131ndan size sa\u011flanan uygulamalar\u0131 ve ilgili t\u00fcm bilgileri g\u00f6r\u00fcnt\u00fcleyin, inceleyin ve kullan\u0131n.<br \/>\nHizmetlere Siteler veya Uygulamalar d\u0131\u015f\u0131nda herhangi bir yolla eri\u015fmemeyi veya eri\u015fmeye \u00e7al\u0131\u015fmamay\u0131 kabul edersiniz. Hizmetlere herhangi bir otomatik yolla (komut dosyalar\u0131, botlar, yetkisiz \u00fc\u00e7\u00fcnc\u00fc taraf uygulamalar\u0131, \u00f6r\u00fcmcekler veya taray\u0131c\u0131lar\u0131n kullan\u0131m\u0131 dahil ancak bunlarla s\u0131n\u0131rl\u0131 olmamak \u00fczere) eri\u015fmemeyi veya eri\u015fmeye \u00e7al\u0131\u015fmamay\u0131 \u00f6zellikle kabul edersiniz.<\/p>\n<p>Uygulamalar\u0131, Siteleri ve\/veya Hizmetleri kullan\u0131m\u0131n\u0131zla ba\u011flant\u0131l\u0131 olarak y\u00fcr\u00fcrl\u00fckteki herhangi bir yasay\u0131, d\u00fczenlemeyi, kural\u0131, y\u00f6netmeli\u011fi veya anla\u015fmay\u0131 ihlal etmeyece\u011finizi kabul edersiniz.<\/p>\n<p>Uygulamalara, Web Sitelerine ve\/veya Hizmetlere bu Ko\u015fullar taraf\u0131ndan a\u00e7\u0131k\u00e7a izin verilmeyen herhangi bir \u015fekilde ba\u011flanamaz veya bunlar\u0131 kullanamazs\u0131n\u0131z.<\/p>\n<p>\u015eirket taraf\u0131ndan size sa\u011flanan hizmetlerden veya yaz\u0131l\u0131m kopyalar\u0131ndan (yaz\u0131l\u0131m) herhangi bir m\u00fclkiyet bildirimini kald\u0131rmak.<br \/>\nUygulamalar\u0131n, Hizmetlerin veya herhangi bir yaz\u0131l\u0131m\u0131n de\u011fi\u015ftirilmesine, t\u00fcrev \u00e7al\u0131\u015fmalar olu\u015fturulmas\u0131na, terc\u00fcme edilmesine, tersine m\u00fchendislik uygulanmas\u0131na, kaynak koda d\u00f6n\u00fc\u015ft\u00fcr\u00fclmesine, s\u00f6k\u00fclmesine veya hacklenmesine neden olmak, izin vermek veya yetki vermek.<br \/>\n\u015eirketin \u00f6nceden yaz\u0131l\u0131 izni olmaks\u0131z\u0131n Uygulamalar, Hizmetler veya herhangi bir yaz\u0131l\u0131m\u0131n sat\u0131lmas\u0131, devredilmesi, kiralanmas\u0131, kiraya verilmesi, hizmet b\u00fcrosu olarak hareket edilmesi veya alt lisans dahil ancak bununla s\u0131n\u0131rl\u0131 olmamak \u00fczere haklar\u0131n ba\u015fka herhangi bir ki\u015fi veya kurulu\u015fa verilmesi.<br \/>\n\u015eirket ve\/veya Uygulamalar, Web Siteleri veya Hizmetler hakk\u0131nda herhangi bir yanl\u0131\u015f, yan\u0131lt\u0131c\u0131 veya aldat\u0131c\u0131 beyan veya beyanda bulunmak.<br \/>\nUygulamam\u0131z\u0131n veya hizmetlerimizin yasaklanm\u0131\u015f kullan\u0131m\u0131<\/p>\n<p>Uygulamam\u0131z\u0131 veya hizmetlerimizi kullanarak a\u015fa\u011f\u0131dakileri yapman\u0131z yasakt\u0131r:<\/p>\n<p>Cinsiyet, cinsel y\u00f6nelim, din, etnik k\u00f6ken, \u0131rk, ya\u015f, ulusal k\u00f6ken veya engellili\u011fe dayal\u0131 taciz, istismar, hakaret, zarar verme, karalama, iftira, a\u015fa\u011f\u0131lama, korkutma veya ayr\u0131mc\u0131l\u0131k.<br \/>\nYanl\u0131\u015f veya yan\u0131lt\u0131c\u0131 bilgi g\u00f6ndermek.<br \/>\nBa\u015fkalar\u0131n\u0131n ki\u015fisel bilgilerini toplamak veya izlemek.<br \/>\nUygulaman\u0131n i\u015fleyi\u015fini veya hizmetlerimizin \u00e7al\u0131\u015fmas\u0131n\u0131 etkileyecek herhangi bir \u015fekilde kullan\u0131lacak veya kullan\u0131labilecek vir\u00fcsleri veya di\u011fer k\u00f6t\u00fc ama\u00e7l\u0131 kodlar\u0131 y\u00fcklemek veya iletmek.<br \/>\nT\u00fcm yasad\u0131\u015f\u0131 ama\u00e7lar i\u00e7in.<br \/>\nBa\u015fkalar\u0131n\u0131 yasad\u0131\u015f\u0131 eylemlerde bulunmaya veya bu eylemlere kat\u0131lmaya davet etmek.<br \/>\nUluslararas\u0131, federal, il veya eyalet y\u00f6netmeliklerini, kurallar\u0131n\u0131, yasalar\u0131n\u0131 veya yerel y\u00f6netmelikleri ihlal etmek.<br \/>\nFikri m\u00fclkiyet haklar\u0131m\u0131z\u0131 veya ba\u015fkalar\u0131n\u0131n fikri m\u00fclkiyet haklar\u0131n\u0131 ihlal eden veya ihlal eden.<br \/>\nSpam, phishing, pharm, pretext, spider, creep veya scrape.<br \/>\nHerhangi bir m\u00fcstehcen veya ahlak d\u0131\u015f\u0131 ama\u00e7 i\u00e7in; veya hizmetlerimizin g\u00fcvenlik \u00f6zelliklerini bozmak veya atlatmak i\u00e7in.<br \/>\nUygulamalar\u0131, web sitelerini ve\/veya hizmetleri \u015fu ama\u00e7larla kullanmak:<\/p>\n<p>Yasad\u0131\u015f\u0131 veya hukuka ayk\u0131r\u0131, karalay\u0131c\u0131, zararl\u0131, k\u00fcf\u00fcrl\u00fc, nefret dolu, \u0131rk\u00e7\u0131 veya etnik a\u00e7\u0131dan sald\u0131rgan, su\u00e7 olarak kabul edilecek davran\u0131\u015flar\u0131 te\u015fvik eden bilgiler geli\u015ftirmek, olu\u015fturmak, iletmek veya saklamak.<br \/>\nY\u00fcr\u00fcrl\u00fckteki yasalar taraf\u0131ndan izin verilmeyen herhangi bir istenmeyen ticari ileti\u015fim ger\u00e7ekle\u015ftirmek.<br \/>\nDe\u011fi\u015fiklikler<\/p>\n<p>Icy Lemonade bu ko\u015fullarda de\u011fi\u015fiklik yapma hakk\u0131n\u0131 sakl\u0131 tutar. Bu nedenle, bu ko\u015fullar\u0131 okumak i\u00e7in bu web sitesini d\u00fczenli olarak ziyaret etmeniz tavsiye edilir.<\/p>\n<p>\u015eirket bilgileri ve ileti\u015fim<\/p>\n<p>Eddbee group AB, Box 7033, 402 31 G\u00f6teborg, \u0130sve\u00e7.<\/p>\n<p>info@icyelemonade.com[\/vc_column_text][\/vc_column][\/vc_row]\n","protected":false},"excerpt":{"rendered":"<p>[vc_row full_width=&#8221;stretch_row&#8221; content_placement=&#8221;bottom&#8221; wpex_bg_overlay=&#8221;dark&#8221; remove_bottom_col_margin=&#8221;true&#8221; min_height=&#8221;600&#8243; css=&#8221;.vc_custom_1709201437842{background: #5398ce url(https:\/\/icylemonade.com\/wp-content\/uploads\/2023\/09\/ICY_Slide_00032.jpg?id=1511) !important;background-position: center !important;background-repeat: no-repeat !important;background-size: cover !important;}&#8221; wpex_bg_overlay_opacity=&#8221;0.5&#8243;][vc_column][\/vc_column][\/vc_row][vc_row full_width=&#8221;stretch_row&#8221; column_spacing=&#8221;50&#8243; remove_bottom_col_margin=&#8221;true&#8221; css=&#8221;.vc_custom_1694181523405{margin-top: 60px !important;margin-bottom: 60px !important;border-bottom-width: 1px !important;padding-bottom: 60px !important;border-bottom-color: #dddddd !important;border-bottom-style: dashed !important;}&#8221;][vc_column][vc_column_text color=&#8221;#222222&#8243; font_size=&#8221;d:20|pl:18&#8243; font_family=&#8221;Barlow&#8221;]Web sitemizden \u00fcr\u00fcn\/abonelik sipari\u015fi vererek h\u00fck\u00fcm ve ko\u015fullar\u0131 kabul etti\u011finizi vurgulamak isteriz. H\u00fck\u00fcm ve ko\u015fullar\u0131 yazd\u0131rman\u0131z\u0131 ve gelecekte ihtiya\u00e7 duyman\u0131z&hellip;<\/p>\n","protected":false},"author":1,"featured_media":0,"parent":0,"menu_order":0,"comment_status":"closed","ping_status":"closed","template":"","meta":{"footnotes":""},"class_list":["post-2634","page","type-page","status-publish","hentry","entry","no-media"],"_links":{"self":[{"href":"https:\/\/icylemonade.com\/tr\/wp-json\/wp\/v2\/pages\/2634","targetHints":{"allow":["GET"]}}],"collection":[{"href":"https:\/\/icylemonade.com\/tr\/wp-json\/wp\/v2\/pages"}],"about":[{"href":"https:\/\/icylemonade.com\/tr\/wp-json\/wp\/v2\/types\/page"}],"author":[{"embeddable":true,"href":"https:\/\/icylemonade.com\/tr\/wp-json\/wp\/v2\/users\/1"}],"replies":[{"embeddable":true,"href":"https:\/\/icylemonade.com\/tr\/wp-json\/wp\/v2\/comments?post=2634"}],"version-history":[{"count":6,"href":"https:\/\/icylemonade.com\/tr\/wp-json\/wp\/v2\/pages\/2634\/revisions"}],"predecessor-version":[{"id":2720,"href":"https:\/\/icylemonade.com\/tr\/wp-json\/wp\/v2\/pages\/2634\/revisions\/2720"}],"wp:attachment":[{"href":"https:\/\/icylemonade.com\/tr\/wp-json\/wp\/v2\/media?parent=2634"}],"curies":[{"name":"wp","href":"https:\/\/api.w.org\/{rel}","templated":true}]}}