{"id":2635,"date":"2023-09-08T17:13:19","date_gmt":"2023-09-08T15:13:19","guid":{"rendered":"https:\/\/icylemonade.com\/gizlilik-politikasi\/"},"modified":"2024-03-05T13:07:43","modified_gmt":"2024-03-05T12:07:43","slug":"gizlilik-politikasi","status":"publish","type":"page","link":"https:\/\/icylemonade.com\/tr\/gizlilik-politikasi\/","title":{"rendered":"Gizlilik Politikas\u0131"},"content":{"rendered":"[vc_row full_width=&#8221;stretch_row&#8221; content_placement=&#8221;bottom&#8221; wpex_bg_overlay=&#8221;dark&#8221; remove_bottom_col_margin=&#8221;true&#8221; min_height=&#8221;600&#8243; css=&#8221;.vc_custom_1709640379397{background: #5398ce url(https:\/\/icylemonade.com\/wp-content\/uploads\/2023\/02\/IL_IM_EU_00005.jpg?id=306) !important;background-position: center !important;background-repeat: no-repeat !important;background-size: cover !important;}&#8221; wpex_bg_overlay_opacity=&#8221;0.5&#8243;][vc_column]<style>.vcex_69e5ff8a30873{font-size:100px!important;}@media (max-width:767px){.vcex_69e5ff8a30873{font-size:40px!important;}}<\/style><div class=\"vcex-heading vcex-module wpex-text-2xl wpex-font-normal wpex-m-auto wpex-max-w-100 vcex-heading-plain wpex-block vc_custom_1694192734901 vcex_69e5ff8a30873\" style=\"color:#ffffff;font-family:Barlow;font-weight:900;text-transform:uppercase;\"><span class=\"vcex-heading-inner wpex-inline-block wpex-clr\">Gizlilik Politikas\u0131<\/span><\/div>[\/vc_column][\/vc_row][vc_row full_width=&#8221;stretch_row&#8221; column_spacing=&#8221;50&#8243; remove_bottom_col_margin=&#8221;true&#8221; css=&#8221;.vc_custom_1694181523405{margin-top: 60px !important;margin-bottom: 60px !important;border-bottom-width: 1px !important;padding-bottom: 60px !important;border-bottom-color: #dddddd !important;border-bottom-style: dashed !important;}&#8221;][vc_column]<div class=\"vcex-spacing wpex-w-100 wpex-clear\" style=\"height:30px;\"><\/div>[vc_column_text color=&#8221;#222222&#8243; font_size=&#8221;d:20|pl:18&#8243; font_family=&#8221;Barlow&#8221;]Bu politika, t\u00fcm web sitelerinde Icy Lemonade veya Eddbee grubu AB i\u00e7in ge\u00e7erlidir. Ki\u015fisel veri politikas\u0131, Icy Lemonade sat\u0131n al\u0131mlar, m\u00fc\u015fteri hizmetleri sorunlar\u0131, Icy Lemonade ile di\u011fer ileti\u015fimler ve web sitesine yap\u0131lan ziyaretlerle ba\u011flant\u0131l\u0131 olarak hizmet ve \u00fcr\u00fcn sa\u011flad\u0131\u011f\u0131nda ge\u00e7erlidir.<\/p>\n<p><strong>Ki\u015fisel verileriniz bizim i\u00e7in \u00f6nemlidir<\/strong><\/p>\n<p>Icy Lemonade, web sitelerimizden birini ziyaret etti\u011finizde veya sat\u0131n ald\u0131\u011f\u0131n\u0131zda ya da alternatif olarak e-posta veya sosyal medya arac\u0131l\u0131\u011f\u0131yla Icy Lemonade ile ileti\u015fime ge\u00e7ti\u011finizde sizinle ilgili ki\u015fisel verileri toplar ve i\u015fler. Icy Lemonade gizlili\u011finizi korur ve y\u00fcksek d\u00fczeyde veri korumay\u0131 taahh\u00fct eder. Bu gizlilik politikas\u0131, ki\u015fisel bilgilerinizi neden ve nas\u0131l toplad\u0131\u011f\u0131m\u0131z\u0131 ve kulland\u0131\u011f\u0131m\u0131z\u0131 a\u00e7\u0131klamaktad\u0131r. Ayr\u0131ca haklar\u0131n\u0131z\u0131 ve bunlar\u0131 nas\u0131l uygulayabilece\u011finizi de a\u00e7\u0131klar. Bir m\u00fc\u015fteri ve okuyucu olarak bize emanet etti\u011finiz ki\u015fisel verilerin dikkatli, sorumlu, \u015feffaf ve yasalara uygun bir \u015fekilde ele al\u0131nmas\u0131 bizim i\u00e7in \u00f6nemlidir.<\/p>\n<p><strong>Toplad\u0131\u011f\u0131m\u0131z verilerden kim sorumludur?<\/strong><\/p>\n<p>Icy Lemonade, Icy Lemonade&#8217;in ki\u015fisel verilerinizi i\u015flemesi i\u00e7in veri denetleyicisidir ve bu i\u015flemenin y\u00fcr\u00fcrl\u00fckteki mevzuata uygun olarak ger\u00e7ekle\u015fmesini sa\u011flamaktan sorumludur.<\/p>\n<p><strong>Ki\u015fisel bilgi nedir?<\/strong><\/p>\n<p>Ki\u015fisel veri, ya\u015fayan bir ger\u00e7ek ki\u015fiye do\u011frudan veya dolayl\u0131 olarak atfedilebilecek her t\u00fcrl\u00fc bilgidir. Ki\u015fisel verilere \u00f6rnek olarak isim, e-posta adresi, telefon numaras\u0131 ve ki\u015fisel kimlik numaras\u0131 verilebilir. \u0130sim belirtilmese bile g\u00f6r\u00fcnt\u00fcler ve ses kay\u0131tlar\u0131 da ki\u015fisel bilgilerdir. \u015eifrelenmi\u015f veriler ve farkl\u0131 elektronik kimlik t\u00fcrleri (\u00f6rn. IP numaralar\u0131) ger\u00e7ek ki\u015filerle ili\u015fkilendirilebildikleri takdirde ki\u015fisel verilerdir.<\/p>\n<p><strong>Ki\u015fisel verileriniz nereden geliyor?<\/strong><\/p>\n<p>Sizinle ilgili ki\u015fisel bilgilerin ana kayna\u011f\u0131, abone olurken, bizimle e-posta yoluyla ileti\u015fime ge\u00e7erken ve bir e-posta al\u0131rken\/yan\u0131tlarken verdi\u011finiz bilgiler gibi kendinizsiniz. Ki\u015fisel veriler ayr\u0131ca web sitemizdeki bilgilerin okunmas\u0131, hizmetlerin kullan\u0131lmas\u0131 ve bizimle ileti\u015fim kurulmas\u0131 sonucunda da olu\u015fturulur. \u00d6rne\u011fin, ziyaret\u00e7ileri, trafik verilerini ve di\u011fer ileti\u015fim verilerini kaydedebiliriz. Bu t\u00fcr ki\u015fisel verilere \u00f6rnek olarak IP adresiniz verilebilir. Bu bilgiler \u00e7erezler arac\u0131l\u0131\u011f\u0131yla toplan\u0131r ve size uygun bilgileri hedefleyebilmemiz i\u00e7in sizi tan\u0131mak amac\u0131yla kullan\u0131l\u0131r. Bunu yapmak i\u00e7in izninize ihtiyac\u0131m\u0131z var. Bunu, web sitemizi ziyaret etti\u011finizde \u00e7erezleri kabul ederek yapars\u0131n\u0131z.<\/p>\n<p><strong>\u0130htiya\u00e7 duymam\u0131z halinde hakk\u0131n\u0131zda toplad\u0131\u011f\u0131m\u0131z ki\u015fisel verilere \u00f6rnekler<\/strong><\/p>\n<p>Ad\u0131n ve soyad\u0131n. Do\u011fum tarihi, cinsiyet, uyruk, meslek\/i\u015f\/e\u011fitim, do\u011fum yeri. Sosyal g\u00fcvenlik numaras\u0131 (yaln\u0131zca y\u0131ll\u0131k ge\u00e7i\u015f kart\u0131 sat\u0131n al\u0131rken). SPAR&#8217;a kar\u015f\u0131 adres kontrol\u00fc. \u0130leti\u015fim bilgileri (adres, e-posta ve telefon numaras\u0131). Sat\u0131n alma bilgileri (\u00f6rne\u011fin hangi \u00fcr\u00fcn\u00fcn\/aboneli\u011fin sipari\u015f edildi\u011fi). Ev. Gitmeyi se\u00e7ti\u011finiz notlar. \u015eikayetlere ili\u015fkin yaz\u0131\u015fmalar.<\/p>\n<p><strong>Icy Lemonade&#8217;deki al\u0131mlar\u0131n vaka ge\u00e7mi\u015fi. \u00c7erezler<\/strong><\/p>\n<p>Bir \u00e7erezde, bir kullan\u0131c\u0131n\u0131n tarama davran\u0131\u015f\u0131n\u0131 g\u00f6rmek\/izlemek m\u00fcmk\u00fcnd\u00fcr. \u00c7erezler, ziyaret\u00e7i olarak size \u00e7e\u015fitli i\u015flevlere eri\u015fim sa\u011flamak ve haber b\u00fclteninin i\u00e7eri\u011fini \u00f6zelle\u015ftirmek i\u00e7in kullan\u0131l\u0131r. Reklamlar\u0131m\u0131z\u0131n i\u00e7eri\u011fini ki\u015fiselle\u015ftirmek i\u00e7in \u00e7erezler kullan\u0131yoruz. Web sitemizde \u00e7erezler de kullan\u0131yoruz, b\u00f6ylece web&#8217;in ne kadar kullan\u0131ld\u0131\u011f\u0131na dair istatistikler tutabiliyoruz. \u00c7erez, web sitesinin cihaz\u0131n\u0131z\u0131 tan\u0131yabilmesi i\u00e7in cihaz\u0131n\u0131zda depolanan bir metin dosyas\u0131d\u0131r. Bu \u00e7erez herhangi bir ki\u015fisel bilgi i\u00e7ermez. Kal\u0131c\u0131 ve ge\u00e7ici (oturum \u00e7erezleri olarak adland\u0131r\u0131l\u0131r) olmak \u00fczere iki t\u00fcr \u00e7erez vard\u0131r. Kal\u0131c\u0131 \u00e7erezler daha uzun bir s\u00fcre boyunca cihaz\u0131n\u0131zda bir dosya olarak saklan\u0131rken, oturum \u00e7erezleri cihaz\u0131n\u0131za ge\u00e7ici olarak yerle\u015ftirilir ve yaln\u0131zca sitede gezindi\u011finiz s\u00fcre boyunca kullan\u0131l\u0131r. Silinecektir. Cihaz\u0131n\u0131z\u0131n ne zaman bir \u00e7erez ald\u0131\u011f\u0131n\u0131 bilmek istiyorsan\u0131z, taray\u0131c\u0131n\u0131z\u0131 size bildirimde bulunacak \u015fekilde ayarlayabilirsiniz. Bu, bir \u00e7erezi kabul etmenizi veya reddetmenizi sa\u011flar. Cihaz\u0131n\u0131z t\u00fcm \u00e7erezleri reddedecek \u015fekilde de ayarlanabilir. \u00c7erezleri kabul etmemeyi tercih ederseniz, \u00e7evrimi\u00e7i hizmetlerimizin baz\u0131 \u00f6zelliklerinin art\u0131k ama\u00e7land\u0131\u011f\u0131 gibi \u00e7al\u0131\u015fmayaca\u011f\u0131n\u0131 l\u00fctfen unutmay\u0131n.<\/p>\n<p><strong>\u00d6zellikle do\u011frudan pazarlama izni konusunda<\/strong><\/p>\n<p>Bize a\u00e7\u0131k r\u0131zan\u0131z\u0131 vermeniz ko\u015fuluyla, \u00e7e\u015fitli dijital ileti\u015fim kanallar\u0131 arac\u0131l\u0131\u011f\u0131yla profilinize dayal\u0131 bilgileri ve pazarlamay\u0131 d\u00fczenli olarak g\u00f6nderecek ve yay\u0131nlayaca\u011f\u0131z. Size g\u00f6nderdi\u011fimiz e-posta veya SMS ileti\u015fiminde abonelikten \u00e7\u0131k se\u00e7ene\u011fine t\u0131klayarak istedi\u011finiz zaman bizden pazarlama ileti\u015fimi almaktan vazge\u00e7ebilirsiniz. \u0130leti\u015fimlerimizi reddetme konusunda yard\u0131m almak i\u00e7in info@icylemonade.com adresinden Icy Lemonade ile ileti\u015fime ge\u00e7meniz de m\u00fcmk\u00fcnd\u00fcr.<\/p>\n<p><strong>Bilgilerinizi ne kadar s\u00fcreyle sakl\u0131yoruz?<\/strong><\/p>\n<p>Ki\u015fisel verileriniz yaln\u0131zca toplanma ama\u00e7lar\u0131n\u0131 yerine getirmek i\u00e7in saklanmalar\u0131 gerekti\u011fi s\u00fcrece saklan\u0131r. Icy Lemonade, yasal gerekliliklere uymak veya Icy Lemonade&#8217;in yasal \u00e7\u0131karlar\u0131n\u0131 korumak i\u00e7in gerekli olmas\u0131 halinde verileri daha uzun s\u00fcre saklayabilir, \u00f6rn. yasal bir s\u00fcre\u00e7 devam ediyorsa.<\/p>\n<p><strong>Ki\u015fisel verilerinizi kimlerle payla\u015fabiliriz?<\/strong><\/p>\n<p>Ki\u015fisel verileriniz ba\u015fka \u015firketlerle payla\u015f\u0131labilir. Bunlar Eddbee group AB&#8217;nin ki\u015fisel veri m\u00fc\u015fterileri ve bizim katk\u0131m\u0131zd\u0131r.[\/vc_column_text][\/vc_column][\/vc_row]\n","protected":false},"excerpt":{"rendered":"<p>[vc_row full_width=&#8221;stretch_row&#8221; content_placement=&#8221;bottom&#8221; wpex_bg_overlay=&#8221;dark&#8221; remove_bottom_col_margin=&#8221;true&#8221; min_height=&#8221;600&#8243; css=&#8221;.vc_custom_1709640379397{background: #5398ce url(https:\/\/icylemonade.com\/wp-content\/uploads\/2023\/02\/IL_IM_EU_00005.jpg?id=306) !important;background-position: center !important;background-repeat: no-repeat !important;background-size: cover !important;}&#8221; wpex_bg_overlay_opacity=&#8221;0.5&#8243;][vc_column][\/vc_column][\/vc_row][vc_row full_width=&#8221;stretch_row&#8221; column_spacing=&#8221;50&#8243; remove_bottom_col_margin=&#8221;true&#8221; css=&#8221;.vc_custom_1694181523405{margin-top: 60px !important;margin-bottom: 60px !important;border-bottom-width: 1px !important;padding-bottom: 60px !important;border-bottom-color: #dddddd !important;border-bottom-style: dashed !important;}&#8221;][vc_column][vc_column_text color=&#8221;#222222&#8243; font_size=&#8221;d:20|pl:18&#8243; font_family=&#8221;Barlow&#8221;]Bu politika, t\u00fcm web sitelerinde Icy Lemonade veya Eddbee grubu AB i\u00e7in ge\u00e7erlidir. Ki\u015fisel veri politikas\u0131, Icy Lemonade sat\u0131n al\u0131mlar,&hellip;<\/p>\n","protected":false},"author":1,"featured_media":0,"parent":0,"menu_order":0,"comment_status":"closed","ping_status":"closed","template":"","meta":{"footnotes":""},"class_list":["post-2635","page","type-page","status-publish","hentry","entry","no-media"],"_links":{"self":[{"href":"https:\/\/icylemonade.com\/tr\/wp-json\/wp\/v2\/pages\/2635","targetHints":{"allow":["GET"]}}],"collection":[{"href":"https:\/\/icylemonade.com\/tr\/wp-json\/wp\/v2\/pages"}],"about":[{"href":"https:\/\/icylemonade.com\/tr\/wp-json\/wp\/v2\/types\/page"}],"author":[{"embeddable":true,"href":"https:\/\/icylemonade.com\/tr\/wp-json\/wp\/v2\/users\/1"}],"replies":[{"embeddable":true,"href":"https:\/\/icylemonade.com\/tr\/wp-json\/wp\/v2\/comments?post=2635"}],"version-history":[{"count":2,"href":"https:\/\/icylemonade.com\/tr\/wp-json\/wp\/v2\/pages\/2635\/revisions"}],"predecessor-version":[{"id":6079,"href":"https:\/\/icylemonade.com\/tr\/wp-json\/wp\/v2\/pages\/2635\/revisions\/6079"}],"wp:attachment":[{"href":"https:\/\/icylemonade.com\/tr\/wp-json\/wp\/v2\/media?parent=2635"}],"curies":[{"name":"wp","href":"https:\/\/api.w.org\/{rel}","templated":true}]}}