{"id":2387,"date":"2023-09-08T17:12:01","date_gmt":"2023-09-08T15:12:01","guid":{"rendered":"https:\/\/icylemonade.com\/ung-ho\/"},"modified":"2024-03-05T13:05:45","modified_gmt":"2024-03-05T12:05:45","slug":"ung-ho","status":"publish","type":"page","link":"https:\/\/icylemonade.com\/vi\/ung-ho\/","title":{"rendered":"\u1ee6ng h\u1ed9"},"content":{"rendered":"[vc_row full_width=&#8221;stretch_row&#8221; content_placement=&#8221;bottom&#8221; wpex_bg_overlay=&#8221;dark&#8221; remove_bottom_col_margin=&#8221;true&#8221; min_height=&#8221;600&#8243; css=&#8221;.vc_custom_1709201503552{background: #5398ce url(https:\/\/icylemonade.com\/wp-content\/uploads\/2023\/09\/ICY_Slide_00023.jpg?id=1493) !important;background-position: center !important;background-repeat: no-repeat !important;background-size: cover !important;}&#8221; wpex_bg_overlay_opacity=&#8221;0.5&#8243; wpex_bg_position=&#8221;center center&#8221;][vc_column]<style>.vcex_69e49bcf716e6{font-size:100px!important;}@media (max-width:767px){.vcex_69e49bcf716e6{font-size:40px!important;}}<\/style><div class=\"vcex-heading vcex-module wpex-text-2xl wpex-font-normal wpex-m-auto wpex-max-w-100 vcex-heading-plain wpex-block vc_custom_1694624916252 vcex_69e49bcf716e6\" style=\"color:#ffffff;font-family:Barlow;font-weight:900;text-transform:uppercase;\"><span class=\"vcex-heading-inner wpex-inline-block wpex-clr\">\u1ee6NG H\u1ed8<\/span><\/div>[\/vc_column][\/vc_row][vc_row full_width=&#8221;stretch_row&#8221; column_spacing=&#8221;50&#8243; remove_bottom_col_margin=&#8221;true&#8221; css=&#8221;.vc_custom_1694181523405{margin-top: 60px !important;margin-bottom: 60px !important;border-bottom-width: 1px !important;padding-bottom: 60px !important;border-bottom-color: #dddddd !important;border-bottom-style: dashed !important;}&#8221;][vc_column width=&#8221;1\/2&#8243;]<style>.vcex_69e49bcf7665e{font-size:60px!important;}@media (max-width:767px){.vcex_69e49bcf7665e{font-size:40px!important;}}<\/style><h2 class=\"vcex-heading vcex-module wpex-text-2xl wpex-font-normal wpex-m-auto wpex-max-w-100 vcex-heading-plain wpex-block vcex_69e49bcf7665e\" style=\"color:var(--wpex-palette-2074-color);font-family:Barlow;font-weight:900;text-transform:uppercase;line-height:1;\"><span class=\"vcex-heading-inner wpex-inline-block wpex-clr\">N\u1ebfu b\u1ea1n c\u1ea7n gi\u00fap \u0111\u1ee1<\/span><\/h2><div class=\"vcex-spacing wpex-w-100 wpex-clear\" style=\"height:30px;\"><\/div>[vc_column_text color=&#8221;#222222&#8243; font_size=&#8221;d:20|pl:18&#8243; font_family=&#8221;Barlow&#8221;]N\u01b0\u1edbc chanh \u0111\u00e1 l\u00e0 m\u1ed9t \u1ee9ng d\u1ee5ng h\u1eb9n h\u00f2 v\u00e0 s\u1ef1 ki\u1ec7n mi\u1ec5n ph\u00ed m\u1edbi. \u1ee8ng d\u1ee5ng n\u00e0y ho\u00e0n to\u00e0n mi\u1ec5n ph\u00ed \u0111\u1ec3 s\u1eed d\u1ee5ng trong phi\u00ean b\u1ea3n qu\u1ea3ng c\u00e1o c\u1ee7a ch\u00fang t\u00f4i. B\u1ea1n c\u00f3 th\u1ec3 k\u1ebft h\u1ee3p, tr\u00f2 chuy\u1ec7n v\u00e0 s\u1eed d\u1ee5ng t\u1ea5t c\u1ea3 c\u00e1c ch\u1ee9c n\u0103ng m\u00e0 b\u1ea1n \u0111\u00e3 quen s\u1eed d\u1ee5ng. T\u1ea5t nhi\u00ean, ch\u00fang t\u00f4i \u0111ang n\u1ed7 l\u1ef1c l\u00e0m cho \u1ee9ng d\u1ee5ng n\u00e0y tr\u1edf n\u00ean t\u1ed1t h\u01a1n n\u1eefa v\u1edbi m\u1ed9t s\u1ed1 ch\u1ee9c n\u0103ng m\u1edbi.<\/p>\n<p>B\u1ea1n c\u00f3 c\u1ea7n h\u1ed7 tr\u1ee3 ho\u1eb7c b\u1ea1n mu\u1ed1n \u0111\u01b0a ra ph\u1ea3n h\u1ed3i.<\/p>\n<p>Sau \u0111\u00f3 g\u1eedi email t\u1edbi <strong>support@icylemonade.com<\/strong> ho\u1eb7c \u0111\u1eb7t c\u00e2u h\u1ecfi tr\u00ean ph\u01b0\u01a1ng ti\u1ec7n truy\u1ec1n th\u00f4ng x\u00e3 h\u1ed9i c\u1ee7a ch\u00fang t\u00f4i.<\/p>\n<p>&nbsp;<\/p>\n<p>&nbsp;[\/vc_column_text][\/vc_column][vc_column width=&#8221;1\/2&#8243;][\/vc_column][\/vc_row]\n","protected":false},"excerpt":{"rendered":"<p>[vc_row full_width=&#8221;stretch_row&#8221; content_placement=&#8221;bottom&#8221; wpex_bg_overlay=&#8221;dark&#8221; remove_bottom_col_margin=&#8221;true&#8221; min_height=&#8221;600&#8243; css=&#8221;.vc_custom_1709201503552{background: #5398ce url(https:\/\/icylemonade.com\/wp-content\/uploads\/2023\/09\/ICY_Slide_00023.jpg?id=1493) !important;background-position: center !important;background-repeat: no-repeat !important;background-size: cover !important;}&#8221; wpex_bg_overlay_opacity=&#8221;0.5&#8243; wpex_bg_position=&#8221;center center&#8221;][vc_column][\/vc_column][\/vc_row][vc_row full_width=&#8221;stretch_row&#8221; column_spacing=&#8221;50&#8243; remove_bottom_col_margin=&#8221;true&#8221; css=&#8221;.vc_custom_1694181523405{margin-top: 60px !important;margin-bottom: 60px !important;border-bottom-width: 1px !important;padding-bottom: 60px !important;border-bottom-color: #dddddd !important;border-bottom-style: dashed !important;}&#8221;][vc_column width=&#8221;1\/2&#8243;][vc_column_text color=&#8221;#222222&#8243; font_size=&#8221;d:20|pl:18&#8243; font_family=&#8221;Barlow&#8221;]N\u01b0\u1edbc chanh \u0111\u00e1 l\u00e0 m\u1ed9t \u1ee9ng d\u1ee5ng h\u1eb9n h\u00f2 v\u00e0 s\u1ef1 ki\u1ec7n mi\u1ec5n ph\u00ed m\u1edbi. \u1ee8ng d\u1ee5ng&hellip;<\/p>\n","protected":false},"author":1,"featured_media":0,"parent":0,"menu_order":0,"comment_status":"closed","ping_status":"closed","template":"","meta":{"footnotes":""},"class_list":["post-2387","page","type-page","status-publish","hentry","entry","no-media"],"_links":{"self":[{"href":"https:\/\/icylemonade.com\/vi\/wp-json\/wp\/v2\/pages\/2387","targetHints":{"allow":["GET"]}}],"collection":[{"href":"https:\/\/icylemonade.com\/vi\/wp-json\/wp\/v2\/pages"}],"about":[{"href":"https:\/\/icylemonade.com\/vi\/wp-json\/wp\/v2\/types\/page"}],"author":[{"embeddable":true,"href":"https:\/\/icylemonade.com\/vi\/wp-json\/wp\/v2\/users\/1"}],"replies":[{"embeddable":true,"href":"https:\/\/icylemonade.com\/vi\/wp-json\/wp\/v2\/comments?post=2387"}],"version-history":[{"count":2,"href":"https:\/\/icylemonade.com\/vi\/wp-json\/wp\/v2\/pages\/2387\/revisions"}],"predecessor-version":[{"id":6042,"href":"https:\/\/icylemonade.com\/vi\/wp-json\/wp\/v2\/pages\/2387\/revisions\/6042"}],"wp:attachment":[{"href":"https:\/\/icylemonade.com\/vi\/wp-json\/wp\/v2\/media?parent=2387"}],"curies":[{"name":"wp","href":"https:\/\/api.w.org\/{rel}","templated":true}]}}