{"id":2583,"date":"2023-09-08T17:13:19","date_gmt":"2023-09-08T15:13:19","guid":{"rendered":"https:\/\/icylemonade.com\/chinh-sach-bao-mat\/"},"modified":"2024-03-05T13:07:44","modified_gmt":"2024-03-05T12:07:44","slug":"chinh-sach-bao-mat","status":"publish","type":"page","link":"https:\/\/icylemonade.com\/vi\/chinh-sach-bao-mat\/","title":{"rendered":"Ch\u00ednh s\u00e1ch b\u1ea3o m\u1eadt"},"content":{"rendered":"[vc_row full_width=&#8221;stretch_row&#8221; content_placement=&#8221;bottom&#8221; wpex_bg_overlay=&#8221;dark&#8221; remove_bottom_col_margin=&#8221;true&#8221; min_height=&#8221;600&#8243; css=&#8221;.vc_custom_1709640379397{background: #5398ce url(https:\/\/icylemonade.com\/wp-content\/uploads\/2023\/02\/IL_IM_EU_00005.jpg?id=306) !important;background-position: center !important;background-repeat: no-repeat !important;background-size: cover !important;}&#8221; wpex_bg_overlay_opacity=&#8221;0.5&#8243;][vc_column]<style>.vcex_69e63c7aaa897{font-size:100px!important;}@media (max-width:767px){.vcex_69e63c7aaa897{font-size:40px!important;}}<\/style><div class=\"vcex-heading vcex-module wpex-text-2xl wpex-font-normal wpex-m-auto wpex-max-w-100 vcex-heading-plain wpex-block vc_custom_1694192734901 vcex_69e63c7aaa897\" style=\"color:#ffffff;font-family:Barlow;font-weight:900;text-transform:uppercase;\"><span class=\"vcex-heading-inner wpex-inline-block wpex-clr\">Ch\u00ednh s\u00e1ch b\u1ea3o m\u1eadt<\/span><\/div>[\/vc_column][\/vc_row][vc_row full_width=&#8221;stretch_row&#8221; column_spacing=&#8221;50&#8243; remove_bottom_col_margin=&#8221;true&#8221; css=&#8221;.vc_custom_1694181523405{margin-top: 60px !important;margin-bottom: 60px !important;border-bottom-width: 1px !important;padding-bottom: 60px !important;border-bottom-color: #dddddd !important;border-bottom-style: dashed !important;}&#8221;][vc_column]<div class=\"vcex-spacing wpex-w-100 wpex-clear\" style=\"height:30px;\"><\/div>[vc_column_text color=&#8221;#222222&#8243; font_size=&#8221;d:20|pl:18&#8243; font_family=&#8221;Barlow&#8221;]Ch\u00ednh s\u00e1ch n\u00e0y \u00e1p d\u1ee5ng cho Icy Lemonade ho\u1eb7c Eddbee group AB tr\u00ean t\u1ea5t c\u1ea3 c\u00e1c trang web. Ch\u00ednh s\u00e1ch d\u1eef li\u1ec7u c\u00e1 nh\u00e2n \u0111\u01b0\u1ee3c \u00e1p d\u1ee5ng khi Icy Lemonade cung c\u1ea5p c\u00e1c d\u1ecbch v\u1ee5 v\u00e0 s\u1ea3n ph\u1ea9m li\u00ean quan \u0111\u1ebfn mua h\u00e0ng, c\u00e1c v\u1ea5n \u0111\u1ec1 v\u1ec1 d\u1ecbch v\u1ee5 kh\u00e1ch h\u00e0ng, li\u00ean h\u1ec7 kh\u00e1c v\u1edbi Icy Lemonade v\u00e0 c\u00e1c l\u01b0\u1ee3t truy c\u1eadp v\u00e0o trang web.<\/p>\n<p><strong>D\u1eef li\u1ec7u c\u00e1 nh\u00e2n c\u1ee7a b\u1ea1n r\u1ea5t quan tr\u1ecdng \u0111\u1ed1i v\u1edbi ch\u00fang t\u00f4i<\/strong><\/p>\n<p>Icy Lemonade thu th\u1eadp v\u00e0 x\u1eed l\u00fd d\u1eef li\u1ec7u c\u00e1 nh\u00e2n v\u1ec1 b\u1ea1n khi b\u1ea1n truy c\u1eadp ho\u1eb7c mua h\u00e0ng tr\u00ean m\u1ed9t trong c\u00e1c trang web c\u1ee7a ch\u00fang t\u00f4i ho\u1eb7c li\u00ean h\u1ec7 v\u1edbi Icy Lemonade qua email ho\u1eb7c ph\u01b0\u01a1ng ti\u1ec7n truy\u1ec1n th\u00f4ng x\u00e3 h\u1ed9i. Icy Lemonade b\u1ea3o v\u1ec7 quy\u1ec1n ri\u00eang t\u01b0 c\u1ee7a b\u1ea1n v\u00e0 c\u1ed1 g\u1eafng b\u1ea3o v\u1ec7 d\u1eef li\u1ec7u \u1edf m\u1ee9c \u0111\u1ed9 cao. Ch\u00ednh s\u00e1ch b\u1ea3o m\u1eadt n\u00e0y gi\u1ea3i th\u00edch l\u00fd do v\u00e0 c\u00e1ch th\u1ee9c ch\u00fang t\u00f4i thu th\u1eadp v\u00e0 s\u1eed d\u1ee5ng th\u00f4ng tin c\u00e1 nh\u00e2n c\u1ee7a b\u1ea1n. N\u00f3 c\u0169ng m\u00f4 t\u1ea3 c\u00e1c quy\u1ec1n c\u1ee7a b\u1ea1n v\u00e0 c\u00e1ch b\u1ea1n c\u00f3 th\u1ec3 th\u1ef1c thi ch\u00fang. \u0110\u1ed1i v\u1edbi ch\u00fang t\u00f4i, \u0111i\u1ec1u quan tr\u1ecdng l\u00e0 d\u1eef li\u1ec7u c\u00e1 nh\u00e2n m\u00e0 b\u1ea1n giao ph\u00f3 cho ch\u00fang t\u00f4i v\u1edbi t\u01b0 c\u00e1ch l\u00e0 kh\u00e1ch h\u00e0ng v\u00e0 ng\u01b0\u1eddi \u0111\u1ecdc ph\u1ea3i \u0111\u01b0\u1ee3c x\u1eed l\u00fd m\u1ed9t c\u00e1ch c\u1ea9n th\u1eadn, c\u00f3 tr\u00e1ch nhi\u1ec7m, c\u1edfi m\u1edf v\u00e0 h\u1ee3p ph\u00e1p.<\/p>\n<p><strong>Ai ch\u1ecbu tr\u00e1ch nhi\u1ec7m v\u1ec1 d\u1eef li\u1ec7u ch\u00fang t\u00f4i thu th\u1eadp?<\/strong><\/p>\n<p>Icy Lemonade l\u00e0 ng\u01b0\u1eddi ki\u1ec3m so\u00e1t d\u1eef li\u1ec7u c\u00e1 nh\u00e2n \u0111\u1ec3 Icy Lemonade x\u1eed l\u00fd d\u1eef li\u1ec7u c\u00e1 nh\u00e2n c\u1ee7a b\u1ea1n v\u00e0 ch\u1ecbu tr\u00e1ch nhi\u1ec7m v\u1ec1 vi\u1ec7c x\u1eed l\u00fd \u0111\u00f3 di\u1ec5n ra theo lu\u1eadt ph\u00e1p hi\u1ec7n h\u00e0nh.<\/p>\n<p><strong>Th\u00f4ng tin c\u00e1 nh\u00e2n l\u00e0 g\u00ec?<\/strong><\/p>\n<p>D\u1eef li\u1ec7u c\u00e1 nh\u00e2n l\u00e0 b\u1ea5t k\u1ef3 lo\u1ea1i th\u00f4ng tin n\u00e0o c\u00f3 th\u1ec3 \u0111\u01b0\u1ee3c quy tr\u1ef1c ti\u1ebfp ho\u1eb7c gi\u00e1n ti\u1ebfp cho m\u1ed9t th\u1ec3 nh\u00e2n \u0111ang s\u1ed1ng. V\u00ed d\u1ee5 v\u1ec1 d\u1eef li\u1ec7u c\u00e1 nh\u00e2n l\u00e0 t\u00ean, \u0111\u1ecba ch\u1ec9 email, s\u1ed1 \u0111i\u1ec7n tho\u1ea1i v\u00e0 s\u1ed1 an sinh x\u00e3 h\u1ed9i. Ngay c\u1ea3 h\u00ecnh \u1ea3nh v\u00e0 b\u1ea3n ghi \u00e2m c\u0169ng l\u00e0 th\u00f4ng tin c\u00e1 nh\u00e2n, ngay c\u1ea3 khi kh\u00f4ng n\u00eau t\u00ean. D\u1eef li\u1ec7u \u0111\u01b0\u1ee3c m\u00e3 h\u00f3a v\u00e0 c\u00e1c lo\u1ea1i nh\u1eadn d\u1ea1ng \u0111i\u1ec7n t\u1eed kh\u00e1c nhau (v\u00ed d\u1ee5: s\u1ed1 IP) l\u00e0 d\u1eef li\u1ec7u c\u00e1 nh\u00e2n n\u1ebfu ch\u00fang c\u00f3 th\u1ec3 \u0111\u01b0\u1ee3c li\u00ean k\u1ebft v\u1edbi c\u00e1c th\u1ec3 nh\u00e2n.<\/p>\n<p><strong>D\u1eef li\u1ec7u c\u00e1 nh\u00e2n c\u1ee7a b\u1ea1n \u0111\u1ebfn t\u1eeb \u0111\u00e2u?<\/strong><\/p>\n<p>Ngu\u1ed3n th\u00f4ng tin c\u00e1 nh\u00e2n ch\u00ednh v\u1ec1 b\u1ea1n l\u00e0 ch\u00ednh b\u1ea1n, ch\u1eb3ng h\u1ea1n nh\u01b0 th\u00f4ng tin b\u1ea1n cung c\u1ea5p khi \u0111\u0103ng k\u00fd, li\u00ean h\u1ec7 v\u1edbi ch\u00fang t\u00f4i qua email v\u00e0 nh\u1eadn\/tr\u1ea3 l\u1eddi email. D\u1eef li\u1ec7u c\u00e1 nh\u00e2n c\u0169ng \u0111\u01b0\u1ee3c t\u1ea1o ra khi b\u1ea1n \u0111\u1ecdc th\u00f4ng tin tr\u00ean trang web c\u1ee7a ch\u00fang t\u00f4i, s\u1eed d\u1ee5ng d\u1ecbch v\u1ee5 v\u00e0 li\u00ean l\u1ea1c v\u1edbi ch\u00fang t\u00f4i. V\u00ed d\u1ee5: ch\u00fang t\u00f4i c\u00f3 th\u1ec3 l\u01b0u kh\u00e1ch truy c\u1eadp, d\u1eef li\u1ec7u giao th\u00f4ng v\u00e0 d\u1eef li\u1ec7u li\u00ean l\u1ea1c kh\u00e1c. V\u00ed d\u1ee5 v\u1ec1 d\u1eef li\u1ec7u c\u00e1 nh\u00e2n \u0111\u00f3 l\u00e0 \u0111\u1ecba ch\u1ec9 IP c\u1ee7a b\u1ea1n. Th\u00f4ng tin n\u00e0y \u0111\u01b0\u1ee3c thu th\u1eadp th\u00f4ng qua c\u00e1i g\u1ecdi l\u00e0 cookie v\u00e0 \u0111\u01b0\u1ee3c s\u1eed d\u1ee5ng \u0111\u1ec3 t\u00ecm hi\u1ec3u b\u1ea1n \u0111\u1ec3 ch\u00fang t\u00f4i c\u00f3 th\u1ec3 g\u1eedi th\u00f4ng tin li\u00ean quan \u0111\u1ebfn b\u1ea1n. \u0110\u1ec3 l\u00e0m \u0111\u01b0\u1ee3c \u0111i\u1ec1u n\u00e0y, ch\u00fang t\u00f4i c\u1ea7n c\u00f3 s\u1ef1 \u0111\u1ed3ng \u00fd c\u1ee7a b\u1ea1n. B\u1ea1n l\u00e0m \u0111i\u1ec1u n\u00e0y b\u1eb1ng c\u00e1ch ch\u1ea5p nh\u1eadn cookie khi b\u1ea1n truy c\u1eadp trang web c\u1ee7a ch\u00fang t\u00f4i.<\/p>\n<p><strong>V\u00ed d\u1ee5 v\u1ec1 d\u1eef li\u1ec7u c\u00e1 nh\u00e2n m\u00e0 ch\u00fang t\u00f4i thu th\u1eadp v\u1ec1 b\u1ea1n n\u1ebfu ch\u00fang t\u00f4i c\u1ea7n<\/strong><\/p>\n<p>H\u1ecd v\u00e0 t\u00ean. Ng\u00e0y sinh, gi\u1edbi t\u00ednh, qu\u1ed1c t\u1ecbch, ngh\u1ec1 nghi\u1ec7p\/vi\u1ec7c l\u00e0m\/h\u1ecdc v\u1ea5n, n\u01a1i sinh. S\u1ed1 an sinh x\u00e3 h\u1ed9i (ch\u1ec9 khi mua th\u1ebb h\u00e0ng n\u0103m). Ki\u1ec3m tra \u0111\u1ecba ch\u1ec9 \u0111\u1ed1i v\u1edbi SPAR. Chi ti\u1ebft li\u00ean l\u1ea1c (\u0111\u1ecba ch\u1ec9, e-mail v\u00e0 s\u1ed1 \u0111i\u1ec7n tho\u1ea1i). Th\u00f4ng tin mua h\u00e0ng (v\u00ed d\u1ee5: s\u1ea3n ph\u1ea9m\/\u0111\u0103ng k\u00fd n\u00e0o \u0111\u00e3 \u0111\u01b0\u1ee3c \u0111\u1eb7t h\u00e0ng). Ev. ghi ch\u00fa b\u1ea1n ch\u1ecdn \u0111\u1ec3 l\u1ea1i. C\u00f4ng v\u0103n li\u00ean quan \u0111\u1ebfn khi\u1ebfu n\u1ea1i.<\/p>\n<p><strong>L\u1ecbch s\u1eed tr\u01b0\u1eddng h\u1ee3p khi mua \u1edf Icy Lemonade. B\u00e1nh quy<\/strong><\/p>\n<p>Trong cookie, c\u00f3 th\u1ec3 xem\/theo d\u00f5i qu\u00e1 tr\u00ecnh duy\u1ec7t c\u1ee7a ng\u01b0\u1eddi d\u00f9ng. Cookie \u0111\u01b0\u1ee3c s\u1eed d\u1ee5ng \u0111\u1ec3 cung c\u1ea5p cho b\u1ea1n v\u1edbi t\u01b0 c\u00e1ch l\u00e0 kh\u00e1ch truy c\u1eadp quy\u1ec1n truy c\u1eadp v\u00e0o c\u00e1c ch\u1ee9c n\u0103ng kh\u00e1c nhau v\u00e0 t\u00f9y ch\u1ec9nh n\u1ed9i dung c\u1ee7a b\u1ea3n tin. Ch\u00fang t\u00f4i s\u1eed d\u1ee5ng cookie \u0111\u1ec3 t\u00f9y ch\u1ec9nh n\u1ed9i dung qu\u1ea3ng c\u00e1o c\u1ee7a m\u00ecnh. Ch\u00fang t\u00f4i c\u0169ng s\u1eed d\u1ee5ng cookie tr\u00ean trang web c\u1ee7a m\u00ecnh \u0111\u1ec3 c\u00f3 th\u1ec3 l\u01b0u gi\u1eef s\u1ed1 li\u1ec7u th\u1ed1ng k\u00ea v\u1ec1 l\u01b0\u1ee3ng trang web \u0111\u01b0\u1ee3c s\u1eed d\u1ee5ng. Cookie l\u00e0 m\u1ed9t t\u1ec7p v\u0103n b\u1ea3n \u0111\u01b0\u1ee3c l\u01b0u tr\u00ean thi\u1ebft b\u1ecb c\u1ee7a b\u1ea1n \u0111\u1ec3 trang web c\u00f3 th\u1ec3 nh\u1eadn ra thi\u1ebft b\u1ecb c\u1ee7a b\u1ea1n. Cookie n\u00e0y kh\u00f4ng ch\u1ee9a b\u1ea5t k\u1ef3 th\u00f4ng tin c\u00e1 nh\u00e2n n\u00e0o. C\u00f3 hai lo\u1ea1i cookie, v\u0129nh vi\u1ec5n v\u00e0 t\u1ea1m th\u1eddi (c\u00f2n g\u1ecdi l\u00e0 cookie phi\u00ean). Cookie v\u0129nh vi\u1ec5n \u0111\u01b0\u1ee3c l\u01b0u tr\u1eef d\u01b0\u1edbi d\u1ea1ng t\u1ec7p tr\u00ean thi\u1ebft b\u1ecb c\u1ee7a b\u1ea1n trong th\u1eddi gian d\u00e0i h\u01a1n, trong khi cookie phi\u00ean \u0111\u01b0\u1ee3c \u0111\u1eb7t t\u1ea1m th\u1eddi tr\u00ean thi\u1ebft b\u1ecb c\u1ee7a b\u1ea1n v\u00e0 ch\u1ec9 \u0111\u01b0\u1ee3c s\u1eed d\u1ee5ng trong th\u1eddi gian b\u1ea1n duy\u1ec7t trang web. Sau \u0111\u00f3 n\u00f3 s\u1ebd b\u1ecb x\u00f3a. N\u1ebfu b\u1ea1n mu\u1ed1n bi\u1ebft khi n\u00e0o thi\u1ebft b\u1ecb c\u1ee7a b\u1ea1n nh\u1eadn \u0111\u01b0\u1ee3c cookie, b\u1ea1n c\u00f3 th\u1ec3 \u0111\u1eb7t tr\u00ecnh duy\u1ec7t th\u00f4ng b\u00e1o cho b\u1ea1n. B\u1eb1ng c\u00e1ch n\u00e0y, b\u1ea1n c\u00f3 t\u00f9y ch\u1ecdn ch\u1ea5p nh\u1eadn ho\u1eb7c t\u1eeb ch\u1ed1i cookie. Thi\u1ebft b\u1ecb c\u1ee7a b\u1ea1n c\u0169ng c\u00f3 th\u1ec3 \u0111\u01b0\u1ee3c \u0111\u1eb7t \u0111\u1ec3 t\u1eeb ch\u1ed1i t\u1ea5t c\u1ea3 cookie. N\u1ebfu b\u1ea1n ch\u1ecdn kh\u00f4ng ch\u1ea5p nh\u1eadn cookie, xin l\u01b0u \u00fd r\u1eb1ng m\u1ed9t s\u1ed1 t\u00ednh n\u0103ng c\u1ee7a d\u1ecbch v\u1ee5 tr\u1ef1c tuy\u1ebfn c\u1ee7a ch\u00fang t\u00f4i s\u1ebd kh\u00f4ng c\u00f2n ho\u1ea1t \u0111\u1ed9ng nh\u01b0 d\u1ef1 ki\u1ebfn.<\/p>\n<p><strong>\u0110\u1eb7c bi\u1ec7t l\u00e0 v\u1ec1 vi\u1ec7c \u0111\u1ed3ng \u00fd ti\u1ebfp th\u1ecb tr\u1ef1c ti\u1ebfp<\/strong><\/p>\n<p>V\u1edbi \u0111i\u1ec1u ki\u1ec7n b\u1ea1n \u0111\u00e3 \u0111\u1ed3ng \u00fd r\u00f5 r\u00e0ng v\u1edbi ch\u00fang t\u00f4i, ch\u00fang t\u00f4i s\u1ebd li\u00ean t\u1ee5c g\u1eedi v\u00e0 c\u00f4ng b\u1ed1 th\u00f4ng tin c\u0169ng nh\u01b0 ho\u1ea1t \u0111\u1ed9ng ti\u1ebfp th\u1ecb d\u1ef1a tr\u00ean h\u1ed3 s\u01a1 c\u1ee7a b\u1ea1n th\u00f4ng qua nhi\u1ec1u b\u1ec1 m\u1eb7t li\u00ean h\u1ec7 k\u1ef9 thu\u1eadt s\u1ed1 kh\u00e1c nhau. B\u1ea1n c\u00f3 th\u1ec3 t\u1eeb ch\u1ed1i nh\u1eadn th\u00f4ng tin ti\u1ebfp th\u1ecb t\u1eeb ch\u00fang t\u00f4i b\u1ea5t c\u1ee9 l\u00fac n\u00e0o b\u1eb1ng c\u00e1ch nh\u1ea5p v\u00e0o h\u1ee7y \u0111\u0103ng k\u00fd trong email ho\u1eb7c th\u00f4ng tin li\u00ean l\u1ea1c SMS m\u00e0 ch\u00fang t\u00f4i g\u1eedi cho b\u1ea1n. B\u1ea1n c\u0169ng c\u00f3 th\u1ec3 li\u00ean h\u1ec7 v\u1edbi Icy Lemonade qua info@icylemonade.com \u0111\u1ec3 \u0111\u01b0\u1ee3c h\u1ed7 tr\u1ee3 trong vi\u1ec7c t\u1eeb ch\u1ed1i nh\u1eadn th\u00f4ng tin li\u00ean l\u1ea1c c\u1ee7a ch\u00fang t\u00f4i.<\/p>\n<p><strong>Ch\u00fang t\u00f4i l\u01b0u th\u00f4ng tin v\u1ec1 b\u1ea1n trong bao l\u00e2u?<\/strong><\/p>\n<p>D\u1eef li\u1ec7u c\u00e1 nh\u00e2n c\u1ee7a b\u1ea1n ch\u1ec9 \u0111\u01b0\u1ee3c l\u01b0u tr\u1eef mi\u1ec5n l\u00e0 c\u00f3 nhu c\u1ea7u l\u01b0u n\u00f3 \u0111\u1ec3 th\u1ef1c hi\u1ec7n c\u00e1c m\u1ee5c \u0111\u00edch m\u00e0 d\u1eef li\u1ec7u \u0111\u01b0\u1ee3c thu th\u1eadp. Icy Lemonade c\u00f3 th\u1ec3 l\u01b0u d\u1eef li\u1ec7u l\u00e2u h\u01a1n n\u1ebfu c\u1ea7n thi\u1ebft \u0111\u1ec3 tu\u00e2n th\u1ee7 c\u00e1c y\u00eau c\u1ea7u ph\u00e1p l\u00fd ho\u1eb7c \u0111\u1ec3 b\u1ea3o v\u1ec7 l\u1ee3i \u00edch h\u1ee3p ph\u00e1p c\u1ee7a Icy Lemonade, v\u00ed d\u1ee5: n\u1ebfu m\u1ed9t th\u1ee7 t\u1ee5c ph\u00e1p l\u00fd \u0111ang di\u1ec5n ra.<\/p>\n<p><strong>Ch\u00fang t\u00f4i c\u00f3 th\u1ec3 chia s\u1ebb d\u1eef li\u1ec7u c\u00e1 nh\u00e2n c\u1ee7a b\u1ea1n v\u1edbi ai?<\/strong><\/p>\n<p>D\u1eef li\u1ec7u c\u00e1 nh\u00e2n c\u1ee7a b\u1ea1n c\u00f3 th\u1ec3 \u0111\u01b0\u1ee3c chia s\u1ebb v\u1edbi c\u00e1c c\u00f4ng ty kh\u00e1c. \u0110\u00e2y l\u00e0 nh\u1eefng kh\u00e1ch h\u00e0ng s\u1eed d\u1ee5ng d\u1eef li\u1ec7u c\u00e1 nh\u00e2n c\u1ee7a nh\u00f3m Eddbee AB v\u00e0 s\u1ef1 \u0111\u00f3ng g\u00f3p c\u1ee7a ch\u00fang t\u00f4i[\/vc_column_text][\/vc_column][\/vc_row]\n","protected":false},"excerpt":{"rendered":"<p>[vc_row full_width=&#8221;stretch_row&#8221; content_placement=&#8221;bottom&#8221; wpex_bg_overlay=&#8221;dark&#8221; remove_bottom_col_margin=&#8221;true&#8221; min_height=&#8221;600&#8243; css=&#8221;.vc_custom_1709640379397{background: #5398ce url(https:\/\/icylemonade.com\/wp-content\/uploads\/2023\/02\/IL_IM_EU_00005.jpg?id=306) !important;background-position: center !important;background-repeat: no-repeat !important;background-size: cover !important;}&#8221; wpex_bg_overlay_opacity=&#8221;0.5&#8243;][vc_column][\/vc_column][\/vc_row][vc_row full_width=&#8221;stretch_row&#8221; column_spacing=&#8221;50&#8243; remove_bottom_col_margin=&#8221;true&#8221; css=&#8221;.vc_custom_1694181523405{margin-top: 60px !important;margin-bottom: 60px !important;border-bottom-width: 1px !important;padding-bottom: 60px !important;border-bottom-color: #dddddd !important;border-bottom-style: dashed !important;}&#8221;][vc_column][vc_column_text color=&#8221;#222222&#8243; font_size=&#8221;d:20|pl:18&#8243; font_family=&#8221;Barlow&#8221;]Ch\u00ednh s\u00e1ch n\u00e0y \u00e1p d\u1ee5ng cho Icy Lemonade ho\u1eb7c Eddbee group AB tr\u00ean t\u1ea5t c\u1ea3 c\u00e1c trang web. Ch\u00ednh s\u00e1ch&hellip;<\/p>\n","protected":false},"author":1,"featured_media":0,"parent":0,"menu_order":0,"comment_status":"closed","ping_status":"closed","template":"","meta":{"footnotes":""},"class_list":["post-2583","page","type-page","status-publish","hentry","entry","no-media"],"_links":{"self":[{"href":"https:\/\/icylemonade.com\/vi\/wp-json\/wp\/v2\/pages\/2583","targetHints":{"allow":["GET"]}}],"collection":[{"href":"https:\/\/icylemonade.com\/vi\/wp-json\/wp\/v2\/pages"}],"about":[{"href":"https:\/\/icylemonade.com\/vi\/wp-json\/wp\/v2\/types\/page"}],"author":[{"embeddable":true,"href":"https:\/\/icylemonade.com\/vi\/wp-json\/wp\/v2\/users\/1"}],"replies":[{"embeddable":true,"href":"https:\/\/icylemonade.com\/vi\/wp-json\/wp\/v2\/comments?post=2583"}],"version-history":[{"count":2,"href":"https:\/\/icylemonade.com\/vi\/wp-json\/wp\/v2\/pages\/2583\/revisions"}],"predecessor-version":[{"id":6083,"href":"https:\/\/icylemonade.com\/vi\/wp-json\/wp\/v2\/pages\/2583\/revisions\/6083"}],"wp:attachment":[{"href":"https:\/\/icylemonade.com\/vi\/wp-json\/wp\/v2\/media?parent=2583"}],"curies":[{"name":"wp","href":"https:\/\/api.w.org\/{rel}","templated":true}]}}