{"id":2701,"date":"2023-09-08T17:13:13","date_gmt":"2023-09-08T15:13:13","guid":{"rendered":"https:\/\/icylemonade.com\/dieu-kien\/"},"modified":"2024-02-29T16:57:20","modified_gmt":"2024-02-29T15:57:20","slug":"dieu-kien","status":"publish","type":"page","link":"https:\/\/icylemonade.com\/vi\/dieu-kien\/","title":{"rendered":"\u0110i\u1ec1u ki\u1ec7n"},"content":{"rendered":"[vc_row full_width=&#8221;stretch_row&#8221; content_placement=&#8221;bottom&#8221; wpex_bg_overlay=&#8221;dark&#8221; remove_bottom_col_margin=&#8221;true&#8221; min_height=&#8221;600&#8243; css=&#8221;.vc_custom_1709201437842{background: #5398ce url(https:\/\/icylemonade.com\/wp-content\/uploads\/2023\/09\/ICY_Slide_00032.jpg?id=1511) !important;background-position: center !important;background-repeat: no-repeat !important;background-size: cover !important;}&#8221; wpex_bg_overlay_opacity=&#8221;0.5&#8243;][vc_column]<style>.vcex_69e4af6a1b425{font-size:100px!important;}@media (max-width:767px){.vcex_69e4af6a1b425{font-size:40px!important;}}<\/style><div class=\"vcex-heading vcex-module wpex-text-2xl wpex-font-normal wpex-m-auto wpex-max-w-100 vcex-heading-plain wpex-block vc_custom_1694192661365 vcex_69e4af6a1b425\" style=\"color:#ffffff;font-family:Barlow;font-weight:900;text-transform:uppercase;\"><span class=\"vcex-heading-inner wpex-inline-block wpex-clr\">\u0110i\u1ec1u ki\u1ec7n<\/span><\/div>[\/vc_column][\/vc_row][vc_row full_width=&#8221;stretch_row&#8221; column_spacing=&#8221;50&#8243; remove_bottom_col_margin=&#8221;true&#8221; css=&#8221;.vc_custom_1694181523405{margin-top: 60px !important;margin-bottom: 60px !important;border-bottom-width: 1px !important;padding-bottom: 60px !important;border-bottom-color: #dddddd !important;border-bottom-style: dashed !important;}&#8221;][vc_column]<div class=\"vcex-spacing wpex-w-100 wpex-clear\" style=\"height:30px;\"><\/div>[vc_column_text color=&#8221;#222222&#8243; font_size=&#8221;d:20|pl:18&#8243; font_family=&#8221;Barlow&#8221;]Ch\u00fang t\u00f4i mu\u1ed1n nh\u1ea5n m\u1ea1nh r\u1eb1ng b\u1ea1n ch\u1ea5p nh\u1eadn c\u00e1c \u0111i\u1ec1u kho\u1ea3n b\u1eb1ng c\u00e1ch \u0111\u1eb7t mua s\u1ea3n ph\u1ea9m\/\u0111\u0103ng k\u00fd t\u1eeb trang web c\u1ee7a ch\u00fang t\u00f4i. Ch\u00fang t\u00f4i khuy\u00ean b\u1ea1n n\u00ean in ra c\u00e1c \u0111i\u1ec1u kho\u1ea3n v\u00e0 \u0111i\u1ec1u ki\u1ec7n v\u00e0 l\u01b0u t\u00e0i li\u1ec7u ph\u00f2ng tr\u01b0\u1eddng h\u1ee3p b\u1ea1n c\u1ea7n sau n\u00e0y. \u0110\u1ec3 mua s\u1eafm t\u1ea1i <a href=\"http:\/\/www.icylemonade.com\/\" target=\"_new\" rel=\"noopener\">www.IcyLemonade.com<\/a> b\u1ea1n ph\u1ea3i \u0111\u1ee7 17 tu\u1ed5i (M\u1ef9). Ch\u00fang t\u00f4i c\u00f3 quy\u1ec1n h\u1ee7y \u0111\u01a1n h\u00e0ng t\u1eeb nh\u1eefng ng\u01b0\u1eddi \u0111\u00e3 cung c\u1ea5p th\u00f4ng tin c\u00e1 nh\u00e2n kh\u00f4ng ch\u00ednh x\u00e1c. Ch\u00fang t\u00f4i c\u00f3 quy\u1ec1n \u0111\u1ed1i v\u1edbi b\u1ea5t k\u1ef3 sai s\u00f3t n\u00e0o v\u1ec1 gi\u00e1 c\u00f3 th\u1ec3 x\u1ea3y ra.<\/p>\n<p><strong>N\u00f3i chung l\u00e0<\/strong><\/p>\n<p>IcyLemonade.com l\u00e0 m\u1ed9t d\u1ecbch v\u1ee5 \u1ee9ng d\u1ee5ng h\u1eb9n h\u00f2 \u0111a s\u1ef1 ki\u1ec7n v\u00e0 \u0111a k\u1ef9 thu\u1eadt s\u1ed1 v\u00e0 l\u00e0 \u0111\u1ea7u t\u00e0u c\u1ee7a EDDBEE GROUP AB \u1edf Th\u1ee5y \u0110i\u1ec3n. Vi\u1ec7c b\u1eaft \u0111\u1ea7u t\u00e0i kho\u1ea3n c\u1ee7a b\u1ea1n \u0111\u01b0\u1ee3c th\u1ef1c hi\u1ec7n b\u1eb1ng c\u00e1ch truy c\u1eadp <a href=\"http:\/\/www.icylemonade.com\/\" target=\"_new\" rel=\"noopener\">www.IcyLemonade.com<\/a> ho\u1eb7c t\u1ea3i xu\u1ed1ng \u1ee9ng d\u1ee5ng v\u00e0 \u0111\u0103ng k\u00fd t\u00e0i kho\u1ea3n c\u1ee7a b\u1ea1n, n\u01a1i b\u1ea1n ch\u1ecdn \u0111\u0103ng k\u00fd. \u0110\u1ec3 b\u1ea1n c\u1ea3m th\u1ea5y an t\u00e2m khi mua h\u00e0ng, b\u1ea1n lu\u00f4n c\u00f3 th\u1ec3 li\u00ean h\u1ec7 v\u1edbi b\u1ed9 ph\u1eadn h\u1ed7 tr\u1ee3 v\u00e0 d\u1ecbch v\u1ee5 kh\u00e1ch h\u00e0ng c\u1ee7a ch\u00fang t\u00f4i qua email <a href=\"mailto:info@icylemonade.com\" target=\"_new\" rel=\"noopener\">info@icylemonade.com<\/a> n\u1ebfu b\u1ea1n c\u00f3 th\u1eafc m\u1eafc v\u1ec1 \u0111\u01a1n \u0111\u1eb7t h\u00e0ng c\u1ee7a m\u00ecnh. Sau khi b\u1eaft \u0111\u1ea7u \u0111\u0103ng k\u00fd, b\u1ea1n \u0111\u1ed3ng \u00fd theo d\u00f5i \u0111\u1ecba ch\u1ec9 email \u0111\u00e3 \u0111\u0103ng k\u00fd c\u1ee7a m\u00ecnh v\u00ec m\u1ecdi li\u00ean l\u1ea1c li\u00ean quan \u0111\u1ebfn \u0111\u0103ng k\u00fd c\u1ee7a b\u1ea1n s\u1ebd qua email.<\/p>\n<p><strong>Gi\u00e1 c\u1ea3 v\u00e0 thanh to\u00e1n<\/strong><\/p>\n<p>T\u1ea5t c\u1ea3 gi\u00e1 \u0111\u1ec1u b\u1eb1ng \u0111\u00f4 la M\u1ef9. Khi b\u1ea1n mua s\u1eafm t\u1ea1i <a href=\"mailto:info@icylemonade.com\" target=\"_new\" rel=\"noopener\">info@icylemonade.com<\/a> , vi\u1ec7c thanh to\u00e1n b\u1eb1ng th\u1ebb s\u1ebd \u0111\u01b0\u1ee3c x\u1eed l\u00fd b\u1edfi Google ho\u1eb7c Apple, m\u1ed9t gi\u1ea3i ph\u00e1p thanh to\u00e1n \u0111i\u1ec7n t\u1eed an to\u00e0n. M\u1ecdi th\u00f4ng tin th\u1ebb \u0111\u01b0\u1ee3c l\u01b0u tr\u1eef theo \u0111\u00fang quy \u0111\u1ecbnh t\u1eeb m\u1ea1ng l\u01b0\u1edbi th\u1ebb. Kh\u00f4ng c\u00f3 d\u1eef li\u1ec7u th\u1ebb t\u00edn d\u1ee5ng n\u00e0o \u0111\u01b0\u1ee3c l\u01b0u tr\u1eef trong c\u01a1 s\u1edf d\u1eef li\u1ec7u c\u1ee7a ch\u00fang t\u00f4i, ngay c\u1ea3 khi b\u1ea1n ch\u1ecdn l\u01b0u th\u1ebb \u0111\u1ec3 mua h\u00e0ng trong t\u01b0\u01a1ng lai. N\u00f3 \u0111\u01b0\u1ee3c l\u01b0u tr\u1eef b\u1edfi Google ho\u1eb7c Apple. B\u1ea3ng sao k\u00ea ng\u00e2n h\u00e0ng c\u1ee7a b\u1ea1n c\u00f3 th\u1ec3 ghi icylemonade.com ho\u1eb7c EDDBEE GROUP AB. Thanh to\u00e1n cho thu\u00ea bao h\u00e0ng th\u00e1ng \u0111\u01b0\u1ee3c th\u1ef1c hi\u1ec7n h\u00e0ng th\u00e1ng. N\u1ebfu kh\u00f4ng thanh to\u00e1n \u0111\u01b0\u1ee3c th\u1ef1c hi\u1ec7n, \u0111\u0103ng k\u00fd s\u1ebd \u0111\u01b0\u1ee3c chuy\u1ec3n sang \u0111\u0103ng k\u00fd mi\u1ec5n ph\u00ed.<\/p>\n<p><strong>Ch\u00ednh s\u00e1ch ho\u00e0n tr\u1ea3<\/strong><\/p>\n<p>V\u1edbi t\u01b0 c\u00e1ch l\u00e0 ng\u01b0\u1eddi ti\u00eau d\u00f9ng, b\u1ea1n c\u00f3 14 ng\u00e0y \u0111\u1ec3 thay \u0111\u1ed5i quy\u1ebft \u0111\u1ecbnh theo \u0110\u1ea1o lu\u1eadt H\u1ee3p \u0111\u1ed3ng Kho\u1ea3ng c\u00e1ch v\u00e0 c\u00e1c h\u1ee3p \u0111\u1ed3ng b\u00ean ngo\u00e0i c\u01a1 s\u1edf kinh doanh, k\u1ec3 t\u1eeb th\u1eddi \u0111i\u1ec3m b\u1ea1n \u0111\u1eb7t d\u1ecbch v\u1ee5. Quy\u1ec1n r\u00fat ti\u1ec1n s\u1ebd k\u1ebft th\u00fac khi b\u1ea1n b\u1eaft \u0111\u1ea7u s\u1eed d\u1ee5ng d\u1ecbch v\u1ee5, t\u1ee9c l\u00e0 khi b\u1ea1n \u0111\u00e3 \u0111\u0103ng k\u00fd th\u00f4ng tin (ng\u1ef1a, d\u1ecbch v\u1ee5, thi\u1ebft b\u1ecb, \u0111\u00e0o t\u1ea1o, ng\u01b0\u1eddi d\u00f9ng) trong \u0111\u0103ng k\u00fd c\u1ee7a m\u00ecnh. N\u1ebfu b\u1ea1n h\u1ee7y \u0111\u01a1n \u0111\u1eb7t h\u00e0ng ho\u1eb7c mu\u1ed1n h\u1ee7y \u0111\u0103ng k\u00fd h\u00e0ng th\u00e1ng, vui l\u00f2ng li\u00ean h\u1ec7 v\u1edbi ch\u00fang t\u00f4i qua bi\u1ec3u m\u1eabu li\u00ean h\u1ec7 ho\u1eb7c chi ti\u1ebft li\u00ean h\u1ec7 b\u1ea1n nh\u1eadn \u0111\u01b0\u1ee3c qua x\u00e1c nh\u1eadn \u0111\u01a1n h\u00e0ng. Sau \u0111\u00f3 ch\u00fang t\u00f4i s\u1ebd \u0111\u00f3ng t\u00e0i kho\u1ea3n c\u1ee7a b\u1ea1n ngay l\u1eadp t\u1ee9c.<\/p>\n<p><strong>X\u00e1c nh\u1eadn<\/strong><\/p>\n<p>Khi \u0111\u01a1n \u0111\u1eb7t h\u00e0ng c\u1ee7a b\u1ea1n \u0111\u00e3 \u0111\u01b0\u1ee3c nh\u1eadn, m\u1ed9t email x\u00e1c nh\u1eadn s\u1ebd \u0111\u01b0\u1ee3c g\u1eedi cho b\u1ea1n v\u1edbi c\u00e1c chi ti\u1ebft v\u1ec1 \u0111\u01a1n \u0111\u1eb7t h\u00e0ng c\u1ee7a b\u1ea1n. L\u01b0u l\u1ea1i x\u00e1c nh\u1eadn \u0111\u01a1n h\u00e0ng \u0111\u1ec3 c\u00f3 trong tay \u0111\u1ec1 ph\u00f2ng tr\u01b0\u1eddng h\u1ee3p li\u00ean h\u1ec7 v\u1edbi Icy Lemonade.<\/p>\n<p><strong>Trong tr\u01b0\u1eddng h\u1ee3p tranh ch\u1ea5p<\/strong><\/p>\n<p>Trong tr\u01b0\u1eddng h\u1ee3p x\u1ea3y ra tranh ch\u1ea5p, \u1ee6y ban Qu\u1ed1c gia v\u1ec1 Khuy\u1ebfn ngh\u1ecb Tranh ch\u1ea5p Ng\u01b0\u1eddi ti\u00eau d\u00f9ng (ARN) s\u1ebd tu\u00e2n theo.<\/p>\n<p><strong>Tr\u00e1ch nhi\u1ec7m h\u1eefu h\u1ea1n<\/strong><\/p>\n<p>B\u1ea5t k\u1ef3 t\u00e0i li\u1ec7u n\u00e0o c\u00f3 s\u1eb5n th\u00f4ng qua trang web ch\u1ee7 y\u1ebfu nh\u1eb1m m\u1ee5c \u0111\u00edch chung v\u00e0 kh\u00f4ng ph\u1ea3i l\u00e0 l\u1eddi khuy\u00ean ho\u1eb7c khuy\u1ebfn ngh\u1ecb. Th\u00f4ng tin kh\u00f4ng ph\u1ea3i l\u00fac n\u00e0o c\u0169ng \u0111\u1ea7y \u0111\u1ee7 v\u00e0 c\u1eadp nh\u1eadt. L\u1ed7i v\u00e0 thi\u1ebfu s\u00f3t k\u1ef9 thu\u1eadt c\u0169ng c\u00f3 th\u1ec3 x\u1ea3y ra.<\/p>\n<p>Eddbee Group AB kh\u00f4ng ch\u1ecbu tr\u00e1ch nhi\u1ec7m v\u1ec1 th\u00f4ng tin v\u00e0 t\u00e0i li\u1ec7u tr\u00ean d\u1ecbch v\u1ee5 do ng\u01b0\u1eddi d\u00f9ng kh\u00e1c xu\u1ea5t b\u1ea3n (c\u00f2n g\u1ecdi l\u00e0 t\u00e0i li\u1ec7u do ng\u01b0\u1eddi d\u00f9ng t\u1ea1o). Trong tr\u01b0\u1eddng h\u1ee3p c\u00f3 sai s\u00f3t v\u1ec1 th\u00f4ng tin ho\u1eb7c t\u00e0i li\u1ec7u tr\u00ean Eddbee Group, b\u1ea1n n\u00ean li\u00ean h\u1ec7 v\u1edbi b\u1ed9 ph\u1eadn H\u1ed7 tr\u1ee3 c\u1ee7a Eddbee Group n\u1ebfu mu\u1ed1n ch\u1ec9nh s\u1eeda ho\u1eb7c x\u00f3a th\u00f4ng tin ho\u1eb7c t\u00e0i li\u1ec7u \u0111\u00f3. Tuy nhi\u00ean, Eddbee Group AB lu\u00f4n x\u00f3a th\u00f4ng tin ho\u1eb7c t\u00e0i li\u1ec7u vi ph\u1ea1m r\u00f5 r\u00e0ng b\u1ea3n quy\u1ec1n c\u1ee7a ng\u01b0\u1eddi kh\u00e1c ho\u1eb7c mang t\u00ednh ch\u1ea5t t\u1ed9i ph\u1ea1m n\u1ebfu Eddbee Group AB nh\u1eadn \u0111\u01b0\u1ee3c th\u00f4ng tin v\u1ec1 vi\u1ec7c ph\u1ed5 bi\u1ebfn th\u00f4ng tin ho\u1eb7c t\u00e0i li\u1ec7u \u0111\u00f3 tr\u00ean trang web.<\/p>\n<p>T\u1eadp \u0111o\u00e0n Eddbee c\u00f3 quy\u1ec1n c\u00f4ng b\u1ed1 th\u00f4ng tin m\u00e0 m\u1ed7i th\u00e0nh vi\u00ean li\u1ec7t k\u00ea trong h\u1ed3 s\u01a1 c\u00f4ng khai c\u1ee7a h\u1ecd tr\u00ean T\u1eadp \u0111o\u00e0n Eddbee c\u0169ng nh\u01b0 trong e-mail cho c\u00e1c th\u00e0nh vi\u00ean kh\u00e1c c\u1ee7a T\u1eadp \u0111o\u00e0n Eddbee. M\u1ed9t th\u00e0nh vi\u00ean c\u00e1 nh\u00e2n kh\u00f4ng c\u00f3 quy\u1ec1n sao ch\u00e9p th\u00f4ng tin m\u00e0 th\u00e0nh vi\u00ean kh\u00e1c \u0111\u00e3 \u0111\u0103ng m\u00e0 kh\u00f4ng c\u00f3 s\u1ef1 cho ph\u00e9p c\u1ee7a th\u00e0nh vi\u00ean t\u01b0\u01a1ng \u1ee9ng v\u00e0 Eddbee Group. C\u0169ng kh\u00f4ng \u0111\u01b0\u1ee3c ph\u00e9p li\u00ean k\u1ebft t\u1edbi h\u1ed3 s\u01a1 th\u00e0nh vi\u00ean c\u1ee5 th\u1ec3 tr\u00ean Eddbee Group tr\u00ean c\u00e1c trang web b\u00ean ngo\u00e0i.<\/p>\n<p>Eddbee Group kh\u00f4ng ng\u1eebng l\u00e0m vi\u1ec7c v\u1ec1 b\u1ea3o m\u1eadt CNTT. Tuy nhi\u00ean, th\u1eadt kh\u00f4ng may, ch\u00fang t\u00f4i kh\u00f4ng th\u1ec3 \u0111\u1ea3m b\u1ea3o r\u1eb1ng trang web kh\u00f4ng c\u00f3 c\u00e1c th\u00e0nh ph\u1ea7n c\u00f3 h\u1ea1i. Do \u0111\u00f3, v\u00ec l\u1ee3i \u00edch c\u1ee7a ri\u00eang b\u1ea1n, b\u1ea1n \u0111\u01b0\u1ee3c y\u00eau c\u1ea7u kh\u00f4ng bao gi\u1edd chia s\u1ebb th\u00f4ng tin c\u00e1 nh\u00e2n c\u1ee7a m\u00ecnh qua h\u1ec7 th\u1ed1ng nh\u1eafn tin ho\u1eb7c theo c\u00e1c li\u00ean k\u1ebft qua tin nh\u1eafn ri\u00eang t\u01b0 ho\u1eb7c t\u1ea3i xu\u1ed1ng b\u1ea5t k\u1ef3 lo\u1ea1i ph\u1ea7n m\u1ec1m n\u00e0o. Eddbee Group kh\u00f4ng bao gi\u1edd y\u00eau c\u1ea7u s\u1ed1 an sinh x\u00e3 h\u1ed9i ho\u1eb7c th\u00f4ng tin thanh to\u00e1n c\u1ee7a b\u1ea1n v\u00ec ch\u00fang t\u00f4i l\u00e0 d\u1ecbch v\u1ee5 mi\u1ec5n ph\u00ed s\u1eed d\u1ee5ng.<\/p>\n<p>Eddbee Group kh\u00f4ng ch\u1ecbu tr\u00e1ch nhi\u1ec7m v\u1ec1 b\u1ea5t k\u1ef3 thi\u1ec7t h\u1ea1i n\u00e0o g\u00e2y ra tr\u1ef1c ti\u1ebfp ho\u1eb7c gi\u00e1n ti\u1ebfp th\u00f4ng qua vi\u1ec7c s\u1eed d\u1ee5ng d\u1ecbch v\u1ee5 c\u1ee7a ch\u00fang t\u00f4i.<\/p>\n<p><strong>\u0110i\u1ec1u ki\u1ec7n<\/strong><\/p>\n<p>Theo c\u00e1c \u0111i\u1ec1u kho\u1ea3n v\u00e0 \u0111i\u1ec1u ki\u1ec7n c\u1ee7a Th\u1ecfa thu\u1eadn n\u00e0y v\u00e0 cho m\u1ee5c \u0111\u00edch duy nh\u1ea5t l\u00e0 s\u1eed d\u1ee5ng D\u1ecbch v\u1ee5, C\u00f4ng ty theo \u0111\u00e2y c\u1ea5p cho b\u1ea1n gi\u1ea5y ph\u00e9p c\u00f3 gi\u1edbi h\u1ea1n, kh\u00f4ng \u0111\u1ed9c quy\u1ec1n, c\u00f3 th\u1ec3 thu h\u1ed3i, kh\u00f4ng th\u1ec3 c\u1ea5p ph\u00e9p l\u1ea1i, kh\u00f4ng th\u1ec3 chuy\u1ec3n nh\u01b0\u1ee3ng \u0111\u1ec3:<\/p>\n<p>C\u00e0i \u0111\u1eb7t b\u1ea5t k\u1ef3 ho\u1eb7c t\u1ea5t c\u1ea3 c\u00e1c \u1ee9ng d\u1ee5ng di \u0111\u1ed9ng tr\u00ean m\u1ed9t ho\u1eb7c nhi\u1ec1u thi\u1ebft b\u1ecb di \u0111\u1ed9ng do b\u1ea1n s\u1edf h\u1eefu, d\u01b0\u1edbi s\u1ef1 ki\u1ec3m so\u00e1t c\u1ee7a b\u1ea1n v\u00e0 \u0111\u00e1p \u1ee9ng c\u00e1c th\u00f4ng s\u1ed1 k\u1ef9 thu\u1eadt t\u1ed1i thi\u1ec3u c\u1ee7a c\u00f4ng ty.<br \/>\nC\u00e0i \u0111\u1eb7t b\u1ea5t k\u1ef3 ho\u1eb7c t\u1ea5t c\u1ea3 c\u00e1c \u1ee9ng d\u1ee5ng d\u00e0nh cho m\u00e1y t\u00ednh \u0111\u1ec3 b\u00e0n tr\u00ean m\u1ed9t ho\u1eb7c nhi\u1ec1u m\u00e1y t\u00ednh do b\u1ea1n s\u1edf h\u1eefu, d\u01b0\u1edbi s\u1ef1 ki\u1ec3m so\u00e1t c\u1ee7a b\u1ea1n v\u00e0 \u0111\u00e1p \u1ee9ng c\u00e1c th\u00f4ng s\u1ed1 k\u1ef9 thu\u1eadt t\u1ed1i thi\u1ec3u c\u1ee7a c\u00f4ng ty.<br \/>\nXem, \u0111\u00e1nh gi\u00e1 v\u00e0 s\u1eed d\u1ee5ng \u1ee8ng d\u1ee5ng c\u0169ng nh\u01b0 m\u1ecdi th\u00f4ng tin li\u00ean quan do C\u00f4ng ty cung c\u1ea5p cho b\u1ea1n.<br \/>\nB\u1ea1n \u0111\u1ed3ng \u00fd kh\u00f4ng truy c\u1eadp ho\u1eb7c c\u1ed1 g\u1eafng truy c\u1eadp D\u1ecbch v\u1ee5 th\u00f4ng qua b\u1ea5t k\u1ef3 ph\u01b0\u01a1ng ti\u1ec7n n\u00e0o kh\u00e1c ngo\u00e0i Trang web ho\u1eb7c \u1ee8ng d\u1ee5ng. B\u1ea1n \u0111\u1eb7c bi\u1ec7t \u0111\u1ed3ng \u00fd kh\u00f4ng truy c\u1eadp ho\u1eb7c c\u1ed1 g\u1eafng truy c\u1eadp D\u1ecbch v\u1ee5 th\u00f4ng qua b\u1ea5t k\u1ef3 ph\u01b0\u01a1ng ti\u1ec7n t\u1ef1 \u0111\u1ed9ng n\u00e0o (bao g\u1ed3m nh\u01b0ng kh\u00f4ng gi\u1edbi h\u1ea1n \u1edf vi\u1ec7c s\u1eed d\u1ee5ng t\u1eadp l\u1ec7nh, bot, \u1ee9ng d\u1ee5ng b\u00ean th\u1ee9 ba tr\u00e1i ph\u00e9p, tr\u00ecnh thu th\u1eadp th\u00f4ng tin ho\u1eb7c tr\u00ecnh thu th\u1eadp d\u1eef li\u1ec7u).<\/p>\n<p>B\u1ea1n \u0111\u1ed3ng \u00fd r\u1eb1ng, li\u00ean quan \u0111\u1ebfn vi\u1ec7c b\u1ea1n s\u1eed d\u1ee5ng \u1ee8ng d\u1ee5ng, Trang web v\u00e0\/ho\u1eb7c D\u1ecbch v\u1ee5, b\u1ea1n s\u1ebd kh\u00f4ng vi ph\u1ea1m b\u1ea5t k\u1ef3 lu\u1eadt, quy \u0111\u1ecbnh, quy t\u1eafc, quy \u0111\u1ecbnh ho\u1eb7c hi\u1ec7p \u01b0\u1edbc hi\u1ec7n h\u00e0nh n\u00e0o.<\/p>\n<p>B\u1ea1n kh\u00f4ng \u0111\u01b0\u1ee3c truy c\u1eadp ho\u1eb7c s\u1eed d\u1ee5ng \u1ee8ng d\u1ee5ng, Trang web v\u00e0\/ho\u1eb7c D\u1ecbch v\u1ee5 theo b\u1ea5t k\u1ef3 c\u00e1ch n\u00e0o kh\u00f4ng \u0111\u01b0\u1ee3c c\u00e1c \u0110i\u1ec1u kho\u1ea3n n\u00e0y cho ph\u00e9p r\u00f5 r\u00e0ng.<\/p>\n<p>X\u00f3a t\u1ea5t c\u1ea3 c\u00e1c th\u00f4ng b\u00e1o \u0111\u1ed9c quy\u1ec1n kh\u1ecfi D\u1ecbch v\u1ee5 ho\u1eb7c b\u1ea3n sao ph\u1ea7n m\u1ec1m do C\u00f4ng ty (Ph\u1ea7n m\u1ec1m) cung c\u1ea5p cho b\u1ea1n.<br \/>\nNguy\u00ean nh\u00e2n, cho ph\u00e9p ho\u1eb7c cho ph\u00e9p s\u1eeda \u0111\u1ed5i, t\u1ea1o t\u00e1c ph\u1ea9m ph\u00e1i sinh, d\u1ecbch thu\u1eadt, \u0111\u1ea3o ng\u01b0\u1ee3c k\u1ef9 thu\u1eadt, d\u1ecbch ng\u01b0\u1ee3c, th\u00e1o r\u1eddi ho\u1eb7c hack \u1ee8ng d\u1ee5ng, D\u1ecbch v\u1ee5 ho\u1eb7c b\u1ea5t k\u1ef3 ph\u1ea7n m\u1ec1m n\u00e0o.<br \/>\nB\u00e1n, chuy\u1ec3n nh\u01b0\u1ee3ng, thu\u00ea, cho thu\u00ea, ho\u1ea1t \u0111\u1ed9ng nh\u01b0 m\u1ed9t \u0111\u1ea1i l\u00fd d\u1ecbch v\u1ee5 ho\u1eb7c c\u1ea5p quy\u1ec1n cho \u1ee8ng d\u1ee5ng, D\u1ecbch v\u1ee5 ho\u1eb7c b\u1ea5t k\u1ef3 ph\u1ea7n m\u1ec1m n\u00e0o, bao g\u1ed3m nh\u01b0ng kh\u00f4ng gi\u1edbi h\u1ea1n \u1edf gi\u1ea5y ph\u00e9p ph\u1ee5 cho b\u1ea5t k\u1ef3 c\u00e1 nh\u00e2n ho\u1eb7c t\u1ed5 ch\u1ee9c n\u00e0o kh\u00e1c m\u00e0 kh\u00f4ng c\u00f3 s\u1ef1 \u0111\u1ed3ng \u00fd tr\u01b0\u1edbc b\u1eb1ng v\u0103n b\u1ea3n c\u1ee7a C\u00f4ng ty.<br \/>\n\u0110\u01b0a ra b\u1ea5t k\u1ef3 tuy\u00ean b\u1ed1 ho\u1eb7c tuy\u00ean b\u1ed1 sai l\u1ec7ch, g\u00e2y hi\u1ec3u l\u1ea7m ho\u1eb7c l\u1eeba \u0111\u1ea3o n\u00e0o v\u1ec1 C\u00f4ng ty v\u00e0\/ho\u1eb7c \u1ee8ng d\u1ee5ng, Trang web ho\u1eb7c D\u1ecbch v\u1ee5.<br \/>\nC\u1ea5m s\u1eed d\u1ee5ng \u1ee9ng d\u1ee5ng ho\u1eb7c d\u1ecbch v\u1ee5 c\u1ee7a ch\u00fang t\u00f4i<\/p>\n<p>B\u1eb1ng c\u00e1ch s\u1eed d\u1ee5ng \u1ee9ng d\u1ee5ng ho\u1eb7c d\u1ecbch v\u1ee5 c\u1ee7a ch\u00fang t\u00f4i, b\u1ea1n b\u1ecb c\u1ea5m th\u1ef1c hi\u1ec7n nh\u1eefng \u0111i\u1ec1u sau:<\/p>\n<p>Qu\u1ea5y r\u1ed1i, l\u1ea1m d\u1ee5ng, x\u00fac ph\u1ea1m, l\u00e0m t\u1ed5n h\u1ea1i, ph\u1ec9 b\u00e1ng, b\u00f4i nh\u1ecd, ch\u00ea bai, \u0111e d\u1ecda ho\u1eb7c ph\u00e2n bi\u1ec7t \u0111\u1ed1i x\u1eed d\u1ef1a tr\u00ean gi\u1edbi t\u00ednh, khuynh h\u01b0\u1edbng t\u00ecnh d\u1ee5c, t\u00f4n gi\u00e1o, d\u00e2n t\u1ed9c, ch\u1ee7ng t\u1ed9c, tu\u1ed5i t\u00e1c, ngu\u1ed3n g\u1ed1c qu\u1ed1c gia ho\u1eb7c t\u00ecnh tr\u1ea1ng khuy\u1ebft t\u1eadt.<br \/>\nG\u1eedi th\u00f4ng tin sai l\u1ec7ch ho\u1eb7c g\u00e2y hi\u1ec3u nh\u1ea7m.<br \/>\nThu th\u1eadp ho\u1eb7c theo d\u00f5i th\u00f4ng tin c\u00e1 nh\u00e2n c\u1ee7a ng\u01b0\u1eddi kh\u00e1c.<br \/>\nT\u1ea3i l\u00ean ho\u1eb7c truy\u1ec1n vi-r\u00fat ho\u1eb7c b\u1ea5t k\u1ef3 lo\u1ea1i m\u00e3 \u0111\u1ed9c h\u1ea1i n\u00e0o kh\u00e1c s\u1ebd ho\u1eb7c c\u00f3 th\u1ec3 \u0111\u01b0\u1ee3c s\u1eed d\u1ee5ng theo b\u1ea5t k\u1ef3 c\u00e1ch n\u00e0o s\u1ebd \u1ea3nh h\u01b0\u1edfng \u0111\u1ebfn ch\u1ee9c n\u0103ng c\u1ee7a \u1ee8ng d\u1ee5ng ho\u1eb7c ho\u1ea1t \u0111\u1ed9ng D\u1ecbch v\u1ee5 c\u1ee7a ch\u00fang t\u00f4i.<br \/>\nV\u00ec b\u1ea5t k\u1ef3 m\u1ee5c \u0111\u00edch b\u1ea5t h\u1ee3p ph\u00e1p n\u00e0o.<br \/>\nKhuy\u1ebfn kh\u00edch ng\u01b0\u1eddi kh\u00e1c th\u1ef1c hi\u1ec7n ho\u1eb7c tham gia v\u00e0o c\u00e1c h\u00e0nh vi tr\u00e1i ph\u00e1p lu\u1eadt.<br \/>\nVi ph\u1ea1m c\u00e1c quy \u0111\u1ecbnh, quy t\u1eafc, lu\u1eadt ho\u1eb7c ph\u00e1p l\u1ec7nh c\u1ee7a \u0111\u1ecba ph\u01b0\u01a1ng, li\u00ean bang, t\u1ec9nh ho\u1eb7c qu\u1ed1c t\u1ebf.<br \/>\nX\u00e2m ph\u1ea1m ho\u1eb7c vi ph\u1ea1m quy\u1ec1n s\u1edf h\u1eefu tr\u00ed tu\u1ec7 c\u1ee7a ch\u00fang t\u00f4i ho\u1eb7c quy\u1ec1n s\u1edf h\u1eefu tr\u00ed tu\u1ec7 c\u1ee7a ng\u01b0\u1eddi kh\u00e1c.<br \/>\nTh\u01b0 r\u00e1c, L\u1eeba \u0111\u1ea3o, Pharm, L\u00fd do, Nh\u1ec7n, Thu th\u1eadp th\u00f4ng tin ho\u1eb7c C\u1ea1o.<br \/>\nV\u00ec b\u1ea5t k\u1ef3 m\u1ee5c \u0111\u00edch t\u1ee5c t\u0129u ho\u1eb7c v\u00f4 \u0111\u1ea1o \u0111\u1ee9c n\u00e0o; ho\u1eb7c can thi\u1ec7p ho\u1eb7c ph\u00e1 ho\u1ea1i c\u00e1c t\u00ednh n\u0103ng b\u1ea3o m\u1eadt c\u1ee7a D\u1ecbch v\u1ee5 c\u1ee7a ch\u00fang t\u00f4i.<br \/>\nS\u1eed d\u1ee5ng \u1ee8ng d\u1ee5ng, Trang web v\u00e0\/ho\u1eb7c D\u1ecbch v\u1ee5 \u0111\u1ec3:<\/p>\n<p>Ph\u00e1t tri\u1ec3n, t\u1ea1o ra, truy\u1ec1n t\u1ea3i ho\u1eb7c l\u01b0u tr\u1eef th\u00f4ng tin b\u1ea5t h\u1ee3p ph\u00e1p ho\u1eb7c b\u1ea5t h\u1ee3p ph\u00e1p, ph\u1ec9 b\u00e1ng, c\u00f3 h\u1ea1i, x\u00fac ph\u1ea1m, h\u1eadn th\u00f9, x\u00fac ph\u1ea1m ch\u1ee7ng t\u1ed9c ho\u1eb7c s\u1eafc t\u1ed9c nh\u1eb1m khuy\u1ebfn kh\u00edch h\u00e0nh vi c\u00f3 th\u1ec3 b\u1ecb coi l\u00e0 t\u1ed9i ph\u1ea1m.<br \/>\nTh\u1ef1c hi\u1ec7n b\u1ea5t k\u1ef3 th\u00f4ng tin li\u00ean l\u1ea1c th\u01b0\u01a1ng m\u1ea1i kh\u00f4ng \u0111\u01b0\u1ee3c y\u00eau c\u1ea7u n\u00e0o kh\u00f4ng \u0111\u01b0\u1ee3c ph\u00e1p lu\u1eadt hi\u1ec7n h\u00e0nh cho ph\u00e9p.<br \/>\nThay \u0111\u1ed5i<\/p>\n<p>Icy Lemonade c\u00f3 quy\u1ec1n thay \u0111\u1ed5i c\u00e1c \u0111i\u1ec1u kho\u1ea3n v\u00e0 \u0111i\u1ec1u ki\u1ec7n n\u00e0y. V\u00ec v\u1eady, n\u00ean truy c\u1eadp trang web n\u00e0y th\u01b0\u1eddng xuy\u00ean \u0111\u1ec3 \u0111\u1ecdc c\u00e1c \u0111i\u1ec1u kho\u1ea3n v\u00e0 \u0111i\u1ec1u ki\u1ec7n n\u00e0y.<\/p>\n<p>Th\u00f4ng tin c\u00f4ng ty v\u00e0 li\u00ean h\u1ec7<\/p>\n<p>Nh\u00f3m Eddbee AB, H\u1ed9p 7033, 402 31 Gothenburg<\/p>\n<p>info@icyelemonade.com[\/vc_column_text][\/vc_column][\/vc_row]\n","protected":false},"excerpt":{"rendered":"<p>[vc_row full_width=&#8221;stretch_row&#8221; content_placement=&#8221;bottom&#8221; wpex_bg_overlay=&#8221;dark&#8221; remove_bottom_col_margin=&#8221;true&#8221; min_height=&#8221;600&#8243; css=&#8221;.vc_custom_1709201437842{background: #5398ce url(https:\/\/icylemonade.com\/wp-content\/uploads\/2023\/09\/ICY_Slide_00032.jpg?id=1511) !important;background-position: center !important;background-repeat: no-repeat !important;background-size: cover !important;}&#8221; wpex_bg_overlay_opacity=&#8221;0.5&#8243;][vc_column][\/vc_column][\/vc_row][vc_row full_width=&#8221;stretch_row&#8221; column_spacing=&#8221;50&#8243; remove_bottom_col_margin=&#8221;true&#8221; css=&#8221;.vc_custom_1694181523405{margin-top: 60px !important;margin-bottom: 60px !important;border-bottom-width: 1px !important;padding-bottom: 60px !important;border-bottom-color: #dddddd !important;border-bottom-style: dashed !important;}&#8221;][vc_column][vc_column_text color=&#8221;#222222&#8243; font_size=&#8221;d:20|pl:18&#8243; font_family=&#8221;Barlow&#8221;]Ch\u00fang t\u00f4i mu\u1ed1n nh\u1ea5n m\u1ea1nh r\u1eb1ng b\u1ea1n ch\u1ea5p nh\u1eadn c\u00e1c \u0111i\u1ec1u kho\u1ea3n b\u1eb1ng c\u00e1ch \u0111\u1eb7t mua s\u1ea3n ph\u1ea9m\/\u0111\u0103ng k\u00fd t\u1eeb&hellip;<\/p>\n","protected":false},"author":1,"featured_media":0,"parent":0,"menu_order":0,"comment_status":"closed","ping_status":"closed","template":"","meta":{"footnotes":""},"class_list":["post-2701","page","type-page","status-publish","hentry","entry","no-media"],"_links":{"self":[{"href":"https:\/\/icylemonade.com\/vi\/wp-json\/wp\/v2\/pages\/2701","targetHints":{"allow":["GET"]}}],"collection":[{"href":"https:\/\/icylemonade.com\/vi\/wp-json\/wp\/v2\/pages"}],"about":[{"href":"https:\/\/icylemonade.com\/vi\/wp-json\/wp\/v2\/types\/page"}],"author":[{"embeddable":true,"href":"https:\/\/icylemonade.com\/vi\/wp-json\/wp\/v2\/users\/1"}],"replies":[{"embeddable":true,"href":"https:\/\/icylemonade.com\/vi\/wp-json\/wp\/v2\/comments?post=2701"}],"version-history":[{"count":2,"href":"https:\/\/icylemonade.com\/vi\/wp-json\/wp\/v2\/pages\/2701\/revisions"}],"predecessor-version":[{"id":2725,"href":"https:\/\/icylemonade.com\/vi\/wp-json\/wp\/v2\/pages\/2701\/revisions\/2725"}],"wp:attachment":[{"href":"https:\/\/icylemonade.com\/vi\/wp-json\/wp\/v2\/media?parent=2701"}],"curies":[{"name":"wp","href":"https:\/\/api.w.org\/{rel}","templated":true}]}}